{"id":3481,"date":"2023-01-11T01:02:46","date_gmt":"2023-01-10T22:02:46","guid":{"rendered":"https:\/\/rocketplay-new.com\/live-dealer\/blackjack\/"},"modified":"2025-04-03T19:58:03","modified_gmt":"2025-04-03T16:58:03","slug":"blackjack","status":"publish","type":"page","link":"https:\/\/rocketplay-new.com\/fr\/live-dealer\/blackjack\/","title":{"rendered":"Revue du Blackjack avec croupier en direct sur Rocket Play"},"content":{"rendered":"<p>L&rsquo;avantage essentiel d&rsquo;un croupier de blackjack en direct est le seuil d&rsquo;entr\u00e9e bas et d&rsquo;excellents bonus pour les joueurs. N&rsquo;importe qui peut aller dans la section catalogue et choisir la bonne option de blackjack. Vous pouvez \u00e9galement gagner le maximum d&rsquo;argent en quelques minutes seulement car les cartes sont distribu\u00e9es \u00e9quitablement. Le jeu devient encore plus agr\u00e9able avec un croupier.<\/p>\n<p><span style=\"font-weight: 400;\"><div class=\"go-btn-container\"><div class=\"tosh-btn\"><a href=\"\/go-casino\/\" target=\"_blank\" rel=\"noopener\">JOUEZ MAINTENANT<\/a><\/div><\/div> <\/span><\/p>\n<h2>POURQUOI DEVRIEZ-VOUS JOUER AU BLACKJACK AVEC UN CONCESSIONNAIRE EN DIRECT<\/h2>\n<p>La meilleure r\u00e9ponse \u00e0 cette question est un croupier en direct de Blackjack en ligne. C&rsquo;est amusant et excitant parce que le jeu r\u00e9gulier devient rapidement ennuyeux. Vous pouvez bien communiquer avec le croupier et les autres joueurs sur le serveur. Cela rend le casino plus excitant et vous divertit mieux.<\/p>\n<p>De plus, le concessionnaire peut vous dire quelque chose ou r\u00e9pondre \u00e0 une question. Cela rend le jeu plus dynamique et vous pouvez faire des paris plus \u00e9lev\u00e9s. Vous avez \u00e9galement la possibilit\u00e9 de choisir la bonne table, ce qui vous aidera \u00e0 commencer \u00e0 vous divertir plus efficacement. Il est tout de m\u00eame pr\u00e9f\u00e9rable de jouer avec des personnes ayant le m\u00eame budget que vous.<\/p>\n<p><img loading=\"lazy\" decoding=\"async\" class=\"aligncenter wp-image-4875\" src=\"https:\/\/rocketplay-new.com\/wp-content\/uploads\/2024\/02\/666666.png\" alt=\"Live Dealer Blackjack Rocket Play\" width=\"800\" height=\"440\" srcset=\"https:\/\/rocketplay-new.com\/wp-content\/uploads\/2024\/02\/666666.png 1455w, https:\/\/rocketplay-new.com\/wp-content\/uploads\/2024\/02\/666666-300x165.png 300w, https:\/\/rocketplay-new.com\/wp-content\/uploads\/2024\/02\/666666-1024x564.png 1024w, https:\/\/rocketplay-new.com\/wp-content\/uploads\/2024\/02\/666666-768x423.png 768w\" sizes=\"auto, (max-width: 800px) 100vw, 800px\" \/><\/p>\n<h2>TYPES DE R\u00c8GLES DE BLACKJACK DE LIVE DEALER<\/h2>\n<p>La base de Live Dealer Blackjack Australia est la n\u00e9cessit\u00e9 de traiter tous les utilisateurs \u00e0 la table et le croupier avec respect. Parfois, les utilisateurs peuvent \u00eatre malchanceux, mais ce n&rsquo;est pas une raison pour commencer \u00e0 insulter les gens. C&rsquo;est pour cette raison qu&rsquo;un grand nombre de nouveaux arrivants sont bannis du jeu en ligne.<\/p>\n<p>Vous devez \u00e9galement \u00eatre conscient de ce qui est interdit\u00a0:<\/p>\n<ul>\n<li>tricher au jeu\u00a0;<\/li>\n<li>mendier de l&rsquo;argent aupr\u00e8s d&rsquo;autres utilisateurs ou du revendeur\u00a0;<\/li>\n<li>plaintes pour jeu d\u00e9loyal.<\/li>\n<\/ul>\n<p>Toutes les tables sont extr\u00eamement bien r\u00e9glement\u00e9es par l&rsquo;administration et un comit\u00e9 d&rsquo;\u00e9quit\u00e9 sp\u00e9cialement surveill\u00e9.<\/p>\n<p><span style=\"font-weight: 400;\"><div class=\"go-btn-container\"><div class=\"tosh-btn\"><a href=\"\/go-casino\/\" target=\"_blank\" rel=\"noopener\">JOUEZ MAINTENANT<\/a><\/div><\/div> <\/span><\/p>\n<h2>COMMENT JOUER AU BLACKJACK EN DIRECT<\/h2>\n<p>Tout d&rsquo;abord, vous devez choisir les meilleurs sites de Blackjack avec croupier en direct pour leur divertissement. Le mieux est de choisir le site officiel du casino et :<\/p>\n<ol>\n<li>Cr\u00e9ez un compte personnel sur la page principale.<\/li>\n<li>Rechargez votre compte et rendez-vous \u00e0 une table adapt\u00e9e.<\/li>\n<li>Faites un pari et profitez de gains r\u00e9guliers.<\/li>\n<\/ol>\n<p>Gr\u00e2ce \u00e0 cela, vous pourrez accorder plus d&rsquo;attention au jeu et gagner une grosse somme d&rsquo;argent sur le compte. Vous pouvez commencer d\u00e8s maintenant pour garantir des r\u00e9sultats impressionnants.<\/p>\n<h2>TYPES DE JEU DE BLACKJACK AVEC CONCESSIONNAIRE EN DIRECT<\/h2>\n<p>La strat\u00e9gie Live Dealer Blackjack est la plus populaire, mais vous pouvez \u00e9galement choisir d&rsquo;autres types de divertissement. Parmi les jeux de hasard populaires figurent la roulette, le blackjack, le baccarat et autres. Essayez de trouver le divertissement parfait pour vous-m\u00eame et profitez du jeu en mode direct.<\/p>\n<p><img loading=\"lazy\" decoding=\"async\" class=\"aligncenter wp-image-4884\" src=\"https:\/\/rocketplay-new.com\/wp-content\/uploads\/2024\/02\/close-up-player-s-hand-holding-two-aces-playing-cards.jpg\" alt=\"Live Dealer Blackjack Rocket Play 2\" width=\"800\" height=\"534\" srcset=\"https:\/\/rocketplay-new.com\/wp-content\/uploads\/2024\/02\/close-up-player-s-hand-holding-two-aces-playing-cards.jpg 1000w, https:\/\/rocketplay-new.com\/wp-content\/uploads\/2024\/02\/close-up-player-s-hand-holding-two-aces-playing-cards-300x200.jpg 300w, https:\/\/rocketplay-new.com\/wp-content\/uploads\/2024\/02\/close-up-player-s-hand-holding-two-aces-playing-cards-768x512.jpg 768w\" sizes=\"auto, (max-width: 800px) 100vw, 800px\" \/><\/p>\n<h2>FAQ<\/h2>\n<p>Surtout pour ceux qui aiment commencer tout de suite avec un succ\u00e8s retentissant, nous avons mis en place une base de donn\u00e9es utile de r\u00e9ponses aux questions populaires des d\u00e9butants. Cela vous aidera \u00e0 comprendre Live Blackjack Dealer et \u00e0 commencer \u00e0 jouer plusieurs fois plus efficacement.<\/p>\n<h3>POURQUOI AVEZ-VOUS BESOIN D&rsquo;UN CONCESSIONNAIRE EN DIRECT\u00a0?<\/h3>\n<p>La principale raison est la possibilit\u00e9 de suivre la progression de vos matchs et de gagner de grosses sommes d&rsquo;argent, et non par vous-m\u00eame. Vous pourrez vous amuser \u00e0 discuter avec d&rsquo;autres joueurs et profiter de chaque victoire. Dans ce cas, vous avez une chance de r\u00e9aliser un profit et de vous en vanter aupr\u00e8s de tous les utilisateurs du r\u00e9seau.<\/p>\n<h3>COMBIEN D&rsquo;ARGENT PUIS-JE GAGNER AU BLACKJACK ?<\/h3>\n<p>La plupart des utilisateurs sont impatients d&rsquo;obtenir le maximum de gains de dizaines de milliers de dollars \u00e0 la fois. Mais dans un premier temps, mieux vaut se limiter \u00e0 des mises minimales et essayer diff\u00e9rentes strat\u00e9gies pour d\u00e9terminer le bon rythme de jeu. Vous pouvez obtenir des centaines et des milliers de dollars si vous avez la patience et le d\u00e9sir de vous d\u00e9velopper.<\/p>\n<h3>QUELLES STRAT\u00c9GIES PEUVENT \u00caTRE UTILIS\u00c9ES DANS LE JEU\u00a0?<\/h3>\n<p>Souvent, les experts recommandent aux utilisateurs de commencer par des strat\u00e9gies simples et d&rsquo;apprendre la discipline. C&rsquo;est la base de vos futurs gains, vous permettant de gagner plus et de profiter de vos victoires. Chaque victoire peut changer votre vie et vous donner beaucoup d&rsquo;\u00e9motions positives. C&rsquo;est pourquoi il est recommand\u00e9 de commencer par un jeu de d\u00e9monstration et seulement apr\u00e8s cela, passez \u00e0 autre chose.<\/p>\n","protected":false},"excerpt":{"rendered":"<p>L&rsquo;avantage essentiel d&rsquo;un croupier de blackjack en direct est le seuil d&rsquo;entr\u00e9e bas et d&rsquo;excellents bonus pour les joueurs. N&rsquo;importe qui peut aller dans la section catalogue et choisir la bonne option de blackjack. Vous pouvez \u00e9galement gagner le maximum d&rsquo;argent en quelques minutes seulement car les cartes sont distribu\u00e9es \u00e9quitablement. Le jeu devient encore&#8230;<\/p>\n","protected":false},"author":1,"featured_media":0,"parent":3427,"menu_order":0,"comment_status":"closed","ping_status":"closed","template":"","meta":{"_acf_changed":false,"_kad_post_transparent":"default","_kad_post_title":"default","_kad_post_layout":"default","_kad_post_sidebar_id":"","_kad_post_content_style":"default","_kad_post_vertical_padding":"default","_kad_post_feature":"","_kad_post_feature_position":"","_kad_post_header":false,"_kad_post_footer":false,"footnotes":""},"class_list":["post-3481","page","type-page","status-publish","hentry"],"acf":[],"rttpg_featured_image_url":null,"rttpg_author":{"display_name":"John","author_link":"https:\/\/rocketplay-new.com\/fr\/author\/pemvas95n89x\/"},"rttpg_comment":0,"rttpg_category":null,"rttpg_excerpt":"L&rsquo;avantage essentiel d&rsquo;un croupier de blackjack en direct est le seuil d&rsquo;entr\u00e9e bas et d&rsquo;excellents bonus pour les joueurs. N&rsquo;importe qui peut aller dans la section catalogue et choisir la bonne option de blackjack. Vous pouvez \u00e9galement gagner le maximum d&rsquo;argent en quelques minutes seulement car les cartes sont distribu\u00e9es \u00e9quitablement. Le jeu devient encore...","_links":{"self":[{"href":"https:\/\/rocketplay-new.com\/fr\/wp-json\/wp\/v2\/pages\/3481","targetHints":{"allow":["GET"]}}],"collection":[{"href":"https:\/\/rocketplay-new.com\/fr\/wp-json\/wp\/v2\/pages"}],"about":[{"href":"https:\/\/rocketplay-new.com\/fr\/wp-json\/wp\/v2\/types\/page"}],"author":[{"embeddable":true,"href":"https:\/\/rocketplay-new.com\/fr\/wp-json\/wp\/v2\/users\/1"}],"replies":[{"embeddable":true,"href":"https:\/\/rocketplay-new.com\/fr\/wp-json\/wp\/v2\/comments?post=3481"}],"version-history":[{"count":4,"href":"https:\/\/rocketplay-new.com\/fr\/wp-json\/wp\/v2\/pages\/3481\/revisions"}],"predecessor-version":[{"id":5799,"href":"https:\/\/rocketplay-new.com\/fr\/wp-json\/wp\/v2\/pages\/3481\/revisions\/5799"}],"up":[{"embeddable":true,"href":"https:\/\/rocketplay-new.com\/fr\/wp-json\/wp\/v2\/pages\/3427"}],"wp:attachment":[{"href":"https:\/\/rocketplay-new.com\/fr\/wp-json\/wp\/v2\/media?parent=3481"}],"curies":[{"name":"wp","href":"https:\/\/api.w.org\/{rel}","templated":true}]}}