{"id":3427,"date":"2023-01-10T16:50:22","date_gmt":"2023-01-10T13:50:22","guid":{"rendered":"https:\/\/rocketplay-new.com\/live-dealer\/"},"modified":"2025-04-08T11:12:47","modified_gmt":"2025-04-08T08:12:47","slug":"live-dealer","status":"publish","type":"page","link":"https:\/\/rocketplay-new.com\/fr\/live-dealer\/","title":{"rendered":"Revue du casino avec croupier en direct \u00e0 Rocket Play"},"content":{"rendered":"<p>Dans le casino, le croupier en direct est toujours consid\u00e9r\u00e9 comme quelque chose d&rsquo;exotique et d&rsquo;int\u00e9ressant au maximum. Gr\u00e2ce \u00e0 l&rsquo;influence d&rsquo;un employ\u00e9, vous voyez comment les cartes tombent et pouvez v\u00e9rifier l&rsquo;honn\u00eatet\u00e9 du jeu. De plus, chacun peut essayer diff\u00e9rentes strat\u00e9gies et tactiques pour gagner une grosse somme d&rsquo;argent. Un grand nombre de variantes de jeu disponibles plairont \u00e9galement aux utilisateurs.<\/p>\n<p><img loading=\"lazy\" decoding=\"async\" class=\"aligncenter wp-image-4913\" src=\"https:\/\/rocketplay-new.com\/wp-content\/uploads\/2024\/02\/croupier-woman-player-table-casino-picture-classic-casino-roulette-wheel-gambling-casino-roulette-poker-scaled.jpg\" alt=\"Live Dealer Casino\" width=\"800\" height=\"533\" srcset=\"https:\/\/rocketplay-new.com\/wp-content\/uploads\/2024\/02\/croupier-woman-player-table-casino-picture-classic-casino-roulette-wheel-gambling-casino-roulette-poker-scaled.jpg 2560w, https:\/\/rocketplay-new.com\/wp-content\/uploads\/2024\/02\/croupier-woman-player-table-casino-picture-classic-casino-roulette-wheel-gambling-casino-roulette-poker-300x200.jpg 300w, https:\/\/rocketplay-new.com\/wp-content\/uploads\/2024\/02\/croupier-woman-player-table-casino-picture-classic-casino-roulette-wheel-gambling-casino-roulette-poker-1024x683.jpg 1024w, https:\/\/rocketplay-new.com\/wp-content\/uploads\/2024\/02\/croupier-woman-player-table-casino-picture-classic-casino-roulette-wheel-gambling-casino-roulette-poker-768x512.jpg 768w, https:\/\/rocketplay-new.com\/wp-content\/uploads\/2024\/02\/croupier-woman-player-table-casino-picture-classic-casino-roulette-wheel-gambling-casino-roulette-poker-1536x1024.jpg 1536w, https:\/\/rocketplay-new.com\/wp-content\/uploads\/2024\/02\/croupier-woman-player-table-casino-picture-classic-casino-roulette-wheel-gambling-casino-roulette-poker-2048x1365.jpg 2048w\" sizes=\"auto, (max-width: 800px) 100vw, 800px\" \/><\/p>\n<h2>QU&rsquo;EST-CE QUE LES CASINOS EN DIRECT\u00a0?<\/h2>\n<p>Le croupier en direct est le m\u00eame que le divertissement de jeu, uniquement avec une personne physique. La t\u00e2che du croupier est de manipuler les cartes, de diriger la balle et de contr\u00f4ler le jeu. Dans tous les moments controvers\u00e9s, vous pouvez demander au concessionnaire et trouver la r\u00e9ponse et avoir une petite conversation amusante.<\/p>\n<p>Il y a aussi plusieurs joueurs dans le jeu avec vous. Gr\u00e2ce \u00e0 cela, vous pouvez voir vos autres gains et participer au jeu. Ce type de divertissement est appel\u00e9 divertissement en direct, et il est agr\u00e9able avec son atmosph\u00e8re et sa proximit\u00e9 avec un casino classique dans un \u00e9tablissement physique.<\/p>\n<p><span style=\"font-weight: 400;\"><div class=\"go-btn-container\"><div class=\"tosh-btn\"><a href=\"\/go-casino\/\" target=\"_blank\" rel=\"noopener\">JOUEZ MAINTENANT<\/a><\/div><\/div><\/span><\/p>\n<h2>AVANTAGES DU CONCESSIONNAIRE EN DIRECT<\/h2>\n<p>Parmi les principaux avantages des jeux Live Dealer, on peut citer :<\/p>\n<ul>\n<li>la capacit\u00e9 de surveiller l&rsquo;\u00e9quit\u00e9 du jeu et de ne pas s&rsquo;inqui\u00e9ter de recevoir des cartes injustes\u00a0;<\/li>\n<li>vous pouvez communiquer avec le concessionnaire et d&rsquo;autres joueurs dans la salle de discussion, qui s&rsquo;amusent \u00e9galement et souhaitent obtenir de gros gains\u00a0;<\/li>\n<li>la plupart du temps, les limites de mises sont r\u00e9duites, vous \u00eates donc assur\u00e9 de trouver la bonne table.<\/li>\n<\/ul>\n<p>Vous pouvez \u00e9galement choisir parmi plusieurs options de table. Certains sont mieux adapt\u00e9s au jeu actif, tandis que d&rsquo;autres se concentrent davantage sur le divertissement classique et les mises minimales.<\/p>\n<h2>JEUX ROCKET PLAY CHEZ LIVE DEALER<\/h2>\n<p>Essayez de profiter pleinement du bonus de casino Live Dealer d&rsquo;un casino sp\u00e9cialis\u00e9. C&rsquo;est l&rsquo;occasion pour vous de vous amuser et de jouer avec d&rsquo;autres utilisateurs. Vous aurez \u00e9galement la possibilit\u00e9 d&rsquo;obtenir un super cadeau des d\u00e9veloppeurs et d&rsquo;utiliser divers bonus et promotions. Permettez-vous de plonger t\u00eate la premi\u00e8re dans le monde passionnant du jeu.<\/p>\n<p><span style=\"font-weight: 400;\"><div class=\"go-btn-container\"><div class=\"tosh-btn\"><a href=\"\/go-casino\/\" target=\"_blank\" rel=\"noopener\">JOUEZ MAINTENANT<\/a><\/div><\/div><\/span><\/p>\n<h2>CONSEILS POUR JOUER AU LIVE DEALER<\/h2>\n<p>Il existe quelques recommandations sur le meilleur casino avec croupier en direct qui vous aideront \u00e0 trouver votre style de jeu et \u00e0 vous amuser. Essayez de gagner encore plus d&rsquo;argent sur votre compte et profitez de vos r\u00e9alisations. C&rsquo;est l&rsquo;occasion pour chacun d&rsquo;am\u00e9liorer sa situation financi\u00e8re.<\/p>\n<p>Nous vous recommandons de suivre quelques recommandations d&rsquo;experts\u00a0:<\/p>\n<ul>\n<li>ne perdez pas la t\u00eate et tout votre budget au premier match ;<\/li>\n<li>essayez d&rsquo;abord le mode d\u00e9mo, puis passez aux vrais paris\u00a0;<\/li>\n<li>utiliser diff\u00e9rentes tactiques et strat\u00e9gies.<\/li>\n<\/ul>\n<p>Vous pouvez gagner en trouvant la strat\u00e9gie parfaite et en vous y tenant.<\/p>\n<p><img loading=\"lazy\" decoding=\"async\" class=\"aligncenter wp-image-4923\" src=\"https:\/\/rocketplay-new.com\/wp-content\/uploads\/2024\/02\/88.png\" alt=\"Live Dealer Casino 2\" width=\"800\" height=\"450\" srcset=\"https:\/\/rocketplay-new.com\/wp-content\/uploads\/2024\/02\/88.png 1427w, https:\/\/rocketplay-new.com\/wp-content\/uploads\/2024\/02\/88-300x169.png 300w, https:\/\/rocketplay-new.com\/wp-content\/uploads\/2024\/02\/88-1024x576.png 1024w, https:\/\/rocketplay-new.com\/wp-content\/uploads\/2024\/02\/88-768x432.png 768w\" sizes=\"auto, (max-width: 800px) 100vw, 800px\" \/><\/p>\n<h2>FAQ<\/h2>\n<p>Ceux qui aiment partir du bon pied peuvent \u00e9galement consulter notre bloc de r\u00e9ponses aux questions les plus fr\u00e9quentes. Cela vous permettra de comprendre le casino Live Dealer et de tirer plus de plaisir de chaque pari.<\/p>\n<h3>AVEC QUELS CONCESSIONNAIRES DOIS-JE CHOISIR POUR JOUER\u00a0?<\/h3>\n<p>Il est pr\u00e9f\u00e9rable d&rsquo;essayer quelques options de table pour apprendre \u00e0 reconna\u00eetre correctement un d\u00e9butant et un sp\u00e9cialiste des croupiers. Cela d\u00e9termine souvent le rythme de jeu et les gains possibles car vous \u00eates de bonne humeur. Essayez diff\u00e9rentes options, puis choisissez celle qui vous convient le mieux.<\/p>\n<h3>COMBIEN D&rsquo;ARGENT PUIS-JE GAGNER DANS LE JEU\u00a0?<\/h3>\n<p>Th\u00e9oriquement, chaque utilisateur peut gagner des dizaines de milliers de dollars pour chaque match. Tout cela gr\u00e2ce aux grandes opportunit\u00e9s et aux limites \u00e9lev\u00e9es lors d&rsquo;un tel jeu. Essayez d&rsquo;utiliser plus d&rsquo;astuces et de strat\u00e9gies cl\u00e9s pour obtenir une somme importante sur votre compte.<\/p>\n<h3>COMMENT RETIRER MES GAINS ?<\/h3>\n<p>Apr\u00e8s avoir gagn\u00e9 au casino en ligne Live Dealer, vous pouvez retirer tout votre argent sur votre carte ou votre compte de crypto-monnaie. Allez dans le menu de la gestion financi\u00e8re et choisissez le syst\u00e8me de paiement appropri\u00e9. Entrez les d\u00e9tails et le montant, et attendez le traitement de la demande.<\/p>\n","protected":false},"excerpt":{"rendered":"<p>Dans le casino, le croupier en direct est toujours consid\u00e9r\u00e9 comme quelque chose d&rsquo;exotique et d&rsquo;int\u00e9ressant au maximum. Gr\u00e2ce \u00e0 l&rsquo;influence d&rsquo;un employ\u00e9, vous voyez comment les cartes tombent et pouvez v\u00e9rifier l&rsquo;honn\u00eatet\u00e9 du jeu. De plus, chacun peut essayer diff\u00e9rentes strat\u00e9gies et tactiques pour gagner une grosse somme d&rsquo;argent. Un grand nombre de variantes&#8230;<\/p>\n","protected":false},"author":1,"featured_media":0,"parent":0,"menu_order":0,"comment_status":"closed","ping_status":"closed","template":"single-no-sidebar.php","meta":{"_acf_changed":false,"_kad_post_transparent":"default","_kad_post_title":"default","_kad_post_layout":"default","_kad_post_sidebar_id":"","_kad_post_content_style":"default","_kad_post_vertical_padding":"default","_kad_post_feature":"","_kad_post_feature_position":"","_kad_post_header":false,"_kad_post_footer":false,"footnotes":""},"class_list":["post-3427","page","type-page","status-publish","hentry"],"acf":[],"rttpg_featured_image_url":null,"rttpg_author":{"display_name":"John","author_link":"https:\/\/rocketplay-new.com\/fr\/author\/pemvas95n89x\/"},"rttpg_comment":0,"rttpg_category":null,"rttpg_excerpt":"Dans le casino, le croupier en direct est toujours consid\u00e9r\u00e9 comme quelque chose d&rsquo;exotique et d&rsquo;int\u00e9ressant au maximum. Gr\u00e2ce \u00e0 l&rsquo;influence d&rsquo;un employ\u00e9, vous voyez comment les cartes tombent et pouvez v\u00e9rifier l&rsquo;honn\u00eatet\u00e9 du jeu. De plus, chacun peut essayer diff\u00e9rentes strat\u00e9gies et tactiques pour gagner une grosse somme d&rsquo;argent. Un grand nombre de variantes...","_links":{"self":[{"href":"https:\/\/rocketplay-new.com\/fr\/wp-json\/wp\/v2\/pages\/3427","targetHints":{"allow":["GET"]}}],"collection":[{"href":"https:\/\/rocketplay-new.com\/fr\/wp-json\/wp\/v2\/pages"}],"about":[{"href":"https:\/\/rocketplay-new.com\/fr\/wp-json\/wp\/v2\/types\/page"}],"author":[{"embeddable":true,"href":"https:\/\/rocketplay-new.com\/fr\/wp-json\/wp\/v2\/users\/1"}],"replies":[{"embeddable":true,"href":"https:\/\/rocketplay-new.com\/fr\/wp-json\/wp\/v2\/comments?post=3427"}],"version-history":[{"count":5,"href":"https:\/\/rocketplay-new.com\/fr\/wp-json\/wp\/v2\/pages\/3427\/revisions"}],"predecessor-version":[{"id":5995,"href":"https:\/\/rocketplay-new.com\/fr\/wp-json\/wp\/v2\/pages\/3427\/revisions\/5995"}],"wp:attachment":[{"href":"https:\/\/rocketplay-new.com\/fr\/wp-json\/wp\/v2\/media?parent=3427"}],"curies":[{"name":"wp","href":"https:\/\/api.w.org\/{rel}","templated":true}]}}