{"id":3016,"date":"2022-09-20T13:49:36","date_gmt":"2022-09-20T10:49:36","guid":{"rendered":"https:\/\/rocketplay-new.com\/wolf-treasure\/"},"modified":"2025-04-02T19:09:18","modified_gmt":"2025-04-02T16:09:18","slug":"wolf-treasure","status":"publish","type":"page","link":"https:\/\/rocketplay-new.com\/fr\/wolf-treasure\/","title":{"rendered":"Wolf Treasure Passer en revue"},"content":{"rendered":"<p><img loading=\"lazy\" decoding=\"async\" class=\" wp-image-461 aligncenter\" src=\"https:\/\/rocketplay-new.com\/wp-content\/uploads\/2022\/09\/wolf-treasure-slot-intro-300x145.webp\" alt=\"Wolf Treasure slot\" width=\"660\" height=\"319\" srcset=\"https:\/\/rocketplay-new.com\/wp-content\/uploads\/2022\/09\/wolf-treasure-slot-intro-300x145.webp 300w, https:\/\/rocketplay-new.com\/wp-content\/uploads\/2022\/09\/wolf-treasure-slot-intro-768x372.webp 768w, https:\/\/rocketplay-new.com\/wp-content\/uploads\/2022\/09\/wolf-treasure-slot-intro.webp 825w\" sizes=\"auto, (max-width: 660px) 100vw, 660px\" \/><\/p>\n<h2>INFORMATIONS SUR LES MACHINES \u00c0 SOUS<\/h2>\n<p>Le divertissement dans un casino ne peut \u00eatre imagin\u00e9 sans les machines \u00e0 sous. Cela fait partie int\u00e9grante de la vie de tout joueur. Et les machines \u00e0 sous aux th\u00e8mes animaliers occupent toujours une place particuli\u00e8re parmi eux. Dans le monde de la nature sauvage, vous pouvez non seulement profiter de nouvelles sensations, mais aussi trouver de nombreux tr\u00e9sors rares. Comme, par exemple, dans la machine \u00e0 sous en ligne Rocket Play Wolf Treasure.<\/p>\n<p>Cette machine \u00e0 sous a \u00e9t\u00e9 lanc\u00e9e en 2017, mais elle est toujours aussi populaire. Aussi, de nombreux casinos l&rsquo;utilisent pour offrir \u00e0 leurs clients des tours gratuits de rouleaux.<\/p>\n<p>C&rsquo;est un divertissement pour ceux qui aiment les classiques. Elle ressemble aux machines \u00e0 sous r\u00e9tro qui se trouvent dans les casinos terrestres. Tout en elle : le design, l&rsquo;accompagnement musical et les tours de bonus, emm\u00e8ne le joueur dans le monde du jeu. Essayez-le et vous y testerez votre chance. Mais avant cela, d\u00e9couvrez les principales informations sur son fonctionnement.<\/p>\n<p><span style=\"font-weight: 400;\"><div class=\"tosh-btn\"><a href=\"\/go-casino\/\" target=\"_blank\" rel=\"noopener\">OBTENEZ UN BONUS<\/a><\/div><\/span><\/p>\n<h2>WOLF TREASURE SLOT RTP, D\u00c9TAILS ET LIMITES DE MISE<\/h2>\n<p>Les joueurs canadiens ne peuvent malheureusement pas profiter de toute la diversit\u00e9 de la s\u00e9lection de machines \u00e0 sous. Certains fournisseurs ne travaillent pas dans le pays. Mais il n&rsquo;y a pas lieu de s&rsquo;\u00e9nerver. Apr\u00e8s tout, de nombreuses machines \u00e0 sous ressemblent aux jeux cultes de d\u00e9veloppeurs connus, et parfois m\u00eame les surpassent.<\/p>\n<p>Cette machine \u00e0 sous a \u00e9t\u00e9 cr\u00e9\u00e9e sur la base de Wolf Gold. Vous pouvez remarquer qu&rsquo;elles ont des designs tr\u00e8s similaires. Mais cette machine \u00e0 sous est exclusive. Elle a \u00e9t\u00e9 d\u00e9velopp\u00e9e par une \u00e9quipe d&rsquo;IGTech. Et maintenant, gr\u00e2ce \u00e0 cela, les habitants du pays peuvent profiter de sujets int\u00e9ressants.<\/p>\n<p>Les tours gratuits de Wolf Treasure Canada sont disponibles sur le site de Rocket Play. Mais en plus de cela, il y a beaucoup d&rsquo;autres fonctionnalit\u00e9s int\u00e9ressantes. Elles sont d\u00e9crites plus en d\u00e9tail dans le tableau.<\/p>\n<table>\n<tbody>\n<tr>\n<td>Retourner au joueur<\/td>\n<td>96% &#8211; moyenne et bon indicateur dans le domaine des cr\u00e9neaux horaires<\/td>\n<\/tr>\n<tr>\n<td>Taux minimum et maximum<\/td>\n<td><span style=\"font-weight: 400;\">0,25 \u2014 125 CAD<\/span><\/td>\n<\/tr>\n<tr>\n<td>Symboles de bonus<\/td>\n<td>Il y a un symbole Scatter, Wild, Multiplicateur.<\/td>\n<\/tr>\n<tr>\n<td>Tour de bonus avec des gains accrus<\/td>\n<td>Oui, permet de gagner le jackpot ou de multiplier les gains.<\/td>\n<\/tr>\n<tr>\n<td>Fonction Jackpot<\/td>\n<td>Pr\u00e9sent<\/td>\n<\/tr>\n<\/tbody>\n<\/table>\n<p>De telles caract\u00e9ristiques peuvent \u00eatre consid\u00e9r\u00e9es comme tr\u00e8s bonnes. Surtout si l&rsquo;on consid\u00e8re que cette machine \u00e0 sous a plus de 5 ans. Elle est toujours pertinente et capable d&rsquo;apporter du profit. De plus, son design n&rsquo;a pas l&rsquo;air dat\u00e9. Il ne peut que provoquer de la nostalgie chez ceux qui participent depuis longtemps au monde de l&rsquo;excitation.<\/p>\n<p>Les symboles ici sont des coupures de cartes, ce sont les moins ch\u00e8res. Les images d&rsquo;animaux prennent d\u00e9j\u00e0 de la valeur, parmi lesquelles on trouve bien s\u00fbr un loup. Ainsi, les pokies en ligne Rocket Play Wolf Treasure ont un aspect lumineux et color\u00e9.<\/p>\n<h2>CARACT\u00c9RISTIQUES DES BONUS<\/h2>\n<p>Le jeu comporte plusieurs tours de bonus. Le premier est celui des tours gratuits. Ils sont activ\u00e9s par les scatters et n&rsquo;ont pas de r\u00e8gles compliqu\u00e9es. Tout est simple et se d\u00e9roule dans cet ordre:<\/p>\n<ol>\n<li>Vous obtenez des symboles scatters.<\/li>\n<li>Un tour de 5 tours commence.<\/li>\n<li>Si les scatters r\u00e9apparaissent, 3 tours suppl\u00e9mentaires sont ajout\u00e9s.<\/li>\n<\/ol>\n<p>Pour que tout fonctionne, vous avez besoin du nombre de scatters &#8211; 3. Gr\u00e2ce \u00e0 cela, vous pouvez gagner beaucoup d&rsquo;argent dans cette machine \u00e0 sous. Surtout si vous utilisez le bonus sans d\u00e9p\u00f4t Rocket Play Wolf Treasure.<\/p>\n<p>Les respins sont une autre fonction bonus. Ils sont lanc\u00e9s lorsque des symboles d&rsquo;argent apparaissent et sont r\u00e9p\u00e9t\u00e9s un nombre illimit\u00e9 de fois. Tout d\u00e9pend de la chance que vous avez !<\/p>\n<p><span style=\"font-weight: 400;\"><div class=\"tosh-btn\"><a href=\"\/go-casino\/\" target=\"_blank\" rel=\"noopener\">OBTENEZ UN BONUS<\/a><\/div><\/span><\/p>\n<p>Vous pouvez consid\u00e9rer cette machine comme un excellent moyen de vous amuser. Oui, ce n&rsquo;est pas la machine \u00e0 sous la plus r\u00e9cente, mais elle est toujours aussi forte gr\u00e2ce \u00e0 son design nostalgique et \u00e0 ses fonctionnalit\u00e9s bonus.<\/p>\n<p><img loading=\"lazy\" decoding=\"async\" class=\" wp-image-462 aligncenter\" src=\"https:\/\/rocketplay-new.com\/wp-content\/uploads\/2022\/09\/wolf-treasure-screenshot-intro-300x170.webp\" alt=\"Wolf Treasure slot game\" width=\"745\" height=\"422\" srcset=\"https:\/\/rocketplay-new.com\/wp-content\/uploads\/2022\/09\/wolf-treasure-screenshot-intro-300x170.webp 300w, https:\/\/rocketplay-new.com\/wp-content\/uploads\/2022\/09\/wolf-treasure-screenshot-intro.webp 750w\" sizes=\"auto, (max-width: 745px) 100vw, 745px\" \/><\/p>\n<h2>FAQ<\/h2>\n<h3>EST-IL POSSIBLE DE JOUER \u00c0 CE JEU SANS INVESTIR ?<\/h3>\n<p>Bien s\u00fbr, si vous ne voulez pas d\u00e9penser votre argent, vous pouvez jouer gratuitement. Pour ce faire, il vous suffit de lancer la machine \u00e0 sous en mode d\u00e9mo.<\/p>\n<h3>QUEL EST LE GAIN MAXIMUM QUE JE PEUX OBTENIR ?<\/h3>\n<p>Cela d\u00e9pend de la taille de votre pari. Multipliez-la par 2000 et d\u00e9couvrez combien vous pouvez gagner si vous \u00eates chanceux.<\/p>\n<h3>EST-IL POSSIBLE DE JOUER DEPUIS UN T\u00c9L\u00c9PHONE PORTABLE ?<\/h3>\n<p>Oui, cette machine \u00e0 sous est adapt\u00e9e aux petits \u00e9crans.<\/p>\n<p>Lire aussi: <a href=\"https:\/\/rocketplay-new.com\/fr\/9-coins\/\">9 Coins Slot<\/a><\/p>\n","protected":false},"excerpt":{"rendered":"<p>INFORMATIONS SUR LES MACHINES \u00c0 SOUS Le divertissement dans un casino ne peut \u00eatre imagin\u00e9 sans les machines \u00e0 sous. Cela fait partie int\u00e9grante de la vie de tout joueur. Et les machines \u00e0 sous aux th\u00e8mes animaliers occupent toujours une place particuli\u00e8re parmi eux. Dans le monde de la nature sauvage, vous pouvez non&#8230;<\/p>\n","protected":false},"author":1,"featured_media":0,"parent":0,"menu_order":0,"comment_status":"closed","ping_status":"closed","template":"","meta":{"_acf_changed":false,"_kad_post_transparent":"default","_kad_post_title":"default","_kad_post_layout":"default","_kad_post_sidebar_id":"","_kad_post_content_style":"default","_kad_post_vertical_padding":"default","_kad_post_feature":"","_kad_post_feature_position":"","_kad_post_header":false,"_kad_post_footer":false,"footnotes":""},"class_list":["post-3016","page","type-page","status-publish","hentry"],"acf":[],"rttpg_featured_image_url":null,"rttpg_author":{"display_name":"John","author_link":"https:\/\/rocketplay-new.com\/fr\/author\/pemvas95n89x\/"},"rttpg_comment":0,"rttpg_category":null,"rttpg_excerpt":"INFORMATIONS SUR LES MACHINES \u00c0 SOUS Le divertissement dans un casino ne peut \u00eatre imagin\u00e9 sans les machines \u00e0 sous. Cela fait partie int\u00e9grante de la vie de tout joueur. Et les machines \u00e0 sous aux th\u00e8mes animaliers occupent toujours une place particuli\u00e8re parmi eux. Dans le monde de la nature sauvage, vous pouvez non...","_links":{"self":[{"href":"https:\/\/rocketplay-new.com\/fr\/wp-json\/wp\/v2\/pages\/3016","targetHints":{"allow":["GET"]}}],"collection":[{"href":"https:\/\/rocketplay-new.com\/fr\/wp-json\/wp\/v2\/pages"}],"about":[{"href":"https:\/\/rocketplay-new.com\/fr\/wp-json\/wp\/v2\/types\/page"}],"author":[{"embeddable":true,"href":"https:\/\/rocketplay-new.com\/fr\/wp-json\/wp\/v2\/users\/1"}],"replies":[{"embeddable":true,"href":"https:\/\/rocketplay-new.com\/fr\/wp-json\/wp\/v2\/comments?post=3016"}],"version-history":[{"count":4,"href":"https:\/\/rocketplay-new.com\/fr\/wp-json\/wp\/v2\/pages\/3016\/revisions"}],"predecessor-version":[{"id":5770,"href":"https:\/\/rocketplay-new.com\/fr\/wp-json\/wp\/v2\/pages\/3016\/revisions\/5770"}],"wp:attachment":[{"href":"https:\/\/rocketplay-new.com\/fr\/wp-json\/wp\/v2\/media?parent=3016"}],"curies":[{"name":"wp","href":"https:\/\/api.w.org\/{rel}","templated":true}]}}