{"id":3013,"date":"2022-09-20T11:00:07","date_gmt":"2022-09-20T08:00:07","guid":{"rendered":"https:\/\/rocketplay-new.com\/welcome-offer\/"},"modified":"2026-02-24T17:12:26","modified_gmt":"2026-02-24T14:12:26","slug":"welcome-offer","status":"publish","type":"page","link":"https:\/\/rocketplay-new.com\/fr\/welcome-offer\/","title":{"rendered":"Qu&rsquo;est-ce qu&rsquo;un bonus de bienvenue au casino ?"},"content":{"rendered":"<p><img loading=\"lazy\" decoding=\"async\" class=\" wp-image-430 aligncenter\" src=\"https:\/\/rocketplay-new.com\/wp-content\/uploads\/2022\/09\/rocket-play-welcome-bonus-2-300x93.jpg\" alt=\"Welcome bonus Rocket play\" width=\"694\" height=\"215\" srcset=\"https:\/\/rocketplay-new.com\/wp-content\/uploads\/2022\/09\/rocket-play-welcome-bonus-2-300x93.jpg 300w, https:\/\/rocketplay-new.com\/wp-content\/uploads\/2022\/09\/rocket-play-welcome-bonus-2-768x238.jpg 768w, https:\/\/rocketplay-new.com\/wp-content\/uploads\/2022\/09\/rocket-play-welcome-bonus-2.jpg 905w\" sizes=\"auto, (max-width: 694px) 100vw, 694px\" \/><\/p>\n<p>Il existe des prix qui ne sont offerts qu&rsquo;aux nouveaux arrivants. Ces privil\u00e8ges sont appel\u00e9s offres de bienvenue. Ils sont activ\u00e9s apr\u00e8s qu&rsquo;une personne a cr\u00e9\u00e9 un compte sur le site. Parfois, il faut encore utiliser son argent (compte de recharge) ou utiliser un certain code promotionnel pour recevoir une r\u00e9compense.<\/p>\n<p>Bien s\u00fbr, il y a aussi l&rsquo;offre de bienvenue du casino <a href=\"https:\/\/rocketplay-new.com\/fr\/\">Rocket Play<\/a>. Il y en a m\u00eame deux, afin que vous vous sentiez vraiment sp\u00e9cial en devenant membre de la communaut\u00e9 de cette maison de jeu. L&rsquo;objectif principal de ces bonus est de vous attirer au casino, d&rsquo;augmenter votre bankroll et de vous faire d\u00e9couvrir certaines machines \u00e0 sous. Les prix ne peuvent \u00eatre re\u00e7us que par les d\u00e9butants. Personne d&rsquo;autre ne re\u00e7oit de telles r\u00e9compenses.<\/p>\n<p>Tout casino, s&rsquo;il veut obtenir un grand nombre de clients, doit trouver quelque chose pour attirer ses invit\u00e9s. Ainsi, les bonus de bienvenue du casino en ligne Rocket Play prouvent que ce site est pr\u00eat \u00e0 vous offrir des cadeaux et de bonnes affaires afin que vous appr\u00e9ciiez l&rsquo;exp\u00e9rience de passer du temps ici.<\/p>\n<p><span style=\"font-weight: 400;\"><div class=\"tosh-btn\"><a href=\"\/go-casino\/\" target=\"_blank\" rel=\"noopener\">OBTENEZ UN BONUS<\/a><\/div><\/span><\/p>\n<h2>TYPES D&rsquo;OFFRES DE BIENVENUE ROCKET PLAY CASINO<\/h2>\n<p>Dans cet \u00e9tablissement, pour recevoir un prix, vous devez r\u00e9approvisionner votre compte. Il s&rsquo;agit d&rsquo;une pratique normale. Si une personne a d\u00e9j\u00e0 de l&rsquo;argent sur son compte, le casino la per\u00e7oit comme solvable. Dans ce cas, elle a droit \u00e0 des cadeaux plus g\u00e9n\u00e9reux et plus int\u00e9ressants.<\/p>\n<p>C&rsquo;est ce qui s&rsquo;est pass\u00e9 dans ce casino. Les r\u00e9compenses sont vraiment tr\u00e8s bonnes. Elles sont d\u00e9livr\u00e9es deux fois:<\/p>\n<ul>\n<li>pour le premier r\u00e9approvisionnement du compte;<\/li>\n<li>pour un re-d\u00e9p\u00f4t.<\/li>\n<\/ul>\n<p>Il y a quelque chose qui distingue les meilleurs bonus de bienvenue des casinos Rocket Play des autres. Il s&rsquo;agit de leur taille et de leur contenu. Apr\u00e8s tout, en plus de l&rsquo;argent, vous recevrez \u00e9galement des tours gratuits dans certaines machines \u00e0 sous.<\/p>\n<p>L&rsquo;argent est distribu\u00e9 sous la forme d&rsquo;un bonus de correspondance. Il s&rsquo;agit d&rsquo;un type de r\u00e9compense dont le montant d\u00e9pend de votre r\u00e9approvisionnement. Le bonus correspond \u00e0 un certain pourcentage du d\u00e9p\u00f4t. Dans ce casino, pour la premi\u00e8re fois, vous obtenez 100 % de plus, c&rsquo;est-\u00e0-dire le double du montant. Et la deuxi\u00e8me fois, le montant sera tripl\u00e9, car le casino vous facturera 200 %.<\/p>\n<p>Les free spins sont des lancements de rouleaux dans les machines \u00e0 sous aux frais de la maison. Sur ce site, vous en recevrez jusqu&rsquo;\u00e0 100. L&rsquo;\u00e9mission sera divis\u00e9e en plusieurs fois afin que vous puissiez profiter du jeu gratuit le plus longtemps possible, et ne pas tout utiliser en m\u00eame temps.<\/p>\n<p>Il s&rsquo;av\u00e8re que l&rsquo;offre de bienvenue de Rocket Play Canada contient deux bonus de correspondance de d\u00e9p\u00f4t et des tours suppl\u00e9mentaires comme un cadeau pour tous ceux qui n&rsquo;ont pas eu peur de faire un d\u00e9p\u00f4t pour la premi\u00e8re ou la deuxi\u00e8me fois. De telles conditions sont rares, donc nous pouvons supposer que l&rsquo;institution a une offre tr\u00e8s cool pour les nouveaux arrivants.<\/p>\n<p><img loading=\"lazy\" decoding=\"async\" class=\" wp-image-435 aligncenter\" src=\"https:\/\/rocketplay-new.com\/wp-content\/uploads\/2022\/09\/rocketplay-site-3-300x114.png\" alt=\"Rocket plat slots\" width=\"737\" height=\"280\" srcset=\"https:\/\/rocketplay-new.com\/wp-content\/uploads\/2022\/09\/rocketplay-site-3-300x114.png 300w, https:\/\/rocketplay-new.com\/wp-content\/uploads\/2022\/09\/rocketplay-site-3-768x291.png 768w, https:\/\/rocketplay-new.com\/wp-content\/uploads\/2022\/09\/rocketplay-site-3.png 930w\" sizes=\"auto, (max-width: 737px) 100vw, 737px\" \/><\/p>\n<p>D\u00e9couvrez leurs principales particularit\u00e9s.<\/p>\n<table>\n<tbody>\n<tr>\n<td><span style=\"font-weight: 400;\">Bonus<\/span><\/td>\n<td>Montant<\/td>\n<td>D\u00e9p\u00f4t minimum<\/td>\n<td>Montant maximal de l&rsquo;argent<\/td>\n<td><span style=\"font-weight: 400;\">Wager<\/span><\/td>\n<\/tr>\n<tr>\n<td>1 d\u00e9p\u00f4t<\/td>\n<td>Ajouter 100% et 100 tours<\/td>\n<td><span style=\"font-weight: 400;\">30 CAD<\/span><\/td>\n<td><span style=\"font-weight: 400;\">300 CAD<\/span><\/td>\n<td><span style=\"font-weight: 400;\">x40<\/span><\/td>\n<\/tr>\n<tr>\n<td>2 d\u00e9p\u00f4t<\/td>\n<td><span style=\"font-weight: 400;\">200%<\/span><\/td>\n<td><span style=\"font-weight: 400;\">75 CAD<\/span><\/td>\n<td><span style=\"font-weight: 400;\">300 CAD<\/span><\/td>\n<td><span style=\"font-weight: 400;\">x40<\/span><\/td>\n<\/tr>\n<\/tbody>\n<\/table>\n<p>De plus, vous devez savoir que les lancements de rouleaux gratuits ne peuvent \u00eatre utilis\u00e9s que dans certaines machines \u00e0 sous, et pas dans toutes les machines \u00e0 la suite. Ce casino vous propose de d\u00e9penser le bonus sur les jeux suivants de BGaming:<\/p>\n<ul>\n<li>Aztec Magic est une machine \u00e0 sous cool avec une fonction de chute des rouleaux qui vous permet de faire des combinaisons rentables m\u00eame sans faire tourner les rouleaux;<\/li>\n<li>Fire Lightning est une machine \u00e0 sous sur le th\u00e8me de la Gr\u00e8ce antique, avec des symboles bonus et bien d&rsquo;autres choses int\u00e9ressantes.<\/li>\n<\/ul>\n<p>Si vous \u00eates pr\u00eat \u00e0 recevoir la meilleure offre de bienvenue du casino Rocket Play, alors ne manquez pas votre chance et cr\u00e9ez un compte d\u00e8s maintenant !<\/p>\n<p><span style=\"font-weight: 400;\"><div class=\"tosh-btn\"><a href=\"\/go-casino\/\" target=\"_blank\" rel=\"noopener\">OBTENEZ UN BONUS<\/a><\/div><\/span><\/p>\n<h2>Questions fr\u00e9quentes concernant les bonus de bienvenue<\/h2>\n<h3>QUELLE EST LA P\u00c9RIODE DE VALIDIT\u00c9 DE CE BONUS?<\/h3>\n<p>Il est valable pendant 5 jours. Si, pendant cette p\u00e9riode, vous n&rsquo;avez pas r\u00e9approvisionn\u00e9 votre compte ou commenc\u00e9 \u00e0 jouer avec cet argent, le bonus sera d\u00e9sactiv\u00e9. Donc, apr\u00e8s l&rsquo;inscription, vous n&rsquo;avez pas besoin d&rsquo;attendre, vous devez imm\u00e9diatement r\u00e9approvisionner votre compte et agir !<\/p>\n<h3>COMMENT OBTENIR ENCORE PLUS D&rsquo;ARGENT DE L&rsquo;\u00c9TABLISSEMENT?<\/h3>\n<p>En plus de l&rsquo;offre de bienvenue, le casino propose un certain nombre d&rsquo;autres offres. Par exemple, pour les high rollers. Gr\u00e2ce \u00e0 elle, vous pouvez obtenir encore plus d&rsquo;argent.<\/p>\n<h3>COMMENT ACTIVER LE BONUS?<\/h3>\n<p>Il vous suffit de cr\u00e9er un compte, puis de d\u00e9poser au moins 30 dollars canadiens sur votre compte. Le bonus est activ\u00e9 automatiquement apr\u00e8s ces actions.<\/p>\n<p>Lire aussi: <a href=\"https:\/\/rocketplay-new.com\/fr\/regular-bonuses\/\">Bonus r\u00e9guliers Rocket Play<\/a><\/p>\n","protected":false},"excerpt":{"rendered":"<p>Il existe des prix qui ne sont offerts qu&rsquo;aux nouveaux arrivants. Ces privil\u00e8ges sont appel\u00e9s offres de bienvenue. Ils sont activ\u00e9s apr\u00e8s qu&rsquo;une personne a cr\u00e9\u00e9 un compte sur le site. Parfois, il faut encore utiliser son argent (compte de recharge) ou utiliser un certain code promotionnel pour recevoir une r\u00e9compense. Bien s\u00fbr, il y&#8230;<\/p>\n","protected":false},"author":1,"featured_media":0,"parent":0,"menu_order":0,"comment_status":"closed","ping_status":"closed","template":"","meta":{"_acf_changed":false,"_kad_post_transparent":"default","_kad_post_title":"default","_kad_post_layout":"default","_kad_post_sidebar_id":"","_kad_post_content_style":"default","_kad_post_vertical_padding":"default","_kad_post_feature":"","_kad_post_feature_position":"","_kad_post_header":false,"_kad_post_footer":false,"footnotes":""},"class_list":["post-3013","page","type-page","status-publish","hentry"],"acf":[],"rttpg_featured_image_url":null,"rttpg_author":{"display_name":"John","author_link":"https:\/\/rocketplay-new.com\/fr\/author\/pemvas95n89x\/"},"rttpg_comment":0,"rttpg_category":null,"rttpg_excerpt":"Il existe des prix qui ne sont offerts qu&rsquo;aux nouveaux arrivants. Ces privil\u00e8ges sont appel\u00e9s offres de bienvenue. Ils sont activ\u00e9s apr\u00e8s qu&rsquo;une personne a cr\u00e9\u00e9 un compte sur le site. Parfois, il faut encore utiliser son argent (compte de recharge) ou utiliser un certain code promotionnel pour recevoir une r\u00e9compense. Bien s\u00fbr, il y...","_links":{"self":[{"href":"https:\/\/rocketplay-new.com\/fr\/wp-json\/wp\/v2\/pages\/3013","targetHints":{"allow":["GET"]}}],"collection":[{"href":"https:\/\/rocketplay-new.com\/fr\/wp-json\/wp\/v2\/pages"}],"about":[{"href":"https:\/\/rocketplay-new.com\/fr\/wp-json\/wp\/v2\/types\/page"}],"author":[{"embeddable":true,"href":"https:\/\/rocketplay-new.com\/fr\/wp-json\/wp\/v2\/users\/1"}],"replies":[{"embeddable":true,"href":"https:\/\/rocketplay-new.com\/fr\/wp-json\/wp\/v2\/comments?post=3013"}],"version-history":[{"count":4,"href":"https:\/\/rocketplay-new.com\/fr\/wp-json\/wp\/v2\/pages\/3013\/revisions"}],"predecessor-version":[{"id":11686,"href":"https:\/\/rocketplay-new.com\/fr\/wp-json\/wp\/v2\/pages\/3013\/revisions\/11686"}],"wp:attachment":[{"href":"https:\/\/rocketplay-new.com\/fr\/wp-json\/wp\/v2\/media?parent=3013"}],"curies":[{"name":"wp","href":"https:\/\/api.w.org\/{rel}","templated":true}]}}