{"id":3010,"date":"2022-06-13T20:16:21","date_gmt":"2022-06-13T17:16:21","guid":{"rendered":"https:\/\/rocketplay-new.com\/the-best-game-show\/"},"modified":"2025-04-03T21:59:35","modified_gmt":"2025-04-03T18:59:35","slug":"the-best-game-show","status":"publish","type":"page","link":"https:\/\/rocketplay-new.com\/fr\/the-best-game-show\/","title":{"rendered":"Le meilleur spectacle de jeux au RocketPlay Casino"},"content":{"rendered":"<p>Les jeux de <a href=\"https:\/\/rocketplay-new.com\/fr\/live-casino\/\">casino en direct<\/a> offrent l&rsquo;excitation d&rsquo;un environnement de casino physique et l&rsquo;associent \u00e0 la commodit\u00e9 des jeux en ligne. Un jeu de casino en direct fonctionne de la m\u00eame mani\u00e8re, mais c&rsquo;est une proposition compl\u00e8tement diff\u00e9rente pour les joueurs.<\/p>\n<p>Les niveaux de commodit\u00e9 et de facilit\u00e9 d&rsquo;acc\u00e8s du spectacle de jeux RocketPlay restent \u00e9lev\u00e9s. Cependant, l&rsquo;excitation est encore plus grande. En reproduisant l&rsquo;excitation des jeux en direct, ces produits de casino font des joueurs eux-m\u00eames les stars du spectacle.<\/p>\n<p><img loading=\"lazy\" decoding=\"async\" class=\"aligncenter wp-image-4622\" src=\"https:\/\/rocketplay-new.com\/wp-content\/uploads\/2024\/02\/11.png\" alt=\"Best Game RocketPlay Casino \" width=\"800\" height=\"245\" srcset=\"https:\/\/rocketplay-new.com\/wp-content\/uploads\/2024\/02\/11.png 1671w, https:\/\/rocketplay-new.com\/wp-content\/uploads\/2024\/02\/11-300x92.png 300w, https:\/\/rocketplay-new.com\/wp-content\/uploads\/2024\/02\/11-1024x314.png 1024w, https:\/\/rocketplay-new.com\/wp-content\/uploads\/2024\/02\/11-768x235.png 768w, https:\/\/rocketplay-new.com\/wp-content\/uploads\/2024\/02\/11-1536x471.png 1536w\" sizes=\"auto, (max-width: 800px) 100vw, 800px\" \/><\/p>\n<h2>COMMENT FONCTIONNENT LES JEUX DE CASINO EN DIRECT<\/h2>\n<p>Les jeux t\u00e9l\u00e9vis\u00e9s RocketPlay Les pirouettes, les lancers et autres actions sont effectu\u00e9s par un animateur professionnel et hautement qualifi\u00e9. Tout comme \u00e0 la t\u00e9l\u00e9vision, un animateur de jeux de casino en direct assure le d\u00e9roulement du jeu et fait en sorte que les joueurs soient heureux, engag\u00e9s et enthousiastes.<\/p>\n<p>Du point de vue du joueur, il lui suffit de disposer d&rsquo;une connexion Internet et d&rsquo;un appareil avec acc\u00e8s Internet. Le client se connecte \u00e0 son compte de casino et s\u00e9lectionne le jeu de son choix comme n&rsquo;importe quel autre produit. Depuis ce compte, le joueur peut se connecter aux meilleurs jeux t\u00e9l\u00e9vis\u00e9s RocketPlay qui imitent le frisson du jeu en direct.<\/p>\n<p><span style=\"font-weight: 400;\"><div class=\"go-btn-container\"><div class=\"tosh-btn\"><a href=\"\/go-casino\/\" target=\"_blank\" rel=\"noopener\">JOUEZ MAINTENANT<\/a><\/div><\/div> <\/span><\/p>\n<h2>LES MEILLEURS JEUX T\u00c9L\u00c9VIS\u00c9S EN DIRECT<\/h2>\n<p>Les jeux t\u00e9l\u00e9vis\u00e9s gratuits en ligne RocketPlay offrent aux joueurs plusieurs options, bien que certains jeux soient plus populaires que d&rsquo;autres. Les sections suivantes de ce guide examinent de plus pr\u00e8s certaines de ces options plus populaires. Toutefois, cette section ne fournira qu&rsquo;un bref aper\u00e7u de certains de ces jeux t\u00e9l\u00e9vis\u00e9s en direct. Voici quelques-uns des jeux t\u00e9l\u00e9vis\u00e9s populaires de RocketPlay:<\/p>\n<ul>\n<li>Le Monopoly en direct d&rsquo;Evolution Gaming.<\/li>\n<li>Crazy Coin Flip Live d&rsquo;Evolution Gaming<\/li>\n<li>Mega Ball par Evolution Gaming<\/li>\n<li>Dreamcatcher d&rsquo;Evolution Gaming<\/li>\n<li>Le jeu \u00ab\u00a0deal or no deal\u00a0\u00bb d&rsquo;Evolution Gaming<\/li>\n<li>Le studio de football en direct d&rsquo;Evolution Gaming<\/li>\n<li>L&rsquo;argent ou l&rsquo;effondrement d&rsquo;Evolution Gaming<\/li>\n<li>Lightning Dice par Evolution Gaming<\/li>\n<li>Mega Wheel de Pragmatic Play<\/li>\n<li>Aventures au-del\u00e0 du pays des merveilles de Playtech<\/li>\n<li>Money Drop de Playtech Live<\/li>\n<li>Qui veut \u00eatre un millionnaire de Playtech?<\/li>\n<li>Buffalo Blitz de Playtech<\/li>\n<li>Ezugi Keno<\/li>\n<li>Betting on the Numbers d&rsquo;Ezugi.<\/li>\n<\/ul>\n<p>Bien que la liste ci-dessus soit domin\u00e9e par les jeux d&rsquo;Evolution Gaming, le march\u00e9 des casinos en direct est divers et vari\u00e9. Il existe de nombreuses options pour les joueurs qui souhaitent essayer les jeux de diff\u00e9rents d\u00e9veloppeurs et fournisseurs de logiciels. Cela peut \u00eatre une bonne id\u00e9e pour les joueurs d&rsquo;exp\u00e9rimenter avec diff\u00e9rentes soci\u00e9t\u00e9s de logiciels pour trouver le meilleur.<\/p>\n<h2>LES JEUX DE CROUPIER EN DIRECT LES PLUS POPULAIRES<\/h2>\n<p>Les joueurs peuvent profiter des jeux de croupier en ligne RocketPlay pour de l&rsquo;argent, et cette vari\u00e9t\u00e9 est un facteur important de la popularit\u00e9 de ce type de jeu. Mais quels sont les jeux avec croupier en direct les plus populaires ?<\/p>\n<p>Les meilleurs jeux en direct offrent une exp\u00e9rience passionnante aux joueurs. Bien que les joueurs individuels aient de nombreux moyens de d\u00e9terminer les jeux qui leur conviennent le mieux, l&rsquo;examen des jeux les plus populaires offre une introduction utile aux spectacles de jeux en direct. Lisez la suite pour en savoir plus sur certains des jeux les plus populaires du monde entier.<\/p>\n<p><img loading=\"lazy\" decoding=\"async\" class=\"aligncenter wp-image-4632\" src=\"https:\/\/rocketplay-new.com\/wp-content\/uploads\/2024\/02\/22.png\" alt=\"Best Game RocketPlay Casino 2\" width=\"800\" height=\"477\" srcset=\"https:\/\/rocketplay-new.com\/wp-content\/uploads\/2024\/02\/22.png 1345w, https:\/\/rocketplay-new.com\/wp-content\/uploads\/2024\/02\/22-300x179.png 300w, https:\/\/rocketplay-new.com\/wp-content\/uploads\/2024\/02\/22-1024x611.png 1024w, https:\/\/rocketplay-new.com\/wp-content\/uploads\/2024\/02\/22-768x458.png 768w\" sizes=\"auto, (max-width: 800px) 100vw, 800px\" \/><\/p>\n<h2>MEGA WHEEL<\/h2>\n<p>Mega Wheel est propos\u00e9 par Pragmatic Play, un fournisseur et studio de logiciels de jeux en direct. L&rsquo;h\u00f4te du studio fait tourner une roue compos\u00e9e de 54 segments num\u00e9rot\u00e9s. Les joueurs doivent faire des pr\u00e9dictions simples mais passionnantes sur la fa\u00e7on dont la roue va tourner et sur le num\u00e9ro qui sera affich\u00e9 \u00e0 la fin de la rotation.<\/p>\n<p>Jusqu&rsquo;\u00e0 pr\u00e9sent, Mega Wheel ressemble presque \u00e0 une roulette en direct. Si cela est vrai &#8211; les \u00e9l\u00e9ments de base des deux jeux sont les m\u00eames &#8211; il existe de nombreuses autres fonctions que les joueurs peuvent utiliser pour augmenter leurs mises et ajouter de l&rsquo;excitation.<\/p>\n<p><span style=\"font-weight: 400;\"><div class=\"go-btn-container\"><div class=\"tosh-btn\"><a href=\"\/go-casino\/\" target=\"_blank\" rel=\"noopener\">JOUEZ MAINTENANT<\/a><\/div><\/div> <\/span><\/p>\n<h2>DEAL OR NO DEAL EN DIRECT<\/h2>\n<p>Le jeu Live Deal or No Deal reprend le principe d&rsquo;une \u00e9mission de t\u00e9l\u00e9vision populaire. Les joueurs choisissent une case et excluent ensuite d&rsquo;autres cases du jeu au fur et \u00e0 mesure qu&rsquo;ils progressent dans le jeu. \u00c0 certains moments, ils se verront proposer un deal &#8211; essentiellement une opportunit\u00e9 d&rsquo;encaisser.<\/p>\n<p>Si les joueurs peuvent se d\u00e9barrasser des caisses ayant la valeur la plus \u00e9lev\u00e9e dans le jeu, le risque pour le casino augmente avec l&rsquo;offre d&rsquo;encaissement. D&rsquo;un autre c\u00f4t\u00e9, si les caisses de moindre valeur sont \u00e9limin\u00e9es d\u00e8s le d\u00e9but du jeu, l&rsquo;offre d&rsquo;encaissement est plus faible. Une prise de d\u00e9cision prudente est n\u00e9cessaire dans ce jeu.<\/p>\n<h2>MONOPOLE EN DIRECT<\/h2>\n<p>Le Monopoly est un jeu de soci\u00e9t\u00e9 qui a fait ses preuves et qui est le pr\u00e9f\u00e9r\u00e9 des familles depuis des g\u00e9n\u00e9rations. La version spectacle du Monopoly dans un casino en direct apporte encore plus d&rsquo;excitation et de plaisir. Les joueurs peuvent profiter du jeu auquel ils se sont habitu\u00e9s au fil des ans dans un nouveau cadre.<\/p>\n<p>Le gameplay du Monopoly en direct est un peu diff\u00e9rent de celui des jeux de table. Au lieu de parcourir le plateau, d&rsquo;acheter des biens et d&rsquo;\u00e9viter ceux des autres, le destin du joueur est d\u00e9termin\u00e9 par le tour de la roue. Le Monopoly en direct est donc similaire aux autres jeux \u00e0 roue, mais utilise de nombreux concepts familiers aux joueurs de Monopoly exp\u00e9riment\u00e9s.<\/p>\n<h2>MAD TIME<\/h2>\n<p>Mad Time est la nouvelle g\u00e9n\u00e9ration d&rsquo;un autre produit populaire d&rsquo;Evolution Gaming, Dream Catcher. Les joueurs placent des paris sur diff\u00e9rents segments de la roue sous la supervision d&rsquo;un animateur professionnel. L&rsquo;animateur fait tourner la roue, et les paris sont gagn\u00e9s ou perdus sur ce tour.<\/p>\n<p>Un certain nombre de jeux bonus diff\u00e9rents ajoutent \u00e0 la difficult\u00e9 et \u00e0 l&rsquo;int\u00e9r\u00eat des joueurs. Ces jeux annexes suppl\u00e9mentaires comprennent Pachinko, Coin Flip, Cash Hunt et le jeu titre Crazy Time. Malgr\u00e9 la variabilit\u00e9 et le dynamisme ajout\u00e9s par les quatre jeux suppl\u00e9mentaires, Crazy Time reste facile \u00e0 ma\u00eetriser pour les joueurs, avec une courbe d&rsquo;apprentissage douce et conviviale.<\/p>\n<p><img loading=\"lazy\" decoding=\"async\" class=\"aligncenter wp-image-4641\" src=\"https:\/\/rocketplay-new.com\/wp-content\/uploads\/2024\/02\/33.png\" alt=\"Best Game RocketPlay Casino 3\" width=\"800\" height=\"483\" srcset=\"https:\/\/rocketplay-new.com\/wp-content\/uploads\/2024\/02\/33.png 1342w, https:\/\/rocketplay-new.com\/wp-content\/uploads\/2024\/02\/33-300x181.png 300w, https:\/\/rocketplay-new.com\/wp-content\/uploads\/2024\/02\/33-1024x619.png 1024w, https:\/\/rocketplay-new.com\/wp-content\/uploads\/2024\/02\/33-768x464.png 768w\" sizes=\"auto, (max-width: 800px) 100vw, 800px\" \/><\/p>\n<h2>MEGA BALL EN DIRECT<\/h2>\n<p>Mega Ball &#8211; jeu de spectacles en ligne RocketPlay par Evolution Gaming. En jouant \u00e0 ce jeu, les clients travaillent avec 51 boules num\u00e9rot\u00e9es, pr\u00e9sent\u00e9es dans un format familier aux joueurs de loterie. Le gameplay progresse rapidement, ajoutant de l&rsquo;excitation et de l&rsquo;intrigue tout en restant relativement convivial et facile \u00e0 apprendre pour les joueurs.<\/p>\n<p>Pour acc\u00e9der \u00e0 ces boules num\u00e9rot\u00e9es, les joueurs ach\u00e8tent diff\u00e9rentes cartes d&rsquo;une valeur maximale de 200 par tour de jeu. Faire correspondre les cartes aux boules au fur et \u00e0 mesure qu&rsquo;elles sont tir\u00e9es cr\u00e9e une atmosph\u00e8re excitante. Un certain nombre de multiplicateurs de valeur diff\u00e9rents renforcent encore cette excitation.<\/p>\n<p>Le jeu en direct pr\u00e9sente des jeux avec les limites de mise les plus \u00e9lev\u00e9es.<br \/>\nLes joueurs doivent \u00eatre conscients des limites de mise lorsqu&rsquo;ils choisissent un jeu de casino en direct. Voici les param\u00e8tres de pari \u00e0 prendre en compte:<\/p>\n<ul>\n<li>Mise maximale &#8211; la mise maximale possible par jeu.<\/li>\n<li>Mise minimale &#8211; la mise la plus basse possible pour acc\u00e9der au jeu.<\/li>\n<li>Multiplicateur maximum &#8211; la limite des multiplicateurs qui peuvent \u00eatre utilis\u00e9s pendant le jeu.<\/li>\n<li>Gain total maximum &#8211; limite du montant des gains re\u00e7us \u00e0 la table.<\/li>\n<li>Retrait maximum &#8211; La plus grande somme d&rsquo;argent qui peut \u00eatre retir\u00e9e du compte du joueur.<\/li>\n<li>Retrait minimum &#8211; Le montant minimum d&rsquo;argent qui peut \u00eatre retir\u00e9 du compte du casino.<\/li>\n<\/ul>\n","protected":false},"excerpt":{"rendered":"<p>Les jeux de casino en direct offrent l&rsquo;excitation d&rsquo;un environnement de casino physique et l&rsquo;associent \u00e0 la commodit\u00e9 des jeux en ligne. Un jeu de casino en direct fonctionne de la m\u00eame mani\u00e8re, mais c&rsquo;est une proposition compl\u00e8tement diff\u00e9rente pour les joueurs. Les niveaux de commodit\u00e9 et de facilit\u00e9 d&rsquo;acc\u00e8s du spectacle de jeux RocketPlay&#8230;<\/p>\n","protected":false},"author":1,"featured_media":0,"parent":0,"menu_order":0,"comment_status":"closed","ping_status":"closed","template":"","meta":{"_acf_changed":false,"_kad_post_transparent":"default","_kad_post_title":"default","_kad_post_layout":"default","_kad_post_sidebar_id":"","_kad_post_content_style":"default","_kad_post_vertical_padding":"default","_kad_post_feature":"","_kad_post_feature_position":"","_kad_post_header":false,"_kad_post_footer":false,"footnotes":""},"class_list":["post-3010","page","type-page","status-publish","hentry"],"acf":[],"rttpg_featured_image_url":null,"rttpg_author":{"display_name":"John","author_link":"https:\/\/rocketplay-new.com\/fr\/author\/pemvas95n89x\/"},"rttpg_comment":0,"rttpg_category":null,"rttpg_excerpt":"Les jeux de casino en direct offrent l&rsquo;excitation d&rsquo;un environnement de casino physique et l&rsquo;associent \u00e0 la commodit\u00e9 des jeux en ligne. Un jeu de casino en direct fonctionne de la m\u00eame mani\u00e8re, mais c&rsquo;est une proposition compl\u00e8tement diff\u00e9rente pour les joueurs. Les niveaux de commodit\u00e9 et de facilit\u00e9 d&rsquo;acc\u00e8s du spectacle de jeux RocketPlay...","_links":{"self":[{"href":"https:\/\/rocketplay-new.com\/fr\/wp-json\/wp\/v2\/pages\/3010","targetHints":{"allow":["GET"]}}],"collection":[{"href":"https:\/\/rocketplay-new.com\/fr\/wp-json\/wp\/v2\/pages"}],"about":[{"href":"https:\/\/rocketplay-new.com\/fr\/wp-json\/wp\/v2\/types\/page"}],"author":[{"embeddable":true,"href":"https:\/\/rocketplay-new.com\/fr\/wp-json\/wp\/v2\/users\/1"}],"replies":[{"embeddable":true,"href":"https:\/\/rocketplay-new.com\/fr\/wp-json\/wp\/v2\/comments?post=3010"}],"version-history":[{"count":4,"href":"https:\/\/rocketplay-new.com\/fr\/wp-json\/wp\/v2\/pages\/3010\/revisions"}],"predecessor-version":[{"id":5920,"href":"https:\/\/rocketplay-new.com\/fr\/wp-json\/wp\/v2\/pages\/3010\/revisions\/5920"}],"wp:attachment":[{"href":"https:\/\/rocketplay-new.com\/fr\/wp-json\/wp\/v2\/media?parent=3010"}],"curies":[{"name":"wp","href":"https:\/\/api.w.org\/{rel}","templated":true}]}}