{"id":3007,"date":"2022-08-18T13:21:33","date_gmt":"2022-08-18T10:21:33","guid":{"rendered":"https:\/\/rocketplay-new.com\/slot-machines\/wizard-of-oz\/"},"modified":"2025-11-25T23:26:29","modified_gmt":"2025-11-25T20:26:29","slug":"wizard-of-oz","status":"publish","type":"page","link":"https:\/\/rocketplay-new.com\/fr\/slot-machines\/wizard-of-oz\/","title":{"rendered":"Critique de la machine \u00e0 sous Wizard of Oz"},"content":{"rendered":"<p>Le fait que les contes de f\u00e9es pour enfants deviennent la source d&rsquo;inspiration des d\u00e9veloppeurs de jeux d&rsquo;argent est une pratique normale. Apr\u00e8s tout, les images des contes de f\u00e9es sont connues et famili\u00e8res \u00e0 tous d\u00e8s le plus jeune \u00e2ge. La machine \u00e0 sous Wizard of Oz pourra donc transf\u00e9rer le joueur dans un monde fictif o\u00f9 il pourra non seulement s&rsquo;amuser et s&rsquo;\u00e9chapper de la r\u00e9alit\u00e9, mais aussi gagner de l&rsquo;argent suppl\u00e9mentaire.<\/p>\n<p><span style=\"font-weight: 400;\"><div class=\"tosh-btn\"><a href=\"\/go-casino\/\" target=\"_blank\" rel=\"noopener\">OBTENEZ UN BONUS<\/a><\/div><\/span><\/p>\n<h2>WIZARD OF OZ : EST-IL RENTABLE DE JOUER POUR DE L&rsquo;ARGENT?<\/h2>\n<p>Est-il r\u00e9el de gagner de l&rsquo;argent dans le jeu Wizard of Oz? Apr\u00e8s avoir \u00e9tudi\u00e9 cette machine \u00e0 sous, vous pouvez r\u00e9pondre en toute confiance : oui ! Il existe de nombreuses fonctions pour cela:<\/p>\n<ul>\n<li>plusieurs tours de bonus;<\/li>\n<li>respins pour la perte de certains symboles;<\/li>\n<li>possibilit\u00e9 de faire 5 tours gratuits d&rsquo;affil\u00e9e;<\/li>\n<li>multiplicateurs de mise al\u00e9atoires;<\/li>\n<li>jackpot.<\/li>\n<\/ul>\n<p>Ne manquez donc pas l&rsquo;occasion d&rsquo;investir de l&rsquo;argent r\u00e9el dans cette machine \u00e0 sous. Mais un grand nombre de fonctions diff\u00e9rentes peut d\u00e9router le joueur. La meilleure fa\u00e7on d&rsquo;essayer le jeu Wizard of Oz est donc le mode d\u00e9mo, qui est toujours disponible pour les joueurs canadiens.<\/p>\n<p style=\"text-align: center;\"><img loading=\"lazy\" decoding=\"async\" class=\"aligncenter wp-image-308 size-full\" src=\"https:\/\/rocketplay-new.com\/wp-content\/uploads\/2022\/08\/wizard-of-oz-logo.jpeg\" alt=\"Wizard of Oz logo\" width=\"1024\" height=\"500\" srcset=\"https:\/\/rocketplay-new.com\/wp-content\/uploads\/2022\/08\/wizard-of-oz-logo.jpeg 1024w, https:\/\/rocketplay-new.com\/wp-content\/uploads\/2022\/08\/wizard-of-oz-logo-300x146.jpeg 300w, https:\/\/rocketplay-new.com\/wp-content\/uploads\/2022\/08\/wizard-of-oz-logo-768x375.jpeg 768w\" sizes=\"auto, (max-width: 1024px) 100vw, 1024px\" \/><\/p>\n<h2>D\u00c9TAILS ET CARACT\u00c9RISTIQUES DU JEU<\/h2>\n<p>Commen\u00e7ons par les caract\u00e9ristiques ext\u00e9rieures de ce bandit manchot en ligne. R\u00e9alis\u00e9 dans le style th\u00e9matique, il est parfaitement coh\u00e9rent avec l&rsquo;histoire du conte de f\u00e9es. L&rsquo;arri\u00e8re-plan nous montre la ville d&rsquo;\u00e9meraude et les personnages et objets d&rsquo;un conte de f\u00e9es font office de symboles. Par exemple:<\/p>\n<ul>\n<li>la fille Dorothy;<\/li>\n<li>l&rsquo;homme de fer;<\/li>\n<li>\u00e9pouvantail;<\/li>\n<li>homme lion;<\/li>\n<li>sorci\u00e8re;<\/li>\n<li>sorcier;<\/li>\n<li>f\u00e9e Glinda;<\/li>\n<li>chien Toto;<\/li>\n<li>image des personnages principaux de \u00ab\u00a0Friends\u00a0\u00bb;<\/li>\n<li>diff\u00e9rents objets : un panier, une sucette, une pomme, un sablier.<\/li>\n<\/ul>\n<p>Le d\u00e9veloppeur n&rsquo;a pas inclus ici les images typiques des casinos, c&rsquo;est pourquoi Wizard of Oz online se distingue des autres.<\/p>\n<p>L&rsquo;accompagnement musical est discret. Le son n&rsquo;est activ\u00e9 que pendant la rotation des rouleaux et la formation des combinaisons.<\/p>\n<p>Caract\u00e9ristiques importantes pour les joueurs:<\/p>\n<ul>\n<li>Symbole Scatter &#8211; oui, plusieurs;<\/li>\n<li>multiplicateurs &#8211; oui;<\/li>\n<li>symbole du jackpot &#8211; oui;<\/li>\n<li>jeu automatique &#8211; oui;<\/li>\n<li>jeu avec bonus &#8211; oui;<\/li>\n<li>Symbole Wild (remplace les autres) &#8211; oui;<\/li>\n<li>tours gratuits (respins et dans un tour s\u00e9par\u00e9) &#8211; oui.<\/li>\n<\/ul>\n<p>Gr\u00e2ce \u00e0 cela, le gameplay est vari\u00e9 et int\u00e9ressant. Les gains sont assez fr\u00e9quents. Ils sont petits, mais en g\u00e9n\u00e9ral, vous pouvez compter sur une augmentation progressive de votre capital. Plus votre mise est \u00e9lev\u00e9e, plus le prix sera important.<\/p>\n<p>Les indicateurs techniques de Wizard of Oz Canada sont moyens. Le RTP est de 95,99 %, ce qui correspond \u00e0 la moyenne du march\u00e9. La volatilit\u00e9 est l\u00e9g\u00e8rement inf\u00e9rieure \u00e0 la moyenne. Ce n&rsquo;est ni bon ni mauvais, et vous devez juste savoir que la machine ne vous donnera pas un gros gain tout de suite. Cette machine \u00e0 sous est plus adapt\u00e9e \u00e0 un jeu \u00e0 long terme.<\/p>\n<p style=\"text-align: center;\"><img loading=\"lazy\" decoding=\"async\" class=\"aligncenter wp-image-311 size-full\" src=\"https:\/\/rocketplay-new.com\/wp-content\/uploads\/2022\/08\/wizard-of-oz-slot-2.png\" alt=\"wizard of oz slot\" width=\"853\" height=\"480\" srcset=\"https:\/\/rocketplay-new.com\/wp-content\/uploads\/2022\/08\/wizard-of-oz-slot-2.png 853w, https:\/\/rocketplay-new.com\/wp-content\/uploads\/2022\/08\/wizard-of-oz-slot-2-300x169.png 300w, https:\/\/rocketplay-new.com\/wp-content\/uploads\/2022\/08\/wizard-of-oz-slot-2-768x432.png 768w\" sizes=\"auto, (max-width: 853px) 100vw, 853px\" \/><\/p>\n<h2>TIRER DES CONCLUSIONS SUR LA MACHINE \u00c0 SOUS WIZARD OF OZ<\/h2>\n<p>Ce jeu est sorti en 2011 et a parfaitement retranscrit l&rsquo;atmosph\u00e8re du vieux film. L&rsquo;apparence est faite dans un style r\u00e9tro, ce qui peut sembler d\u00e9suet. Mais, selon l&rsquo;id\u00e9e du d\u00e9veloppeur de WMS, cela devrait donner au joueur une id\u00e9e du film, qui est sorti en 1939. L&rsquo;animation et les effets sonores sont \u00e9galement d&rsquo;\u00e9poque, donc malgr\u00e9 la faible qualit\u00e9 des graphismes, ils sont pleinement justifi\u00e9s.<\/p>\n<p>Selon les indicateurs techniques, cette machine \u00e0 sous est moyenne. Il y a beaucoup de fonctions int\u00e9ressantes qui vous permettent de gagner de l&rsquo;argent. Mais le pourcentage RTP est faible, et cela montre que le jeu ne donnera pas souvent de gros gains. Elle est bonne pour le long terme.<\/p>\n<p>Il est conseill\u00e9 aux joueurs qui ne sont pas familiers avec ce jeu d&rsquo;essayer les machines \u00e0 sous gratuites Wizard of Oz. En g\u00e9n\u00e9ral, nous pouvons f\u00e9liciter le d\u00e9veloppeur pour une id\u00e9e int\u00e9ressante. Il y a vraiment peu de machines \u00e0 sous de ce type, donc elles se d\u00e9marquent toujours favorablement du reste.<\/p>\n<p><span style=\"font-weight: 400;\"><div class=\"tosh-btn\"><a href=\"\/go-casino\/\" target=\"_blank\" rel=\"noopener\">OBTENEZ UN BONUS<\/a><\/div><\/span><\/p>\n<h2>QUESTIONS FR\u00c9QUENTES DES NOUVEAUX JOUEURS<\/h2>\n<h3>EST-IL POSSIBLE D&rsquo;AJUSTER LE NOMBRE DE LIGNES DE PAIEMENT DANS CETTE MACHINE \u00c0 SOUS ?<\/h3>\n<p>Le Magicien d&rsquo;Oz poss\u00e8de 30 lignes de paiement qui sont automatiquement activ\u00e9es lorsque vous d\u00e9marrez le jeu. Mais ce nombre peut \u00eatre modifi\u00e9 dans les param\u00e8tres qui s&rsquo;ouvrent sous le bouton pour lancer les rouleaux.<\/p>\n<h3>QUELLES SONT LES MISES MAXIMALES ET MINIMALES DANS CETTE MACHINE \u00c0 SOUS ?<\/h3>\n<p>Sur une ligne, vous pouvez fixer une mise allant de 0,01 \u00e0 2. Il s&rsquo;av\u00e8re donc qu&rsquo;en argent, la mise maximale sera de 60 (30 lignes, 2 pi\u00e8ces du solde pour chacune).<\/p>\n<h3>COMMENT LE MAGICIEN D&rsquo;OZ OUVRE-T-IL LE TOUR DE BONUS ?<\/h3>\n<p>Pour ce faire, vous devez faire appara\u00eetre un symbole sp\u00e9cial sur l&rsquo;une des bobines. Il s&rsquo;agit des principaux personnages du conte : Dorothy, l&rsquo;\u00e9pouvantail, l&rsquo;homme de fer, le lion peureux, la sorci\u00e8re, le magicien et la boule magique. Lorsqu&rsquo;ils atterrissent sur le terrain, une nouvelle animation est d\u00e9clench\u00e9e, et le joueur peut profiter du jeu bonus, pr\u00e9vu par les r\u00e8gles.<\/p>\n<p><strong>Critiques sur les machines \u00e0 sous:<\/strong><\/p>\n<ul>\n<li><a href=\"https:\/\/rocketplay-new.com\/fr\/slot-machines\/buffalo-gold\/\">Buffalo Gold<\/a><\/li>\n<li><a href=\"https:\/\/rocketplay-new.com\/fr\/slot-machines\/lucky-88\/\">Lucky 88<\/a><\/li>\n<\/ul>\n","protected":false},"excerpt":{"rendered":"<p>Le fait que les contes de f\u00e9es pour enfants deviennent la source d&rsquo;inspiration des d\u00e9veloppeurs de jeux d&rsquo;argent est une pratique normale. Apr\u00e8s tout, les images des contes de f\u00e9es sont connues et famili\u00e8res \u00e0 tous d\u00e8s le plus jeune \u00e2ge. La machine \u00e0 sous Wizard of Oz pourra donc transf\u00e9rer le joueur dans un&#8230;<\/p>\n","protected":false},"author":1,"featured_media":0,"parent":2863,"menu_order":0,"comment_status":"closed","ping_status":"closed","template":"","meta":{"_acf_changed":false,"_kad_post_transparent":"default","_kad_post_title":"default","_kad_post_layout":"default","_kad_post_sidebar_id":"","_kad_post_content_style":"default","_kad_post_vertical_padding":"default","_kad_post_feature":"","_kad_post_feature_position":"","_kad_post_header":false,"_kad_post_footer":false,"footnotes":""},"class_list":["post-3007","page","type-page","status-publish","hentry"],"acf":[],"rttpg_featured_image_url":null,"rttpg_author":{"display_name":"John","author_link":"https:\/\/rocketplay-new.com\/fr\/author\/pemvas95n89x\/"},"rttpg_comment":0,"rttpg_category":null,"rttpg_excerpt":"Le fait que les contes de f\u00e9es pour enfants deviennent la source d&rsquo;inspiration des d\u00e9veloppeurs de jeux d&rsquo;argent est une pratique normale. Apr\u00e8s tout, les images des contes de f\u00e9es sont connues et famili\u00e8res \u00e0 tous d\u00e8s le plus jeune \u00e2ge. La machine \u00e0 sous Wizard of Oz pourra donc transf\u00e9rer le joueur dans un...","_links":{"self":[{"href":"https:\/\/rocketplay-new.com\/fr\/wp-json\/wp\/v2\/pages\/3007","targetHints":{"allow":["GET"]}}],"collection":[{"href":"https:\/\/rocketplay-new.com\/fr\/wp-json\/wp\/v2\/pages"}],"about":[{"href":"https:\/\/rocketplay-new.com\/fr\/wp-json\/wp\/v2\/types\/page"}],"author":[{"embeddable":true,"href":"https:\/\/rocketplay-new.com\/fr\/wp-json\/wp\/v2\/users\/1"}],"replies":[{"embeddable":true,"href":"https:\/\/rocketplay-new.com\/fr\/wp-json\/wp\/v2\/comments?post=3007"}],"version-history":[{"count":3,"href":"https:\/\/rocketplay-new.com\/fr\/wp-json\/wp\/v2\/pages\/3007\/revisions"}],"predecessor-version":[{"id":5939,"href":"https:\/\/rocketplay-new.com\/fr\/wp-json\/wp\/v2\/pages\/3007\/revisions\/5939"}],"up":[{"embeddable":true,"href":"https:\/\/rocketplay-new.com\/fr\/wp-json\/wp\/v2\/pages\/2863"}],"wp:attachment":[{"href":"https:\/\/rocketplay-new.com\/fr\/wp-json\/wp\/v2\/media?parent=3007"}],"curies":[{"name":"wp","href":"https:\/\/api.w.org\/{rel}","templated":true}]}}