{"id":3004,"date":"2022-08-18T12:23:24","date_gmt":"2022-08-18T09:23:24","guid":{"rendered":"https:\/\/rocketplay-new.com\/slot-machines\/starburst\/"},"modified":"2025-11-25T23:28:55","modified_gmt":"2025-11-25T20:28:55","slug":"starburst","status":"publish","type":"page","link":"https:\/\/rocketplay-new.com\/fr\/slot-machines\/starburst\/","title":{"rendered":"Critique de la machine \u00e0 sous Starburst"},"content":{"rendered":"<p>L&rsquo;espace myst\u00e9rieux avec ses \u00e9tendues illimit\u00e9es et ses constellations lumineuses est pr\u00eat \u00e0 vous accueillir dans la machine \u00e0 sous Starburst Canada. Sentez-vous comme un v\u00e9ritable astronaute, surfez dans l&rsquo;espace et gagnez de l&rsquo;argent dans ce jeu vid\u00e9o unique. Lancez Starburst en ligne et comprenez ce que sont les machines \u00e0 sous de qualit\u00e9.<\/p>\n<p><span style=\"font-weight: 400;\"><div class=\"tosh-btn\"><a href=\"\/go-casino\/\" target=\"_blank\" rel=\"noopener\">OBTENEZ UN BONUS<\/a><\/div><\/span><\/p>\n<h2>UN PEU D&rsquo;HISTOIRE SUR L&rsquo;APPARITION DE STARBURST<\/h2>\n<p>M\u00eame si la machine \u00e0 sous Starburst a \u00e9t\u00e9 cr\u00e9\u00e9e en 2012 par NetEnt, elle n&rsquo;a rien perdu de sa pertinence jusqu&rsquo;\u00e0 aujourd&rsquo;hui. Tout cela gr\u00e2ce \u00e0 un design intemporel et des fonctionnalit\u00e9s tr\u00e8s avantageuses.<\/p>\n<p>La machine \u00e0 sous s&rsquo;est inspir\u00e9e du th\u00e8me de l&rsquo;espace, qui est courant dans les maisons de jeu et qui est int\u00e9ressant pour les joueurs. Au moment de sa sortie, elle semblait fra\u00eeche et originale, et m\u00eame aujourd&rsquo;hui, peu de choses ont chang\u00e9.<\/p>\n<p>Cette machine \u00e0 sous est consid\u00e9r\u00e9e comme innovante en raison des lignes de paiement qui distribuent les gains dans toutes les directions. Dans les bandits manchots standard, cela ne se produit que de gauche \u00e0 droite.<\/p>\n<p style=\"text-align: center;\"><img loading=\"lazy\" decoding=\"async\" class=\"aligncenter wp-image-305 size-full\" src=\"https:\/\/rocketplay-new.com\/wp-content\/uploads\/2022\/08\/starburst-logo.jpeg\" alt=\"starburst logo\" width=\"752\" height=\"500\" srcset=\"https:\/\/rocketplay-new.com\/wp-content\/uploads\/2022\/08\/starburst-logo.jpeg 752w, https:\/\/rocketplay-new.com\/wp-content\/uploads\/2022\/08\/starburst-logo-300x199.jpeg 300w\" sizes=\"auto, (max-width: 752px) 100vw, 752px\" \/><\/p>\n<h2>SYMBOLE STARBURST : LEUR VALEUR, LEUR SIGNIFICATION ET LEURS FONCTIONS SP\u00c9CIALES<\/h2>\n<p>Bien que le th\u00e8me de la machine \u00e0 sous soit l&rsquo;espace, les symboles sont ici traditionnels pour les casinos : pierres pr\u00e9cieuses, sept, et l&rsquo;inscription Bar. Il y en a un de plus &#8211; une \u00e9toile multicolore brillante est le seul symbole sp\u00e9cial de la machine \u00e0 sous, qui remplace le bonus et le wild.<\/p>\n<p>Regardons la table des paiements pour comprendre combien d&rsquo;argent r\u00e9el ce jeu peut rapporter.<\/p>\n<table style=\"width: 602px;\" border=\"0\" width=\"602\" cellspacing=\"0\" cellpadding=\"0\">\n<tbody>\n<tr>\n<td>\n<p align=\"center\">Quantit\u00e9 sur les rouleaux<\/p>\n<\/td>\n<td>\n<p align=\"center\">3<\/p>\n<\/td>\n<td>\n<p align=\"center\">4<\/p>\n<\/td>\n<td>\n<p align=\"center\">5<\/p>\n<\/td>\n<\/tr>\n<tr>\n<td>\n<p align=\"center\">Pierre violette<\/p>\n<\/td>\n<td>\n<p align=\"center\">5<\/p>\n<\/td>\n<td>\n<p align=\"center\">10<\/p>\n<\/td>\n<td>\n<p align=\"center\">25<\/p>\n<\/td>\n<\/tr>\n<tr>\n<td style=\"height: 29px;\">\n<p align=\"center\">Bleu<\/p>\n<\/td>\n<td style=\"height: 29px;\">\n<p align=\"center\">5<\/p>\n<\/td>\n<td style=\"height: 29px;\">\n<p align=\"center\">10<\/p>\n<\/td>\n<td style=\"height: 29px;\">\n<p align=\"center\">25<\/p>\n<\/td>\n<\/tr>\n<tr>\n<td>\n<p align=\"center\">Rouge<\/p>\n<\/td>\n<td>\n<p align=\"center\">7<\/p>\n<\/td>\n<td>\n<p align=\"center\">15<\/p>\n<\/td>\n<td>\n<p align=\"center\">40<\/p>\n<\/td>\n<\/tr>\n<tr>\n<td>\n<p align=\"center\">Vert<\/p>\n<\/td>\n<td>\n<p align=\"center\">8<\/p>\n<\/td>\n<td>\n<p align=\"center\">20<\/p>\n<\/td>\n<td>\n<p align=\"center\">50<\/p>\n<\/td>\n<\/tr>\n<tr>\n<td>\n<p align=\"center\">Jaune<\/p>\n<\/td>\n<td>\n<p align=\"center\">10<\/p>\n<\/td>\n<td>\n<p align=\"center\">25<\/p>\n<\/td>\n<td>\n<p align=\"center\">60<\/p>\n<\/td>\n<\/tr>\n<tr>\n<td>\n<p align=\"center\">Sept<\/p>\n<\/td>\n<td>\n<p align=\"center\">25<\/p>\n<\/td>\n<td>\n<p align=\"center\">60<\/p>\n<\/td>\n<td>\n<p align=\"center\">120<\/p>\n<\/td>\n<\/tr>\n<tr>\n<td>\n<p align=\"center\">BAR<\/p>\n<\/td>\n<td>\n<p align=\"center\">500<\/p>\n<\/td>\n<td>\n<p align=\"center\">200<\/p>\n<\/td>\n<td>\n<p align=\"center\">250<\/p>\n<\/td>\n<\/tr>\n<\/tbody>\n<\/table>\n<p>&nbsp;<\/p>\n<p>L&rsquo;ic\u00f4ne \u00e9toile est un joker. Elle a deux fonctions, la premi\u00e8re \u00e9tant de substituer d&rsquo;autres symboles pour vous faire gagner de l&rsquo;argent. De plus, elle occupe la totalit\u00e9 du rouleau et d\u00e9clenche un tour de respins. Le tour de bonus ne peut \u00eatre r\u00e9p\u00e9t\u00e9 que 3 fois. Cela signifie que le jeu ne vous permet de faire tourner les rouleaux que 3 fois gratuitement en un seul tour.<\/p>\n<p>Dans ce cas, les trois rouleaux (2, 3 et 4) sont remplis du symbole de l&rsquo;\u00e9toile. Le joueur re\u00e7oit un gain sur les 10 lignes \u00e0 la fois. Il s&rsquo;agit d&rsquo;un bonus original et inhabituel qui attire les joueurs.<\/p>\n<p>Ainsi, m\u00eame en l&rsquo;absence du jeu \u00e0 risque habituel ou d&rsquo;un v\u00e9ritable tour de bonus s\u00e9par\u00e9, ce bandit manchot est le pr\u00e9f\u00e9r\u00e9 de beaucoup. Le processus de collecte des symboles sauvages est intense et ludique et s&rsquo;accompagne d&rsquo;une animation et d&rsquo;\u00e9l\u00e9ments sonores sp\u00e9ciaux.<\/p>\n<p><span style=\"font-weight: 400;\"><div class=\"tosh-btn\"><a href=\"\/go-casino\/\" target=\"_blank\" rel=\"noopener\">OBTENEZ UN BONUS<\/a><\/div><\/span><\/p>\n<h2>INFORMATIONS TECHNIQUES SUR STARBURST: VOLATILIT\u00c9, RTP, ET TOURS GRATUITS<\/h2>\n<p>Les indicateurs techniques de cette machine sont moyens. Mais en m\u00eame temps, elle reste l&rsquo;une des pr\u00e9f\u00e9r\u00e9es des joueurs. Voyons quelles sont ses caract\u00e9ristiques :<\/p>\n<ul>\n<li>RTP &#8211; 96.1%;<\/li>\n<li>la volatilit\u00e9 est faible;<\/li>\n<li>nombre de lignes de paiement &#8211; 10;<\/li>\n<li>disposition des champs &#8211; 5 par 3.<\/li>\n<\/ul>\n<p>Le pourcentage RTP est moyen pour l&rsquo;industrie du jeu. Cela signifie que la machine rend en moyenne 96% de l&rsquo;argent du joueur. Et une faible volatilit\u00e9 n&rsquo;est pas mauvaise. Cela signifie que les gains seront petits mais fr\u00e9quents, et que vous ne pourrez pas toucher un gros jackpot soudain ici.<\/p>\n<p>En g\u00e9n\u00e9ral, les gains d\u00e9pendent de la mise pour le paiement. Leur taille ici va de 0,01 \u00e0 100, ce qui permet aux joueurs avec n&rsquo;importe quelle bankroll de s&rsquo;amuser.<\/p>\n<p>M\u00eame s&rsquo;il n&rsquo;y a pas de tours gratuits ici, vous pouvez obtenir une offre du casino et d\u00e9penser 50 tours gratuits sur Starburst. Cela vous permettra de gagner de l&rsquo;argent et de d\u00e9couvrir le fonctionnement de ce jeu sans d\u00e9penser un seul centime de votre poche. Les joueurs du Canada re\u00e7oivent souvent des offres de bonus similaires pour cette machine \u00e0 sous particuli\u00e8re.<\/p>\n<p style=\"text-align: center;\"><img loading=\"lazy\" decoding=\"async\" class=\"aligncenter wp-image-304 size-full\" src=\"https:\/\/rocketplay-new.com\/wp-content\/uploads\/2022\/08\/starburst.jpeg\" alt=\"Starburst slot\" width=\"735\" height=\"512\" srcset=\"https:\/\/rocketplay-new.com\/wp-content\/uploads\/2022\/08\/starburst.jpeg 735w, https:\/\/rocketplay-new.com\/wp-content\/uploads\/2022\/08\/starburst-300x209.jpeg 300w\" sizes=\"auto, (max-width: 735px) 100vw, 735px\" \/><\/p>\n<h2>CONSEILS POUR JOUER GRATUITEMENT \u00c0 LA MACHINE \u00c0 SOUS STARBURST EN LIGNE<\/h2>\n<p>Vous n&rsquo;avez pas besoin de d\u00e9penser de l&rsquo;argent pour faire connaissance avec cette merveilleuse machine \u00e0 sous. Apr\u00e8s tout, le jeu gratuit Starburst est disponible pour tous les clients. Gr\u00e2ce \u00e0 cela, vous pouvez vous familiariser avec les m\u00e9canismes et comprendre si vous aimez le jeu. La version de d\u00e9monstration vous montrera la fr\u00e9quence des combinaisons gagnantes, et vous pourrez d\u00e9j\u00e0 d\u00e9cider si cela vaut la peine de jouer ici.<\/p>\n<p>Elle convient \u00e9galement \u00e0 ceux qui ne disposent pas encore d&rsquo;une bankroll initiale pour jouer au casino. La machine \u00e0 sous Starburst sans d\u00e9p\u00f4t est disponible pour tous les utilisateurs canadiens. Pour ce faire, il vous suffit de:<\/p>\n<ol>\n<li>Cr\u00e9er votre profil de casino pour devenir un client du casino et avoir un acc\u00e8s complet aux fonctionnalit\u00e9s.<\/li>\n<li>Trouvez ce jeu dans la liste des machines \u00e0 sous.<\/li>\n<li>Lancez-le dans la version d\u00e9mo.<\/li>\n<\/ol>\n<p>Vous n&rsquo;aurez pas besoin de t\u00e9l\u00e9charger quoi que ce soit ni d&rsquo;attendre un long lancement. Le jeu instantan\u00e9 vous permet d&rsquo;acc\u00e9der au divertissement tr\u00e8s rapidement.<\/p>\n<p>Ne manquez pas l&rsquo;occasion de vous amuser en jouant \u00e0 Starburst. Si vous aimez les th\u00e8mes de l&rsquo;espace, alors cette machine \u00e0 sous est exactement ce qu&rsquo;il vous faut. Personne ne restera indiff\u00e9rent \u00e0 son design simple et agr\u00e9able, \u00e0 sa bande-son th\u00e9matique et \u00e0 son gameplay fluide.<\/p>\n<p>Critiques sur les machines \u00e0 sous:<\/p>\n<ul>\n<li><a href=\"https:\/\/rocketplay-new.com\/fr\/slot-machines\/wizard-of-oz\/\">Wizard of Oz<\/a><\/li>\n<li><a href=\"https:\/\/rocketplay-new.com\/fr\/slot-machines\/book-of-dead\/\">Book of Dead<\/a><\/li>\n<\/ul>\n","protected":false},"excerpt":{"rendered":"<p>L&rsquo;espace myst\u00e9rieux avec ses \u00e9tendues illimit\u00e9es et ses constellations lumineuses est pr\u00eat \u00e0 vous accueillir dans la machine \u00e0 sous Starburst Canada. Sentez-vous comme un v\u00e9ritable astronaute, surfez dans l&rsquo;espace et gagnez de l&rsquo;argent dans ce jeu vid\u00e9o unique. Lancez Starburst en ligne et comprenez ce que sont les machines \u00e0 sous de qualit\u00e9. UN&#8230;<\/p>\n","protected":false},"author":1,"featured_media":0,"parent":2863,"menu_order":0,"comment_status":"closed","ping_status":"closed","template":"","meta":{"_acf_changed":false,"_kad_post_transparent":"default","_kad_post_title":"default","_kad_post_layout":"default","_kad_post_sidebar_id":"","_kad_post_content_style":"default","_kad_post_vertical_padding":"default","_kad_post_feature":"","_kad_post_feature_position":"","_kad_post_header":false,"_kad_post_footer":false,"footnotes":""},"class_list":["post-3004","page","type-page","status-publish","hentry"],"acf":[],"rttpg_featured_image_url":null,"rttpg_author":{"display_name":"John","author_link":"https:\/\/rocketplay-new.com\/fr\/author\/pemvas95n89x\/"},"rttpg_comment":0,"rttpg_category":null,"rttpg_excerpt":"L&rsquo;espace myst\u00e9rieux avec ses \u00e9tendues illimit\u00e9es et ses constellations lumineuses est pr\u00eat \u00e0 vous accueillir dans la machine \u00e0 sous Starburst Canada. Sentez-vous comme un v\u00e9ritable astronaute, surfez dans l&rsquo;espace et gagnez de l&rsquo;argent dans ce jeu vid\u00e9o unique. Lancez Starburst en ligne et comprenez ce que sont les machines \u00e0 sous de qualit\u00e9. UN...","_links":{"self":[{"href":"https:\/\/rocketplay-new.com\/fr\/wp-json\/wp\/v2\/pages\/3004","targetHints":{"allow":["GET"]}}],"collection":[{"href":"https:\/\/rocketplay-new.com\/fr\/wp-json\/wp\/v2\/pages"}],"about":[{"href":"https:\/\/rocketplay-new.com\/fr\/wp-json\/wp\/v2\/types\/page"}],"author":[{"embeddable":true,"href":"https:\/\/rocketplay-new.com\/fr\/wp-json\/wp\/v2\/users\/1"}],"replies":[{"embeddable":true,"href":"https:\/\/rocketplay-new.com\/fr\/wp-json\/wp\/v2\/comments?post=3004"}],"version-history":[{"count":3,"href":"https:\/\/rocketplay-new.com\/fr\/wp-json\/wp\/v2\/pages\/3004\/revisions"}],"predecessor-version":[{"id":5938,"href":"https:\/\/rocketplay-new.com\/fr\/wp-json\/wp\/v2\/pages\/3004\/revisions\/5938"}],"up":[{"embeddable":true,"href":"https:\/\/rocketplay-new.com\/fr\/wp-json\/wp\/v2\/pages\/2863"}],"wp:attachment":[{"href":"https:\/\/rocketplay-new.com\/fr\/wp-json\/wp\/v2\/media?parent=3004"}],"curies":[{"name":"wp","href":"https:\/\/api.w.org\/{rel}","templated":true}]}}