{"id":3001,"date":"2022-08-18T13:55:49","date_gmt":"2022-08-18T10:55:49","guid":{"rendered":"https:\/\/rocketplay-new.com\/slot-machines\/mega-moolah\/"},"modified":"2025-11-26T20:22:11","modified_gmt":"2025-11-26T17:22:11","slug":"mega-moolah","status":"publish","type":"page","link":"https:\/\/rocketplay-new.com\/fr\/slot-machines\/mega-moolah\/","title":{"rendered":"Critique de la machine \u00e0 sous Mega Moolah"},"content":{"rendered":"<p>Il existe une cat\u00e9gorie de machines \u00e0 sous qui, plus que d&rsquo;autres, sont pr\u00eates \u00e0 partager d&rsquo;\u00e9normes gains avec les joueurs. Et Mega Moolah Canada est exactement cela. Il s&rsquo;agit d&rsquo;une machine \u00e0 sous avec de gros jackpots, que tout joueur qui n&rsquo;a pas peur d&rsquo;investir ses propres fonds dans le divertissement a une chance de toucher.<\/p>\n<p style=\"text-align: center;\"><img loading=\"lazy\" decoding=\"async\" class=\"aligncenter wp-image-323 size-large\" src=\"https:\/\/rocketplay-new.com\/wp-content\/uploads\/2022\/08\/mega-moolah-logo-1024x569.png\" alt=\"Mega Moolah logo\" width=\"1024\" height=\"569\" srcset=\"https:\/\/rocketplay-new.com\/wp-content\/uploads\/2022\/08\/mega-moolah-logo-1024x569.png 1024w, https:\/\/rocketplay-new.com\/wp-content\/uploads\/2022\/08\/mega-moolah-logo-300x167.png 300w, https:\/\/rocketplay-new.com\/wp-content\/uploads\/2022\/08\/mega-moolah-logo-768x426.png 768w, https:\/\/rocketplay-new.com\/wp-content\/uploads\/2022\/08\/mega-moolah-logo.png 1140w\" sizes=\"auto, (max-width: 1024px) 100vw, 1024px\" \/><\/p>\n<h2>LANCEZ MEGA MOOLAH ET COMMENCEZ \u00c0 JOUER \u00c0 LA MACHINE \u00c0 SOUS<\/h2>\n<p>Le gameplay est tr\u00e8s simple. Tous ceux qui ont d\u00e9j\u00e0 essay\u00e9 de faire tourner des bandits manchots le connaissent. Il existe une option de jeu payant et une option de jeu gratuit. Dans le premier cas, apr\u00e8s s&rsquo;\u00eatre inscrit au casino, il faut effectuer un d\u00e9p\u00f4t et placer une mise r\u00e9elle. Dans le second cas, une simple visite au club de jeu suffit.<\/p>\n<p>La savane africaine s&rsquo;ouvre devant le joueur, et il est accueilli par les populations indig\u00e8nes de ces r\u00e9gions. Pour jouer \u00e0 Mega Moolah sans probl\u00e8me, vous devez suivre plusieurs \u00e9tapes:<\/p>\n<ol>\n<li>D\u00e9finissez une taille de pari confortable pour vous-m\u00eame (ou laissez tout tel quel avec les param\u00e8tres initiaux du jeu).<\/li>\n<li>Appuyez sur le bouton de rotation des rouleaux.<\/li>\n<li>Si vous souhaitez que les symboles se modifient d&rsquo;eux-m\u00eames, vous devez appuyer sur la touche de lecture automatique.<\/li>\n<\/ol>\n<p>La machine dispose de 25 lignes. Si au moins une d&rsquo;entre elles pr\u00e9sente une <strong>combinaison gagnante<\/strong>, le joueur r\u00e9alise un b\u00e9n\u00e9fice. Sa taille d\u00e9pend de la signification du symbole. Il y a des coupures de cartes &#8211; elles ont moins de valeur, mais il y a des images d&rsquo;animaux qui sont pay\u00e9es plus cher.<\/p>\n<p>Vous pouvez modifier la taille de la mise avant chaque tour, de 0,25 \u00e0 6,25.<\/p>\n<p>D&rsquo;ailleurs, le jeu est parfaitement adapt\u00e9 aux petits \u00e9crans. Par cons\u00e9quent, vous pouvez toujours ouvrir Mega Moolah mobile pour vous amuser en d\u00e9placement.<\/p>\n<p><span style=\"font-weight: 400;\"><div class=\"tosh-btn\"><a href=\"\/go-casino\/\" target=\"_blank\" rel=\"noopener\">OBTENEZ UN BONUS<\/a><\/div><\/span><\/p>\n<h2>RECEVOIR DES BONUS ET D&rsquo;AUTRES PRIX DANS MEGA MOOLAH<\/h2>\n<p>Cette c\u00e9l\u00e8bre machine \u00e0 sous est souvent choisie par diff\u00e9rentes maisons de jeu pour faire des offres de bienvenue aux clients. Par exemple, en vous inscrivant dans un tel \u00e9tablissement, vous pouvez obtenir 80 tours gratuits de Mega Moolah. Il s&rsquo;agit d&rsquo;une offre assez g\u00e9n\u00e9reuse car la machine dispose de fonctionnalit\u00e9s bonus qui augmenteront vos gains.<\/p>\n<p>Voici leur liste:<\/p>\n<ul>\n<li>symbole wild;<\/li>\n<li>multiplicateurs;<\/li>\n<li>tour avec tours gratuits;<\/li>\n<li>4 types de jackpot (progressif).<\/li>\n<\/ul>\n<p>Avec une probabilit\u00e9 de 100%, au moins un d&rsquo;entre eux vous tombera dessus si vous prenez le temps de jouer \u00e0 la machine \u00e0 sous.<\/p>\n<p>Commen\u00e7ons par la description du symbole Wild. Ici, son r\u00f4le est jou\u00e9 par le <strong>jungle king<\/strong> &#8211; l&rsquo;image d&rsquo;un lion. Il n&rsquo;apporte pas seulement un gain en soi. Le Roi des B\u00eates n&rsquo;est pas trop fier et peut remplacer d&rsquo;autres symboles pour former une combinaison r\u00e9ussie sur la ligne. D&rsquo;ailleurs, les combinaisons faites avec un lion sont multipli\u00e9es par 2. Par cons\u00e9quent, l&rsquo;image du roi des b\u00eates est \u00e9galement un multiplicateur.<\/p>\n<p>Le <strong>tour de bonus<\/strong> s&rsquo;ouvre si vous rencontrez 3 images d&rsquo;un singe n&rsquo;importe o\u00f9 sur le terrain. Il s&rsquo;agit du <strong>symbole scatter<\/strong>. Vous pourrez observer comment les symboles se remplacent les uns les autres 15 fois, vous rapportent des gains, et l&rsquo;argent n&rsquo;est pas d\u00e9bit\u00e9 de votre solde. Tous les gains de ce tour sont multipli\u00e9s par 3.<\/p>\n<p>Et, bien s\u00fbr, un <strong>jackpot est disponible<\/strong>. Il y en a 4, et ils sont divis\u00e9s par taille : de Mini \u00e0 Mega. Si vous attrapez le plus gros d&rsquo;entre eux, vous pouvez obtenir jusqu&rsquo;\u00e0 un million d&rsquo;euros.<\/p>\n<p><img loading=\"lazy\" decoding=\"async\" class=\"aligncenter wp-image-324 size-full\" src=\"https:\/\/rocketplay-new.com\/wp-content\/uploads\/2022\/08\/mega-moolah-slot.jpeg\" alt=\"Mega Moolah slot\" width=\"900\" height=\"500\" srcset=\"https:\/\/rocketplay-new.com\/wp-content\/uploads\/2022\/08\/mega-moolah-slot.jpeg 900w, https:\/\/rocketplay-new.com\/wp-content\/uploads\/2022\/08\/mega-moolah-slot-300x167.jpeg 300w, https:\/\/rocketplay-new.com\/wp-content\/uploads\/2022\/08\/mega-moolah-slot-768x427.jpeg 768w\" sizes=\"auto, (max-width: 900px) 100vw, 900px\" \/><\/p>\n<h2>OBTENEZ NOTRE AVIS FINAL SUR MEGA MOOLAH<\/h2>\n<p>Pour comprendre \u00e0 quel point cette machine \u00e0 sous est bonne pour investir vos propres fonds, vous devez comprendre le RTP de Mega Moolah et d&rsquo;autres caract\u00e9ristiques techniques.<\/p>\n<p>Il s&rsquo;agit d&rsquo;un pourcentage indiquant combien, en moyenne, les joueurs peuvent r\u00e9cup\u00e9rer l&rsquo;argent investi dans la machine \u00e0 sous. Plus il est \u00e9lev\u00e9, plus le risque que vous perdiez votre bankroll est faible. Les meilleures dans ce domaine sont les machines \u00e0 sous dont l&rsquo;indicateur est sup\u00e9rieur \u00e0 95 %. Dans cette machine \u00e0 sous, il n&rsquo;est que de 88,12 %.<\/p>\n<p>Mais il y a aussi un autre indicateur, et c&rsquo;est la volatilit\u00e9. Elle d\u00e9termine la fr\u00e9quence \u00e0 laquelle les gains appara\u00eetront dans la machine \u00e0 sous et leur taille. Ici, elle est moyenne, ce qui signifie que vous pouvez compter sur des combinaisons r\u00e9ussies r\u00e9guli\u00e8res.<\/p>\n<p>Si Mega Moolah dans le casino en ligne est ajout\u00e9 \u00e0 l&rsquo;assortiment, il est logique d&rsquo;essayer cette machine \u00e0 sous. Un th\u00e8me amusant et la possibilit\u00e9 de gagner le jackpot attirent, vous ne devez donc pas manquer cette chance. De beaux graphismes et un gameplay discret vous aideront \u00e0 passer un bon moment et \u00e0 appr\u00e9cier le jeu.<\/p>\n<p><span style=\"font-weight: 400;\"><div class=\"tosh-btn\"><a href=\"\/go-casino\/\" target=\"_blank\" rel=\"noopener\">OBTENEZ UN BONUS<\/a><\/div><\/span><\/p>\n<h2>FAQ<\/h2>\n<h3>EST-IL POSSIBLE DE BATTRE LE MEGA MOOLAH OU NON ?<\/h3>\n<p>Le jeu a \u00e9t\u00e9 cr\u00e9\u00e9 sur la base d&rsquo;un syst\u00e8me sp\u00e9cial qui distribue les gains de mani\u00e8re al\u00e9atoire. Vous ne saurez jamais dans quel ordre les combinaisons r\u00e9ussies tombent. La seule chose que vous pouvez faire est de g\u00e9rer votre bankroll avec sagesse.<\/p>\n<h3>QUI A CR\u00c9\u00c9 LE JEU MEGA MOOLAH ?<\/h3>\n<p>Dans le domaine des jeux d&rsquo;argent, cette marque jouit d&rsquo;une excellente r\u00e9putation &#8211; Microgaming. La haute qualit\u00e9 de leurs jeux est connue dans le monde entier. La marque utilise toujours des th\u00e8mes pertinents et essaie de cr\u00e9er les machines \u00e0 sous les plus rentables.<\/p>\n<h3>CETTE MACHINE \u00c0 SOUS CONVIENT-ELLE AUX JOUEURS DISPOSANT D&rsquo;UN PETIT CAPITAL ?<\/h3>\n<p>Oui, la mise minimale est faible (0,25), et les gains sont assez fr\u00e9quents, vous pouvez donc augmenter progressivement le montant que vous pouvez d\u00e9penser dans le jeu.<\/p>\n<p><strong>Critiques sur les machines \u00e0 sous:<\/strong><\/p>\n<ul>\n<li><a href=\"https:\/\/rocketplay-new.com\/fr\/slot-machines\/lightning-link\/\">Lightning Link<\/a><\/li>\n<li><a href=\"https:\/\/rocketplay-new.com\/fr\/slot-machines\/lucky-88\/\">Lucky 88<\/a><\/li>\n<\/ul>\n","protected":false},"excerpt":{"rendered":"<p>Il existe une cat\u00e9gorie de machines \u00e0 sous qui, plus que d&rsquo;autres, sont pr\u00eates \u00e0 partager d&rsquo;\u00e9normes gains avec les joueurs. Et Mega Moolah Canada est exactement cela. Il s&rsquo;agit d&rsquo;une machine \u00e0 sous avec de gros jackpots, que tout joueur qui n&rsquo;a pas peur d&rsquo;investir ses propres fonds dans le divertissement a une chance&#8230;<\/p>\n","protected":false},"author":1,"featured_media":0,"parent":2863,"menu_order":0,"comment_status":"closed","ping_status":"closed","template":"","meta":{"_acf_changed":false,"_kad_post_transparent":"default","_kad_post_title":"default","_kad_post_layout":"default","_kad_post_sidebar_id":"","_kad_post_content_style":"default","_kad_post_vertical_padding":"default","_kad_post_feature":"","_kad_post_feature_position":"","_kad_post_header":false,"_kad_post_footer":false,"footnotes":""},"class_list":["post-3001","page","type-page","status-publish","hentry"],"acf":[],"rttpg_featured_image_url":null,"rttpg_author":{"display_name":"John","author_link":"https:\/\/rocketplay-new.com\/fr\/author\/pemvas95n89x\/"},"rttpg_comment":0,"rttpg_category":null,"rttpg_excerpt":"Il existe une cat\u00e9gorie de machines \u00e0 sous qui, plus que d&rsquo;autres, sont pr\u00eates \u00e0 partager d&rsquo;\u00e9normes gains avec les joueurs. Et Mega Moolah Canada est exactement cela. Il s&rsquo;agit d&rsquo;une machine \u00e0 sous avec de gros jackpots, que tout joueur qui n&rsquo;a pas peur d&rsquo;investir ses propres fonds dans le divertissement a une chance...","_links":{"self":[{"href":"https:\/\/rocketplay-new.com\/fr\/wp-json\/wp\/v2\/pages\/3001","targetHints":{"allow":["GET"]}}],"collection":[{"href":"https:\/\/rocketplay-new.com\/fr\/wp-json\/wp\/v2\/pages"}],"about":[{"href":"https:\/\/rocketplay-new.com\/fr\/wp-json\/wp\/v2\/types\/page"}],"author":[{"embeddable":true,"href":"https:\/\/rocketplay-new.com\/fr\/wp-json\/wp\/v2\/users\/1"}],"replies":[{"embeddable":true,"href":"https:\/\/rocketplay-new.com\/fr\/wp-json\/wp\/v2\/comments?post=3001"}],"version-history":[{"count":3,"href":"https:\/\/rocketplay-new.com\/fr\/wp-json\/wp\/v2\/pages\/3001\/revisions"}],"predecessor-version":[{"id":5937,"href":"https:\/\/rocketplay-new.com\/fr\/wp-json\/wp\/v2\/pages\/3001\/revisions\/5937"}],"up":[{"embeddable":true,"href":"https:\/\/rocketplay-new.com\/fr\/wp-json\/wp\/v2\/pages\/2863"}],"wp:attachment":[{"href":"https:\/\/rocketplay-new.com\/fr\/wp-json\/wp\/v2\/media?parent=3001"}],"curies":[{"name":"wp","href":"https:\/\/api.w.org\/{rel}","templated":true}]}}