{"id":2998,"date":"2022-08-18T14:58:14","date_gmt":"2022-08-18T11:58:14","guid":{"rendered":"https:\/\/rocketplay-new.com\/slot-machines\/lucky-88\/"},"modified":"2025-11-25T23:24:03","modified_gmt":"2025-11-25T20:24:03","slug":"lucky-88","status":"publish","type":"page","link":"https:\/\/rocketplay-new.com\/fr\/slot-machines\/lucky-88\/","title":{"rendered":"Revue Lucky 88 Slot"},"content":{"rendered":"<p><img loading=\"lazy\" decoding=\"async\" class=\"alignleft wp-image-344 size-thumbnail\" src=\"https:\/\/rocketplay-new.com\/wp-content\/uploads\/2022\/08\/lucky-88-slot-150x150.png\" alt=\"Lucky 88 slot\" width=\"150\" height=\"150\" \/><\/p>\n<p>Le fournisseur de jeux de casino Aristocrat peut \u00e0 juste titre \u00eatre consid\u00e9r\u00e9 comme le roi des th\u00e8mes asiatiques. Et l&rsquo;une des plus populaires dans cette cat\u00e9gorie peut \u00eatre consid\u00e9r\u00e9e comme la machine \u00e0 sous Lucky 88. Il s&rsquo;agit d&rsquo;une machine \u00e0 sous simple et compr\u00e9hensible en termes de m\u00e9canique, qui contient de nombreuses fonctionnalit\u00e9s bonus int\u00e9ressantes.<\/p>\n<p>Voyons donc si vous pouvez gagner de l&rsquo;argent r\u00e9el ici et comment le faire.<\/p>\n<h2>AVANTAGES ET INCONV\u00c9NIENTS<\/h2>\n<p>Comme tout autre jeu, une machine \u00e0 sous ne peut se r\u00e9sumer \u00e0 ses seuls m\u00e9rites. Et Lucky 88 online peut \u00eatre \u00e9valu\u00e9 de mani\u00e8re objective. Des avantages qu&rsquo;il est difficile de contester:<\/p>\n<ul>\n<li>des tours de bonus vari\u00e9s et en grande quantit\u00e9;<\/li>\n<li>la pr\u00e9sence de symboles sp\u00e9ciaux et de multiplicateurs;<\/li>\n<li>large \u00e9ventail de taux 0.01-6.25;<\/li>\n<li>une interface claire et simple;<\/li>\n<li>la pr\u00e9sence du jeu automatique.<\/li>\n<\/ul>\n<p>Mais il est impossible de ne pas mentionner les inconv\u00e9nients de cette machine \u00e0 sous:<\/p>\n<ul>\n<li>un design l\u00e9g\u00e8rement d\u00e9suet qui ne pla\u00eet pas \u00e0 tout le monde;<\/li>\n<li>la bande sonore est banale et ennuyeuse;<\/li>\n<li>les animations laissent beaucoup \u00e0 d\u00e9sirer.<\/li>\n<\/ul>\n<p>Les caract\u00e9ristiques externes peuvent s&rsquo;expliquer par le fait que la machine \u00e0 sous est sortie en 2016. Pendant cette p\u00e9riode, les graphismes ont fait un grand pas en avant, il n&rsquo;est donc pas surprenant que la machine \u00e0 sous semble d\u00e9pass\u00e9e. Cependant, elle plaira toujours \u00e0 ceux qui pr\u00e9f\u00e8rent les machines \u00e0 sous r\u00e9tro qui les emm\u00e8nent dans l&rsquo;atmosph\u00e8re des vieux casinos.<\/p>\n<p><span style=\"font-weight: 400;\"><div class=\"tosh-btn\"><a href=\"\/go-casino\/\" target=\"_blank\" rel=\"noopener\">OBTENEZ UN BONUS<\/a><\/div><\/span><\/p>\n<h2>RTP ET VOLATILIT\u00c9<\/h2>\n<p>Ce sont ces deux indicateurs qui d\u00e9terminent la rentabilit\u00e9 de la machine \u00e0 sous. Personne ne r\u00eave de jouer \u00e0 Lucky 88 sans l&rsquo;espoir d&rsquo;un bon gain, il est donc important de conna\u00eetre ces informations.<\/p>\n<p>Heureusement pour les joueurs, la machine \u00e0 sous se porte bien avec ces caract\u00e9ristiques. Elle est capable d&rsquo;apporter de bons gains, m\u00eame s&rsquo;il vous semble qu&rsquo;ils tombent tr\u00e8s rarement.<\/p>\n<p>Principales donn\u00e9es techniques:<\/p>\n<ul>\n<li>volatilit\u00e9 &#8211; moyenne-haute (limite);<\/li>\n<li>tambours &#8211; 5;<\/li>\n<li>lignes &#8211; 25;<\/li>\n<li>RTP &#8211; 97%.<\/li>\n<\/ul>\n<p>Ce pourcentage de RTP est tr\u00e8s bon. Dans le domaine des jeux d&rsquo;argent, on se f\u00e9licite que ce chiffre soit de 95 %.<\/p>\n<p>La volatilit\u00e9 de cette taille signifie que le jeu comporte des risques \u00e9lev\u00e9s. Les gains ne tomberont pas souvent, mais si le joueur est patient, ils lui feront plaisir avec une taille \u00e9norme. Dans de telles machines, il est pr\u00e9f\u00e9rable de jouer jusqu&rsquo;au premier gros b\u00e9n\u00e9fice.<\/p>\n<h2>EXP\u00c9RIENCE MOBILE<\/h2>\n<p>Cette machine \u00e0 sous n&rsquo;est pas seulement accessible aux utilisateurs d&rsquo;ordinateurs. Et c&rsquo;est un autre avantage. En raison du fait qu&rsquo;elle a \u00e9t\u00e9 d\u00e9velopp\u00e9e \u00e0 l&rsquo;aide de la technologie HTML5, tout utilisateur de mobile a la possibilit\u00e9 de l&rsquo;ex\u00e9cuter sur un gadget.<\/p>\n<p>L&rsquo;application pokie Lucky 88 vous permet de jouer en d\u00e9placement avec un maximum de confort. La principale condition est de disposer d&rsquo;une connexion Internet. Le jeu ne prend pas beaucoup d&rsquo;espace m\u00e9moire et ne n\u00e9cessite pas les derni\u00e8res versions du syst\u00e8me d&rsquo;exploitation.<\/p>\n<p>Vous pouvez \u00e9galement jouer via un navigateur mobile. Cette option est disponible pour les utilisateurs de tout syst\u00e8me d&rsquo;exploitation. Lucky 88 Android fonctionne tr\u00e8s bien, tout comme la version iPhone. Vous pouvez \u00e9galement jouer sur des tablettes.<\/p>\n<p>Les versions pour t\u00e9l\u00e9phones mobiles sont faites pour s&rsquo;adapter automatiquement \u00e0 la taille de la diagonale. Vous ne remarquerez aucun probl\u00e8me de transmission d&rsquo;image. Pour jouer, vous devez d\u00e9ployer horizontalement le gadget. Toutes les fonctions restent disponibles, et vous pouvez modifier la taille de la mise, faire tourner les rouleaux, consulter le tableau des gains, etc. Vous pouvez toujours utiliser le t\u00e9l\u00e9chargement gratuit du pokie Lucky 88 si vous avez vraiment aim\u00e9 ce jeu et si vous n&rsquo;avez aucun probl\u00e8me pour acc\u00e9der \u00e0 votre divertissement pr\u00e9f\u00e9r\u00e9.<\/p>\n<h2><img loading=\"lazy\" decoding=\"async\" class=\"aligncenter wp-image-342 size-full\" style=\"text-align: center; font-family: var(--global-body-font-family); font-size: 16px; font-weight: normal;\" src=\"https:\/\/rocketplay-new.com\/wp-content\/uploads\/2022\/08\/lucky-88-slot.jpeg\" alt=\"lucky 88 slot\" width=\"995\" height=\"643\" srcset=\"https:\/\/rocketplay-new.com\/wp-content\/uploads\/2022\/08\/lucky-88-slot.jpeg 995w, https:\/\/rocketplay-new.com\/wp-content\/uploads\/2022\/08\/lucky-88-slot-300x194.jpeg 300w, https:\/\/rocketplay-new.com\/wp-content\/uploads\/2022\/08\/lucky-88-slot-768x496.jpeg 768w\" sizes=\"auto, (max-width: 995px) 100vw, 995px\" \/><\/h2>\n<h2>LUCKY 88 : LE D\u00c9ROULEMENT DU JEU<\/h2>\n<p>Les m\u00e9canismes sont aussi simples que possible. Les joueurs qui sont familiers avec le casino n&rsquo;auront aucune question \u00e0 se poser. Apr\u00e8s avoir lanc\u00e9 la machine \u00e0 sous, un terrain de jeu s&rsquo;ouvre, r\u00e9alis\u00e9 dans le style traditionnel oriental. Le joueur doit:<\/p>\n<ol>\n<li>D\u00e9finir la taille de pari qui lui convient.<\/li>\n<li>Cliquer sur le bouton \u00ab\u00a0start spins\u00a0\u00bb.<\/li>\n<\/ol>\n<p>Bien entendu, pour que ces actions soient disponibles, vous devez \u00eatre un utilisateur enregistr\u00e9 et avoir un d\u00e9p\u00f4t minimum sur votre compte. Si vous n&rsquo;\u00eates pas en mesure de le faire, vous pouvez utiliser la version gratuite. Elle convient uniquement pour s&rsquo;amuser et se familiariser avec les m\u00e9canismes du jeu.<\/p>\n<p>Dans le jeu, vous pouvez activer un tour avec des tours gratuits. Pour ce faire, il est important qu&rsquo;au moins 3 symboles scatter apparaissent \u00e0 l&rsquo;\u00e9cran. Le r\u00f4le d&rsquo;un tel symbole est ici jou\u00e9 par une lampe de poche rouge. Une fonction de s\u00e9lection est disponible ici. Celle-ci est rare. Au lieu des tours gratuits, vous pouvez lancer un jeu de d\u00e9s, qui diluera parfaitement la m\u00e9canique habituelle.<\/p>\n<p>Si vous souhaitez toujours faire tourner les rouleaux gratuitement, alors le jeu vous donnera la possibilit\u00e9 de choisir le nombre de tours et le multiplicateur qui sera appliqu\u00e9 \u00e0 chaque gain (jusqu&rsquo;\u00e0 x88).<\/p>\n<p><span style=\"font-weight: 400;\"><div class=\"tosh-btn\"><a href=\"\/go-casino\/\" target=\"_blank\" rel=\"noopener\">OBTENEZ UN BONUS<\/a><\/div><\/span><\/p>\n<h2>FAQ<\/h2>\n<h3>QUELS SONT LES SYMBOLES SP\u00c9CIAUX OFFERTS PAR CETTE MACHINE \u00c0 SOUS?<\/h3>\n<p>Voici un ensemble de personnages classiques. L&rsquo;image d&rsquo;un homme est le Wild, qui se substitue aux autres symboles et apporte des multiplicateurs. Le scatter est une lampe de poche rouge, et il est n\u00e9cessaire pour d\u00e9clencher le bonus round. Toutes les autres images ne font que rapporter des gains.<\/p>\n<h3>QUELLE STRAT\u00c9GIE CONVIENT \u00c0 LUCKY 88?<\/h3>\n<p>Il n&rsquo;y a pas de s\u00e9quence sp\u00e9cifique d&rsquo;actions qui vous m\u00e8nera au succ\u00e8s. L&rsquo;essentiel ici est d&rsquo;\u00eatre patient et d&rsquo;attendre un gros gain. Cette machine \u00e0 sous a une volatilit\u00e9 \u00e9lev\u00e9e, donc t\u00f4t ou tard, elle viendra \u00e0 vous.<\/p>\n<h3>DANS QUEL CASINO EN LIGNE PUIS-JE TROUVER CETTE MACHINE \u00c0 SOUS?<\/h3>\n<p>Si la maison de jeu propose des jeux de la marque Aristocrat, ce jeu s&rsquo;y trouve \u00e9galement.<\/p>\n<p><strong>Critiques sur les machines \u00e0 sous:\u00a0<\/strong><\/p>\n<ul>\n<li><a href=\"https:\/\/rocketplay-new.com\/fr\/slot-machines\/book-of-dead\/\">Book of Dead<\/a><\/li>\n<li><a href=\"https:\/\/rocketplay-new.com\/fr\/slot-machines\/gonzos-quest\/\">Gonzo&rsquo;s Quest<\/a><\/li>\n<\/ul>\n","protected":false},"excerpt":{"rendered":"<p>Le fournisseur de jeux de casino Aristocrat peut \u00e0 juste titre \u00eatre consid\u00e9r\u00e9 comme le roi des th\u00e8mes asiatiques. Et l&rsquo;une des plus populaires dans cette cat\u00e9gorie peut \u00eatre consid\u00e9r\u00e9e comme la machine \u00e0 sous Lucky 88. Il s&rsquo;agit d&rsquo;une machine \u00e0 sous simple et compr\u00e9hensible en termes de m\u00e9canique, qui contient de nombreuses fonctionnalit\u00e9s&#8230;<\/p>\n","protected":false},"author":1,"featured_media":0,"parent":2863,"menu_order":0,"comment_status":"closed","ping_status":"closed","template":"single-no-sidebar.php","meta":{"_acf_changed":false,"_kad_post_transparent":"default","_kad_post_title":"default","_kad_post_layout":"default","_kad_post_sidebar_id":"","_kad_post_content_style":"default","_kad_post_vertical_padding":"default","_kad_post_feature":"","_kad_post_feature_position":"","_kad_post_header":false,"_kad_post_footer":false,"footnotes":""},"class_list":["post-2998","page","type-page","status-publish","hentry"],"acf":[],"rttpg_featured_image_url":null,"rttpg_author":{"display_name":"John","author_link":"https:\/\/rocketplay-new.com\/fr\/author\/pemvas95n89x\/"},"rttpg_comment":0,"rttpg_category":null,"rttpg_excerpt":"Le fournisseur de jeux de casino Aristocrat peut \u00e0 juste titre \u00eatre consid\u00e9r\u00e9 comme le roi des th\u00e8mes asiatiques. Et l&rsquo;une des plus populaires dans cette cat\u00e9gorie peut \u00eatre consid\u00e9r\u00e9e comme la machine \u00e0 sous Lucky 88. Il s&rsquo;agit d&rsquo;une machine \u00e0 sous simple et compr\u00e9hensible en termes de m\u00e9canique, qui contient de nombreuses fonctionnalit\u00e9s...","_links":{"self":[{"href":"https:\/\/rocketplay-new.com\/fr\/wp-json\/wp\/v2\/pages\/2998","targetHints":{"allow":["GET"]}}],"collection":[{"href":"https:\/\/rocketplay-new.com\/fr\/wp-json\/wp\/v2\/pages"}],"about":[{"href":"https:\/\/rocketplay-new.com\/fr\/wp-json\/wp\/v2\/types\/page"}],"author":[{"embeddable":true,"href":"https:\/\/rocketplay-new.com\/fr\/wp-json\/wp\/v2\/users\/1"}],"replies":[{"embeddable":true,"href":"https:\/\/rocketplay-new.com\/fr\/wp-json\/wp\/v2\/comments?post=2998"}],"version-history":[{"count":3,"href":"https:\/\/rocketplay-new.com\/fr\/wp-json\/wp\/v2\/pages\/2998\/revisions"}],"predecessor-version":[{"id":5936,"href":"https:\/\/rocketplay-new.com\/fr\/wp-json\/wp\/v2\/pages\/2998\/revisions\/5936"}],"up":[{"embeddable":true,"href":"https:\/\/rocketplay-new.com\/fr\/wp-json\/wp\/v2\/pages\/2863"}],"wp:attachment":[{"href":"https:\/\/rocketplay-new.com\/fr\/wp-json\/wp\/v2\/media?parent=2998"}],"curies":[{"name":"wp","href":"https:\/\/api.w.org\/{rel}","templated":true}]}}