{"id":2995,"date":"2022-08-18T14:49:07","date_gmt":"2022-08-18T11:49:07","guid":{"rendered":"https:\/\/rocketplay-new.com\/slot-machines\/lightning-link\/"},"modified":"2025-11-17T12:16:06","modified_gmt":"2025-11-17T09:16:06","slug":"lightning-link","status":"publish","type":"page","link":"https:\/\/rocketplay-new.com\/fr\/slot-machines\/lightning-link\/","title":{"rendered":"Critique de la machine \u00e0 sous Lightning Link"},"content":{"rendered":"<p>L&rsquo;un des d\u00e9veloppements les plus c\u00e9l\u00e8bres de la marque Aristocrat est la machine \u00e0 sous Lightning Link, qui comprend 4 th\u00e8mes diff\u00e9rents \u00e0 la fois. Le joueur peut choisir o\u00f9 il veut aller: dans le myst\u00e9rieux monde sous-marin, dans le Sahara d\u00e9sert, dans la brillante et bruyante Las Vegas, ou dans les pays de l&rsquo;Est.<\/p>\n<p>Partout, le joueur devra r\u00e9aliser des combinaisons gagnantes sur 50 lignes de paiement et 5 rouleaux, attraper des symboles bonus, et esp\u00e9rer d\u00e9crocher un plus gros jackpot. Le jeu instantan\u00e9 est disponible pour tous les joueurs du Canada.<\/p>\n<p><img loading=\"lazy\" decoding=\"async\" class=\"aligncenter wp-image-336 size-large\" style=\"text-align: center; font-family: var(--global-body-font-family);\" src=\"https:\/\/rocketplay-new.com\/wp-content\/uploads\/2022\/08\/lightning-link-logo-1024x373.png\" alt=\"Lightning Link logo\" width=\"1024\" height=\"373\" srcset=\"https:\/\/rocketplay-new.com\/wp-content\/uploads\/2022\/08\/lightning-link-logo-1024x373.png 1024w, https:\/\/rocketplay-new.com\/wp-content\/uploads\/2022\/08\/lightning-link-logo-300x109.png 300w, https:\/\/rocketplay-new.com\/wp-content\/uploads\/2022\/08\/lightning-link-logo-768x279.png 768w, https:\/\/rocketplay-new.com\/wp-content\/uploads\/2022\/08\/lightning-link-logo.png 1440w\" sizes=\"auto, (max-width: 1024px) 100vw, 1024px\" \/><\/p>\n<h2>SYMBOLES QUI APPARAISSENT DANS LA MACHINE \u00c0 SOUS<\/h2>\n<p>Cette machine \u00e0 sous est unique et n&rsquo;a pas d&rsquo;analogues parmi les autres marques. Cependant, vous pouvez constater que la Lightning Link online contient des symboles typiques de tout casino. Le syst\u00e8me de base des symboles consiste en des d\u00e9nominations de cartes:<\/p>\n<ul>\n<li>neuf;<\/li>\n<li>les dix;<\/li>\n<li>valets et autres.<\/li>\n<\/ul>\n<p>Ils sont stylis\u00e9s pour diff\u00e9rents th\u00e8mes, en fonction de la machine \u00e0 sous.<\/p>\n<p>En m\u00eame temps, les combinaisons de ces images vous apporteront le plus petit profit. Il est pr\u00e9f\u00e9rable de collecter d&rsquo;autres images th\u00e9matiques. Par exemple, des voitures ou des jetons co\u00fbteux se retrouvent sur les rouleaux de Las Vegas.<\/p>\n<p>Chaque jeu comporte des symboles scatter qui ouvrent des tours de bonus. Le fabricant a \u00e9galement cr\u00e9\u00e9 un symbole wild, gr\u00e2ce auquel il est beaucoup plus facile de rassembler des cha\u00eenes de symboles identiques.<\/p>\n<p><span style=\"font-weight: 400;\"><div class=\"tosh-btn\"><a href=\"\/go-casino\/\" target=\"_blank\" rel=\"noopener\">OBTENEZ UN BONUS<\/a><\/div><\/span><span style=\"font-weight: 400;\">\u00a0 <\/span><\/p>\n<h2>CARACT\u00c9RISTIQUES DES BONUS OFFERTS PAR LIGHTNING LINK<\/h2>\n<p>La principale caract\u00e9ristique qui rend Lightning Link Canada si populaire est la perle magique. C&rsquo;est le nom des symboles qui activent un tour de bonus sp\u00e9cial et rapportent de gros gains.<\/p>\n<p>6 symboles perle ou plus doivent appara\u00eetre sur le champ pour que vous puissiez b\u00e9n\u00e9ficier de 3 tours gratuits. Tous les autres personnages dispara\u00eetront \u00e0 ce moment-l\u00e0. Pendant les rotations, vous devez attraper le plus grand nombre possible de ces images. Chaque fois que vous r\u00e9ussissez \u00e0 attraper une perle, vous serez \u00e0 nouveau cr\u00e9dit\u00e9 de tours gratuits.<\/p>\n<p>En plus de cette fonctionnalit\u00e9, chaque machine \u00e0 sous poss\u00e8de son propre Scatter. Il suffit de 3 pi\u00e8ces n&rsquo;importe o\u00f9 sur le terrain, et vous obtenez 6 tours gratuits. Pendant qu&rsquo;ils sont en vigueur, des symboles en expansion peuvent appara\u00eetre et vous rapporter d&rsquo;\u00e9normes gains. Pendant cette p\u00e9riode, vous pouvez gagner des pi\u00e8ces gratuites Lightning Link sans d\u00e9penser votre propre argent.<\/p>\n<p>Pour comprendre quel symbole est un scatter, vous devez lire les r\u00e8gles de chaque jeu.<\/p>\n<h2>QUELS SONT LES JACKPOTS QUE LE LIGHTNING LINK PEUT DISTRIBUER?<\/h2>\n<p>Le syst\u00e8me de jackpot n&rsquo;est pas moins int\u00e9ressant ici. Ils sont progressifs, c&rsquo;est-\u00e0-dire qu&rsquo;ils n&rsquo;ont pas une valeur constante. Les jackpots des 4 machines \u00e0 sous sont r\u00e9unis en un seul. C&rsquo;est pourquoi il est si int\u00e9ressant de d\u00e9penser l&rsquo;argent r\u00e9el de Lightning Link. C&rsquo;est beaucoup plus amusant que la version gratuite.<\/p>\n<p>Le plus gros jackpot peut \u00eatre obtenu en collectant les 15 cellules pendant le tour de bonus avec les perles. Par cons\u00e9quent, ici, vous devez jouer selon le principe suivant : plus vous tournez longtemps, plus vous avez de chances.<\/p>\n<p>Il est important de mentionner le retour des fonds au joueur. Il se situe ici au niveau moyen &#8211; 95,1 % et diff\u00e8re l\u00e9g\u00e8rement en fonction du th\u00e8me choisi.<\/p>\n<p>Il en va de m\u00eame pour la volatilit\u00e9. En moyenne, elle peut \u00eatre qualifi\u00e9e de \u00e9lev\u00e9e. Cela signifie que la patience vous apportera de bons profits. Lorsque vous obtenez un gros gain, il couvre toutes les pertes que vous avez subies auparavant.<\/p>\n<p>D&rsquo;ailleurs, tout joueur peut gagner le jackpot, quel que soit le montant de sa mise. Plage de mise : de 0,01 $ \u00e0 150 $. Donc, si vous avez un petit budget, vous pouvez toujours choisir l&rsquo;une des machines \u00e0 sous incluses dans Lightning Link.<\/p>\n<p><span style=\"font-weight: 400;\"><div class=\"tosh-btn\"><a href=\"\/go-casino\/\" target=\"_blank\" rel=\"noopener\">OBTENEZ UN BONUS<\/a><\/div><\/span><span style=\"font-weight: 400;\">\u00a0 <\/span><\/p>\n<h2>FAQ<\/h2>\n<h3>O\u00d9 PUIS-JE ESSAYER LIGHTNING LINK?<\/h3>\n<p>Il existe plusieurs possibilit\u00e9s. Tout d&rsquo;abord, bien s\u00fbr, ces machines se trouvent dans des casinos r\u00e9els (hors ligne). Par cons\u00e9quent, si vous en avez l&rsquo;occasion, vous pouvez les visiter. Deuxi\u00e8mement, vous pouvez utiliser l&rsquo;application Lightning Link et profiter du jeu sur votre mobile. Et troisi\u00e8mement, il y a toujours la possibilit\u00e9 de jouer via un navigateur mobile. La version en ligne de cette machine embl\u00e9matique s&rsquo;adapte aux petits \u00e9crans.<\/p>\n<h3>COMMENT D\u00c9CLENCHER LE TOUR DE BONUS DANS CETTE MACHINE \u00c0 SOUS?<\/h3>\n<p>Il n&rsquo;y a pas d&rsquo;\u00e9tapes sp\u00e9ciales pour cela. Il vous faudra un peu de chance et de patience pour attendre que 3 Scatters ou plus apparaissent \u00e0 l&rsquo;\u00e9cran ou qu&rsquo;au moins 6 symboles de perles apparaissent \u00e0 l&rsquo;\u00e9cran. Ensuite, les possibilit\u00e9s maximales de la machine \u00e0 gagner s&rsquo;ouvriront devant vous !<\/p>\n<h3>LE LIEN FOUDRE EST-IL DISPONIBLE DANS LA VERSION GRATUITE?<\/h3>\n<p>Oui, vous pouvez utiliser le mode d\u00e9mo pour vous familiariser avec le gameplay et les autres caract\u00e9ristiques de la machine \u00e0 sous.<\/p>\n<p><strong>Critiques sur les machines \u00e0 sous:<\/strong><\/p>\n<ul>\n<li><a href=\"https:\/\/rocketplay-new.com\/fr\/slot-machines\/starburst\/\">Starburst<\/a><\/li>\n<li><a href=\"https:\/\/rocketplay-new.com\/fr\/slot-machines\/wizard-of-oz\/\">Wizard of Oz<\/a><\/li>\n<\/ul>\n","protected":false},"excerpt":{"rendered":"<p>L&rsquo;un des d\u00e9veloppements les plus c\u00e9l\u00e8bres de la marque Aristocrat est la machine \u00e0 sous Lightning Link, qui comprend 4 th\u00e8mes diff\u00e9rents \u00e0 la fois. Le joueur peut choisir o\u00f9 il veut aller: dans le myst\u00e9rieux monde sous-marin, dans le Sahara d\u00e9sert, dans la brillante et bruyante Las Vegas, ou dans les pays de l&rsquo;Est&#8230;.<\/p>\n","protected":false},"author":1,"featured_media":0,"parent":2863,"menu_order":0,"comment_status":"closed","ping_status":"closed","template":"","meta":{"_acf_changed":false,"_kad_post_transparent":"default","_kad_post_title":"default","_kad_post_layout":"default","_kad_post_sidebar_id":"","_kad_post_content_style":"default","_kad_post_vertical_padding":"default","_kad_post_feature":"","_kad_post_feature_position":"","_kad_post_header":false,"_kad_post_footer":false,"footnotes":""},"class_list":["post-2995","page","type-page","status-publish","hentry"],"acf":[],"rttpg_featured_image_url":null,"rttpg_author":{"display_name":"John","author_link":"https:\/\/rocketplay-new.com\/fr\/author\/pemvas95n89x\/"},"rttpg_comment":0,"rttpg_category":null,"rttpg_excerpt":"L&rsquo;un des d\u00e9veloppements les plus c\u00e9l\u00e8bres de la marque Aristocrat est la machine \u00e0 sous Lightning Link, qui comprend 4 th\u00e8mes diff\u00e9rents \u00e0 la fois. Le joueur peut choisir o\u00f9 il veut aller: dans le myst\u00e9rieux monde sous-marin, dans le Sahara d\u00e9sert, dans la brillante et bruyante Las Vegas, ou dans les pays de l&rsquo;Est....","_links":{"self":[{"href":"https:\/\/rocketplay-new.com\/fr\/wp-json\/wp\/v2\/pages\/2995","targetHints":{"allow":["GET"]}}],"collection":[{"href":"https:\/\/rocketplay-new.com\/fr\/wp-json\/wp\/v2\/pages"}],"about":[{"href":"https:\/\/rocketplay-new.com\/fr\/wp-json\/wp\/v2\/types\/page"}],"author":[{"embeddable":true,"href":"https:\/\/rocketplay-new.com\/fr\/wp-json\/wp\/v2\/users\/1"}],"replies":[{"embeddable":true,"href":"https:\/\/rocketplay-new.com\/fr\/wp-json\/wp\/v2\/comments?post=2995"}],"version-history":[{"count":3,"href":"https:\/\/rocketplay-new.com\/fr\/wp-json\/wp\/v2\/pages\/2995\/revisions"}],"predecessor-version":[{"id":5911,"href":"https:\/\/rocketplay-new.com\/fr\/wp-json\/wp\/v2\/pages\/2995\/revisions\/5911"}],"up":[{"embeddable":true,"href":"https:\/\/rocketplay-new.com\/fr\/wp-json\/wp\/v2\/pages\/2863"}],"wp:attachment":[{"href":"https:\/\/rocketplay-new.com\/fr\/wp-json\/wp\/v2\/media?parent=2995"}],"curies":[{"name":"wp","href":"https:\/\/api.w.org\/{rel}","templated":true}]}}