{"id":2992,"date":"2022-08-18T13:47:03","date_gmt":"2022-08-18T10:47:03","guid":{"rendered":"https:\/\/rocketplay-new.com\/slot-machines\/gonzos-quest\/"},"modified":"2025-11-26T20:21:55","modified_gmt":"2025-11-26T17:21:55","slug":"gonzos-quest","status":"publish","type":"page","link":"https:\/\/rocketplay-new.com\/fr\/slot-machines\/gonzos-quest\/","title":{"rendered":"Revue de la machine \u00e0 sous Gonzo&rsquo;s Quest"},"content":{"rendered":"<p>Vous aimez voyager et vivre des aventures risqu\u00e9es? La machine \u00e0 sous Gonzos Quest a \u00e9t\u00e9 cr\u00e9\u00e9e sp\u00e9cialement pour vous. Ce jeu vid\u00e9o du d\u00e9veloppeur NetEnt est depuis longtemps devenu culte et est indissociable du nom de la marque.<\/p>\n<p>L&rsquo;histoire d&rsquo;une personne r\u00e9elle a \u00e9t\u00e9 prise comme base, apr\u00e8s laquelle la machine \u00e0 sous a \u00e9t\u00e9 nomm\u00e9e. Partez avec Gonzalo Pizarro \u00e0 la recherche de la cit\u00e9 d&rsquo;Eldorado, et essayez de ne pas vous perdre sur votre chemin sinueux et plein de risques !<\/p>\n<p style=\"text-align: center;\"><img loading=\"lazy\" decoding=\"async\" class=\"aligncenter wp-image-319 size-full\" src=\"https:\/\/rocketplay-new.com\/wp-content\/uploads\/2022\/08\/gonzosquest-logo.jpeg\" alt=\"Gonzos quest logo\" width=\"752\" height=\"500\" srcset=\"https:\/\/rocketplay-new.com\/wp-content\/uploads\/2022\/08\/gonzosquest-logo.jpeg 752w, https:\/\/rocketplay-new.com\/wp-content\/uploads\/2022\/08\/gonzosquest-logo-300x199.jpeg 300w\" sizes=\"auto, (max-width: 752px) 100vw, 752px\" \/><\/p>\n<h2>EX\u00c9CUTER GONZO&rsquo;S QUEST SANS PI\u00c8CES JOINTES<\/h2>\n<p>Pour commencer, vous pouvez toujours faire connaissance avec la machine \u00e0 sous sans aucun risque. Le jeu gratuit Gonzos Quest est disponible pour tous les utilisateurs. Il est fort probable que cette machine \u00e0 sous anim\u00e9e en 3D ne vous laissera pas indiff\u00e9rent. Apr\u00e8s tout, c&rsquo;est l&rsquo;un des jeux les plus cool dans le domaine des jeux d&rsquo;argent.<\/p>\n<p>Comment lancer le jeu de d\u00e9monstration:<\/p>\n<ol>\n<li>Ouvrez la machine \u00e0 sous.<\/li>\n<li>S\u00e9lectionnez la fonction de jeu gratuit.<\/li>\n<\/ol>\n<p>Tout est vraiment tr\u00e8s simple. La version gratuite vous aidera \u00e0 apprendre les m\u00e9canismes, \u00e0 estimer la fr\u00e9quence des gains et \u00e0 profiter des graphismes et de la musique.<\/p>\n<p>En mode d\u00e9mo, toutes les fonctions sont disponibles comme dans le jeu principal. Par cons\u00e9quent, le processus ne sera pas diff\u00e9rent de ce qui est effectu\u00e9 pour de l&rsquo;argent r\u00e9el. Et apr\u00e8s votre test, vous pouvez essayer d&rsquo;investir dans le divertissement.<\/p>\n<p><span style=\"font-weight: 400;\"><div class=\"tosh-btn\"><a href=\"\/go-casino\/\" target=\"_blank\" rel=\"noopener\">OBTENEZ UN BONUS<\/a><\/div><\/span><span style=\"font-weight: 400;\">\u00a0 <\/span><\/p>\n<h2>GONZO&rsquo;S QUEST : \u0421CARACT\u00c9RISTIQUES TECHNIQUES ET CONCEPTION DE LA MACHINE \u00c0 SOUS<\/h2>\n<p>Nous pouvons maintenant analyser plus en d\u00e9tail cette invention de NetEnt. Et commen\u00e7ons notre revue de Gonzos Quest par les personnages qui sont pr\u00e9sents ici.<\/p>\n<p>Tous les symboles principaux rappellent des tablettes anciennes repr\u00e9sentant des cr\u00e9atures mythiques. Il s&rsquo;agit d&rsquo;images standard qui rapportent des gains s&rsquo;ils tombent sur une s\u00e9rie de gains. D&rsquo;ailleurs, elles sont au nombre de 20.<\/p>\n<p>En outre, il y a une tablette en argent. Elle est marqu\u00e9e d&rsquo;un point d&rsquo;interrogation car il ne s&rsquo;agit pas d&rsquo;un symbole sp\u00e9cifique, mais d&rsquo;un Wild. Elle est n\u00e9cessaire pour remplacer les symboles s&rsquo;il n&rsquo;y en a pas assez pour gagner. La tablette d&rsquo;or est ce qu&rsquo;on appelle la chute libre, qui ouvre un mode de jeu sp\u00e9cial.<\/p>\n<p>Le jeu comporte 5 bobines, mais elles sont inhabituelles. Lorsque le joueur lance la rotation, elles ne tournent pas, comme nous en avons l&rsquo;habitude, mais tombent, puis de nouvelles les remplacent, tombant d&rsquo;en haut.<\/p>\n<p>D\u00e9tails techniques:<\/p>\n<ul>\n<li>RTP &#8211; 95.97%;<\/li>\n<li>le d\u00e9p\u00f4t minimum est de 0.20;<\/li>\n<li>maximum &#8211; 50;<\/li>\n<li>volatilit\u00e9 &#8211; \u00e9lev\u00e9e.<\/li>\n<\/ul>\n<p>Le RTP de ce Gonzos Quest est moyen.<\/p>\n<p>Pour d\u00e9finir la taille du pari, vous devez d&rsquo;abord s\u00e9lectionner son niveau (de 1 \u00e0 5), puis la valeur de la pi\u00e8ce. La somme qu&rsquo;elle va rapporter en argent r\u00e9el est affich\u00e9e sur une plaque s\u00e9par\u00e9e sous le bouton pour lancer les rouleaux.<\/p>\n<p>En arri\u00e8re-plan, on aper\u00e7oit la ville d&rsquo;Eldorado, dont les ruines sont recouvertes de verdure. Gonzo lui-m\u00eame supervise le gameplay. Il s&rsquo;agit d&rsquo;un personnage anim\u00e9 qui r\u00e9agit diff\u00e9remment aux combinaisons gagnantes et se d\u00e9place sur l&rsquo;\u00e9cran, ce qui dilue le jeu.<\/p>\n<p>Il convient de mentionner l&rsquo;accompagnement musical. Il y a des sons d&rsquo;animaux sauvages en arri\u00e8re-plan, ce qui rend le jeu relaxant et non intrusif. Lors de la chute des symboles et de la compilation des gains, le son et l&rsquo;animation correspondants apparaissent. En g\u00e9n\u00e9ral, la conception de la machine \u00e0 sous peut \u00eatre lou\u00e9e sans exag\u00e9ration.<\/p>\n<p style=\"text-align: center;\"><img loading=\"lazy\" decoding=\"async\" class=\"aligncenter wp-image-320 size-large\" src=\"https:\/\/rocketplay-new.com\/wp-content\/uploads\/2022\/08\/gonzos-quest-slot-1024x586.jpeg\" alt=\"gonzos quest slot\" width=\"1024\" height=\"586\" srcset=\"https:\/\/rocketplay-new.com\/wp-content\/uploads\/2022\/08\/gonzos-quest-slot-1024x586.jpeg 1024w, https:\/\/rocketplay-new.com\/wp-content\/uploads\/2022\/08\/gonzos-quest-slot-300x172.jpeg 300w, https:\/\/rocketplay-new.com\/wp-content\/uploads\/2022\/08\/gonzos-quest-slot-768x439.jpeg 768w, https:\/\/rocketplay-new.com\/wp-content\/uploads\/2022\/08\/gonzos-quest-slot-1536x878.jpeg 1536w, https:\/\/rocketplay-new.com\/wp-content\/uploads\/2022\/08\/gonzos-quest-slot-2048x1171.jpeg 2048w\" sizes=\"auto, (max-width: 1024px) 100vw, 1024px\" \/><\/p>\n<h2>GONZO&rsquo;S QUEST A DES BONUS ET DES CARACT\u00c9RISTIQUES INT\u00c9RESSANTS<\/h2>\n<p>Si vous pensiez que cette machine \u00e0 sous vous laisserait sans cadeau, alors vous vous trompez. Oui, le bonus de la Qu\u00eate de Gonzos n&rsquo;est pas un tour de jeu s\u00e9par\u00e9, mais il reste tout de m\u00eame tr\u00e8s int\u00e9ressant.<\/p>\n<p>Ainsi, la premi\u00e8re chose \u00e0 dire est la fonction Avalanche. Ce jeu est sorti en 2013 et est devenu le premier au monde \u00e0 proposer une telle option de chute de symboles.<\/p>\n<p>Le fait est que les chutes se r\u00e9p\u00e8tent d&rsquo;elles-m\u00eames si elles aboutissent \u00e0 une combinaison gagnante. \u00c0 chaque fois, vous obtenez un autre gain avec un multiplicateur. Et cela peut se faire un nombre illimit\u00e9 de fois d&rsquo;affil\u00e9e.<\/p>\n<p>Ainsi, vous ne d\u00e9pensez pas vos propres fonds mais gagnez avec un multiplicateur de x1 \u00e0 x5.<\/p>\n<p>Vous devez maintenant vous souvenir de la plaque dor\u00e9e Free Fall, qui ouvre des tours suppl\u00e9mentaires. Quantit\u00e9 &#8211; 10 pi\u00e8ces. Ce sont les seules offres de bonus que propose cette machine \u00e0 sous, mais elles sont suffisantes pour obtenir le gain maximum.<\/p>\n<p>Alors si vous avez rencontr\u00e9 Gonzos Quest dans un casino, n&rsquo;h\u00e9sitez pas \u00e0 tenter votre chance ici.<\/p>\n<p><span style=\"font-weight: 400;\"><div class=\"tosh-btn\"><a href=\"\/go-casino\/\" target=\"_blank\" rel=\"noopener\">OBTENEZ UN BONUS<\/a><\/div><\/span><span style=\"font-weight: 400;\">\u00a0 <\/span><\/p>\n<h2>GONZO&rsquo;S QUEST FAQ<\/h2>\n<h3>A QUELLE FR\u00c9QUENCE CETTE MACHINE \u00c0 SOUS RENCONTRE-T-ELLE DES COMBINAISONS GAGNANTES ?<\/h3>\n<p>Ce facteur d\u00e9pend de la volatilit\u00e9. Comme elle est \u00e9lev\u00e9e ici, vous pouvez voir que les combinaisons gagnantes tombent assez souvent. En m\u00eame temps, leur taille est plut\u00f4t grande puisque des multiplicateurs sont utilis\u00e9s.<\/p>\n<h3>QUELLE STRAT\u00c9GIE UTILISER DANS GONZO&rsquo;S QUEST ?<\/h3>\n<p>Le jeu fonctionne sur la base d&rsquo;un g\u00e9n\u00e9rateur de hasard. Par cons\u00e9quent, les strat\u00e9gies ne fonctionnent pas ici. Vous devez \u00eatre pr\u00e9par\u00e9 au fait que les jeux avec une telle volatilit\u00e9 ont un risque tr\u00e8s \u00e9lev\u00e9, donc parfois, vous perdrez une partie de votre bankroll. Mais si vous avez la patience de jouer jusqu&rsquo;au bout, vous serez r\u00e9compens\u00e9.<\/p>\n<h3>Y A-T-IL UN JEU \u00c0 RISQUE ?<\/h3>\n<p>Non, il n&rsquo;y en a pas ici. Mais il y a beaucoup d&rsquo;autres choses int\u00e9ressantes qui aident \u00e0 augmenter les gains.<\/p>\n<p>Critiques sur les machines \u00e0 sous:<\/p>\n<ul>\n<li><a href=\"https:\/\/rocketplay-new.com\/fr\/slot-machines\/break-da-bank\/\">Break Da Bank<\/a><\/li>\n<li><a href=\"https:\/\/rocketplay-new.com\/fr\/slot-machines\/dragon-link\/\">Dragon Link<\/a><\/li>\n<\/ul>\n","protected":false},"excerpt":{"rendered":"<p>Vous aimez voyager et vivre des aventures risqu\u00e9es? La machine \u00e0 sous Gonzos Quest a \u00e9t\u00e9 cr\u00e9\u00e9e sp\u00e9cialement pour vous. Ce jeu vid\u00e9o du d\u00e9veloppeur NetEnt est depuis longtemps devenu culte et est indissociable du nom de la marque. L&rsquo;histoire d&rsquo;une personne r\u00e9elle a \u00e9t\u00e9 prise comme base, apr\u00e8s laquelle la machine \u00e0 sous a&#8230;<\/p>\n","protected":false},"author":1,"featured_media":0,"parent":2863,"menu_order":0,"comment_status":"closed","ping_status":"closed","template":"","meta":{"_acf_changed":false,"_kad_post_transparent":"default","_kad_post_title":"default","_kad_post_layout":"default","_kad_post_sidebar_id":"","_kad_post_content_style":"default","_kad_post_vertical_padding":"default","_kad_post_feature":"","_kad_post_feature_position":"","_kad_post_header":false,"_kad_post_footer":false,"footnotes":""},"class_list":["post-2992","page","type-page","status-publish","hentry"],"acf":[],"rttpg_featured_image_url":null,"rttpg_author":{"display_name":"John","author_link":"https:\/\/rocketplay-new.com\/fr\/author\/pemvas95n89x\/"},"rttpg_comment":0,"rttpg_category":null,"rttpg_excerpt":"Vous aimez voyager et vivre des aventures risqu\u00e9es? La machine \u00e0 sous Gonzos Quest a \u00e9t\u00e9 cr\u00e9\u00e9e sp\u00e9cialement pour vous. Ce jeu vid\u00e9o du d\u00e9veloppeur NetEnt est depuis longtemps devenu culte et est indissociable du nom de la marque. L&rsquo;histoire d&rsquo;une personne r\u00e9elle a \u00e9t\u00e9 prise comme base, apr\u00e8s laquelle la machine \u00e0 sous a...","_links":{"self":[{"href":"https:\/\/rocketplay-new.com\/fr\/wp-json\/wp\/v2\/pages\/2992","targetHints":{"allow":["GET"]}}],"collection":[{"href":"https:\/\/rocketplay-new.com\/fr\/wp-json\/wp\/v2\/pages"}],"about":[{"href":"https:\/\/rocketplay-new.com\/fr\/wp-json\/wp\/v2\/types\/page"}],"author":[{"embeddable":true,"href":"https:\/\/rocketplay-new.com\/fr\/wp-json\/wp\/v2\/users\/1"}],"replies":[{"embeddable":true,"href":"https:\/\/rocketplay-new.com\/fr\/wp-json\/wp\/v2\/comments?post=2992"}],"version-history":[{"count":3,"href":"https:\/\/rocketplay-new.com\/fr\/wp-json\/wp\/v2\/pages\/2992\/revisions"}],"predecessor-version":[{"id":5901,"href":"https:\/\/rocketplay-new.com\/fr\/wp-json\/wp\/v2\/pages\/2992\/revisions\/5901"}],"up":[{"embeddable":true,"href":"https:\/\/rocketplay-new.com\/fr\/wp-json\/wp\/v2\/pages\/2863"}],"wp:attachment":[{"href":"https:\/\/rocketplay-new.com\/fr\/wp-json\/wp\/v2\/media?parent=2992"}],"curies":[{"name":"wp","href":"https:\/\/api.w.org\/{rel}","templated":true}]}}