{"id":2972,"date":"2022-08-18T14:04:56","date_gmt":"2022-08-18T11:04:56","guid":{"rendered":"https:\/\/rocketplay-new.com\/slot-machines\/break-da-bank\/"},"modified":"2025-11-25T23:18:13","modified_gmt":"2025-11-25T20:18:13","slug":"break-da-bank","status":"publish","type":"page","link":"https:\/\/rocketplay-new.com\/fr\/slot-machines\/break-da-bank\/","title":{"rendered":"Critique de la machine \u00e0 sous Break Da Bank"},"content":{"rendered":"<p>R\u00e9alisez le r\u00eave de tous les gangsters des films &#8211; essayez d&rsquo;entrer dans la banque et de devenir riche. Apr\u00e8s tout, c&rsquo;est tout \u00e0 fait possible gr\u00e2ce \u00e0 la machine \u00e0 sous Break da Bank Again. Essayez d&rsquo;investir de l&rsquo;argent r\u00e9el ici et remarquez comment cela vous rapportera plus que de l&rsquo;argent dans un avenir proche. Une machine \u00e0 sous unique de Microgaming avec un th\u00e8me cool diluera parfaitement votre soir\u00e9e et montrera \u00e0 quel point les jeux vid\u00e9o peuvent \u00eatre diversifi\u00e9s.<\/p>\n<p style=\"text-align: center;\"><img loading=\"lazy\" decoding=\"async\" class=\"aligncenter wp-image-327 size-large\" src=\"https:\/\/rocketplay-new.com\/wp-content\/uploads\/2022\/08\/breakdabank-logo-1024x359.jpeg\" alt=\"BreakDaBank logo\" width=\"1024\" height=\"359\" srcset=\"https:\/\/rocketplay-new.com\/wp-content\/uploads\/2022\/08\/breakdabank-logo-1024x359.jpeg 1024w, https:\/\/rocketplay-new.com\/wp-content\/uploads\/2022\/08\/breakdabank-logo-300x105.jpeg 300w, https:\/\/rocketplay-new.com\/wp-content\/uploads\/2022\/08\/breakdabank-logo-768x269.jpeg 768w, https:\/\/rocketplay-new.com\/wp-content\/uploads\/2022\/08\/breakdabank-logo.jpeg 1140w\" sizes=\"auto, (max-width: 1024px) 100vw, 1024px\" \/><\/p>\n<h2>Break Da Bank Again: lancement de la machine \u00e0 sous pour la premi\u00e8re fois<\/h2>\n<p>La fonctionnalit\u00e9 du jeu peut diff\u00e9rer selon la version que vous avez ouverte. Puisque Microgaming a plusieurs options pour les jeux bancaires, par exemple, Break da Bank Again megaways, qui a des r\u00e8gles l\u00e9g\u00e8rement diff\u00e9rentes.<\/p>\n<p>Aujourd&rsquo;hui, nous parlons du jeu habituel. Pour le faire fonctionner, vous avez besoin de<span style=\"font-family: var(--global-body-font-family);\">:<\/span><\/p>\n<ol>\n<li>Cr\u00e9ez votre profil sur le site du casino ou saisissez votre compte personnel si vous en avez d\u00e9j\u00e0 un.<\/li>\n<li>Trouvez ce jeu dans la recherche.<\/li>\n<li>Lancez la machine \u00e0 sous en mode normal ou activez le jeu gratuit Break da Bank Again.<\/li>\n<li>\u00c9tudiez les informations sur la machine \u00e0 sous et regardez la taille de la mise (si vous jouez pour de l&rsquo;argent). Ajustez-la si la taille standard ne vous convient pas.<\/li>\n<li>Lancez les spins en appuyant sur le bouton central.<\/li>\n<\/ol>\n<p>Pour votre confort, il existe \u00e9galement un jeu automatique, o\u00f9 vous devez d\u00e9finir le nombre de tours qui seront lanc\u00e9s automatiquement. Vous pouvez \u00e9galement acc\u00e9l\u00e9rer la rotation des rouleaux en cliquant sur le bouton \u00ab\u00a0accelerated spins\u00a0\u00bb.<\/p>\n<p>Un autre point important est que pour jouer de l&rsquo;argent, vous devez avoir r\u00e9approvisionn\u00e9 votre compte. La gamme des mises dans cette machine \u00e0 sous est de 0,09-45.<\/p>\n<p><span style=\"font-weight: 400;\"><div class=\"tosh-btn\"><a href=\"\/go-casino\/\" target=\"_blank\" rel=\"noopener\">OBTENEZ UN BONUS<\/a><\/div><\/span><\/p>\n<h2>CARACT\u00c9RISTIQUES DE BREAK DA BANK AGAIN<\/h2>\n<p>Objectivement, cette machine \u00e0 sous a une structure assez simple. Elle se compose de 5 rouleaux avec trois rang\u00e9es de symboles. Il n&rsquo;y a que 9 lignes de paiement ici, ce qui n&rsquo;est pas si nombreux par rapport \u00e0 d&rsquo;autres machines \u00e0 sous. Cependant, en raison de la volatilit\u00e9 moyenne, elles forment souvent des combinaisons gagnantes de bonne taille. Pour cette raison, le jeu d&rsquo;investissement est pr\u00e9f\u00e9rable \u00e0 la d\u00e9mo Break da Bank Again.<\/p>\n<p>Les symboles de cette machine \u00e0 sous sont associ\u00e9s aux images traditionnelles des casinos et, bien s\u00fbr, au th\u00e8me de la banque. On y trouve:<\/p>\n<ul>\n<li>des coupures de cartes multicolores;<\/li>\n<li>des lingots d&rsquo;or;<\/li>\n<li>des paquets de dollars;<\/li>\n<li>des pi\u00e8ces de monnaie;<\/li>\n<li>ch\u00e8ques bancaires;<\/li>\n<li>des pierres pr\u00e9cieuses.<\/li>\n<\/ul>\n<p>Il y a aussi un symbole sp\u00e9cial &#8211; le coffre-fort, qui est le Scatter. Le logo du jeu est le symbole Wild. Ils apportent des caract\u00e9ristiques sp\u00e9ciales.<\/p>\n<p>Par exemple, le Scatter ne d\u00e9pend pas des lignes de paiement et peut ouvrir des tours de bonus, qui sont gratuits pour le joueur. Le nombre de tours gratuits de Break da Bank Again n&rsquo;est pas toujours le m\u00eame. Il d\u00e9pend du nombre de coffres-forts qui sont tomb\u00e9s sur l&rsquo;\u00e9cran. Les rotations peuvent aller de 15 \u00e0 25.<\/p>\n<p>Au fait, pendant le tour sp\u00e9cial, tous les gains sont cr\u00e9dit\u00e9s en fonction de votre derni\u00e8re mise et seront multipli\u00e9s par cinq.<\/p>\n<p>Mais le secret du symbole Wild n&rsquo;est pas seulement qu&rsquo;il remplace d&rsquo;autres images. Toutes les combinaisons r\u00e9alis\u00e9es avec sa participation sont multipli\u00e9es par 5, ce qui augmente aussi consid\u00e9rablement vos gains.<\/p>\n<p><img loading=\"lazy\" decoding=\"async\" class=\"aligncenter wp-image-329 size-full\" src=\"https:\/\/rocketplay-new.com\/wp-content\/uploads\/2022\/08\/break-da-bank-slot-1.jpeg\" alt=\"\" width=\"730\" height=\"500\" srcset=\"https:\/\/rocketplay-new.com\/wp-content\/uploads\/2022\/08\/break-da-bank-slot-1.jpeg 730w, https:\/\/rocketplay-new.com\/wp-content\/uploads\/2022\/08\/break-da-bank-slot-1-300x205.jpeg 300w\" sizes=\"auto, (max-width: 730px) 100vw, 730px\" \/><\/p>\n<h2>TH\u00c8ME &amp; DESIGN<\/h2>\n<p>Ce qui rend ce jeu frais et urbain, c&rsquo;est tout simplement son th\u00e8me. L&rsquo;atmosph\u00e8re de la banque est tr\u00e8s bien retranscrite. Le design de la machine \u00e0 sous est discret. L&rsquo;arri\u00e8re-plan est stylis\u00e9 comme un coffre-fort de banque, et les symboles sur les rouleaux s&rsquo;y d\u00e9tachent brillamment. La qualit\u00e9 graphique est \u00e9lev\u00e9e ; sur n&rsquo;importe quel \u00e9cran, vous ne verrez pas de pixels ou une image floue. L&rsquo;animation est discr\u00e8te.<\/p>\n<p>La fa\u00e7on dont le symbole Scatter est r\u00e9alis\u00e9 est particuli\u00e8rement remarquable. Il s&rsquo;agit d&rsquo;un coffre ferm\u00e9 qui s&rsquo;ouvre si au moins 3 pi\u00e8ces tombent sur le terrain. Un banquier sortira d&rsquo;un \u00e9norme coffre, et derri\u00e8re lui, vous verrez des montagnes de richesses, pour lesquelles vous \u00eates venus ici.<\/p>\n<p>Quant \u00e0 l&rsquo;accompagnement musical, il est ici inhabituel. En arri\u00e8re-plan, vous pouvez entendre le grondement d&rsquo;une agence bancaire en activit\u00e9. Pendant les spins, un son caract\u00e9ristique appara\u00eet, tout comme pendant les gains. Toutefois, si vous le souhaitez, vous pouvez d\u00e9sactiver la bande sonore.<\/p>\n<p><span style=\"font-weight: 400;\"><div class=\"tosh-btn\"><a href=\"\/go-casino\/\" target=\"_blank\" rel=\"noopener\">OBTENEZ UN BONUS<\/a><\/div><\/span><\/p>\n<h2>CONCLUSION<\/h2>\n<p>Nous pouvons supposer que Break da Bank Again Canada n&rsquo;est pas en vain si populaire. Il se distingue du reste ; il n&rsquo;est pas ennuyeux et int\u00e9ressant. Malgr\u00e9 le fait qu&rsquo;il n&rsquo;y a pas de haute volatilit\u00e9 ici, il est tout \u00e0 fait possible d&rsquo;obtenir de gros gains.<\/p>\n<p>Le RTP est ici de 95,43% &#8211; un bon indicateur pour un joueur. Vous pouvez jouer ici m\u00eame avec un petit capital.<\/p>\n<p>Le jeu instantan\u00e9 est disponible pour tous les utilisateurs, peu importe si une personne joue depuis un ordinateur ou un t\u00e9l\u00e9phone. Le d\u00e9veloppeur a adapt\u00e9 le jeu pour tous les appareils, donc pirater une banque est maintenant beaucoup plus facile ! Cette machine \u00e0 sous est d\u00e9finitivement recommand\u00e9e \u00e0 tous ceux qui ne la connaissent pas encore.<\/p>\n<p>Commentaires sur les machines \u00e0 sous:<\/p>\n<ul>\n<li><a href=\"https:\/\/rocketplay-new.com\/fr\/slot-machines\/mega-moolah\/\">Mega Moolah<\/a><\/li>\n<li><a href=\"https:\/\/rocketplay-new.com\/fr\/slot-machines\/lightning-link\/\">Lightning Link<\/a><\/li>\n<\/ul>\n","protected":false},"excerpt":{"rendered":"<p>R\u00e9alisez le r\u00eave de tous les gangsters des films &#8211; essayez d&rsquo;entrer dans la banque et de devenir riche. Apr\u00e8s tout, c&rsquo;est tout \u00e0 fait possible gr\u00e2ce \u00e0 la machine \u00e0 sous Break da Bank Again. Essayez d&rsquo;investir de l&rsquo;argent r\u00e9el ici et remarquez comment cela vous rapportera plus que de l&rsquo;argent dans un avenir&#8230;<\/p>\n","protected":false},"author":1,"featured_media":0,"parent":2863,"menu_order":0,"comment_status":"closed","ping_status":"closed","template":"","meta":{"_acf_changed":false,"_kad_post_transparent":"default","_kad_post_title":"default","_kad_post_layout":"default","_kad_post_sidebar_id":"","_kad_post_content_style":"default","_kad_post_vertical_padding":"default","_kad_post_feature":"","_kad_post_feature_position":"","_kad_post_header":false,"_kad_post_footer":false,"footnotes":""},"class_list":["post-2972","page","type-page","status-publish","hentry"],"acf":[],"rttpg_featured_image_url":null,"rttpg_author":{"display_name":"John","author_link":"https:\/\/rocketplay-new.com\/fr\/author\/pemvas95n89x\/"},"rttpg_comment":0,"rttpg_category":null,"rttpg_excerpt":"R\u00e9alisez le r\u00eave de tous les gangsters des films &#8211; essayez d&rsquo;entrer dans la banque et de devenir riche. Apr\u00e8s tout, c&rsquo;est tout \u00e0 fait possible gr\u00e2ce \u00e0 la machine \u00e0 sous Break da Bank Again. Essayez d&rsquo;investir de l&rsquo;argent r\u00e9el ici et remarquez comment cela vous rapportera plus que de l&rsquo;argent dans un avenir...","_links":{"self":[{"href":"https:\/\/rocketplay-new.com\/fr\/wp-json\/wp\/v2\/pages\/2972","targetHints":{"allow":["GET"]}}],"collection":[{"href":"https:\/\/rocketplay-new.com\/fr\/wp-json\/wp\/v2\/pages"}],"about":[{"href":"https:\/\/rocketplay-new.com\/fr\/wp-json\/wp\/v2\/types\/page"}],"author":[{"embeddable":true,"href":"https:\/\/rocketplay-new.com\/fr\/wp-json\/wp\/v2\/users\/1"}],"replies":[{"embeddable":true,"href":"https:\/\/rocketplay-new.com\/fr\/wp-json\/wp\/v2\/comments?post=2972"}],"version-history":[{"count":5,"href":"https:\/\/rocketplay-new.com\/fr\/wp-json\/wp\/v2\/pages\/2972\/revisions"}],"predecessor-version":[{"id":11158,"href":"https:\/\/rocketplay-new.com\/fr\/wp-json\/wp\/v2\/pages\/2972\/revisions\/11158"}],"up":[{"embeddable":true,"href":"https:\/\/rocketplay-new.com\/fr\/wp-json\/wp\/v2\/pages\/2863"}],"wp:attachment":[{"href":"https:\/\/rocketplay-new.com\/fr\/wp-json\/wp\/v2\/media?parent=2972"}],"curies":[{"name":"wp","href":"https:\/\/api.w.org\/{rel}","templated":true}]}}