{"id":2867,"date":"2022-08-18T13:37:44","date_gmt":"2022-08-18T10:37:44","guid":{"rendered":"https:\/\/rocketplay-new.com\/slot-machines\/book-of-dead\/"},"modified":"2025-11-25T23:29:30","modified_gmt":"2025-11-25T20:29:30","slug":"book-of-dead","status":"publish","type":"page","link":"https:\/\/rocketplay-new.com\/fr\/slot-machines\/book-of-dead\/","title":{"rendered":"Revue Book of Dead Slot"},"content":{"rendered":"<p>Percer les myst\u00e8res des tombes de l&rsquo;ancienne \u00c9gypte, y chercher des tr\u00e9sors, risquer ses propres fonds &#8211; pourquoi pas une aventure passionnante ? Les machines \u00e0 sous de l&rsquo;\u00c9gypte ancienne \u00e9tonnent par la beaut\u00e9 de leur conception et leur accompagnement musical magn\u00e9tique. Il n&rsquo;est donc pas surprenant qu&rsquo;il y en ait des dizaines dans les casinos en ligne modernes. Aujourd&rsquo;hui, nous allons parler de la machine \u00e0 sous culte dans ce sujet, et vous obtiendrez l&rsquo;avis le plus objectif sur Book of Dead et comprendrez si ce jeu vid\u00e9o r\u00e9pondra \u00e0 vos besoins.<\/p>\n<p style=\"text-align: center;\"><img loading=\"lazy\" decoding=\"async\" class=\"aligncenter wp-image-314 size-full\" src=\"https:\/\/rocketplay-new.com\/wp-content\/uploads\/2022\/08\/book-of-dead-logo.jpeg\" alt=\"book of dead logo\" width=\"720\" height=\"471\" srcset=\"https:\/\/rocketplay-new.com\/wp-content\/uploads\/2022\/08\/book-of-dead-logo.jpeg 720w, https:\/\/rocketplay-new.com\/wp-content\/uploads\/2022\/08\/book-of-dead-logo-300x196.jpeg 300w\" sizes=\"auto, (max-width: 720px) 100vw, 720px\" \/><\/p>\n<h2>MODE D\u00c9MO &#8211; INTRODUCTION GRATUITE \u00c0 BOOK OF DEAD<\/h2>\n<p>Ayant lanc\u00e9 ce jeu vid\u00e9o pour la premi\u00e8re fois, vous ne pouvez pas y rester indiff\u00e9rent. Mais il est toujours pr\u00e9f\u00e9rable de faire une premi\u00e8re connaissance sans y d\u00e9penser son argent. C&rsquo;est dans ce but que vous pouvez jouer \u00e0 Book of Dead gratuitement.<\/p>\n<p>Un tel r\u00e9gime vous aidera \u00e0:<\/p>\n<ul>\n<li>comprendre les m\u00e9canismes de la machine \u00e0 sous;<\/li>\n<li>sentir si vous l&rsquo;aimez ou non;<\/li>\n<li>\u00e9valuer la qualit\u00e9 des graphismes et du son;<\/li>\n<li>v\u00e9rifier la fr\u00e9quence des combinaisons gagnantes;<\/li>\n<li>tester la strat\u00e9gie du jeu.<\/li>\n<\/ul>\n<p>Les joueurs canadiens ont la possibilit\u00e9 de jouer gratuitement \u00e0 la machine \u00e0 sous s&rsquo;ils ne sont pas encore pr\u00eats \u00e0 d\u00e9penser de l&rsquo;argent ou s&rsquo;ils ne disposent tout simplement pas de leur propre bankroll.<\/p>\n<p><span style=\"font-weight: 400;\"><div class=\"tosh-btn\"><a href=\"\/go-casino\/\" target=\"_blank\" rel=\"noopener\">OBTENEZ UN BONUS<\/a><\/div><\/span><\/p>\n<h2>Symboles, tarifs et autres d\u00e9tails du Livre des morts<\/h2>\n<p>Sans fioriture, la machine \u00e0 sous Book of Dead est un classique du genre. A l&rsquo;image de ce jeu de Play&rsquo;n Go, des dizaines de jeux vid\u00e9o similaires ont \u00e9t\u00e9 cr\u00e9\u00e9s. Et ce, gr\u00e2ce aux fonctionnalit\u00e9s int\u00e9ressantes que le d\u00e9veloppeur a mises en place ici.<\/p>\n<p>Parlons d&rsquo;abord des symboles. Il y en a dix ici:<\/p>\n<ul>\n<li>les d\u00e9nominations des cartes (du 10 \u00e0 l&rsquo;as);<\/li>\n<li>Les symboles \u00e9gyptiens (Anubis, Pharaon, et autres);<\/li>\n<li>Rich Wilde &#8211; voyageur et protagoniste;<\/li>\n<li>livre d&rsquo;or.<\/li>\n<\/ul>\n<p>Le plus sp\u00e9cial, bien s\u00fbr, est le symbole wild. Son r\u00f4le est jou\u00e9 par un livre myst\u00e9rieux. Il est capable de remplacer d&rsquo;autres symboles, ainsi que d&rsquo;activer le tour de bonus lorsqu&rsquo;il appara\u00eet en nombre \u00e9gal ou sup\u00e9rieur \u00e0 3 n&rsquo;importe o\u00f9 sur le terrain. De plus, il permet \u00e9galement de remporter des gains \u00e0 lui seul.<\/p>\n<p>Informations techniques:<\/p>\n<ul>\n<li>tambours &#8211; 5;<\/li>\n<li>lignes de paiement &#8211; 10;<\/li>\n<li>jeu automatique &#8211; oui;<\/li>\n<li>rotation acc\u00e9l\u00e9r\u00e9e &#8211; oui;<\/li>\n<li>le taux minimum est de 0,01;<\/li>\n<li>maximum &#8211; 100.<\/li>\n<\/ul>\n<p>Le rendement maximal dont est capable Book of Dead online est d&rsquo;un demi-million. Et vous avez toutes les chances de l&rsquo;obtenir !<\/p>\n<p style=\"text-align: center;\"><img loading=\"lazy\" decoding=\"async\" class=\"aligncenter wp-image-315 size-full\" src=\"https:\/\/rocketplay-new.com\/wp-content\/uploads\/2022\/08\/book-of-dead-slot.jpeg\" alt=\"Book of Dead slot\" width=\"838\" height=\"456\" srcset=\"https:\/\/rocketplay-new.com\/wp-content\/uploads\/2022\/08\/book-of-dead-slot.jpeg 838w, https:\/\/rocketplay-new.com\/wp-content\/uploads\/2022\/08\/book-of-dead-slot-300x163.jpeg 300w, https:\/\/rocketplay-new.com\/wp-content\/uploads\/2022\/08\/book-of-dead-slot-768x418.jpeg 768w\" sizes=\"auto, (max-width: 838px) 100vw, 838px\" \/><\/p>\n<h2>DOUBLE CHANCE ET AUTRE MODE BOOK OF DEAD<\/h2>\n<p>Afin de gagner des sommes vraiment importantes, le joueur doit attraper des symboles bonus, qui sont ici le livre des morts. Cela d\u00e9marre le tour de bonus, o\u00f9 les gains deviennent beaucoup plus importants, et le solde du joueur reste le m\u00eame qu&rsquo;avant le d\u00e9but du tour.<\/p>\n<p>En quoi consiste le tour de bonus? Il s&rsquo;agit de 10 tours gratuits, pendant lesquels la machine ne d\u00e9duit pas d&rsquo;argent du joueur mais seulement des cr\u00e9dits. Les tours sont jou\u00e9s automatiquement.<\/p>\n<p>Comment cela commence-t-il? S&rsquo;il y a 3 symboles de livre ou plus sur l&rsquo;\u00e9cran. Peu importe qu&rsquo;ils se trouvent sur une ligne gagnante ou non.<\/p>\n<p>Le tour de bonus peut-il se poursuivre ? Oui, si vous avez la chance que 3 autres images de livres apparaissent. Les tours gratuits du Livre des Morts seront alors lanc\u00e9s \u00e0 nouveau. Cela peut continuer jusqu&rsquo;au gain maximum.<\/p>\n<p>De plus, les symboles d&rsquo;expansion apparaissent de fa\u00e7on al\u00e9atoire pendant le tour bonus. N&rsquo;importe quelle image peut jouer leur r\u00f4le. En fonction de cela, le montant que vous pouvez gagner changera.<\/p>\n<p>Une autre fonction int\u00e9ressante vous permet de doubler ou de quadrupler votre dernier gain: c&rsquo;est un jeu de hasard. Ses r\u00e8gles de base sont les suivantes:<\/p>\n<ul>\n<li>choisissez la couleur de la carte qui s&rsquo;ouvre et doublez le dernier montant;<\/li>\n<li>choisir une couleur de carte et quadrupler la somme d&rsquo;argent.<\/li>\n<\/ul>\n<p>Si votre pr\u00e9diction est correcte, alors le jeu peut \u00eatre poursuivi \u00e0 volont\u00e9. Vous pouvez le faire jusqu&rsquo;\u00e0 5 fois. Si vous n&rsquo;avez pas devin\u00e9 la couleur ou la couleur, le tour se termine automatiquement.<\/p>\n<p>Cette machine \u00e0 sous a des r\u00e8gles tr\u00e8s simples. Mais gagner de l&rsquo;argent r\u00e9el dans le Livre des Morts est tout aussi facile.<\/p>\n<p>En plus de ses fonctionnalit\u00e9s int\u00e9ressantes, vous trouverez ici un bon design. La machine \u00e0 sous semble moderne, bien qu&rsquo;elle soit sortie il y a environ 5 ans. En arri\u00e8re-plan, le joueur voit une tombe ancienne, et le terrain de jeu est rempli de symboles lumineux et de bonnes animations.<\/p>\n<p><span style=\"font-weight: 400;\"><div class=\"tosh-btn\"><a href=\"\/go-casino\/\" target=\"_blank\" rel=\"noopener\">OBTENEZ UN BONUS<\/a><\/div><\/span><\/p>\n<h2>BOOK OF DEAD FAQ<\/h2>\n<h3>QUEL EST LE POURCENTAGE RTP DE CE SLOT ?<\/h3>\n<p>Le fabricant indique un indicateur de 96,21%. Il est consid\u00e9r\u00e9 comme suffisamment bon. Ce r\u00e9sultat est obtenu gr\u00e2ce \u00e0 la pr\u00e9sence d&rsquo;un tour de bonus dans le jeu. Cet indicateur permet au joueur de compter non seulement sur un retour mais aussi sur l&rsquo;augmentation de sa bankroll avec une chance appropri\u00e9e.<\/p>\n<h3>COMBIEN DE FOIS VAIS-JE GAGNER DANS CETTE MACHINE \u00c0 SOUS, ET QUELLE EST L&rsquo;IMPORTANCE DES GAINS ?<\/h3>\n<p>C&rsquo;est la volatilit\u00e9 qui en est responsable dans les machines \u00e0 sous. Book of Dead a une moyenne. Cela signifie que les gains seront petits mais assez r\u00e9guliers. Cette option convient \u00e0 long terme, bien qu&rsquo;elle ne vous permette pas de toucher le jackpot de mani\u00e8re brutale.<\/p>\n<h3>PUIS-JE JOUER \u00c0 BOOK OF DEAD SANS GASPILLER MON ARGENT ?<\/h3>\n<p>Bien s\u00fbr. Le d\u00e9veloppeur a r\u00e9alis\u00e9 une version d\u00e9mo, qui est disponible pour tous les clients du casino o\u00f9 la machine \u00e0 sous est pr\u00e9sent\u00e9e.<\/p>\n<h2><strong>Critiques sur les machines \u00e0 sous :<\/strong><\/h2>\n<ul>\n<li><a href=\"https:\/\/rocketplay-new.com\/fr\/slot-machines\/wizard-of-oz\/\">Wizard of Oz<\/a><\/li>\n<li><a href=\"https:\/\/rocketplay-new.com\/fr\/slot-machines\/starburst\/\">Starburst<\/a><\/li>\n<\/ul>\n","protected":false},"excerpt":{"rendered":"<p>Percer les myst\u00e8res des tombes de l&rsquo;ancienne \u00c9gypte, y chercher des tr\u00e9sors, risquer ses propres fonds &#8211; pourquoi pas une aventure passionnante ? Les machines \u00e0 sous de l&rsquo;\u00c9gypte ancienne \u00e9tonnent par la beaut\u00e9 de leur conception et leur accompagnement musical magn\u00e9tique. Il n&rsquo;est donc pas surprenant qu&rsquo;il y en ait des dizaines dans les&#8230;<\/p>\n","protected":false},"author":1,"featured_media":0,"parent":2863,"menu_order":0,"comment_status":"closed","ping_status":"closed","template":"","meta":{"_acf_changed":false,"_kad_post_transparent":"default","_kad_post_title":"default","_kad_post_layout":"default","_kad_post_sidebar_id":"","_kad_post_content_style":"default","_kad_post_vertical_padding":"default","_kad_post_feature":"","_kad_post_feature_position":"","_kad_post_header":false,"_kad_post_footer":false,"footnotes":""},"class_list":["post-2867","page","type-page","status-publish","hentry"],"acf":[],"rttpg_featured_image_url":null,"rttpg_author":{"display_name":"John","author_link":"https:\/\/rocketplay-new.com\/fr\/author\/pemvas95n89x\/"},"rttpg_comment":0,"rttpg_category":null,"rttpg_excerpt":"Percer les myst\u00e8res des tombes de l&rsquo;ancienne \u00c9gypte, y chercher des tr\u00e9sors, risquer ses propres fonds &#8211; pourquoi pas une aventure passionnante ? Les machines \u00e0 sous de l&rsquo;\u00c9gypte ancienne \u00e9tonnent par la beaut\u00e9 de leur conception et leur accompagnement musical magn\u00e9tique. Il n&rsquo;est donc pas surprenant qu&rsquo;il y en ait des dizaines dans les...","_links":{"self":[{"href":"https:\/\/rocketplay-new.com\/fr\/wp-json\/wp\/v2\/pages\/2867","targetHints":{"allow":["GET"]}}],"collection":[{"href":"https:\/\/rocketplay-new.com\/fr\/wp-json\/wp\/v2\/pages"}],"about":[{"href":"https:\/\/rocketplay-new.com\/fr\/wp-json\/wp\/v2\/types\/page"}],"author":[{"embeddable":true,"href":"https:\/\/rocketplay-new.com\/fr\/wp-json\/wp\/v2\/users\/1"}],"replies":[{"embeddable":true,"href":"https:\/\/rocketplay-new.com\/fr\/wp-json\/wp\/v2\/comments?post=2867"}],"version-history":[{"count":3,"href":"https:\/\/rocketplay-new.com\/fr\/wp-json\/wp\/v2\/pages\/2867\/revisions"}],"predecessor-version":[{"id":5871,"href":"https:\/\/rocketplay-new.com\/fr\/wp-json\/wp\/v2\/pages\/2867\/revisions\/5871"}],"up":[{"embeddable":true,"href":"https:\/\/rocketplay-new.com\/fr\/wp-json\/wp\/v2\/pages\/2863"}],"wp:attachment":[{"href":"https:\/\/rocketplay-new.com\/fr\/wp-json\/wp\/v2\/media?parent=2867"}],"curies":[{"name":"wp","href":"https:\/\/api.w.org\/{rel}","templated":true}]}}