{"id":2863,"date":"2022-06-13T20:51:19","date_gmt":"2022-06-13T17:51:19","guid":{"rendered":"https:\/\/rocketplay-new.com\/slot-machines\/"},"modified":"2025-11-25T23:27:36","modified_gmt":"2025-11-25T20:27:36","slug":"slot-machines","status":"publish","type":"page","link":"https:\/\/rocketplay-new.com\/fr\/slot-machines\/","title":{"rendered":"Machines \u00e0 sous au RocketPlay Casino"},"content":{"rendered":"<p>L&rsquo;invention de la machine \u00e0 sous \u00e0 la fin du 19e si\u00e8cle a \u00e9t\u00e9 un \u00e9v\u00e9nement important dans le monde des jeux d&rsquo;argent. Les machines \u00e0 sous ont rapidement d\u00e9pass\u00e9 en popularit\u00e9 les autres formes de divertissement. Dans les casinos modernes, elles sont choisies par plus de 70 % des joueurs. On lit parfois que l&rsquo;inventeur des machines \u00e0 sous, Charles Fey, a emprunt\u00e9 l&rsquo;id\u00e9e du poker. Et c&rsquo;est vrai, souvent les cartes sont utilis\u00e9es comme images symboliques sur les rouleaux, et les combinaisons rappellent un peu le poker. Mais tout de m\u00eame, m\u00eame si l&rsquo;ing\u00e9nieur est parti du jeu de cartes, il s&rsquo;en est finalement assez \u00e9loign\u00e9.<\/p>\n<p><img loading=\"lazy\" decoding=\"async\" class=\"aligncenter wp-image-4778\" src=\"https:\/\/rocketplay-new.com\/wp-content\/uploads\/2024\/02\/111.png\" alt=\"Slot RocketPlay\" width=\"800\" height=\"478\" srcset=\"https:\/\/rocketplay-new.com\/wp-content\/uploads\/2024\/02\/111.png 1340w, https:\/\/rocketplay-new.com\/wp-content\/uploads\/2024\/02\/111-300x179.png 300w, https:\/\/rocketplay-new.com\/wp-content\/uploads\/2024\/02\/111-1024x612.png 1024w, https:\/\/rocketplay-new.com\/wp-content\/uploads\/2024\/02\/111-768x459.png 768w\" sizes=\"auto, (max-width: 800px) 100vw, 800px\" \/><\/p>\n<p>Le principal avantage des machines \u00e0 sous est l&rsquo;ind\u00e9pendance du joueur vis-\u00e0-vis de ses partenaires et du croupier. Les machines \u00e0 sous se jouent seules. Fey s&rsquo;en est occup\u00e9. Il poss\u00e8de un m\u00e9canisme automatique brevet\u00e9 pour recevoir et \u00e9mettre des pi\u00e8ces. D\u00e9sormais, il suffit d&rsquo;entrer dans un bar, de d\u00e9poser une pi\u00e8ce de cinq cents, de tirer la poign\u00e9e et de gagner dix fois ce montant &#8211; c&rsquo;\u00e9tait le jackpot de la premi\u00e8re machine \u00e0 sous &#8211; 50 cents, une somme appr\u00e9ciable \u00e0 l&rsquo;\u00e9poque.<\/p>\n<p>Plus tard, les machines \u00e0 sous ont \u00e9t\u00e9 dot\u00e9es d&rsquo;un entra\u00eenement \u00e9lectrique des rouleaux et d&rsquo;un bel \u00e9clairage. Mais le principe est rest\u00e9 le m\u00eame : les m\u00eames symboles sur les 3 rouleaux doivent s&rsquo;aligner sur une ligne. Comme les tirages sont effectu\u00e9s \u00e0 une fr\u00e9quence diff\u00e9rente, la probabilit\u00e9 de leur composition en combinaisons est diff\u00e9rente. Car les combinaisons les plus rares sont les plus r\u00e9mun\u00e9ratrices. Et vice versa.<\/p>\n<p>Les machines \u00e0 sous modernes utilisent le m\u00eame sch\u00e9ma, mais le dispositif qu&rsquo;elles utilisent est compl\u00e8tement diff\u00e9rent de l&rsquo;ancienne machine \u00e0 sous. Maintenant, c&rsquo;est un programme informatique sp\u00e9cifique. Les machines terrestres ressemblent ext\u00e9rieurement \u00e0 leurs anc\u00eatres, mais elles ont le bourrage le plus moderne. Quant aux machines \u00e0 sous en ligne RocketPlay, ce sont exactement les m\u00eames programmes que ceux qui tournent dans leurs homologues terrestres.<\/p>\n<p>L&rsquo;\u00e8re de l&rsquo;informatique a compl\u00e8tement chang\u00e9 l&rsquo;\u00e9conomie des machines \u00e0 sous. Certains casinos terrestres utilisent encore des pi\u00e8ces ou des jetons pour payer le jeu et distribuer les gains, mais les complexes de machines \u00e0 sous les plus r\u00e9cents acceptent tous les paiements \u00e9lectroniques. Quant aux machines \u00e0 sous en ligne, elles ne fonctionnent intrins\u00e8quement que par paiement scriptural.<\/p>\n<p><span style=\"font-weight: 400;\">\u00a0\u00a0<div class=\"go-btn-container\"><div class=\"tosh-btn\"><a href=\"\/go-casino\/\" target=\"_blank\" rel=\"noopener\">JOUEZ MAINTENANT<\/a><\/div><\/div><\/span><\/p>\n<h2>COMMENT FONCTIONNE L&rsquo;\u00c9CONOMIE DES CASINOS EN LIGNE<\/h2>\n<p>Le moyen le plus abordable de jouer aux machines \u00e0 sous est de se rendre sur les <a href=\"https:\/\/rocketplay-new.com\/fr\/casino\/\">casinos en ligne<\/a> RocketPlay. Il peut sembler que les machines \u00e0 sous en ligne soient un programme assez simple, \u00e0 la mani\u00e8re des jeux flash gratuits qui abondent sur le Web. Mais il ne s&rsquo;agit l\u00e0 que d&rsquo;une ressemblance ext\u00e9rieure. La machine \u00e0 sous vid\u00e9o n&rsquo;est pas un programme m\u00e9diocre, ne serait-ce que parce que la certification est obligatoire. Le fabricant est responsable du niveau d\u00e9clar\u00e9 des paiements. Il est g\u00e9n\u00e9ralement sp\u00e9cifi\u00e9 \u00e0 la deuxi\u00e8me d\u00e9cimale, par exemple, 97,08%. Ces chiffres sont obtenus par des calculs math\u00e9matiques minutieux dans des laboratoires sp\u00e9ciaux. Le fabricant atteint d&rsquo;abord un certain niveau de rendement, puis les r\u00e9sultats sont v\u00e9rifi\u00e9s par des commissions ind\u00e9pendantes. Ce n&rsquo;est qu&rsquo;apr\u00e8s cela qu&rsquo;un certificat est d\u00e9livr\u00e9.<\/p>\n<p>Le pourcentage de rendement pour le joueur est une valeur moyenne. Il s&rsquo;ensuit qu&rsquo;il ne converge avec la pratique qu&rsquo;apr\u00e8s un nombre astronomique de coups. C&rsquo;est la base de l&rsquo;espoir du joueur de gagner. Et c&rsquo;est pourquoi les pertes se produisent. Apr\u00e8s tout, si la machine \u00e0 sous donnait exactement 97,8 dollars par 100 d\u00e9pens\u00e9s \u00e0 chaque fois (comme dans l&rsquo;exemple ci-dessus), il n&rsquo;y aurait gu\u00e8re d&rsquo;int\u00e9r\u00eat \u00e0 jouer. Et donc, en raison de la nature al\u00e9atoire de la distribution des valeurs, un joueur peut gagner beaucoup &#8211; parfois jusqu&rsquo;\u00e0 plusieurs millions.<\/p>\n<p>Pour jouer aux machines \u00e0 sous en ligne RocketPlay en argent r\u00e9el, il faut s&rsquo;inscrire. Le joueur doit fournir des informations personnelles : nom, surnom, adresse \u00e9lectronique ou num\u00e9ro de t\u00e9l\u00e9phone. C&rsquo;est au joueur de d\u00e9cider s&rsquo;il souhaite un certain niveau de confidentialit\u00e9. Le Casino RocketPlay garantit la s\u00e9curit\u00e9 des donn\u00e9es personnelles.<\/p>\n<p>Apr\u00e8s l&rsquo;inscription, RocketPlay propose un bonus de bienvenue rapide &#8211; sans d\u00e9p\u00f4t. Il s&rsquo;agit d&rsquo;un cadeau pour la premi\u00e8re occasion, afin que le d\u00e9butant ait les moyens de s&rsquo;habituer et de se familiariser avec l&rsquo;ordre du casino. Ces fonds sont suffisants pour la premi\u00e8re fois. De plus, que dans la plupart des machines la mise minimale est tr\u00e8s petite.<\/p>\n<p>Dans la plupart des cas, le joueur est invit\u00e9 \u00e0 t\u00e9l\u00e9charger un programme-client sp\u00e9cial. Il est install\u00e9 sur l&rsquo;appareil de l&rsquo;utilisateur et constitue une plateforme de jeu, con\u00e7ue sp\u00e9cifiquement pour un casino particulier. Avec une telle application, l&rsquo;entr\u00e9e est plus s\u00fbre et les jeux sont plus stables. Pour commencer, vous devez obtenir un code d&rsquo;activation sp\u00e9cial.<\/p>\n<p>Apr\u00e8s avoir enregistr\u00e9 RocketPlay online slots Canada, l&rsquo;\u00e9tape suivante consiste \u00e0 approvisionner votre compte. Les syst\u00e8mes modernes de paiement en ligne sont fiables et faciles, de sorte que le transfert d&rsquo;argent vers le d\u00e9p\u00f4t est presque instantan\u00e9 et ne n\u00e9cessite pas de connaissances particuli\u00e8res. Le site comporte une section intitul\u00e9e M\u00e9thodes de paiement ou similaire. Elle d\u00e9taille les syst\u00e8mes de paiement pris en charge et les conditions de d\u00e9p\u00f4t et de retrait. Le moyen le plus courant est la carte VISA. Il existe \u00e9galement de nombreux portefeuilles en ligne. Le paiement et le retrait via les op\u00e9rateurs mobiles sont possibles. Dans tous les cas, une telle section doit \u00eatre bien \u00e9tudi\u00e9e.<\/p>\n<p><img loading=\"lazy\" decoding=\"async\" class=\"aligncenter wp-image-4788\" src=\"https:\/\/rocketplay-new.com\/wp-content\/uploads\/2024\/02\/222.png\" alt=\"Slot RocketPlay 2\" width=\"800\" height=\"456\" srcset=\"https:\/\/rocketplay-new.com\/wp-content\/uploads\/2024\/02\/222.png 1417w, https:\/\/rocketplay-new.com\/wp-content\/uploads\/2024\/02\/222-300x171.png 300w, https:\/\/rocketplay-new.com\/wp-content\/uploads\/2024\/02\/222-1024x583.png 1024w, https:\/\/rocketplay-new.com\/wp-content\/uploads\/2024\/02\/222-768x437.png 768w\" sizes=\"auto, (max-width: 800px) 100vw, 800px\" \/><\/p>\n<h2>BONUS<\/h2>\n<p>Le taux de redistribution pour un joueur est compos\u00e9 de deux facteurs principaux : le rendement du passeport des machines et le bonus en ligne des machines \u00e0 sous RocketPlay. Une participation active au programme de fid\u00e9lit\u00e9 rend le jeu plus rentable au final. Par cons\u00e9quent, il est logique de garder un \u0153il sur toutes les promotions de prix.<\/p>\n<p>En plus des tours gratuits de la machine \u00e0 sous RocketPlay, le joueur se voit offrir une augmentation significative sur les premiers d\u00e9p\u00f4ts. Les cadeaux commencent \u00e0 100% sur le premier d\u00e9p\u00f4t et augmentent \u00e0 chaque fois.<\/p>\n<p>Les autres moyens de motiver les joueurs sont les promotions r\u00e9guli\u00e8res, les tournois et le programme VIP. Parmi les promotions r\u00e9guli\u00e8res les plus populaires figure le cashback, qui consiste \u00e0 rendre au joueur une partie de l&rsquo;argent qu&rsquo;il a perdu. Le pourcentage d\u00e9pend de nombreux \u00e9l\u00e9ments. Dans le cas le plus favorable, le cashback atteint 25%. Les tournois sont con\u00e7us non seulement pour \u00e9gayer votre s\u00e9jour au casino, mais aussi pour gagner de l&rsquo;argent. Les champions re\u00e7oivent un prix d\u00e9cent. Pour gagner, il faut s&rsquo;inscrire \u00e0 son tournoi pr\u00e9f\u00e9r\u00e9 et, dans le d\u00e9lai imparti, jouer \u00e0 certaines machines pour gagner plus que ses rivaux. Le programme VIP vise \u00e0 accro\u00eetre la fid\u00e9lit\u00e9 des clients \u00e0 l&rsquo;\u00e9tablissement. Plus les gens jouent au casino, plus ils b\u00e9n\u00e9ficient d&rsquo;avantages. Parmi les <a href=\"https:\/\/rocketplay-new.com\/fr\/bonus\/\">bonus<\/a> VIP figurent un cashback \u00e9lev\u00e9, un retrait rapide, etc.<\/p>\n<p><span style=\"font-weight: 400;\">\u00a0\u00a0<div class=\"go-btn-container\"><div class=\"tosh-btn\"><a href=\"\/go-casino\/\" target=\"_blank\" rel=\"noopener\">JOUEZ MAINTENANT<\/a><\/div><\/div><\/span><\/p>\n<h2>JACKPOTS<\/h2>\n<p>D\u00e9crocher le jackpot est le r\u00eave de tout joueur. D&rsquo;autant plus qu&rsquo;il est devenu plus r\u00e9el avec la sortie des machines \u00e0 sous sur Internet. On parle souvent du jackpot progressif par opposition au jackpot fixe. Le progressif est structur\u00e9 de la mani\u00e8re suivante. Lorsque l&rsquo;on joue sur certaines machines, un petit montant de chaque coup est d\u00e9pos\u00e9 dans la banque commune, un serveur central. Ensuite, elle va au joueur chanceux suivant si les conditions sp\u00e9cifi\u00e9es sont remplies. Et le processus recommence.<\/p>\n<p>Les jackpots de certaines machines \u00e0 sous en ligne d\u00e9passent les dix millions de dollars. La machine \u00e0 sous Mega Moolah, d\u00e9velopp\u00e9e par la soci\u00e9t\u00e9 britannique Microgaming, est particuli\u00e8rement c\u00e9l\u00e8bre dans ce genre de machine \u00e0 sous. Sur elle, en 2015, le record du jackpot en ligne a \u00e9t\u00e9 \u00e9tabli. L&rsquo;Anglais Jonathon Heywood (Jonathon Heywood) a alors remport\u00e9 plus de 13 millions de livres sterling. La machine \u00e0 sous Mega Moolah est disponible dans de nombreux casinos en ligne qui coop\u00e8rent avec Microgaming. Pour toucher le jackpot, il suffit de jouer \u00e0 cette machine. Le prix principal est attribu\u00e9 de mani\u00e8re totalement al\u00e9atoire.<\/p>\n<p>Syst\u00e8me de jackpot \u00e9galement connu sur les machines \u00e0 sous Marvel comic book. La plupart de ces machines \u00e0 sous ont \u00e9t\u00e9 lanc\u00e9es par les d\u00e9veloppeurs Playtech. Pour participer au tirage, choisissez l&rsquo;un des jeux th\u00e9matiques &#8211; X-Men, Daredevil, Fantastic 4 ou similaire &#8211; et jouez simplement, en esp\u00e9rant que le choix du g\u00e9n\u00e9rateur de nombres al\u00e9atoires sera bienveillant. Il existe au total 4 jackpots, du plus petit, Power, au plus grand, Ultimate Power. A un certain moment, apr\u00e8s un des coups (m\u00eame sans gain), une nouvelle fen\u00eatre s&rsquo;ouvre devant le joueur s\u00e9lectionn\u00e9, marqu\u00e9e de 20 cases. Il faut les s\u00e9lectionner une \u00e0 une jusqu&rsquo;\u00e0 ce que 3 logos identiques d&rsquo;un des jackpots soient accumul\u00e9s. Cela rappelle un peu la loterie \u00e0 gratter. Entrer dans le tour garantit de gagner l&rsquo;un des jackpots. Un syst\u00e8me similaire est utilis\u00e9 par EGT. Il existe \u00e9galement des jackpots sur les machines d&rsquo;autres d\u00e9veloppeurs.<\/p>\n<p>Il s&rsquo;agit de gros jackpots globaux. Mais en plus d&rsquo;eux, le tirage du prix progressivement accumul\u00e9 peut \u00eatre effectu\u00e9 au sein d&rsquo;un casino en ligne distinct. Sur la page d&rsquo;accueil des sites, on peut g\u00e9n\u00e9ralement voir imm\u00e9diatement des banni\u00e8res lumineuses ou une ligne courante qui annoncent la taille du jackpot. La recette d&rsquo;une strat\u00e9gie gagnante est simple : il faut participer.<\/p>\n<p><img loading=\"lazy\" decoding=\"async\" class=\"aligncenter wp-image-4797\" src=\"https:\/\/rocketplay-new.com\/wp-content\/uploads\/2024\/02\/333.png\" alt=\"Slot RocketPlay 3\" width=\"800\" height=\"457\" srcset=\"https:\/\/rocketplay-new.com\/wp-content\/uploads\/2024\/02\/333.png 1175w, https:\/\/rocketplay-new.com\/wp-content\/uploads\/2024\/02\/333-300x171.png 300w, https:\/\/rocketplay-new.com\/wp-content\/uploads\/2024\/02\/333-1024x585.png 1024w, https:\/\/rocketplay-new.com\/wp-content\/uploads\/2024\/02\/333-768x439.png 768w\" sizes=\"auto, (max-width: 800px) 100vw, 800px\" \/><\/p>\n<h2>JEU GRATUIT<\/h2>\n<p>Malgr\u00e9 le fait que les machines \u00e0 sous ont \u00e9t\u00e9 con\u00e7ues exclusivement pour les jeux d&rsquo;argent, avec l&rsquo;av\u00e8nement des machines \u00e0 sous en ligne, le jeu est devenu possible et gratuit. De tr\u00e8s nombreux casinos donnent presque toutes les machines \u00e0 sous \u00e0 tester en mode d\u00e9mo \u00e0 qui veut. Pour ce faire, il n&rsquo;est m\u00eame pas n\u00e9cessaire de s&rsquo;inscrire. De nombreux joueurs utilisent cette chance pour s&rsquo;entra\u00eener avant de jouer aux machines \u00e0 sous en ligne RocketPlay. Cela est particuli\u00e8rement utile dans le cas de machines \u00e0 sous peu famili\u00e8res.<\/p>\n<p>Mais les d\u00e9mos de jeux r\u00e9els ne remplacent pas les machines \u00e0 sous. Et les jackpots ne sont jou\u00e9s que par ceux qui jouent pour de vrai. Ainsi, les machines \u00e0 sous en ligne gratuites sans t\u00e9l\u00e9chargement RocketPlay &#8211; juste le bon pr\u00e9lude \u00e0 un jeu s\u00e9rieux avec des enjeux r\u00e9els.<\/p>\n<h2><strong>Critiques sur les machines \u00e0 sous:<\/strong><\/h2>\n<ul>\n<li><a href=\"https:\/\/rocketplay-new.com\/fr\/slot-machines\/starburst\/\">Starburst<\/a><\/li>\n<li><a href=\"https:\/\/rocketplay-new.com\/fr\/slot-machines\/mega-moolah\/\">Mega Moolah<\/a><\/li>\n<li><a href=\"https:\/\/rocketplay-new.com\/fr\/slot-machines\/gonzos-quest\/\">Gonzo&rsquo;s Quest<\/a><\/li>\n<\/ul>\n","protected":false},"excerpt":{"rendered":"<p>L&rsquo;invention de la machine \u00e0 sous \u00e0 la fin du 19e si\u00e8cle a \u00e9t\u00e9 un \u00e9v\u00e9nement important dans le monde des jeux d&rsquo;argent. Les machines \u00e0 sous ont rapidement d\u00e9pass\u00e9 en popularit\u00e9 les autres formes de divertissement. Dans les casinos modernes, elles sont choisies par plus de 70 % des joueurs. On lit parfois que&#8230;<\/p>\n","protected":false},"author":1,"featured_media":0,"parent":0,"menu_order":0,"comment_status":"closed","ping_status":"closed","template":"","meta":{"_acf_changed":false,"_kad_post_transparent":"default","_kad_post_title":"default","_kad_post_layout":"default","_kad_post_sidebar_id":"","_kad_post_content_style":"default","_kad_post_vertical_padding":"default","_kad_post_feature":"","_kad_post_feature_position":"","_kad_post_header":false,"_kad_post_footer":false,"footnotes":""},"class_list":["post-2863","page","type-page","status-publish","hentry"],"acf":[],"rttpg_featured_image_url":null,"rttpg_author":{"display_name":"John","author_link":"https:\/\/rocketplay-new.com\/fr\/author\/pemvas95n89x\/"},"rttpg_comment":0,"rttpg_category":null,"rttpg_excerpt":"L&rsquo;invention de la machine \u00e0 sous \u00e0 la fin du 19e si\u00e8cle a \u00e9t\u00e9 un \u00e9v\u00e9nement important dans le monde des jeux d&rsquo;argent. Les machines \u00e0 sous ont rapidement d\u00e9pass\u00e9 en popularit\u00e9 les autres formes de divertissement. Dans les casinos modernes, elles sont choisies par plus de 70 % des joueurs. On lit parfois que...","_links":{"self":[{"href":"https:\/\/rocketplay-new.com\/fr\/wp-json\/wp\/v2\/pages\/2863","targetHints":{"allow":["GET"]}}],"collection":[{"href":"https:\/\/rocketplay-new.com\/fr\/wp-json\/wp\/v2\/pages"}],"about":[{"href":"https:\/\/rocketplay-new.com\/fr\/wp-json\/wp\/v2\/types\/page"}],"author":[{"embeddable":true,"href":"https:\/\/rocketplay-new.com\/fr\/wp-json\/wp\/v2\/users\/1"}],"replies":[{"embeddable":true,"href":"https:\/\/rocketplay-new.com\/fr\/wp-json\/wp\/v2\/comments?post=2863"}],"version-history":[{"count":4,"href":"https:\/\/rocketplay-new.com\/fr\/wp-json\/wp\/v2\/pages\/2863\/revisions"}],"predecessor-version":[{"id":5969,"href":"https:\/\/rocketplay-new.com\/fr\/wp-json\/wp\/v2\/pages\/2863\/revisions\/5969"}],"wp:attachment":[{"href":"https:\/\/rocketplay-new.com\/fr\/wp-json\/wp\/v2\/media?parent=2863"}],"curies":[{"name":"wp","href":"https:\/\/api.w.org\/{rel}","templated":true}]}}