{"id":2859,"date":"2022-08-11T19:26:18","date_gmt":"2022-08-11T16:26:18","guid":{"rendered":"https:\/\/rocketplay-new.com\/promo-code\/"},"modified":"2022-10-31T18:13:10","modified_gmt":"2022-10-31T15:13:10","slug":"promo-code","status":"publish","type":"page","link":"https:\/\/rocketplay-new.com\/fr\/promo-code\/","title":{"rendered":"Code promo RocketPlay 2023"},"content":{"rendered":"<p><img loading=\"lazy\" decoding=\"async\" class=\" wp-image-279 aligncenter\" src=\"https:\/\/rocketplay-new.com\/wp-content\/uploads\/2022\/08\/welcome_1300x640-1-300x148.png\" alt=\"rocket play casino\" width=\"574\" height=\"283\" srcset=\"https:\/\/rocketplay-new.com\/wp-content\/uploads\/2022\/08\/welcome_1300x640-1-300x148.png 300w, https:\/\/rocketplay-new.com\/wp-content\/uploads\/2022\/08\/welcome_1300x640-1-1024x504.png 1024w, https:\/\/rocketplay-new.com\/wp-content\/uploads\/2022\/08\/welcome_1300x640-1-768x378.png 768w, https:\/\/rocketplay-new.com\/wp-content\/uploads\/2022\/08\/welcome_1300x640-1.png 1300w\" sizes=\"auto, (max-width: 574px) 100vw, 574px\" \/><\/p>\n<p>Pour obtenir le code promo 2023 de <a href=\"https:\/\/rocketplay-new.com\/fr\/\">RocketPlay<\/a>, vous devez trouver les principaux avantages de cette option de promotion client. Tout d&rsquo;abord, les combinaisons de <a href=\"https:\/\/rocketplay-new.com\/fr\/bonus\/\">bonus<\/a> peuvent \u00eatre utilis\u00e9es pour jouer gratuitement. Ce cadeau de l&rsquo;\u00e9tablissement permet de ne pas d\u00e9penser son argent. En cas de gain, le joueur peut retirer l&rsquo;argent ou l&rsquo;utiliser pour d&rsquo;autres jeux.<\/p>\n<p>Deuxi\u00e8mement, tout le monde peut facilement recevoir et utiliser tous les codes promo actifs. Pour ce faire, il suffit d&rsquo;\u00e9tudier la liste des nouveaux codes promotionnels de casino sur le site. La seule r\u00e8gle \u00e0 retenir est qu&rsquo;un code bonus RocketPlay ne peut \u00eatre utilis\u00e9 qu&rsquo;une seule fois.<\/p>\n<p>Troisi\u00e8mement, pour pouvoir utiliser les bonus des codes promotionnels, il n&rsquo;est absolument pas n\u00e9cessaire d&rsquo;effectuer un d\u00e9p\u00f4t. Le code bonus RocketPlay sans d\u00e9p\u00f4t est disponible pour les joueurs. Ce cadeau du club de jeux vous permet de gagner sans d\u00e9poser d&rsquo;argent. Pour l&rsquo;utiliser, vous devez \u00e9tudier attentivement les conditions de l&rsquo;offre de bonus. Elles peuvent faire r\u00e9f\u00e9rence \u00e0 la mise maximale et au montant du gain, ainsi qu&rsquo;aux restrictions li\u00e9es au jeu et au pays. En outre, vous devez prendre en compte la valeur de la mise.<\/p>\n<p>Les codes promotionnels de casino en 2023 ne sont pas seulement un outil de marketing. Il s&rsquo;agit d&rsquo;une opportunit\u00e9 de commencer un jeu r\u00e9ussi dans un casino en ligne avec un investissement nul ou minimal. Dans ce cas, il est n\u00e9cessaire de s&rsquo;inscrire sur le site officiel du site de jeu. Une v\u00e9rification de l&rsquo;utilisateur peut \u00e9galement \u00eatre requise. Elle repose sur la confirmation de l&rsquo;identit\u00e9 du joueur et des d\u00e9tails de son portefeuille \u00e9lectronique ou de sa carte bancaire.<\/p>\n<h2>COMMENT UTILISER LE CODE PROMO &#8211; \u00c9TAPE PAR \u00c9TAPE<\/h2>\n<p>Comment obtenir et utiliser le code promo du casino RocketPlay ? Ils sont disponibles sur les sites web partenaires ou peuvent \u00eatre envoy\u00e9s par courrier. Apr\u00e8s avoir re\u00e7u les symboles secrets, le joueur doit activer le code promo. Les r\u00e8gles d&rsquo;activation d\u00e9pendent des conditions d&rsquo;une promotion particuli\u00e8re. Cependant, dans la plupart des cas, un code promo de casino en ligne peut \u00eatre activ\u00e9 de la mani\u00e8re suivante:<\/p>\n<ul>\n<li>se rendre sur le site officiel de l&rsquo;\u00e9tablissement de jeux en ligne qui offre le bonus;<\/li>\n<li>inscrivez-vous, confirmez que vous \u00eates majeur et acceptez les r\u00e8gles du casino;<\/li>\n<li>connectez-vous et acc\u00e9dez \u00e0 votre compte personnel;<\/li>\n<li>acc\u00e9dez \u00e0 la section du site contenant les offres de bonus (g\u00e9n\u00e9ralement appel\u00e9e \u00ab\u00a0Cadeaux\u00a0\u00bb, \u00ab\u00a0Bonus\u00a0\u00bb ou \u00ab\u00a0Promotions\u00a0\u00bb);<\/li>\n<li>choisissez une offre de bonus int\u00e9ressante;<\/li>\n<li>saisissez le code promotionnel sur la page de la promotion et attendez qu&rsquo;il soit activ\u00e9.<\/li>\n<\/ul>\n<p>Dans ce cas, veillez \u00e0 prendre en compte les conditions d&rsquo;obtention d&rsquo;un code promotionnel. Parfois, la pr\u00e9sence de signes secrets ne suffit pas. Par exemple, il se peut que vous deviez en plus effectuer un d\u00e9p\u00f4t d&rsquo;un certain montant, placer un pari, etc. Vous devez \u00e9galement tenir compte de la date d&rsquo;expiration de la promotion. Une fois qu&rsquo;il a expir\u00e9, le code promo devient inactif. Par cons\u00e9quent, le joueur ne sera pas en mesure de recevoir une r\u00e9compense.<\/p>\n<p>Une autre r\u00e8gle importante est que les codes promotionnels des casinos en ligne ne peuvent \u00eatre utilis\u00e9s qu&rsquo;une seule fois. Le fait d&rsquo;entrer \u00e0 nouveau les symboles secrets ne permettra pas de cr\u00e9diter les bonus. Avec leur aide, vous aurez l&rsquo;opportunit\u00e9 de d\u00e9couvrir tous les avantages de chaque programme, en utilisant une vari\u00e9t\u00e9 de combinaisons dans le casino, ce qui rendra le processus de jeu aussi profitable que possible.<\/p>\n<p>Il convient \u00e9galement de souligner qu&rsquo;il est tr\u00e8s facile de r\u00e9cup\u00e9rer la promotion. Vous pouvez facilement retirer de l&rsquo;argent sur une carte ou un portefeuille virtuel. Pour ce faire, vous devrez remplir un certain nombre de conditions de mise, ce qui sera assez simple.<\/p>\n<p><img loading=\"lazy\" decoding=\"async\" class=\" wp-image-278 aligncenter\" src=\"https:\/\/rocketplay-new.com\/wp-content\/uploads\/2022\/08\/online-casino-promo-codes-1-300x195.jpg\" alt=\"promo codes\" width=\"551\" height=\"358\" srcset=\"https:\/\/rocketplay-new.com\/wp-content\/uploads\/2022\/08\/online-casino-promo-codes-1-300x195.jpg 300w, https:\/\/rocketplay-new.com\/wp-content\/uploads\/2022\/08\/online-casino-promo-codes-1-768x499.jpg 768w, https:\/\/rocketplay-new.com\/wp-content\/uploads\/2022\/08\/online-casino-promo-codes-1.jpg 1000w\" sizes=\"auto, (max-width: 551px) 100vw, 551px\" \/><\/p>\n<h2>CONCLUSION<\/h2>\n<p>Avant d&rsquo;utiliser le bonus, il est recommand\u00e9 de lire attentivement ses r\u00e8gles. Certains casinos limitent la liste des m\u00e9thodes de paiement pouvant \u00eatre utilis\u00e9es dans le cadre de la promotion. Des restrictions peuvent \u00e9galement s&rsquo;appliquer aux gains maximums pour les paris sur les fonds du bonus. Dans ce cas, si la limite est d\u00e9pass\u00e9e, le joueur ne pourra retirer que le montant maximal autoris\u00e9 des gains. Le montant restant sera annul\u00e9.<\/p>\n<p>Si le joueur a rempli les conditions de la promotion et utilis\u00e9 avec succ\u00e8s les codes promotionnels du casino en ligne, il peut recevoir ses gains de toutes les mani\u00e8res possibles. Pour cela, il faut:<\/p>\n<ul>\n<li>se rendre dans la section \u00ab\u00a0Caisse\u00a0\u00bb du site du casino;<\/li>\n<li>s\u00e9lectionner l&rsquo;onglet \u00ab\u00a0D\u00e9p\u00f4t de fonds\u00a0\u00bb;<\/li>\n<li>choisir une m\u00e9thode de paiement disponible;<\/li>\n<li>indiquer le montant du paiement;<\/li>\n<li>confirmer vos actions.<\/li>\n<\/ul>\n<p>Il convient de noter que le paiement des gains s&rsquo;effectue de la m\u00eame mani\u00e8re que celle utilis\u00e9e pour effectuer le d\u00e9p\u00f4t. Dans le casino, vous pouvez r\u00e9approvisionner votre compte et retirer vos gains en utilisant une carte bancaire ou un portefeuille \u00e9lectronique.<\/p>\n<h2>FAQ<\/h2>\n<h3>COMMENT OBTENIR DES CODES PROMO?<\/h3>\n<p>Pour obtenir un code promo, vous devez:<\/p>\n<ul>\n<li>Choisissez un code promo (indiqu\u00e9 dans le tableau).<\/li>\n<li>Cliquez sur le bouton \u00ab\u00a0Jouer\u00a0\u00bb.<\/li>\n<li>Allez sur votre casino en ligne pr\u00e9f\u00e9r\u00e9.<\/li>\n<li>S&rsquo;inscrire.<\/li>\n<li>Remplir les conditions d&rsquo;obtention du code promotionnel s\u00e9lectionn\u00e9.<\/li>\n<\/ul>\n<h3>QUELS SONT LES AVANTAGES DE L&rsquo;UTILISATION DES CODES BONUS?<\/h3>\n<p>Le principal avantage de jouer avec des codes promotionnels est que vous ne pouvez pas d\u00e9poser votre propre argent, mais jouer avec les fonds d&rsquo;un \u00e9tablissement de jeu. Vous pouvez \u00e9galement augmenter vos chances de gagner dans un casino en ligne.<\/p>\n<h3>POURQUOI LE CODE PROMOTIONNEL NE FONCTIONNE-T-IL PAS?<\/h3>\n<p>Vous devez vous inscrire ou vous connecter sur le site sur lequel vous souhaitez utiliser le bonus. Vous devez \u00e9galement v\u00e9rifier si le bonus indiqu\u00e9 correspond au casino ? Si tout est correct et que l&rsquo;activation ne fonctionne pas, contactez le support technique.<\/p>\n<h3>EST-IL POSSIBLE DE CONVERTIR LA PROMOTION EN ARGENT?<\/h3>\n<p>Si ce code vous cr\u00e9dite d&rsquo;argent, il s&rsquo;agit tr\u00e8s probablement d&rsquo;argent virtuel. Pour recevoir de l&rsquo;argent r\u00e9el, vous devez remplir les conditions d&rsquo;utilisation du bonus.<\/p>\n<h3>POURQUOI A-T-ON BESOIN DE CODES PROMO DANS UN CASINO?<\/h3>\n<p>Il s&rsquo;agit de symboles sp\u00e9ciaux qui permettent au joueur de b\u00e9n\u00e9ficier de certains bonus. Dans chaque casino, ces bonus peuvent \u00eatre diff\u00e9rents et les conditions de leur utilisation \u00e9galement.<\/p>\n<h3>DOIS-JE D\u00c9POSER DE L&rsquo;ARGENT POUR ACTIVER UN CODE PROMOTIONNEL?<\/h3>\n<p>Ce n&rsquo;est pas n\u00e9cessaire. De nombreux sites proposent des codes de bonus sans qu&rsquo;il soit n\u00e9cessaire d&rsquo;effectuer un premier d\u00e9p\u00f4t. Ces codes promotionnels sont appel\u00e9s \u00ab\u00a0no deposit\u00a0\u00bb.<\/p>\n","protected":false},"excerpt":{"rendered":"<p>Pour obtenir le code promo 2023 de RocketPlay, vous devez trouver les principaux avantages de cette option de promotion client. Tout d&rsquo;abord, les combinaisons de bonus peuvent \u00eatre utilis\u00e9es pour jouer gratuitement. Ce cadeau de l&rsquo;\u00e9tablissement permet de ne pas d\u00e9penser son argent. En cas de gain, le joueur peut retirer l&rsquo;argent ou l&rsquo;utiliser pour&#8230;<\/p>\n","protected":false},"author":1,"featured_media":0,"parent":0,"menu_order":0,"comment_status":"closed","ping_status":"closed","template":"","meta":{"_acf_changed":false,"_kad_post_transparent":"default","_kad_post_title":"default","_kad_post_layout":"default","_kad_post_sidebar_id":"","_kad_post_content_style":"default","_kad_post_vertical_padding":"default","_kad_post_feature":"","_kad_post_feature_position":"","_kad_post_header":false,"_kad_post_footer":false,"footnotes":""},"class_list":["post-2859","page","type-page","status-publish","hentry"],"acf":[],"rttpg_featured_image_url":null,"rttpg_author":{"display_name":"John","author_link":"https:\/\/rocketplay-new.com\/fr\/author\/pemvas95n89x\/"},"rttpg_comment":0,"rttpg_category":null,"rttpg_excerpt":"Pour obtenir le code promo 2023 de RocketPlay, vous devez trouver les principaux avantages de cette option de promotion client. Tout d&rsquo;abord, les combinaisons de bonus peuvent \u00eatre utilis\u00e9es pour jouer gratuitement. Ce cadeau de l&rsquo;\u00e9tablissement permet de ne pas d\u00e9penser son argent. En cas de gain, le joueur peut retirer l&rsquo;argent ou l&rsquo;utiliser pour...","_links":{"self":[{"href":"https:\/\/rocketplay-new.com\/fr\/wp-json\/wp\/v2\/pages\/2859","targetHints":{"allow":["GET"]}}],"collection":[{"href":"https:\/\/rocketplay-new.com\/fr\/wp-json\/wp\/v2\/pages"}],"about":[{"href":"https:\/\/rocketplay-new.com\/fr\/wp-json\/wp\/v2\/types\/page"}],"author":[{"embeddable":true,"href":"https:\/\/rocketplay-new.com\/fr\/wp-json\/wp\/v2\/users\/1"}],"replies":[{"embeddable":true,"href":"https:\/\/rocketplay-new.com\/fr\/wp-json\/wp\/v2\/comments?post=2859"}],"version-history":[{"count":2,"href":"https:\/\/rocketplay-new.com\/fr\/wp-json\/wp\/v2\/pages\/2859\/revisions"}],"predecessor-version":[{"id":2861,"href":"https:\/\/rocketplay-new.com\/fr\/wp-json\/wp\/v2\/pages\/2859\/revisions\/2861"}],"wp:attachment":[{"href":"https:\/\/rocketplay-new.com\/fr\/wp-json\/wp\/v2\/media?parent=2859"}],"curies":[{"name":"wp","href":"https:\/\/api.w.org\/{rel}","templated":true}]}}