{"id":2855,"date":"2022-08-11T19:50:04","date_gmt":"2022-08-11T16:50:04","guid":{"rendered":"https:\/\/rocketplay-new.com\/no-deposit-bonus\/"},"modified":"2022-10-31T18:12:29","modified_gmt":"2022-10-31T15:12:29","slug":"no-deposit-bonus","status":"publish","type":"page","link":"https:\/\/rocketplay-new.com\/fr\/no-deposit-bonus\/","title":{"rendered":"Codes de bonus sans d\u00e9p\u00f4t de RocketPlay"},"content":{"rendered":"<p><img loading=\"lazy\" decoding=\"async\" class=\" wp-image-288 aligncenter\" src=\"https:\/\/rocketplay-new.com\/wp-content\/uploads\/2022\/08\/no-deposit-bonuses-feature-img-300x150.png\" alt=\"no deposit bonuses\" width=\"646\" height=\"323\" srcset=\"https:\/\/rocketplay-new.com\/wp-content\/uploads\/2022\/08\/no-deposit-bonuses-feature-img-300x150.png 300w, https:\/\/rocketplay-new.com\/wp-content\/uploads\/2022\/08\/no-deposit-bonuses-feature-img-1024x512.png 1024w, https:\/\/rocketplay-new.com\/wp-content\/uploads\/2022\/08\/no-deposit-bonuses-feature-img-768x384.png 768w, https:\/\/rocketplay-new.com\/wp-content\/uploads\/2022\/08\/no-deposit-bonuses-feature-img.png 1200w\" sizes=\"auto, (max-width: 646px) 100vw, 646px\" \/><\/p>\n<p>Dans les \u00e9tablissements en ligne, lors de la cr\u00e9ation d&rsquo;un nouveau compte, le bonus est divis\u00e9, sous conditions, en deux types:<\/p>\n<p>Sur d\u00e9p\u00f4t &#8211; n\u00e9cessite un r\u00e9approvisionnement en esp\u00e8ces. Il peut s&rsquo;agir de certains pourcentages d&rsquo;argent ou de tours de bonus. Les conditions d&rsquo;obtention et d&rsquo;utilisation d&rsquo;un \u00e9tablissement de jeux de hasard sont \u00e9tablies de mani\u00e8re priv\u00e9e.<\/p>\n<p>Bonus sans d\u00e9p\u00f4t <a href=\"https:\/\/rocketplay-new.com\/fr\/\">RocketPlay<\/a> &#8211; l&rsquo;utilisateur le re\u00e7oit sans d\u00e9poser son propre argent. Il s&rsquo;agit g\u00e9n\u00e9ralement de tours suppl\u00e9mentaires. Dans le m\u00eame temps, les conditions d&rsquo;utilisation et les mises sont sensiblement plus complexes que dans la version payante.<\/p>\n<p>L&rsquo;une des caract\u00e9ristiques du bonus sans d\u00e9p\u00f4t 2023 de RocketPlay Casino est la possibilit\u00e9 de gagner sans d\u00e9poser de fonds. C&rsquo;est pratique et rentable, car il n&rsquo;est pas n\u00e9cessaire de d\u00e9penser son argent. Mais pour le recevoir, vous devrez remplir plusieurs conditions obligatoires de l&rsquo;\u00e9tablissement.<\/p>\n<p>Le bonus de casino gratuit sans d\u00e9p\u00f4t RocketPlay est offert lors de l&rsquo;enregistrement d&rsquo;un nouveau compte. Ce bonus fait office de r\u00e9compense pour un nouveau client. Ainsi, le portail Internet souhaite obtenir le plus de clients possible. Mais il n&rsquo;y a pas que le bureau qui reste gagnant. Un joueur peut jouer de nombreux tours gratuitement sans d\u00e9poser ses propres fonds. Les cadeaux sont des types suivants:<\/p>\n<p>Les <a href=\"https:\/\/rocketplay-new.com\/fr\/free-spins\/\">tours gratuits<\/a> sont des tours suppl\u00e9mentaires. Ils sont d\u00e9livr\u00e9s pour les machines \u00e0 sous sp\u00e9cialement allou\u00e9es pour les promotions. Il est n\u00e9cessaire d&rsquo;utiliser les rotations dans un certain d\u00e9lai. Chaque rotation a une valeur nominale. Le joueur b\u00e9n\u00e9ficie de tous les bonus en m\u00eame temps ou pendant un certain temps. Cela sera mentionn\u00e9 dans les termes et conditions.<\/p>\n<p>Montant d&rsquo;argent du bonus &#8211; contrairement aux tours gratuits, vous pouvez d\u00e9cider de celui qui sera le plus \u00e9lev\u00e9. Il existe des machines sp\u00e9ciales pour cela.<\/p>\n<p>Les gains sont envoy\u00e9s sur le compte bonus. Une mise est impos\u00e9e sur chaque pari gagn\u00e9. Il ne sera possible de retirer le bonus d&rsquo;inscription du casino qu&rsquo;apr\u00e8s avoir effectu\u00e9 la totalit\u00e9 des mises.<\/p>\n<h2>COMMENT R\u00c9CLAMER UN BONUS SANS D\u00c9P\u00d4T<\/h2>\n<p>Qu&rsquo;est-ce qu&rsquo;un bonus d&rsquo;inscription pour les joueurs? Dans les \u00e9tablissements en ligne, un bonus peut \u00eatre d\u00e9livr\u00e9 sous diff\u00e9rentes conditions. Le site fixe les r\u00e8gles de r\u00e9ception et d&rsquo;utilisation du bonus sans d\u00e9p\u00f4t en priv\u00e9. Mais vous devez d&rsquo;abord vous inscrire et passer la v\u00e9rification. Instruction \u00e9tape par \u00e9tape:<\/p>\n<ul>\n<li style=\"font-weight: 400;\" aria-level=\"1\">Vous devrez fournir une adresse postale pour confirmer votre inscription. En outre, elle vous sera demand\u00e9e ult\u00e9rieurement, l&rsquo;adresse doit donc \u00eatre fonctionnelle.<\/li>\n<li style=\"font-weight: 400;\" aria-level=\"1\">Ajoutez un num\u00e9ro de t\u00e9l\u00e9phone &#8211; vous en aurez \u00e9galement besoin plus tard. Lors de la v\u00e9rification de l&rsquo;identit\u00e9, le service de s\u00e9curit\u00e9 du site peut effectuer un appel test.<\/li>\n<li style=\"font-weight: 400;\" aria-level=\"1\">Cr\u00e9ez un mot de passe de six caract\u00e8res ou plus. Certains sites vous demandent de cr\u00e9er un mot de passe comportant des lettres et des caract\u00e8res sp\u00e9ciaux.<\/li>\n<li style=\"font-weight: 400;\" aria-level=\"1\">S\u00e9lectionnez la devise &#8211; les calculs sont effectu\u00e9s \u00e0 la valeur nominale. Il n&rsquo;est pas possible de modifier la s\u00e9lection ult\u00e9rieurement.<\/li>\n<li style=\"font-weight: 400;\" aria-level=\"1\">Entrez votre pays, votre ville, votre adresse personnelle et votre code postal, si n\u00e9cessaire.<\/li>\n<\/ul>\n<p>Passez un contr\u00f4le d&rsquo;identit\u00e9 &#8211; prenez une photo de votre passeport ou de votre permis de conduire. La photo doit \u00eatre de haute qualit\u00e9. Si vous avez besoin de la photo d&rsquo;une carte plastique, certains chiffres doivent \u00eatre cach\u00e9s. La v\u00e9rification prend de 24 heures \u00e0 3 jours selon les termes de la politique de l&rsquo;administration.<\/p>\n<p>Choisissez un bonus sans d\u00e9p\u00f4t s&rsquo;il n&rsquo;est pas donn\u00e9 imm\u00e9diatement apr\u00e8s l&rsquo;inscription. Vous pouvez \u00e9galement avoir besoin d&rsquo;utiliser les codes de bonus sans d\u00e9p\u00f4t du casino RocketPlay. L&rsquo;utilisateur doit \u00e9tudier attentivement les conditions du jeu.<\/p>\n<p>Toutes les donn\u00e9es doivent \u00eatre remplies avec pr\u00e9cision, sinon le processus sera rejet\u00e9 et tout ce que vous gagnerez ne pourra certainement pas \u00eatre retir\u00e9. La rev\u00e9rification du visage peut prendre plus de temps, et certains \u00e9tablissements facturent des amendes pour la rev\u00e9rification par la faute du client. Ensuite, le joueur re\u00e7oit des bonus sp\u00e9ciaux pour son inscription.<\/p>\n<p><img loading=\"lazy\" decoding=\"async\" class=\" wp-image-269 aligncenter\" src=\"https:\/\/rocketplay-new.com\/wp-content\/uploads\/2022\/08\/rocketplay.png.81fad21a548a0bf925c5d798697b8947-1-300x97.png\" alt=\"rocket play\" width=\"600\" height=\"194\" srcset=\"https:\/\/rocketplay-new.com\/wp-content\/uploads\/2022\/08\/rocketplay.png.81fad21a548a0bf925c5d798697b8947-1-300x97.png 300w, https:\/\/rocketplay-new.com\/wp-content\/uploads\/2022\/08\/rocketplay.png.81fad21a548a0bf925c5d798697b8947-1.png 496w\" sizes=\"auto, (max-width: 600px) 100vw, 600px\" \/><\/p>\n<h2>Autres bonus de Rocket Play<\/h2>\n<p>Quelles sont les autres offres sp\u00e9ciales ? En plus du bonus sans d\u00e9p\u00f4t RocketPlay Canada, il existe d&rsquo;autres offres pour les joueurs:<\/p>\n<ul>\n<li style=\"font-weight: 400;\" aria-level=\"1\">Bonus sans d\u00e9p\u00f4t. Fourni sous la forme d&rsquo;un ensemble de tours suppl\u00e9mentaires. Toutes les r\u00e8gles qui s&rsquo;appliquent \u00e0 cette offre sont \u00e9crites dans les conditions d&rsquo;activation.<\/li>\n<li style=\"font-weight: 400;\" aria-level=\"1\">Cashback. Le cashback est un remboursement partiel du montant des fonds que les joueurs ont perdus. Vous pouvez obtenir un cashback \u00e0 condition que le joueur ait perdu pendant la p\u00e9riode comptable, c&rsquo;est-\u00e0-dire qu&rsquo;il ait effectu\u00e9 des d\u00e9p\u00f4ts pour un montant total sup\u00e9rieur \u00e0 celui qu&rsquo;il a retir\u00e9 (en tenant compte du solde actuel). Le bonus est disponible chaque semaine\/mois.<\/li>\n<li style=\"font-weight: 400;\" aria-level=\"1\">Pourcentage du montant. Le plus souvent, il est compris entre 100 % et 200 %.<\/li>\n<li style=\"font-weight: 400;\" aria-level=\"1\">Bonus d&rsquo;inscription. Tous les utilisateurs peuvent recevoir un cadeau de bienvenue pour avoir termin\u00e9 avec succ\u00e8s le processus d&rsquo;inscription. Il peut s&rsquo;agir d&rsquo;un pourcentage d&rsquo;argent ou de tours gratuits.<\/li>\n<li style=\"font-weight: 400;\" aria-level=\"1\">Il existe diverses offres sp\u00e9ciales avec l&rsquo;utilisation de codes promotionnels, diverses promotions et plus encore.<\/li>\n<\/ul>\n<h2>FAQ<\/h2>\n<h3>QUI PEUT RECEVOIR DES INCITATIONS SP\u00c9CIALES?<\/h3>\n<p>Chaque utilisateur nouvellement enregistr\u00e9 re\u00e7oit un cadeau. Chaque \u00e9tablissement offre un tel cadeau aux d\u00e9butants afin de les inciter et de les int\u00e9resser.<\/p>\n<h3>COMMENT PUIS-JE ENCAISSER UN BONUS SANS D\u00c9P\u00d4T?<\/h3>\n<p>Pour commencer, cette promotion doit \u00eatre r\u00e9cup\u00e9r\u00e9e. Sans cela, vous ne pourrez en aucun cas retirer des fonds. Il faut donc toujours lire attentivement les conditions de l&rsquo;\u00e9tablissement afin de ne pas avoir de mauvaises surprises.<\/p>\n<h3>QUE PUIS-JE FAIRE AVEC MON BONUS D&rsquo;INSCRIPTION GRATUIT?<\/h3>\n<p>En g\u00e9n\u00e9ral, il est consacr\u00e9 \u00e0 l&rsquo;essai de diverses machines \u00e0 sous, ainsi que de la roulette, du poker et d&rsquo;autres jeux que vous trouverez sur le site. C&rsquo;est un excellent moyen d&rsquo;obtenir de nouveaux jeux et de faire des choix pour trouver la meilleure option pour vous.<\/p>\n<h3>COMBIEN DE FOIS PUIS-JE OBTENIR UN BONUS D&rsquo;INSCRIPTION?<\/h3>\n<p>Une seule fois. Si vous essayez d&rsquo;enregistrer un autre compte sur le m\u00eame site, avec une forte probabilit\u00e9, le syst\u00e8me le comprendra et bloquera votre compte.<\/p>\n","protected":false},"excerpt":{"rendered":"<p>Dans les \u00e9tablissements en ligne, lors de la cr\u00e9ation d&rsquo;un nouveau compte, le bonus est divis\u00e9, sous conditions, en deux types: Sur d\u00e9p\u00f4t &#8211; n\u00e9cessite un r\u00e9approvisionnement en esp\u00e8ces. Il peut s&rsquo;agir de certains pourcentages d&rsquo;argent ou de tours de bonus. Les conditions d&rsquo;obtention et d&rsquo;utilisation d&rsquo;un \u00e9tablissement de jeux de hasard sont \u00e9tablies de&#8230;<\/p>\n","protected":false},"author":1,"featured_media":0,"parent":0,"menu_order":0,"comment_status":"closed","ping_status":"closed","template":"single-no-sidebar.php","meta":{"_acf_changed":false,"_kad_post_transparent":"default","_kad_post_title":"default","_kad_post_layout":"default","_kad_post_sidebar_id":"","_kad_post_content_style":"default","_kad_post_vertical_padding":"default","_kad_post_feature":"","_kad_post_feature_position":"","_kad_post_header":false,"_kad_post_footer":false,"footnotes":""},"class_list":["post-2855","page","type-page","status-publish","hentry"],"acf":[],"rttpg_featured_image_url":null,"rttpg_author":{"display_name":"John","author_link":"https:\/\/rocketplay-new.com\/fr\/author\/pemvas95n89x\/"},"rttpg_comment":0,"rttpg_category":null,"rttpg_excerpt":"Dans les \u00e9tablissements en ligne, lors de la cr\u00e9ation d&rsquo;un nouveau compte, le bonus est divis\u00e9, sous conditions, en deux types: Sur d\u00e9p\u00f4t &#8211; n\u00e9cessite un r\u00e9approvisionnement en esp\u00e8ces. Il peut s&rsquo;agir de certains pourcentages d&rsquo;argent ou de tours de bonus. Les conditions d&rsquo;obtention et d&rsquo;utilisation d&rsquo;un \u00e9tablissement de jeux de hasard sont \u00e9tablies de...","_links":{"self":[{"href":"https:\/\/rocketplay-new.com\/fr\/wp-json\/wp\/v2\/pages\/2855","targetHints":{"allow":["GET"]}}],"collection":[{"href":"https:\/\/rocketplay-new.com\/fr\/wp-json\/wp\/v2\/pages"}],"about":[{"href":"https:\/\/rocketplay-new.com\/fr\/wp-json\/wp\/v2\/types\/page"}],"author":[{"embeddable":true,"href":"https:\/\/rocketplay-new.com\/fr\/wp-json\/wp\/v2\/users\/1"}],"replies":[{"embeddable":true,"href":"https:\/\/rocketplay-new.com\/fr\/wp-json\/wp\/v2\/comments?post=2855"}],"version-history":[{"count":2,"href":"https:\/\/rocketplay-new.com\/fr\/wp-json\/wp\/v2\/pages\/2855\/revisions"}],"predecessor-version":[{"id":2857,"href":"https:\/\/rocketplay-new.com\/fr\/wp-json\/wp\/v2\/pages\/2855\/revisions\/2857"}],"wp:attachment":[{"href":"https:\/\/rocketplay-new.com\/fr\/wp-json\/wp\/v2\/media?parent=2855"}],"curies":[{"name":"wp","href":"https:\/\/api.w.org\/{rel}","templated":true}]}}