{"id":2851,"date":"2022-08-11T19:38:48","date_gmt":"2022-08-11T16:38:48","guid":{"rendered":"https:\/\/rocketplay-new.com\/sign-up\/"},"modified":"2022-10-31T18:11:49","modified_gmt":"2022-10-31T15:11:49","slug":"sign-up","status":"publish","type":"page","link":"https:\/\/rocketplay-new.com\/fr\/sign-up\/","title":{"rendered":"Inscription \u00e0 Rocket Play Casino"},"content":{"rendered":"<p><img loading=\"lazy\" decoding=\"async\" class=\" wp-image-283 aligncenter\" src=\"https:\/\/rocketplay-new.com\/wp-content\/uploads\/2022\/08\/1-1-300x113.jpeg\" alt=\"rocket play casino Sign Up\" width=\"672\" height=\"253\" srcset=\"https:\/\/rocketplay-new.com\/wp-content\/uploads\/2022\/08\/1-1-300x113.jpeg 300w, https:\/\/rocketplay-new.com\/wp-content\/uploads\/2022\/08\/1-1-1024x384.jpeg 1024w, https:\/\/rocketplay-new.com\/wp-content\/uploads\/2022\/08\/1-1-768x288.jpeg 768w, https:\/\/rocketplay-new.com\/wp-content\/uploads\/2022\/08\/1-1.jpeg 1140w\" sizes=\"auto, (max-width: 672px) 100vw, 672px\" \/><\/p>\n<p>Dans le monde entier, l&rsquo;int\u00e9r\u00eat pour les jeux en ligne est en pleine expansion. De nombreux sites Web offrent un excellent service dans le domaine des jeux d&rsquo;argent sur Internet, suscitent l&rsquo;int\u00e9r\u00eat des joueurs potentiels gr\u00e2ce \u00e0 un vaste choix de jeux, des jackpots motivants, une bonne inversion des mises. Les aspects positifs qu&rsquo;apportent les jeux d&rsquo;argent en ligne:<\/p>\n<ul>\n<li>une protection accrue des joueurs potentiels contre les escrocs en ligne;<\/li>\n<li>une vari\u00e9t\u00e9 de jeux en fonction des pr\u00e9f\u00e9rences;<\/li>\n<li>de nombreuses promotions et r\u00e9compenses;<\/li>\n<li>il est possible de jouer sur n&rsquo;importe quel gadget que vous poss\u00e9dez;<\/li>\n<li>pas besoin de se d\u00e9placer, allez-y;<\/li>\n<li>vous pouvez choisir un jeu gratuit;<\/li>\n<li>gain de temps;<\/li>\n<li>assistance \u00e0 tous les niveaux du jeu.<\/li>\n<\/ul>\n<p>Tout ce dont vous avez besoin pour acc\u00e9der \u00e0 tous ces avantages est de vous inscrire au casino <a href=\"https:\/\/rocketplay-new.com\/fr\/\">RocketPlay<\/a>.<\/p>\n<p>Pourquoi s&rsquo;inscrire dans un casino ? Apr\u00e8s tout, de nombreux \u00e9tablissements en ligne proposent aux d\u00e9butants de s&rsquo;essayer gratuitement \u00e0 l&rsquo;un des jeux d&rsquo;argent. Mais si vous voulez jouer pour de l&rsquo;argent, vous devez absolument vous inscrire. Vous b\u00e9n\u00e9ficiez \u00e9galement d&rsquo;un bonus d&rsquo;inscription au casino RocketPlay. Si vous ne disposez pas d&rsquo;un compte valide, vous perdrez la possibilit\u00e9 de:<\/p>\n<ul>\n<li>placer des paris dans le casino;<\/li>\n<li>gagner des r\u00e9compenses;<\/li>\n<li>avoir la possibilit\u00e9 de devenir un laur\u00e9at;<\/li>\n<li>participer \u00e0 des comp\u00e9titions pour remporter des gains importants;<\/li>\n<li>compter sur une assistance.<\/li>\n<\/ul>\n<p>Par cons\u00e9quent, un joueur qui ne s&rsquo;inscrit pas au casino peut uniquement s&rsquo;informer sur les services et tester le jeu dans la version d\u00e9mo. Toute autre participation aux jeux lui est interdite. Pour s&rsquo;inscrire au casino, il faut \u00e9tudier le site officiel. Chaque joueur potentiel doit s&rsquo;assurer qu&rsquo;il existe une licence de l&rsquo;\u00e9tablissement de jeu dans lequel il a l&rsquo;intention de commencer le jeu. Si vous n&rsquo;\u00eates pas s\u00fbr de son authenticit\u00e9, rendez-vous sur le site de l&rsquo;autorit\u00e9 de r\u00e9gulation, o\u00f9 vous pourrez tout savoir.<\/p>\n<p>Vous devez \u00e9galement vous familiariser avec l&rsquo;ensemble des r\u00e8gles et les diverses conditions pr\u00e9sentes dans les jeux. Posez vos questions aux repr\u00e9sentants de l&rsquo;assistance technique, ils doivent \u00eatre loyaux envers vous. Assurez-vous que ce casino particulier vous inspire confiance et r\u00e9pond \u00e0 toutes vos exigences. Vous pouvez \u00e9galement vous inscrire depuis votre mobile. Pour cela, un bonus d&rsquo;inscription au casino <a href=\"https:\/\/rocketplay-new.com\/fr\/mobile-version\/\">mobile<\/a> RocketPlay est offert.<\/p>\n<p>Pour s&rsquo;inscrire dans un casino en ligne, un d\u00e9butant doit remplir un formulaire d&rsquo;inscription.<\/p>\n<p>Lisez attentivement tous les points et demandez \u00e0 quelqu&rsquo;un qui parle anglais de vous aider \u00e0 remplir le questionnaire. Les informations personnelles, qui comprennent le nom et le pr\u00e9nom, le sexe, la date de naissance, l&rsquo;adresse, doivent \u00eatre saisies telles qu&rsquo;elles sont indiqu\u00e9es dans les documents officiels. Le casino peut demander des copies de vos documents. Toutes les donn\u00e9es ne doivent pas \u00eatre diff\u00e9rentes.<\/p>\n<p><img loading=\"lazy\" decoding=\"async\" class=\" wp-image-284 alignright\" src=\"https:\/\/rocketplay-new.com\/wp-content\/uploads\/2022\/08\/rocketplay-registration-1-246x300.png\" alt=\"Sign Up\" width=\"336\" height=\"410\" srcset=\"https:\/\/rocketplay-new.com\/wp-content\/uploads\/2022\/08\/rocketplay-registration-1-246x300.png 246w, https:\/\/rocketplay-new.com\/wp-content\/uploads\/2022\/08\/rocketplay-registration-1.png 360w\" sizes=\"auto, (max-width: 336px) 100vw, 336px\" \/><\/p>\n<h3>Quels types de primes d&rsquo;inscription sont disponibles ?<\/h3>\n<p>Il existe deux principaux types de bonus :<\/p>\n<ul>\n<li style=\"font-weight: 400;\" aria-level=\"1\">Les bonus de d\u00e9p\u00f4t. Ces bonus comprennent les bonus de d\u00e9p\u00f4t, les bonus de rechargement avec cashback. Pour recevoir un tel bonus, vous devez obligatoirement vous inscrire au casino et effectuer un d\u00e9p\u00f4t. Le montant de ce d\u00e9p\u00f4t est diff\u00e9rent dans chaque casino. Le bonus de ce d\u00e9p\u00f4t peut d\u00e9pendre directement de la forme et du syst\u00e8me de paiement. Parfois, afin de recevoir des bonus pour un d\u00e9p\u00f4t, vous devez entrer un code promo.<\/li>\n<li style=\"font-weight: 400;\" aria-level=\"1\">Bonus de casino sans d\u00e9p\u00f4t. Il existe un casino sans d\u00e9p\u00f4t o\u00f9 vous vous inscrivez et recevez imm\u00e9diatement vos bonus sans avoir \u00e0 effectuer de d\u00e9p\u00f4t. C&rsquo;est pourquoi ce type de casino est plus pr\u00e9f\u00e9r\u00e9 par les joueurs. Chaque joueur peut recevoir de l&rsquo;argent gratuit pour un jeu d&rsquo;essai.<\/li>\n<li style=\"font-weight: 400;\" aria-level=\"1\">Il est n\u00e9cessaire de tenir compte du fait qu&rsquo;une offre all\u00e9chante n&rsquo;est pas toujours rentable, comme elle peut le sembler \u00e0 premi\u00e8re vue. Il ne faut pas se laisser tenter par le montant d&rsquo;\u00e9normes bonus. Lisez toujours les r\u00e8gles d&rsquo;application, elles sont souvent tr\u00e8s difficiles \u00e0 trouver en ligne.<\/li>\n<li style=\"font-weight: 400;\" aria-level=\"1\">Nous conseillons vivement aux d\u00e9butants de ne pas faire de paris en direct tout de suite. Lisez attentivement les jeux en version de d\u00e9monstration gratuite, essayez-les, comprenez-les afin d&rsquo;\u00e9viter de graves \u00e9checs. Vous devez trouver un moyen pratique pour d\u00e9poser de l&rsquo;argent sur votre compte. Il peut s&rsquo;agir de cartes de d\u00e9bit et de paiement, de divers portefeuilles \u00e9lectroniques et de bons d&rsquo;achat, etc. Pensez \u00e0 tout, des \u00e9ch\u00e9ances aux diverses limites.<\/li>\n<\/ul>\n<h2>FAQ<\/h2>\n<h3>L&rsquo;INSCRIPTION EST-ELLE OBLIGATOIRE POUR LES JOUEURS DU CASINO ?<\/h3>\n<p>Pour ouvrir un compte, avoir la possibilit\u00e9 de jouer pour de l&rsquo;argent r\u00e9el et obtenir un acc\u00e8s Internet au service, l&rsquo;inscription est n\u00e9cessaire.<\/p>\n<h3>COMBIEN DE TEMPS FAUT-IL POUR S&rsquo;INSCRIRE \u00c0 UN CASINO EN LIGNE ?<\/h3>\n<p>L&rsquo;ensemble du processus prend quelques minutes. Apr\u00e8s cela, vous recevrez imm\u00e9diatement un bonus d&rsquo;inscription gratuit au casino RocketPlay.<\/p>\n<h3>POURQUOI LA V\u00c9RIFICATION D&rsquo;UN JOUEUR POTENTIEL EST-ELLE N\u00c9CESSAIRE ?<\/h3>\n<p>Pour garantir la s\u00e9curit\u00e9 des d\u00e9p\u00f4ts et des comptes clients, l&rsquo;\u00e9quipe de l&rsquo;op\u00e9rateur de jeux a besoin de ces informations. Cela permet \u00e9galement de pr\u00e9venir le blanchiment d&rsquo;argent et d&#8217;emp\u00eacher les chasseurs de bonus d&rsquo;agir.<\/p>\n","protected":false},"excerpt":{"rendered":"<p>Dans le monde entier, l&rsquo;int\u00e9r\u00eat pour les jeux en ligne est en pleine expansion. De nombreux sites Web offrent un excellent service dans le domaine des jeux d&rsquo;argent sur Internet, suscitent l&rsquo;int\u00e9r\u00eat des joueurs potentiels gr\u00e2ce \u00e0 un vaste choix de jeux, des jackpots motivants, une bonne inversion des mises. Les aspects positifs qu&rsquo;apportent les&#8230;<\/p>\n","protected":false},"author":1,"featured_media":0,"parent":0,"menu_order":0,"comment_status":"closed","ping_status":"closed","template":"","meta":{"_acf_changed":false,"_kad_post_transparent":"default","_kad_post_title":"default","_kad_post_layout":"default","_kad_post_sidebar_id":"","_kad_post_content_style":"default","_kad_post_vertical_padding":"default","_kad_post_feature":"","_kad_post_feature_position":"","_kad_post_header":false,"_kad_post_footer":false,"footnotes":""},"class_list":["post-2851","page","type-page","status-publish","hentry"],"acf":[],"rttpg_featured_image_url":null,"rttpg_author":{"display_name":"John","author_link":"https:\/\/rocketplay-new.com\/fr\/author\/pemvas95n89x\/"},"rttpg_comment":0,"rttpg_category":null,"rttpg_excerpt":"Dans le monde entier, l&rsquo;int\u00e9r\u00eat pour les jeux en ligne est en pleine expansion. De nombreux sites Web offrent un excellent service dans le domaine des jeux d&rsquo;argent sur Internet, suscitent l&rsquo;int\u00e9r\u00eat des joueurs potentiels gr\u00e2ce \u00e0 un vaste choix de jeux, des jackpots motivants, une bonne inversion des mises. Les aspects positifs qu&rsquo;apportent les...","_links":{"self":[{"href":"https:\/\/rocketplay-new.com\/fr\/wp-json\/wp\/v2\/pages\/2851","targetHints":{"allow":["GET"]}}],"collection":[{"href":"https:\/\/rocketplay-new.com\/fr\/wp-json\/wp\/v2\/pages"}],"about":[{"href":"https:\/\/rocketplay-new.com\/fr\/wp-json\/wp\/v2\/types\/page"}],"author":[{"embeddable":true,"href":"https:\/\/rocketplay-new.com\/fr\/wp-json\/wp\/v2\/users\/1"}],"replies":[{"embeddable":true,"href":"https:\/\/rocketplay-new.com\/fr\/wp-json\/wp\/v2\/comments?post=2851"}],"version-history":[{"count":2,"href":"https:\/\/rocketplay-new.com\/fr\/wp-json\/wp\/v2\/pages\/2851\/revisions"}],"predecessor-version":[{"id":2853,"href":"https:\/\/rocketplay-new.com\/fr\/wp-json\/wp\/v2\/pages\/2851\/revisions\/2853"}],"wp:attachment":[{"href":"https:\/\/rocketplay-new.com\/fr\/wp-json\/wp\/v2\/media?parent=2851"}],"curies":[{"name":"wp","href":"https:\/\/api.w.org\/{rel}","templated":true}]}}