{"id":2847,"date":"2022-06-13T19:10:03","date_gmt":"2022-06-13T16:10:03","guid":{"rendered":"https:\/\/rocketplay-new.com\/baccarat\/"},"modified":"2025-04-03T21:06:57","modified_gmt":"2025-04-03T18:06:57","slug":"baccarat","status":"publish","type":"page","link":"https:\/\/rocketplay-new.com\/fr\/baccarat\/","title":{"rendered":"Jouer au baccara pour de l&rsquo;argent r\u00e9el"},"content":{"rendered":"<p>Le baccara en ligne pour de l&rsquo;argent r\u00e9el <a href=\"https:\/\/rocketplay-new.com\/fr\/\">RocketPlay<\/a> est consid\u00e9r\u00e9 comme particuli\u00e8rement prestigieux parmi les jeux de casino, bien que sa r\u00e9putation de jeu d&rsquo;\u00e9lite repose davantage sur son exclusivit\u00e9 que sur sa difficult\u00e9. En fait, la plupart des versions du baccara auxquelles vous jouerez dans un <a href=\"https:\/\/rocketplay-new.com\/fr\/live-casino\/\">casino en direct<\/a> ne n\u00e9cessitent aucune comp\u00e9tence. Le baccara en ligne RocketPlay offre un bon avantage pour un jeu qui ne n\u00e9cessite pratiquement pas de m\u00e9morisation de secrets strat\u00e9giques, si bien que le jeu traditionnel est souvent jou\u00e9 dans une partie s\u00e9par\u00e9e du casino pour des mises \u00e9lev\u00e9es. Traditionnellement, le baccara est propos\u00e9 aux joueurs avec des mises \u00e9lev\u00e9es, un peu comme les machines \u00e0 sous avec des mises de 100 $ par tour offrent souvent des chances de gain plus \u00e9lev\u00e9es que leurs homologues \u00e0 1 $ par tour. Ajoutez-y les smokings et les robes de soir\u00e9e, et voil\u00e0 comment le jeu a acquis une renomm\u00e9e mystique qui a perdur\u00e9 jusqu&rsquo;au 21e si\u00e8cle.<\/p>\n<p><img loading=\"lazy\" decoding=\"async\" class=\"aligncenter wp-image-4933\" src=\"https:\/\/rocketplay-new.com\/wp-content\/uploads\/2024\/02\/999.png\" alt=\"RocketPlay Baccarat \" width=\"800\" height=\"311\" srcset=\"https:\/\/rocketplay-new.com\/wp-content\/uploads\/2024\/02\/999.png 1301w, https:\/\/rocketplay-new.com\/wp-content\/uploads\/2024\/02\/999-300x116.png 300w, https:\/\/rocketplay-new.com\/wp-content\/uploads\/2024\/02\/999-1024x397.png 1024w, https:\/\/rocketplay-new.com\/wp-content\/uploads\/2024\/02\/999-768x298.png 768w\" sizes=\"auto, (max-width: 800px) 100vw, 800px\" \/><\/p>\n<h2>BACCARAT EN LIGNE POUR DE L&rsquo;ARGENT R\u00c9EL<\/h2>\n<p>Les casinos en ligne proposent toujours une ou plusieurs formes de baccara en ligne gratuit RocketPlay dans leur logiciel. La version en ligne se joue de la m\u00eame mani\u00e8re que les versions automatis\u00e9es du jeu que vous trouverez dans les casinos traditionnels. L&rsquo;avantage du casino reste faible pour un jeu qui n&rsquo;utilise presque aucune strat\u00e9gie. M\u00e9fiez-vous des fonctions de jeu automatique ou rapide qui peuvent vous \u00eatre propos\u00e9es. Elles ne feront qu&rsquo;augmenter le nombre de fois par heure o\u00f9 vous rencontrerez l&rsquo;avantage du casino et tireront plus d&rsquo;argent de votre poche (en moyenne).<\/p>\n<p><span style=\"font-weight: 400;\">\u00a0\u00a0<div class=\"go-btn-container\"><div class=\"tosh-btn\"><a href=\"\/go-casino\/\" target=\"_blank\" rel=\"noopener\">JOUEZ MAINTENANT<\/a><\/div><\/div> <\/span><\/p>\n<h2>BACCARAT EN LIGNE EN DIRECT<\/h2>\n<p>La meilleure fa\u00e7on de jouer au baccara en ligne RocketPlay pour de l&rsquo;argent r\u00e9el est de jouer \u00e0 l&rsquo;un des jeux de baccara en direct. Il ne s&rsquo;agit pas d&rsquo;un logiciel bas\u00e9 sur un g\u00e9n\u00e9rateur de nombres al\u00e9atoires, mais de vraies personnes sont utilis\u00e9es pour obtenir les r\u00e9sultats du jeu. Ces personnes sont des employ\u00e9s du casino en ligne ou du fournisseur de logiciel, et elles sont disponibles en direct, gr\u00e2ce \u00e0 une diffusion depuis un studio de jeu quelque part dans le monde.<\/p>\n<p>Les croupiers en direct sont des professionnels form\u00e9s, tout comme le personnel d&rsquo;un casino traditionnel. Vous leur parlez \u00e0 l&rsquo;aide d&rsquo;une technologie similaire \u00e0 Skype, et ils peuvent vous r\u00e9pondre. La cam\u00e9ra est toujours dirig\u00e9e vers les croupiers, de sorte que vous ne perdez jamais de vue les cartes. Le baccara en ligne en direct pour de l&rsquo;argent r\u00e9el est le meilleur moyen de profiter de l&rsquo;un des plus anciens jeux de casino sur votre ordinateur, dans le confort de votre maison.<\/p>\n<h2>HISTOIRE<\/h2>\n<p>Dans les ann\u00e9es 1980, l&rsquo;engouement autour du baccara a pris une telle ampleur que les casinos de Las Vegas ont commenc\u00e9 \u00e0 en proposer une version pour le commun des mortels. Ce jeu s&rsquo;appelait le mini-baccarat. Il s&rsquo;agissait d&rsquo;une version simplifi\u00e9e du jeu avec un croupier au lieu d&rsquo;un banquier, car le casino d\u00e9tenait la banque du jeu. Cela signifiait que les paris \u00e9taient plac\u00e9s plus rapidement et que davantage de tours \u00e9taient jou\u00e9s par heure, ce qui permettait au casino d&rsquo;obtenir un pourcentage plus \u00e9lev\u00e9 du pot que dans un jeu normal. Une version similaire appel\u00e9e midi-punto a \u00e9t\u00e9 d\u00e9velopp\u00e9e par des op\u00e9rateurs europ\u00e9ens.<\/p>\n<p>Parall\u00e8lement, une version fran\u00e7aise du jeu, appel\u00e9e Chemin de Fer, existe toujours en France. Ce jeu n\u00e9cessite des d\u00e9cisions s\u00e9rieuses qui affectent l&rsquo;issue de la partie, une \u00e9tude de l&rsquo;aspect strat\u00e9gique serait donc n\u00e9cessaire. Une foule d&rsquo;autres variantes ont ensuite \u00e9t\u00e9 cr\u00e9\u00e9es, notamment le Baccarat EZ, le Super 6 Baccarat (ou \u00ab\u00a0Punto 2000\u00a0\u00bb) et le Baccarat banque. Dans cet article, j&rsquo;aborderai chacun de ces jeux et ce que vous devez savoir pour y jouer en argent r\u00e9el.<\/p>\n<p><img loading=\"lazy\" decoding=\"async\" class=\"aligncenter wp-image-4943\" src=\"https:\/\/rocketplay-new.com\/wp-content\/uploads\/2024\/02\/9999999.png\" alt=\"RocketPlay Baccarat 2\" width=\"800\" height=\"294\" srcset=\"https:\/\/rocketplay-new.com\/wp-content\/uploads\/2024\/02\/9999999.png 1188w, https:\/\/rocketplay-new.com\/wp-content\/uploads\/2024\/02\/9999999-300x110.png 300w, https:\/\/rocketplay-new.com\/wp-content\/uploads\/2024\/02\/9999999-1024x377.png 1024w, https:\/\/rocketplay-new.com\/wp-content\/uploads\/2024\/02\/9999999-768x283.png 768w\" sizes=\"auto, (max-width: 800px) 100vw, 800px\" \/><\/p>\n<h2>R\u00c8GLES DE BASE<\/h2>\n<p>Le but du jeu RocketPlay online baccarat Canada pour de l&rsquo;argent r\u00e9el est de r\u00e9unir une combinaison de cartes aussi proche que possible d&rsquo;un 9. Les combinaisons de cartes sont diff\u00e9rentes de celles de la plupart des jeux de cartes, mais elles sont intuitives, vous les apprendrez donc apr\u00e8s quelques parties. La valeur des cartes, du deux au neuf, est \u00e9gale \u00e0 leur valeur nominale. Un as vous donne un point. Les dizaines, les valets, les dames et les rois ont une valeur faciale de 0, ils n&rsquo;ajoutent donc rien \u00e0 votre combinaison. Si un joueur a 10 points ou plus dans sa main, dix est soustrait de ceux-ci, puis le compte va de 0-1-2-3-4-5-5-6-7-8-9-0-1-2-3 et ainsi de suite. Par exemple, 9 et 5 compteront pour 4, et non pour 14.<\/p>\n<p>Les r\u00e8gles du jeu sont faciles \u00e0 retenir. Ces r\u00e8gles d\u00e9terminent quand un joueur et un banquier prennent plus de cartes et quand ils ne sont pas autoris\u00e9s \u00e0 le faire. Cela peut prendre un certain temps pour se rappeler quand faire certains mouvements, mais les r\u00e8gles sont strictes, donc vous ne ferez pas d&rsquo;erreurs pendant votre apprentissage.<\/p>\n<p><span style=\"font-weight: 400;\">\u00a0\u00a0<div class=\"go-btn-container\"><div class=\"tosh-btn\"><a href=\"\/go-casino\/\" target=\"_blank\" rel=\"noopener\">JOUEZ MAINTENANT<\/a><\/div><\/div> <\/span><\/p>\n<h2>JOUER AU BACCARAT AVEC DE L&rsquo;ARGENT R\u00c9EL<\/h2>\n<p>Pour jouer \u00e0 ce jeu \u00e0 Las Vegas ou \u00e0 Macao, vous devrez probablement faire des mises plus \u00e9lev\u00e9es. Si vous voulez jouer au baccara pour de l&rsquo;argent r\u00e9el sur RocketPlay, mais que vous ne voulez pas jouer pour de plus grosses sommes, essayez le mini baccara.<\/p>\n<h2>STRAT\u00c9GIE POUR JOUER AU BACCARAT<\/h2>\n<p>Le conseil de strat\u00e9gie pour le baccara en ligne RocketPlay est assez simple : pariez toujours sur la victoire du banquier. Ne pariez jamais, en aucune circonstance, sur un tirage au sort. Bien que le gain soit important, c&rsquo;est un pari perdant.<\/p>\n<h2>BACCARAT : FAQ<\/h2>\n<h3>DES CONSEILS POUR JOUER AU BACCARA?<\/h3>\n<p>Deux des meilleurs conseils pour ceux qui jouent au baccara sont de toujours parier sur le banquier et de garder un \u0153il sur votre bankroll. En ce qui concerne ce dernier point, tant que vous n&rsquo;\u00eates pas compl\u00e8tement familiaris\u00e9 avec le jeu, il est pr\u00e9f\u00e9rable d&rsquo;\u00e9viter les syst\u00e8mes de pari et de vous concentrer sur les paris que vous pouvez vous permettre.<\/p>\n<h3>LE BACCARAT EN LIGNE EST-IL L\u00c9GAL?<\/h3>\n<p>Le jeu de baccara en ligne sans t\u00e9l\u00e9chargement RocketPlay est l\u00e9gal. Vous pouvez facilement jouer au baccara pour de l&rsquo;argent r\u00e9el sur votre PC, votre smartphone ou votre tablette.<\/p>\n<h3>PUIS-JE JOUER AU BACCARAT AVEC DES BITCOINS?<\/h3>\n<p>Aujourd&rsquo;hui, la plupart des casinos en ligne acceptent le bitcoin, vous n&rsquo;aurez donc aucun probl\u00e8me \u00e0 jouer au baccarat en ligne avec cette crypto-monnaie. En fait, de nombreux joueurs choisissent le bitcoin car le paiement des gains est instantan\u00e9, et vous n&rsquo;avez pas \u00e0 attendre l&rsquo;arriv\u00e9e des transferts et \u00e0 payer des frais.<\/p>\n<h3>PUIS-JE OBTENIR UN BONUS DE BACCARAT?<\/h3>\n<p>Certains casinos en ligne n&rsquo;incluent pas le baccarat dans la liste des jeux pour lesquels un bonus de bienvenue est offert, en raison de son faible avantage. D&rsquo;autres casinos offrent des bonus, alors recherchez les conditions du bonus \u00ab\u00a0jeux de table\u00a0\u00bb pour voir si votre casino offre un bonus de baccarat.<\/p>\n<p>Si vous trouvez des <a href=\"https:\/\/rocketplay-new.com\/fr\/bonus\/\">bonus<\/a> de baccara, n&rsquo;oubliez pas qu&rsquo;ils sont assortis d&rsquo;exigences de mise plus strictes que les bonus de machines \u00e0 sous, en raison du faible avantage du casino.<\/p>\n<p><img loading=\"lazy\" decoding=\"async\" class=\"aligncenter wp-image-4952\" src=\"https:\/\/rocketplay-new.com\/wp-content\/uploads\/2024\/02\/99.png\" alt=\"RocketPlay Baccarat 3\" width=\"800\" height=\"416\" srcset=\"https:\/\/rocketplay-new.com\/wp-content\/uploads\/2024\/02\/99.png 1167w, https:\/\/rocketplay-new.com\/wp-content\/uploads\/2024\/02\/99-300x156.png 300w, https:\/\/rocketplay-new.com\/wp-content\/uploads\/2024\/02\/99-1024x533.png 1024w, https:\/\/rocketplay-new.com\/wp-content\/uploads\/2024\/02\/99-768x399.png 768w\" sizes=\"auto, (max-width: 800px) 100vw, 800px\" \/><\/p>\n<h3>LES SYST\u00c8MES DE PARI AU BACCARAT FONCTIONNENT-ILS?<\/h3>\n<p>\u00c9tant donn\u00e9 le faible facteur de strat\u00e9gie au baccarat, certains joueurs utilisent des syst\u00e8mes de pari pour contourner l&rsquo;avantage du casino. Parmi les syst\u00e8mes les plus populaires pour jouer au baccarat figurent les syst\u00e8mes D&rsquo;Alamber, Laboucher et Martingale.<\/p>\n<p>Ces syst\u00e8mes peuvent vous aider \u00e0 obtenir un gros gain lors d&rsquo;une session individuelle, mais aucun d&rsquo;entre eux ne peut contourner l&rsquo;avantage du casino \u00e0 long terme.<\/p>\n","protected":false},"excerpt":{"rendered":"<p>Le baccara en ligne pour de l&rsquo;argent r\u00e9el RocketPlay est consid\u00e9r\u00e9 comme particuli\u00e8rement prestigieux parmi les jeux de casino, bien que sa r\u00e9putation de jeu d&rsquo;\u00e9lite repose davantage sur son exclusivit\u00e9 que sur sa difficult\u00e9. En fait, la plupart des versions du baccara auxquelles vous jouerez dans un casino en direct ne n\u00e9cessitent aucune comp\u00e9tence&#8230;.<\/p>\n","protected":false},"author":1,"featured_media":0,"parent":0,"menu_order":0,"comment_status":"closed","ping_status":"closed","template":"","meta":{"_acf_changed":false,"_kad_post_transparent":"default","_kad_post_title":"default","_kad_post_layout":"default","_kad_post_sidebar_id":"","_kad_post_content_style":"default","_kad_post_vertical_padding":"default","_kad_post_feature":"","_kad_post_feature_position":"","_kad_post_header":false,"_kad_post_footer":false,"footnotes":""},"class_list":["post-2847","page","type-page","status-publish","hentry"],"acf":[],"rttpg_featured_image_url":null,"rttpg_author":{"display_name":"John","author_link":"https:\/\/rocketplay-new.com\/fr\/author\/pemvas95n89x\/"},"rttpg_comment":0,"rttpg_category":null,"rttpg_excerpt":"Le baccara en ligne pour de l&rsquo;argent r\u00e9el RocketPlay est consid\u00e9r\u00e9 comme particuli\u00e8rement prestigieux parmi les jeux de casino, bien que sa r\u00e9putation de jeu d&rsquo;\u00e9lite repose davantage sur son exclusivit\u00e9 que sur sa difficult\u00e9. En fait, la plupart des versions du baccara auxquelles vous jouerez dans un casino en direct ne n\u00e9cessitent aucune comp\u00e9tence....","_links":{"self":[{"href":"https:\/\/rocketplay-new.com\/fr\/wp-json\/wp\/v2\/pages\/2847","targetHints":{"allow":["GET"]}}],"collection":[{"href":"https:\/\/rocketplay-new.com\/fr\/wp-json\/wp\/v2\/pages"}],"about":[{"href":"https:\/\/rocketplay-new.com\/fr\/wp-json\/wp\/v2\/types\/page"}],"author":[{"embeddable":true,"href":"https:\/\/rocketplay-new.com\/fr\/wp-json\/wp\/v2\/users\/1"}],"replies":[{"embeddable":true,"href":"https:\/\/rocketplay-new.com\/fr\/wp-json\/wp\/v2\/comments?post=2847"}],"version-history":[{"count":4,"href":"https:\/\/rocketplay-new.com\/fr\/wp-json\/wp\/v2\/pages\/2847\/revisions"}],"predecessor-version":[{"id":5854,"href":"https:\/\/rocketplay-new.com\/fr\/wp-json\/wp\/v2\/pages\/2847\/revisions\/5854"}],"wp:attachment":[{"href":"https:\/\/rocketplay-new.com\/fr\/wp-json\/wp\/v2\/media?parent=2847"}],"curies":[{"name":"wp","href":"https:\/\/api.w.org\/{rel}","templated":true}]}}