{"id":2843,"date":"2022-06-13T18:39:57","date_gmt":"2022-06-13T15:39:57","guid":{"rendered":"https:\/\/rocketplay-new.com\/roulette\/"},"modified":"2025-04-08T11:35:46","modified_gmt":"2025-04-08T08:35:46","slug":"roulette","status":"publish","type":"page","link":"https:\/\/rocketplay-new.com\/fr\/roulette\/","title":{"rendered":"Jouer \u00e0 la roulette sur RocketPlay Casino"},"content":{"rendered":"<p>Tout le monde sait que la roulette en ligne RocketPlay est un jeu passionnant et int\u00e9ressant. C&rsquo;est pourquoi de nombreux utilisateurs sont impatients de s&rsquo;y essayer, en choisissant une machine \u00e0 sous similaire. Ce n&rsquo;est pas sans raison que dans les temps anciens, la roulette \u00e9tait appel\u00e9e la reine des jeux de hasard. De nombreuses croyances &#8211; y compris mystiques &#8211; \u00e9taient li\u00e9es \u00e0 ce merveilleux divertissement. Le principal attrait de ce jeu est que l&rsquo;issue de chaque session est impr\u00e9visible. Il est impossible de pr\u00e9voir o\u00f9 s&rsquo;arr\u00eatera la bille qui court sur la roue noire et rouge. RocketPlay online roulette real money, agissant sur un g\u00e9n\u00e9rateur de nombres al\u00e9atoires, recr\u00e9e de mani\u00e8re color\u00e9e l&rsquo;atmosph\u00e8re des jeux r\u00e9els, qui n&rsquo;est r\u00e9gie que par sa majest\u00e9 Dame Chance. On dit que ce divertissement risqu\u00e9 a des racines fran\u00e7aises. Cependant, la popularit\u00e9 du jeu est telle que les r\u00e9sidents de diff\u00e9rents pays choisissent la roulette \u00e0 sous, gr\u00e2ce au fait qu&rsquo;il s&rsquo;agit d&rsquo;\u00e9mulateurs de haute qualit\u00e9 d&rsquo;un divertissement populaire. Le <a href=\"https:\/\/rocketplay-new.com\/fr\/casino\/\">casino en ligne RocketPlay<\/a> propose un grand nombre de types de roulette, essayez-les tous et choisissez le meilleur pour vous.<\/p>\n<p><img loading=\"lazy\" decoding=\"async\" class=\"aligncenter wp-image-4807\" src=\"https:\/\/rocketplay-new.com\/wp-content\/uploads\/2024\/02\/453545.png\" alt=\"Roulette RocketPlay Casino\" width=\"800\" height=\"457\" srcset=\"https:\/\/rocketplay-new.com\/wp-content\/uploads\/2024\/02\/453545.png 1413w, https:\/\/rocketplay-new.com\/wp-content\/uploads\/2024\/02\/453545-300x171.png 300w, https:\/\/rocketplay-new.com\/wp-content\/uploads\/2024\/02\/453545-1024x585.png 1024w, https:\/\/rocketplay-new.com\/wp-content\/uploads\/2024\/02\/453545-768x439.png 768w\" sizes=\"auto, (max-width: 800px) 100vw, 800px\" \/><\/p>\n<h2>Comment commencer \u00e0 jouer \u00e0 la table de roulette virtuelle?<\/h2>\n<p>L&rsquo;utilisateur doit savoir qu&rsquo;il existe des versions de d\u00e9monstration de ce divertissement populaire &#8211; cela vous permet d&rsquo;activer la machine gratuitement. L&rsquo;avantage d&rsquo;activer les <a href=\"https:\/\/rocketplay-new.com\/fr\/slot-machines\/\">machines \u00e0 sous<\/a> gratuitement est que leur choix vous permet d&rsquo;apprendre la bonne attitude envers les divertissements risqu\u00e9s, tout en ma\u00eetrisant les algorithmes classiques du jeu. Pour r\u00e9ussir \u00e0 jouer \u00e0 la roulette en ligne RocketPlay Canada, il faut avoir un esprit critique sobre et une certaine dose d&rsquo;\u00e9quanimit\u00e9. Il est \u00e9galement important de comprendre les r\u00e8gles d&rsquo;une machine \u00e0 sous particuli\u00e8re, \u00e9tant donn\u00e9 que les diff\u00e9rentes modifications de la roulette ont leurs propres nuances. Encore une fois, comme dans le cas du vid\u00e9o poker, vous ne trouverez pas une roulette europ\u00e9enne ou, par exemple, une table de roulette am\u00e9ricaine avec un <a href=\"https:\/\/rocketplay-new.com\/fr\/live-casino\/\">croupier<\/a> en direct produit par Novomatic (machines \u00e0 sous Gaminator), ainsi que la production de simulateurs pour les jeux de table et non impliqu\u00e9 et aim\u00e9 par tous les joueurs dans l&rsquo;ancienne Union sovi\u00e9tique producteur de machines \u00e0 sous Igrosoft.<\/p>\n<p><span style=\"font-weight: 400;\"><div class=\"go-btn-container\"><div class=\"tosh-btn\"><a href=\"\/go-casino\/\" target=\"_blank\" rel=\"noopener\">JOUEZ MAINTENANT<\/a><\/div><\/div>\u00a0<\/span><\/p>\n<h2>LES TYPES DE ROULETTE ET LEURS CARACT\u00c9RISTIQUES<\/h2>\n<p>Il est connu que ce jeu comporte de nombreuses variantes : Roulette am\u00e9ricaine, fran\u00e7aise, Nouvelle-Orl\u00e9ans, europ\u00e9enne, etc. Les utilisateurs exp\u00e9riment\u00e9s conseillent de jouer \u00e0 la roulette en ligne RocketPlay &#8211; ils ont un taux de retour \u00e9lev\u00e9. Les chances de l&rsquo;utilisateur de gagner augmentent gr\u00e2ce \u00e0 une nuance int\u00e9ressante &#8211; il n&rsquo;y a pas de symbole double z\u00e9ro sur la roue, ce qui est typique de la version am\u00e9ricaine.<\/p>\n<p>Il convient de noter que certaines roulettes ne proposent que des mises standard, tandis que d&rsquo;autres proposent \u00e9galement des mises orales. La seconde option est plus adapt\u00e9e aux utilisateurs exp\u00e9riment\u00e9s qui souhaitent diversifier le plus possible le jeu. Consultez les conseils de la roulette en ligne RocketPlay.<\/p>\n<p><img loading=\"lazy\" decoding=\"async\" class=\"aligncenter wp-image-4816\" src=\"https:\/\/rocketplay-new.com\/wp-content\/uploads\/2024\/02\/2223232.png\" alt=\"Roulette RocketPlay Casino 2\" width=\"800\" height=\"448\" srcset=\"https:\/\/rocketplay-new.com\/wp-content\/uploads\/2024\/02\/2223232.png 1183w, https:\/\/rocketplay-new.com\/wp-content\/uploads\/2024\/02\/2223232-300x168.png 300w, https:\/\/rocketplay-new.com\/wp-content\/uploads\/2024\/02\/2223232-1024x573.png 1024w, https:\/\/rocketplay-new.com\/wp-content\/uploads\/2024\/02\/2223232-768x430.png 768w\" sizes=\"auto, (max-width: 800px) 100vw, 800px\" \/><\/p>\n<h2>\u00c9MULATEUR DE ROULETTE EN LIGNE DESIGN<\/h2>\n<p>L&rsquo;apparence des machines \u00e0 sous dans les caract\u00e9ristiques r\u00e9elles de ce jeu. L&rsquo;utilisateur y verra une roue famili\u00e8re, divis\u00e9e en secteurs, une boule, un champ pour parier et des jetons. L&rsquo;utilisateur novice doit absolument apprendre les r\u00e8gles de la roulette en ligne RocketPlay. Il y a une description d\u00e9taill\u00e9e des options et des caract\u00e9ristiques de chaque pari, ainsi que des paiements si vous gagnez. La technologie informatique moderne permet au processus de jeu sur ces machines peut \u00eatre exprim\u00e9 par un croupier virtuel conseils. Les machines \u00e0 sous \u00e0 roulette se caract\u00e9risent par un large \u00e9ventail de paris possibles. Il y a des paris sur pair\/impair, noir\/rouge, rang\u00e9es et colonnes, un certain nombre. Le plus grand profit est apport\u00e9 par les paris sur le nombre ou le z\u00e9ro, seulement une telle chance tombe rarement. Le gain maximum sur les machines \u00e0 sous est de x36. Il est pr\u00e9c\u00e9d\u00e9 par le choix correct d&rsquo;un nombre particulier, qui a arr\u00eat\u00e9 la boule.<\/p>\n<p>Le jeu de roulette en ligne est souvent pr\u00e9sent dans les intrigues des films populaires. Les fournisseurs modernes ont diversifi\u00e9 le jeu, cr\u00e9ant des machines parfois uniques avec des r\u00e8gles l\u00e9g\u00e8rement diff\u00e9rentes. Il s&rsquo;agit juste de choisir la bonne option et de se pr\u00e9parer au succ\u00e8s !<\/p>\n<p><span style=\"font-weight: 400;\"><div class=\"go-btn-container\"><div class=\"tosh-btn\"><a href=\"\/go-casino\/\" target=\"_blank\" rel=\"noopener\">JOUEZ MAINTENANT<\/a><\/div><\/div>\u00a0<\/span><\/p>\n<h2>Roulette: FAQ<\/h2>\n<h3>QUEL TYPE DE ROULETTE PROPOSE ROCKETPLAY?<\/h3>\n<p>Le casino en ligne RocketPlay propose les types de roulette suivants : Roulette am\u00e9ricaine, europ\u00e9enne, immersive, am\u00e9ricaine et europ\u00e9enne avec croupiers en direct (d&rsquo;Ezugi et Evolution Gaming), ainsi que la roulette dite russe &#8211; roulette avec un z\u00e9ro et une croupi\u00e8re russophone.<\/p>\n<h3>PUIS-JE JOUER GRATUITEMENT \u00c0 LA TABLE DE ROULETTE?<\/h3>\n<p>Oui, la roulette Tom Horn dispose de la roulette gratuite RocketPlay. La roulette (comme tous les jeux avec croupier en direct) n\u00e9cessite une inscription et des fonds r\u00e9els ou bonus sur votre compte.<\/p>\n<h3>QU&rsquo;EST-CE QUE LA ROULETTE?<\/h3>\n<p>La roulette se traduit du fran\u00e7ais par \u00ab\u00a0petite roue\u00a0\u00bb. Cette roue tournante contient 36 chiffres et le 0 (z\u00e9ro, ou m\u00eame double z\u00e9ro dans la version am\u00e9ricanis\u00e9e du jeu). La table de roulette est divis\u00e9e en ces sections : chiffres 1-12, 2-12, 3-12, 1-18, 19-36, blocs tous pairs, tous impairs, tous noirs, tous rouges.<\/p>\n<h3>COMMENT FAIRE DES PARIS \u00c0 LA TABLE DE ROULETTE?<\/h3>\n<p>Nous allons \u00e9num\u00e9rer les paris en fonction de leur type. Paris internes (sur le marquage num\u00e9rique interne de la table de roulette) : pour 1 num\u00e9ro &#8211; multiplicateur 35, pour 2 num\u00e9ros &#8211; 17, pour 3 num\u00e9ros &#8211; 11, pour 4 num\u00e9ros &#8211; 8, pour 5 num\u00e9ros &#8211; 5, dans la version am\u00e9ricaine il y a en plus des paris pour deux z\u00e9ros (0, 00) &#8211; multiplicateur 17 et un pari pour 5 num\u00e9ros (0, 00, 1, 2, 3) avec multiplicateur 6. Paris ext\u00e9rieurs (selon le cercle du marquage num\u00e9rique de la table de roulette) : rouge ou noir &#8211; multiplicateur 1, pair ou impair &#8211; 1, pari sur la colonne (ainsi que sur la douzaine, 12 num\u00e9ros) &#8211; 2.<\/p>\n<p><img loading=\"lazy\" decoding=\"async\" class=\"aligncenter wp-image-4826\" src=\"https:\/\/rocketplay-new.com\/wp-content\/uploads\/2024\/02\/23132131.png\" alt=\"Roulette RocketPlay Casino 3\" width=\"800\" height=\"419\" srcset=\"https:\/\/rocketplay-new.com\/wp-content\/uploads\/2024\/02\/23132131.png 1175w, https:\/\/rocketplay-new.com\/wp-content\/uploads\/2024\/02\/23132131-300x157.png 300w, https:\/\/rocketplay-new.com\/wp-content\/uploads\/2024\/02\/23132131-1024x537.png 1024w, https:\/\/rocketplay-new.com\/wp-content\/uploads\/2024\/02\/23132131-768x403.png 768w\" sizes=\"auto, (max-width: 800px) 100vw, 800px\" \/><\/p>\n<h3>QUELLE EST LA MEILLEURE ROULETTE &#8211; AM\u00c9RICAINE OU EUROP\u00c9ENNE?<\/h3>\n<p>Le choix de la roulette d\u00e9pend uniquement de vos pr\u00e9f\u00e9rences et de votre exp\u00e9rience. Cependant, les math\u00e9matiques disent que la roulette am\u00e9ricaine, gr\u00e2ce au double z\u00e9ro, donne au casino un avantage sur la roulette europ\u00e9enne &#8211; 5,6% de la probabilit\u00e9 initiale de gagner le casino \u00e0 une table avec deux z\u00e9ros contre 2,7% pour la roulette europ\u00e9enne.<\/p>\n<h3>PUIS-JE UTILISER LA STRAT\u00c9GIE DE LA MARTINGALE (ET D&rsquo;AUTRES) EN JOUANT \u00c0 LA ROULETTE CHEZ ROCKETPLAY?<\/h3>\n<p>Ne soyez pas dupe. Dans le jeu \u00e0 la table de roulette, il n&rsquo;y a pas de strat\u00e9gie &#8211; le jeu entier est juste une s\u00e9rie de bons et de moins bons tirages. Les syst\u00e8mes math\u00e9matiques, qui sont bas\u00e9s sur l&rsquo;augmentation constante des mises, ne vous donnent aucun avantage sur le casino, et la strat\u00e9gie de la roulette RocketPlay avec le calcul du prochain num\u00e9ro sont absurdes par essence. La seule chose dont vous avez besoin \u00e0 la table de roulette est la chance !<\/p>\n","protected":false},"excerpt":{"rendered":"<p>Tout le monde sait que la roulette en ligne RocketPlay est un jeu passionnant et int\u00e9ressant. C&rsquo;est pourquoi de nombreux utilisateurs sont impatients de s&rsquo;y essayer, en choisissant une machine \u00e0 sous similaire. Ce n&rsquo;est pas sans raison que dans les temps anciens, la roulette \u00e9tait appel\u00e9e la reine des jeux de hasard. De nombreuses&#8230;<\/p>\n","protected":false},"author":1,"featured_media":0,"parent":0,"menu_order":0,"comment_status":"closed","ping_status":"closed","template":"","meta":{"_acf_changed":false,"_kad_post_transparent":"default","_kad_post_title":"default","_kad_post_layout":"default","_kad_post_sidebar_id":"","_kad_post_content_style":"default","_kad_post_vertical_padding":"default","_kad_post_feature":"","_kad_post_feature_position":"","_kad_post_header":false,"_kad_post_footer":false,"footnotes":""},"class_list":["post-2843","page","type-page","status-publish","hentry"],"acf":[],"rttpg_featured_image_url":null,"rttpg_author":{"display_name":"John","author_link":"https:\/\/rocketplay-new.com\/fr\/author\/pemvas95n89x\/"},"rttpg_comment":0,"rttpg_category":null,"rttpg_excerpt":"Tout le monde sait que la roulette en ligne RocketPlay est un jeu passionnant et int\u00e9ressant. C&rsquo;est pourquoi de nombreux utilisateurs sont impatients de s&rsquo;y essayer, en choisissant une machine \u00e0 sous similaire. Ce n&rsquo;est pas sans raison que dans les temps anciens, la roulette \u00e9tait appel\u00e9e la reine des jeux de hasard. De nombreuses...","_links":{"self":[{"href":"https:\/\/rocketplay-new.com\/fr\/wp-json\/wp\/v2\/pages\/2843","targetHints":{"allow":["GET"]}}],"collection":[{"href":"https:\/\/rocketplay-new.com\/fr\/wp-json\/wp\/v2\/pages"}],"about":[{"href":"https:\/\/rocketplay-new.com\/fr\/wp-json\/wp\/v2\/types\/page"}],"author":[{"embeddable":true,"href":"https:\/\/rocketplay-new.com\/fr\/wp-json\/wp\/v2\/users\/1"}],"replies":[{"embeddable":true,"href":"https:\/\/rocketplay-new.com\/fr\/wp-json\/wp\/v2\/comments?post=2843"}],"version-history":[{"count":7,"href":"https:\/\/rocketplay-new.com\/fr\/wp-json\/wp\/v2\/pages\/2843\/revisions"}],"predecessor-version":[{"id":6026,"href":"https:\/\/rocketplay-new.com\/fr\/wp-json\/wp\/v2\/pages\/2843\/revisions\/6026"}],"wp:attachment":[{"href":"https:\/\/rocketplay-new.com\/fr\/wp-json\/wp\/v2\/media?parent=2843"}],"curies":[{"name":"wp","href":"https:\/\/api.w.org\/{rel}","templated":true}]}}