{"id":2839,"date":"2022-06-13T17:39:32","date_gmt":"2022-06-13T14:39:32","guid":{"rendered":"https:\/\/rocketplay-new.com\/blackjack\/"},"modified":"2025-11-25T23:18:42","modified_gmt":"2025-11-25T20:18:42","slug":"blackjack","status":"publish","type":"page","link":"https:\/\/rocketplay-new.com\/fr\/blackjack\/","title":{"rendered":"Jouez au Blackjack avec de l&rsquo;argent r\u00e9el sur RocketPlay Casino."},"content":{"rendered":"<p>Le blackjack offre le meilleur avantage de pari d&rsquo;une maison de jeu parmi tous les jeux de table d&rsquo;un casino. Il existe des dizaines de variantes populaires du blackjack. La plupart de ces versions offrent des rendements attendus l\u00e9g\u00e8rement sup\u00e9rieurs ou inf\u00e9rieurs, mais fournissent \u00e9galement certaines des chances les plus \u00e9lev\u00e9es que vous trouverez dans une maison de jeu. C&rsquo;est pourquoi les joueurs qui se rendent dans les casinos trouvent tant de tables diff\u00e9rentes, souvent avec des r\u00e8gles compl\u00e8tement diff\u00e9rentes.<\/p>\n<p>Si vous comptez jouer au blackjack pour de l&rsquo;argent r\u00e9el, il vaut la peine d&rsquo;apprendre les diff\u00e9rentes variations des r\u00e8gles. Trouver la meilleure table de blackjack dans le casino vous permettra d&rsquo;\u00e9conomiser beaucoup d&rsquo;argent \u00e0 la fin de la session de jeu. Chaque r\u00e8gle ajout\u00e9e au jeu classique du blackjack modifie non seulement l&rsquo;avantage du casino, mais aussi la strat\u00e9gie du joueur pour optimiser son argent de jeu &#8211; le bankroll.<\/p>\n<p><img loading=\"lazy\" decoding=\"async\" class=\"aligncenter wp-image-4962\" src=\"https:\/\/rocketplay-new.com\/wp-content\/uploads\/2024\/02\/10.png\" alt=\"Blackjack RocketPlay Casino\" width=\"800\" height=\"466\" srcset=\"https:\/\/rocketplay-new.com\/wp-content\/uploads\/2024\/02\/10.png 1416w, https:\/\/rocketplay-new.com\/wp-content\/uploads\/2024\/02\/10-300x175.png 300w, https:\/\/rocketplay-new.com\/wp-content\/uploads\/2024\/02\/10-1024x597.png 1024w, https:\/\/rocketplay-new.com\/wp-content\/uploads\/2024\/02\/10-768x447.png 768w\" sizes=\"auto, (max-width: 800px) 100vw, 800px\" \/><\/p>\n<h2>JEUX DE BLACKJACK POUR DE L&rsquo;ARGENT R\u00c9EL<\/h2>\n<p>Lorsque vous jouez au blackjack pour de l&rsquo;argent r\u00e9el, vous devez conna\u00eetre les jeux de strat\u00e9gie de base du blackjack RocketPlay. Les jeux tels que le keno, la roulette et les machines \u00e0 sous n&rsquo;ont pas d&rsquo;aspect strat\u00e9gique. Tout joueur est aussi bon qu&rsquo;un autre, que vous jouiez depuis 30 minutes ou 30 ans. Au blackjack, les joueurs prennent de v\u00e9ritables d\u00e9cisions strat\u00e9giques qui affectent les chances de gagner et de perdre. C&rsquo;est pourquoi RocketPlay Casino propose ce jeu avec un avantage de la maison de jeu aussi faible. Sa direction sait que la plupart des joueurs de blackjack ne seront pas en mesure de jouer de mani\u00e8re optimale. Lorsque l&rsquo;on ne fait pas les bons mouvements, l&rsquo;avantage de la maison de jeu s&rsquo;\u00e9l\u00e8ve au niveau des autres jeux de table non strat\u00e9giques.<\/p>\n<p>Pour s&rsquo;am\u00e9liorer, les joueurs doivent apprendre la strat\u00e9gie de base. Il existe des livres qui expliquent les bases de la strat\u00e9gie de base, comme \u00ab\u00a0Beat the Dealer\u00a0\u00bb d&rsquo;Edward Thorpe. Il existe \u00e9galement des graphiques et des tableaux que vous pouvez m\u00e9moriser. Lorsque vous essayez de m\u00e9moriser un tableau de strat\u00e9gie de base, vous apprenez les meilleures \u00e9tapes pour chaque sc\u00e9nario possible. Ces tableaux sont souvent cod\u00e9s par couleur pour chaque jeu possible. Ils utilisent \u00e9galement des initiales par commodit\u00e9 (et en raison des limites de taille). Ils vous diront quand demander une carte (H), \u00e9carter une carte (S), s\u00e9parer une paire (SP) et doubler (D).<\/p>\n<p><span style=\"font-weight: 400;\">\u00a0<div class=\"go-btn-container\"><div class=\"tosh-btn\"><a href=\"\/go-casino\/\" target=\"_blank\" rel=\"noopener\">JOUEZ MAINTENANT<\/a><\/div><\/div> <\/span><\/p>\n<h2>21 : options de jeu<\/h2>\n<p>Le blackjack <a href=\"https:\/\/rocketplay-new.com\/fr\/\">en ligne RocketPlay<\/a> comporte des dizaines de variantes. Pour chaque variation du jeu, vous devrez trouver le tableau de strat\u00e9gie de base appropri\u00e9. Il existe des tableaux de blackjack classiques pour le jeu traditionnel. Il existe des tableaux pour le Pontoon Blackjack et des tableaux pour le Spanish 21, et ainsi de suite pour toutes les autres vari\u00e9t\u00e9s et r\u00e8gles. Le vingt-et-un a de nombreuses versions, donc si vous d\u00e9cidez de jouer \u00e0 chaque jeu, vous devrez avoir des tableaux s\u00e9par\u00e9s pour les paires parfaites, le switch, le blackjack progressif, l&rsquo;\u00e9limination du blackjack, le super fan 21, les doubles ouvertures, et tous les autres types que vous voulez ma\u00eetriser. Vous pouvez trouver ces tableaux de strat\u00e9gies de base en ligne et les imprimer gratuitement, alors ne pensez pas que vous devez acheter un livre pour apprendre tous ces guides utiles.<\/p>\n<p>Lorsque vous jouez au blackjack en ligne gratuitement sur RocketPlay, vous devriez conna\u00eetre les strat\u00e9gies par c\u0153ur. Elles devraient \u00eatre grav\u00e9es dans votre m\u00e9moire, mais si vous n&rsquo;\u00eates toujours pas s\u00fbr de vous, pensez \u00e0 emporter un tableau de strat\u00e9gie de base \u00e0 la table. Il est l\u00e9gitime de s&rsquo;appuyer sur ces tableaux, tout comme de demander conseil au croupier. La seule chose qui n&rsquo;est pas autoris\u00e9e est de cr\u00e9er des pauses et de retarder le jeu avec vos questions tactiques. Cela nuit au fonctionnement de la maison de jeu et emp\u00eache les autres joueurs de profiter du jeu, et ce comportement est donc mal vu.<\/p>\n<p>Gardez \u00e0 l&rsquo;esprit qu&rsquo;une strat\u00e9gie de base ne vous donnera pas un avantage sur le casino. Mais elle peut minimiser l&rsquo;avantage du casino sur vous. Une strat\u00e9gie de base au blackjack en argent r\u00e9el est l&rsquo;\u00e9quivalent d&rsquo;un achat au rabais : elle permet d&rsquo;\u00e9tirer votre dollar de casino autant que possible. Lorsque vous jouez de l&rsquo;argent, profitez de tous les avantages l\u00e9gaux que vous pouvez. Misez sur la bonne strat\u00e9gie, profitez de toutes les offres du casino et g\u00e9rez judicieusement votre capital pour limiter les d\u00e9g\u00e2ts si vous perdez.Les bases du comptage de cartes<\/p>\n<p>Les joueurs qui veulent prendre l&rsquo;avantage sur RocketPlay Casino doivent apprendre \u00e0 compter les cartes. Ceux qui ont lu des livres, regard\u00e9 des vid\u00e9os et des films hollywoodiens ont pu penser que le comptage de cartes est un syst\u00e8me math\u00e9matique myst\u00e9rieux et compliqu\u00e9. En fait, il s&rsquo;agit d&rsquo;un syst\u00e8me math\u00e9matique de base, que n&rsquo;importe quel \u00e9l\u00e8ve de CM1 peut utiliser. L&rsquo;astuce du comptage de cartes consiste \u00e0 le faire discr\u00e8tement aupr\u00e8s du personnel du casino.<\/p>\n<p>C&rsquo;est difficile, car si vous vous asseyez et vous concentrez pour compter les cartes qui sortent de la main du croupier, cela risque d&rsquo;\u00eatre remarqu\u00e9. Le croupier qui compte les cartes doit modifier ses mises de mani\u00e8re importante afin de profiter des moments o\u00f9 la disposition des cartes est en sa faveur. Si vous r\u00e9fl\u00e9chissez tranquillement \u00e0 quelque chose et que vous changez vos mises de 5 \u00e0 100 dollars \u00e0 diff\u00e9rents moments, vous serez imm\u00e9diatement remarqu\u00e9. Bien qu&rsquo;il ne soit pas ill\u00e9gal de compter les cartes, si vous \u00eates remarqu\u00e9, on peut vous demander de partir ou le personnel du casino commencera \u00e0 vous distraire pendant que vous jouez. Vous devez donc \u00eatre du genre bavard et extraverti, n&rsquo;h\u00e9sitant pas \u00e0 changer vos mises de temps en temps, car vous \u00eates sans doute un gros joueur qui s&rsquo;ennuie. Vous comprenez maintenant pourquoi ce jeu est consid\u00e9r\u00e9 comme difficile \u00e0 vendre.<\/p>\n<h2>BLACKJACK EN LIGNE POUR DE L&rsquo;ARGENT R\u00c9EL<\/h2>\n<p>L&rsquo;une des principales diff\u00e9rences entre le blackjack en ligne traditionnel RocketPlay Canada et le vingt-et-un en ligne est l&rsquo;inclusion d&rsquo;un g\u00e9n\u00e9rateur de nombres al\u00e9atoires pour produire des r\u00e9sultats. Le RNG est utilis\u00e9 dans les machines \u00e0 sous traditionnelles et pour les r\u00e9sultats de vid\u00e9o poker depuis 30 ans, il s&rsquo;agit donc d&rsquo;un moyen s\u00fbr et \u00e9prouv\u00e9 de d\u00e9terminer les r\u00e9sultats. Mais l&rsquo;utilisation d&rsquo;une puce informatique dans la production du jeu donne \u00e0 l&rsquo;op\u00e9rateur du jeu en ligne certains avantages, \u00e0 savoir la possibilit\u00e9 de m\u00e9langer les jeux de cartes apr\u00e8s chaque main. Pour cette raison, le comptage des cartes au blackjack en ligne est totalement inutile. Acceptez simplement le fait que vous ne pourrez jamais compter les cartes en ligne, et essayez de trouver d&rsquo;autres moyens de gagner un avantage.<\/p>\n<p>L&rsquo;un des avantages de RocketPlay online blackjack real money online 21 est le programme de r\u00e9compenses des joueurs. La plupart d&rsquo;entre eux sont appel\u00e9s \u00ab\u00a0bonus VIP\u00a0\u00bb, mais ils s&rsquo;appliquent souvent aux jeux de blackjack. Vous savez probablement que dans les maisons de jeu traditionnelles, la table de vingt-et-un ne dispose pas d&rsquo;un bon programme d&rsquo;incitation comme il en existe pour les machines \u00e0 sous. Dans le secteur des casinos en ligne, les choses sont un peu plus \u00e9quilibr\u00e9es. Alors que la plupart des <a href=\"https:\/\/rocketplay-new.com\/fr\/bonus\/\">bonus<\/a> de bienvenue vont \u00e0 ceux qui jouent aux machines \u00e0 sous plut\u00f4t qu&rsquo;au blackjack et au vid\u00e9o poker, la plupart des sites proposent aux joueurs de vingt-et-un d&rsquo;accumuler des points bonus pour leur inscription. Cependant, dans les programmes de r\u00e9compenses continus, les bonus d\u00e9pendent souvent du montant que vous jouez et ne d\u00e9pendent pas du type de jeu. Ce n&rsquo;est pas toujours le cas, il est donc conseill\u00e9 de bien rechercher les bonus VIP sur le site avant de trop jouer au blackjack RocketPlay.<\/p>\n<p><img loading=\"lazy\" decoding=\"async\" class=\"aligncenter wp-image-4972\" src=\"https:\/\/rocketplay-new.com\/wp-content\/uploads\/2024\/02\/1000.png\" alt=\"Blackjack RocketPlay Casino 2\" width=\"800\" height=\"451\" srcset=\"https:\/\/rocketplay-new.com\/wp-content\/uploads\/2024\/02\/1000.png 1192w, https:\/\/rocketplay-new.com\/wp-content\/uploads\/2024\/02\/1000-300x169.png 300w, https:\/\/rocketplay-new.com\/wp-content\/uploads\/2024\/02\/1000-1024x577.png 1024w, https:\/\/rocketplay-new.com\/wp-content\/uploads\/2024\/02\/1000-768x433.png 768w\" sizes=\"auto, (max-width: 800px) 100vw, 800px\" \/><\/p>\n<h3>BLACKJACK EN LIGNE AVEC UN CROUPIER EN DIRECT<\/h3>\n<p>Aujourd&rsquo;hui, le blackjack reste un passe-temps majeur pour des millions de personnes dans le monde. Gr\u00e2ce aux derni\u00e8res technologies, de plus en plus de plateformes de jeu en ligne offrent \u00e0 leurs visiteurs un nouveau niveau d&rsquo;exp\u00e9rience interactive parfaitement combin\u00e9 \u00e0 l&rsquo;atmosph\u00e8re authentique d&rsquo;un casino traditionnel.<\/p>\n<p>Les joueurs sont accueillis par des croupiers professionnels en direct, form\u00e9s pour occuper leurs invit\u00e9s 24 heures sur 24 et 7 jours sur 7, tandis que les joueurs appr\u00e9cieront le streaming en direct incroyablement d\u00e9taill\u00e9. Gr\u00e2ce \u00e0 des cam\u00e9ras ultramodernes, la table (g\u00e9n\u00e9ralement \u00e9quip\u00e9e d&rsquo;un m\u00e9lange manuel des cartes) et les croupiers sont en pleine vue, de sorte que pas un seul geste n&rsquo;\u00e9chappe \u00e0 l&rsquo;objectif.<\/p>\n<h3>PROGRAMMES DE BONUS VIP ET DE CARTES DE CR\u00c9DIT<\/h3>\n<p>Au blackjack en ligne, des \u00e9l\u00e9ments comme les comps (points de d\u00e9part pour les visiteurs), le cashback et les bonus peuvent contribuer \u00e0 r\u00e9duire l&rsquo;avantage de la maison de jeu. Rappelez-vous \u00e9galement que vous pouvez approvisionner votre compte de jeu avec des cartes de cr\u00e9dit, donc lorsque vous jouez en ligne, n&rsquo;oubliez pas de maximiser les bonus sur votre VISA et MasterCard.<\/p>\n<p><span style=\"font-weight: 400;\">\u00a0<div class=\"go-btn-container\"><div class=\"tosh-btn\"><a href=\"\/go-casino\/\" target=\"_blank\" rel=\"noopener\">JOUEZ MAINTENANT<\/a><\/div><\/div> <\/span><\/p>\n<h3>CONSEILS POUR LE BLACKJACK EN LIGNE POUR DE L&rsquo;ARGENT R\u00c9EL<\/h3>\n<p>L&rsquo;id\u00e9e derri\u00e8re le jeu de vingt-et-un est de trouver un jeu de casino avec un avantage minimum \u00e0 domicile. Vous pousserez cette id\u00e9e jusqu&rsquo;\u00e0 sa conclusion logique lorsque vous choisirez le blackjack comme jeu. Trouvez la meilleure version du jeu du vingt-et-un dans tous les casinos o\u00f9 vous jouez. Cela n&rsquo;est pas toujours facile car les r\u00e8gles du jeu ne sont pas toujours \u00e9videntes au d\u00e9part et doivent \u00eatre comprises lorsque vous vous rendez \u00e0 la table de jeu. Lorsque vous cliquez sur le jeu, passez en revue les diff\u00e9rents gains et les r\u00e8gles suppl\u00e9mentaires du blackjack RocketPlay avant de faire la moindre mise.<\/p>\n<p>Puisque vous jouez en ligne, vous pouvez comparer ces termes au tableau et voir dans quelle mesure chaque r\u00e8gle affecte l&rsquo;avantage de la maison de jeu. En fait, certains sites offrent une ressource o\u00f9 vous pouvez <a href=\"https:\/\/rocketplay-new.com\/fr\/download\/\">t\u00e9l\u00e9charger<\/a> les r\u00e8gles compl\u00e8tes du jeu de blackjack RocketPlay et voir l&rsquo;avantage de la maison. Cela peut prendre un certain temps avant de commencer \u00e0 jouer dans un nouveau casino, mais c&rsquo;est un effort que vous n&rsquo;aurez \u00e0 faire qu&rsquo;une seule fois. Une fois que vous avez identifi\u00e9 le meilleur jeu de casino en ligne, notez-le sur votre ordinateur \u00e0 l&rsquo;aide d&rsquo;un simple fichier Notepad. Lorsque le moment est venu de jouer \u00e0 nouveau, il vous suffit de vous r\u00e9f\u00e9rer \u00e0 ces notes. Conservez une liste des meilleurs jeux de blackjack pour chaque communaut\u00e9 de jeu en ligne \u00e0 laquelle vous appartenez. Il peut sembler ennuyeux de ne jouer qu&rsquo;\u00e0 une seule version du jeu, mais si vous voulez jouer \u00e0 tous les types, c&rsquo;est que vous vous int\u00e9ressez \u00e0 autre chose, pas aux meilleures chances de gagner. Votre opinion sur la version du blackjack est aussi valable que la mienne, je vous laisse donc prendre cette d\u00e9cision par vous-m\u00eame.<\/p>\n<p><img loading=\"lazy\" decoding=\"async\" class=\"aligncenter wp-image-4981\" src=\"https:\/\/rocketplay-new.com\/wp-content\/uploads\/2024\/02\/1000000000000.png\" alt=\"Blackjack RocketPlay Casino 3\" width=\"800\" height=\"576\" srcset=\"https:\/\/rocketplay-new.com\/wp-content\/uploads\/2024\/02\/1000000000000.png 1171w, https:\/\/rocketplay-new.com\/wp-content\/uploads\/2024\/02\/1000000000000-300x216.png 300w, https:\/\/rocketplay-new.com\/wp-content\/uploads\/2024\/02\/1000000000000-1024x737.png 1024w, https:\/\/rocketplay-new.com\/wp-content\/uploads\/2024\/02\/1000000000000-768x553.png 768w\" sizes=\"auto, (max-width: 800px) 100vw, 800px\" \/><\/p>\n<h2>Blackjack: FAQ<\/h2>\n<h3>LE BLACKJACK EN LIGNE EST-IL L\u00c9GAL ?<\/h3>\n<p>Oui, le blackjack en ligne est tout \u00e0 fait l\u00e9gal et est g\u00e9r\u00e9 par un g\u00e9n\u00e9rateur de nombres al\u00e9atoires (RNG). Le RNG garantit que chaque main est totalement al\u00e9atoire.<\/p>\n<p>Vous devez \u00e9galement \u00eatre rassur\u00e9 sur le fait que les op\u00e9rations de casino en ligne sont autoris\u00e9es, elles doivent se conformer aux r\u00e8gles de fair-play d&rsquo;une juridiction particuli\u00e8re.<\/p>\n<h3>COMMENT PUIS-JE OBTENIR UN BONUS DE BLACKJACK EN LIGNE ?<\/h3>\n<p>La plupart des casinos en ligne offrent des bonus de blackjack semblables aux bonus de \u00ab\u00a0jeux de table\u00a0\u00bb. Il s&rsquo;agit d&rsquo;un bonus correspondant au montant de votre d\u00e9p\u00f4t, et vous devez respecter les conditions de mise pour pouvoir encaisser votre bonus.<\/p>\n<p>De plus, vous obtenez g\u00e9n\u00e9ralement des points comps pour jouer au blackjack, ce qui vous permet de gagner des r\u00e9compenses suppl\u00e9mentaires.<\/p>\n<h3>COMMENT JOUER AU BLACKJACK EN LIGNE POUR LE PLAISIR ?<\/h3>\n<p>Chaque casino en ligne vous permet de jouer au blackjack en ligne pour le plaisir, sans faire de d\u00e9p\u00f4t. Dans certains cas, vous n&rsquo;avez m\u00eame pas besoin de vous inscrire. Au lieu de cela, vous pouvez simplement cliquer sur le jeu de blackjack qui vous int\u00e9resse et il s&rsquo;ouvrira dans une fen\u00eatre pop-up.<\/p>\n","protected":false},"excerpt":{"rendered":"<p>Le blackjack offre le meilleur avantage de pari d&rsquo;une maison de jeu parmi tous les jeux de table d&rsquo;un casino. Il existe des dizaines de variantes populaires du blackjack. La plupart de ces versions offrent des rendements attendus l\u00e9g\u00e8rement sup\u00e9rieurs ou inf\u00e9rieurs, mais fournissent \u00e9galement certaines des chances les plus \u00e9lev\u00e9es que vous trouverez dans&#8230;<\/p>\n","protected":false},"author":1,"featured_media":0,"parent":0,"menu_order":0,"comment_status":"closed","ping_status":"closed","template":"","meta":{"_acf_changed":false,"_kad_post_transparent":"default","_kad_post_title":"default","_kad_post_layout":"default","_kad_post_sidebar_id":"","_kad_post_content_style":"default","_kad_post_vertical_padding":"default","_kad_post_feature":"","_kad_post_feature_position":"","_kad_post_header":false,"_kad_post_footer":false,"footnotes":""},"class_list":["post-2839","page","type-page","status-publish","hentry"],"acf":[],"rttpg_featured_image_url":null,"rttpg_author":{"display_name":"John","author_link":"https:\/\/rocketplay-new.com\/fr\/author\/pemvas95n89x\/"},"rttpg_comment":0,"rttpg_category":null,"rttpg_excerpt":"Le blackjack offre le meilleur avantage de pari d&rsquo;une maison de jeu parmi tous les jeux de table d&rsquo;un casino. Il existe des dizaines de variantes populaires du blackjack. La plupart de ces versions offrent des rendements attendus l\u00e9g\u00e8rement sup\u00e9rieurs ou inf\u00e9rieurs, mais fournissent \u00e9galement certaines des chances les plus \u00e9lev\u00e9es que vous trouverez dans...","_links":{"self":[{"href":"https:\/\/rocketplay-new.com\/fr\/wp-json\/wp\/v2\/pages\/2839","targetHints":{"allow":["GET"]}}],"collection":[{"href":"https:\/\/rocketplay-new.com\/fr\/wp-json\/wp\/v2\/pages"}],"about":[{"href":"https:\/\/rocketplay-new.com\/fr\/wp-json\/wp\/v2\/types\/page"}],"author":[{"embeddable":true,"href":"https:\/\/rocketplay-new.com\/fr\/wp-json\/wp\/v2\/users\/1"}],"replies":[{"embeddable":true,"href":"https:\/\/rocketplay-new.com\/fr\/wp-json\/wp\/v2\/comments?post=2839"}],"version-history":[{"count":4,"href":"https:\/\/rocketplay-new.com\/fr\/wp-json\/wp\/v2\/pages\/2839\/revisions"}],"predecessor-version":[{"id":5835,"href":"https:\/\/rocketplay-new.com\/fr\/wp-json\/wp\/v2\/pages\/2839\/revisions\/5835"}],"wp:attachment":[{"href":"https:\/\/rocketplay-new.com\/fr\/wp-json\/wp\/v2\/media?parent=2839"}],"curies":[{"name":"wp","href":"https:\/\/api.w.org\/{rel}","templated":true}]}}