{"id":2830,"date":"2022-09-20T14:31:33","date_gmt":"2022-09-20T11:31:33","guid":{"rendered":"https:\/\/rocketplay-new.com\/monkey-king\/"},"modified":"2025-04-03T20:32:16","modified_gmt":"2025-04-03T17:32:16","slug":"monkey-king","status":"publish","type":"page","link":"https:\/\/rocketplay-new.com\/fr\/monkey-king\/","title":{"rendered":"Machine \u00e0 sous Monkey King"},"content":{"rendered":"<p><img loading=\"lazy\" decoding=\"async\" class=\" wp-image-477 aligncenter\" src=\"https:\/\/rocketplay-new.com\/wp-content\/uploads\/2022\/09\/monkey-king-igtech-916x450-1-300x147.png\" alt=\"Monkey King Slot review\" width=\"710\" height=\"348\" srcset=\"https:\/\/rocketplay-new.com\/wp-content\/uploads\/2022\/09\/monkey-king-igtech-916x450-1-300x147.png 300w, https:\/\/rocketplay-new.com\/wp-content\/uploads\/2022\/09\/monkey-king-igtech-916x450-1-768x377.png 768w, https:\/\/rocketplay-new.com\/wp-content\/uploads\/2022\/09\/monkey-king-igtech-916x450-1.png 916w\" sizes=\"auto, (max-width: 710px) 100vw, 710px\" \/><\/p>\n<h2>Revue de la machine \u00e0 sous Monkey King<\/h2>\n<p>Le th\u00e8me de la Chine ancienne et de ses l\u00e9gendes a toujours attir\u00e9 les d\u00e9veloppeurs de machines \u00e0 sous de casino. Et chacun d&rsquo;entre eux tente de surprendre au maximum son consommateur. C&rsquo;est le cas d&rsquo;IGTech. C&rsquo;est eux qui ont sorti ce jeu, qui est maintenant pr\u00e9sent\u00e9 dans de nombreux casinos canadiens. Vous trouverez dans Rocket Play le jeu de machine \u00e0 sous Monkey King et vous pourrez vous familiariser avec la l\u00e9gende du roi des singes, ainsi qu&rsquo;obtenir de lui de bons tr\u00e9sors en cadeau.<\/p>\n<p><span style=\"font-weight: 400;\"><div class=\"tosh-btn\"><a href=\"\/go-casino\/\" target=\"_blank\" rel=\"noopener\">OBTENEZ UN BONUS<\/a><\/div><\/span><\/p>\n<p>Ce fabricant s&rsquo;est r\u00e9v\u00e9l\u00e9 \u00eatre une bonne machine \u00e0 sous en termes de conception. Elle semble \u00e9l\u00e9gante, les symboles sont ici pens\u00e9s dans les moindres d\u00e9tails. L&rsquo;accompagnement musical permet \u00e9galement de s&rsquo;impr\u00e9gner au maximum de l&rsquo;ambiance. La musique change si le tour r\u00e9gulier est remplac\u00e9 par un tour bonus, ce qui dilue parfaitement le gameplay.<\/p>\n<p>Certains casinos attirent les clients sur cette machine \u00e0 sous \u00e0 l&rsquo;aide de tours de bonus. C&rsquo;est ce qui se passe au <a href=\"https:\/\/rocketplay-new.com\/fr\/\">Rocket Play<\/a>. Lorsque les invit\u00e9s de cet \u00e9tablissement passent \u00e0 un nouveau niveau dans le programme VIP, ils obtiennent le droit de faire tourner les rouleaux gratuitement, mais pas dans toutes les machines \u00e0 sous. Le bonus de la machine \u00e0 sous Monkey King de Rocket Play est l&rsquo;un de ceux qui sont disponibles.<\/p>\n<h2>Symboles et table des paiements de Monkey King<\/h2>\n<p>Parlons de ce qui constitue le c\u0153ur de cette machine \u00e0 sous, c&rsquo;est-\u00e0-dire de ses symboles. Non seulement ces images la mettent en valeur, mais elles apportent \u00e9galement des r\u00e9compenses.La machine \u00e0 sous dispose de 25 lignes sur lesquelles les symboles peuvent atterrir. Si l&rsquo;une d&rsquo;entre elles comporte 3 (dans certains cas 2 suffisent) ou plus de symboles identiques, vous pouvez gagner. Et lequel &#8211; voir le tableau.<\/p>\n<table>\n<tbody>\n<tr>\n<td>Symbole<\/td>\n<td>Paiement pour 2, 3, 4 ou 5 pi\u00e8ces respectivement.<\/p>\n<p>(gain r\u00e9el en pi\u00e8ces)<\/td>\n<\/tr>\n<tr>\n<td>Caract\u00e8res chinois<\/td>\n<td><span style=\"font-weight: 400;\">3, 10, 15<\/span><\/td>\n<\/tr>\n<tr>\n<td>Le h\u00e9ros barbu<\/td>\n<td><span style=\"font-weight: 400;\">1, 5, 15, 25<\/span><\/td>\n<\/tr>\n<tr>\n<td>Cochon<\/td>\n<td><span style=\"font-weight: 400;\">2, 7, 20, 30<\/span><\/td>\n<\/tr>\n<tr>\n<td>Empereur<\/td>\n<td><span style=\"font-weight: 400;\">2, 8, 25, 50<\/span><\/td>\n<\/tr>\n<tr>\n<td>Roi des singes<\/td>\n<td><span style=\"font-weight: 400;\">3, 10, 40, 100<\/span><\/td>\n<\/tr>\n<\/tbody>\n<\/table>\n<p>Ces personnages peuvent \u00eatre qualifi\u00e9s de standard. Ils s&rsquo;ajoutent assez souvent aux combinaisons gagnantes. Ils n&rsquo;affectent en aucun cas les autres modes et ne peuvent pas les activer. Pour ce faire, vous devrez attraper d&rsquo;autres personnages :<\/p>\n<ul>\n<li style=\"font-weight: 400;\" aria-level=\"1\">Wild &#8211; remplace les caract\u00e8res manquants dans les combinaisons. Il permet de remporter des gains de 10 \u00e0 400 pi\u00e8ces.<\/li>\n<li style=\"font-weight: 400;\" aria-level=\"1\">Scatter &#8211; un symbole avec une inscription. Il d\u00e9clenche les tours gratuits et ceci est indiqu\u00e9 sur l&rsquo;image elle-m\u00eame. C&rsquo;est-\u00e0-dire que peu importe o\u00f9 il se trouve (sur la ligne ou non), il fonctionnera.<\/li>\n<\/ul>\n<p>Il s&rsquo;agit du dernier symbole n\u00e9cessaire pour lancer le tour de bonus (\u00e0 hauteur de 3 pi\u00e8ces) dans la machine \u00e0 sous en ligne Rocket Play Monkey King. Il consiste en des tours de rouleaux pour lesquels vous ne serez pas factur\u00e9. Au d\u00e9part, il y en aura 5, mais si vous attrapez trois autres scatters, alors 3 autres seront ajout\u00e9s, et cela peut continuer sans restrictions.<\/p>\n<p>\u00c0 propos, le d\u00e9but du jeu bonus est un autre moment int\u00e9ressant. Il ne d\u00e9marre pas tout seul, vous pouvez choisir les r\u00e8gles selon lesquelles il se d\u00e9roulera. C&rsquo;est tr\u00e8s cool et ce n&rsquo;est pas disponible dans toutes les machines \u00e0 sous.<\/p>\n<p>Les r\u00e8gles s&rsquo;appliquent au multiplicateur qui sera appliqu\u00e9 aux gains et \u00e0 la valeur de chaque image. Cette option concerne tous les symboles r\u00e9mun\u00e9r\u00e9s, \u00e0 l&rsquo;exception des hi\u00e9roglyphes. Autrement dit, vous aurez le choix entre 5 options. Chaque fois que vous ouvrez \u00e0 nouveau le tour de bonus, vous pouvez choisir des caract\u00e9ristiques diff\u00e9rentes. Voici un conseil pour la machine \u00e0 sous Rocket Play Monkey King : choisissez toujours diff\u00e9rentes options pour rendre le jeu plus vari\u00e9.<\/p>\n<p><span style=\"font-weight: 400;\"><div class=\"tosh-btn\"><a href=\"\/go-casino\/\" target=\"_blank\" rel=\"noopener\">OBTENEZ UN BONUS<\/a><\/div><\/span><\/p>\n<p>En conclusion, nous pouvons dire avec confiance que ce jeu est un excellent choix pour des loisirs int\u00e9ressants. Il est tr\u00e8s cool que Rocket Play propose de le jouer gratuitement tout en ayant la possibilit\u00e9 de gagner. La machine \u00e0 sous Monkey King de Rocket Play est recommand\u00e9e pour tous les amoureux de la Chine ancienne.<\/p>\n<p><img loading=\"lazy\" decoding=\"async\" class=\" wp-image-476 aligncenter\" src=\"https:\/\/rocketplay-new.com\/wp-content\/uploads\/2022\/09\/monkeykingigtech3-300x225.jpg\" alt=\"Monkey King slot\" width=\"625\" height=\"469\" srcset=\"https:\/\/rocketplay-new.com\/wp-content\/uploads\/2022\/09\/monkeykingigtech3-300x225.jpg 300w, https:\/\/rocketplay-new.com\/wp-content\/uploads\/2022\/09\/monkeykingigtech3-600x450.jpg 600w, https:\/\/rocketplay-new.com\/wp-content\/uploads\/2022\/09\/monkeykingigtech3.jpg 680w\" sizes=\"auto, (max-width: 625px) 100vw, 625px\" \/><\/p>\n<h2>FAQ sur la machine \u00e0 sous Monkey King<\/h2>\n<h3>Quel pourcentage de retour puis-je esp\u00e9rer en jouant \u00e0 cette machine \u00e0 sous?<\/h3>\n<p>Plut\u00f4t bien, d&rsquo;ailleurs. Il est \u00e0 96,47.<\/p>\n<h3>Cette machine \u00e0 sous peut-elle \u00eatre jou\u00e9e totalement gratuitement?<\/h3>\n<p>Bien s\u00fbr. Il est disponible en deux versions. Vous pouvez utiliser la d\u00e9mo. C&rsquo;est id\u00e9al pour faire connaissance avec la machine \u00e0 sous et comprendre si elle vous pla\u00eet ou non. Ou vous pouvez profiter des offres o\u00f9 le casino vous propose de jouer \u00e0 la machine \u00e0 sous gratuitement.<\/p>\n<p>Lire aussi: <a href=\"https:\/\/rocketplay-new.com\/fr\/lion-gems-hold-and-win\/\">Lion Gems: Hold and Win slot<\/a><\/p>\n","protected":false},"excerpt":{"rendered":"<p>Revue de la machine \u00e0 sous Monkey King Le th\u00e8me de la Chine ancienne et de ses l\u00e9gendes a toujours attir\u00e9 les d\u00e9veloppeurs de machines \u00e0 sous de casino. Et chacun d&rsquo;entre eux tente de surprendre au maximum son consommateur. C&rsquo;est le cas d&rsquo;IGTech. C&rsquo;est eux qui ont sorti ce jeu, qui est maintenant pr\u00e9sent\u00e9&#8230;<\/p>\n","protected":false},"author":1,"featured_media":0,"parent":0,"menu_order":0,"comment_status":"closed","ping_status":"closed","template":"","meta":{"_acf_changed":false,"_kad_post_transparent":"default","_kad_post_title":"default","_kad_post_layout":"default","_kad_post_sidebar_id":"","_kad_post_content_style":"default","_kad_post_vertical_padding":"default","_kad_post_feature":"","_kad_post_feature_position":"","_kad_post_header":false,"_kad_post_footer":false,"footnotes":""},"class_list":["post-2830","page","type-page","status-publish","hentry"],"acf":[],"rttpg_featured_image_url":null,"rttpg_author":{"display_name":"John","author_link":"https:\/\/rocketplay-new.com\/fr\/author\/pemvas95n89x\/"},"rttpg_comment":0,"rttpg_category":null,"rttpg_excerpt":"Revue de la machine \u00e0 sous Monkey King Le th\u00e8me de la Chine ancienne et de ses l\u00e9gendes a toujours attir\u00e9 les d\u00e9veloppeurs de machines \u00e0 sous de casino. Et chacun d&rsquo;entre eux tente de surprendre au maximum son consommateur. C&rsquo;est le cas d&rsquo;IGTech. C&rsquo;est eux qui ont sorti ce jeu, qui est maintenant pr\u00e9sent\u00e9...","_links":{"self":[{"href":"https:\/\/rocketplay-new.com\/fr\/wp-json\/wp\/v2\/pages\/2830","targetHints":{"allow":["GET"]}}],"collection":[{"href":"https:\/\/rocketplay-new.com\/fr\/wp-json\/wp\/v2\/pages"}],"about":[{"href":"https:\/\/rocketplay-new.com\/fr\/wp-json\/wp\/v2\/types\/page"}],"author":[{"embeddable":true,"href":"https:\/\/rocketplay-new.com\/fr\/wp-json\/wp\/v2\/users\/1"}],"replies":[{"embeddable":true,"href":"https:\/\/rocketplay-new.com\/fr\/wp-json\/wp\/v2\/comments?post=2830"}],"version-history":[{"count":3,"href":"https:\/\/rocketplay-new.com\/fr\/wp-json\/wp\/v2\/pages\/2830\/revisions"}],"predecessor-version":[{"id":5826,"href":"https:\/\/rocketplay-new.com\/fr\/wp-json\/wp\/v2\/pages\/2830\/revisions\/5826"}],"wp:attachment":[{"href":"https:\/\/rocketplay-new.com\/fr\/wp-json\/wp\/v2\/media?parent=2830"}],"curies":[{"name":"wp","href":"https:\/\/api.w.org\/{rel}","templated":true}]}}