{"id":2247,"date":"2022-09-20T14:38:13","date_gmt":"2022-09-20T11:38:13","guid":{"rendered":"https:\/\/rocketplay-new.com\/lion-gems-hold-and-win\/"},"modified":"2025-11-25T23:17:57","modified_gmt":"2025-11-25T20:17:57","slug":"lion-gems-hold-and-win","status":"publish","type":"page","link":"https:\/\/rocketplay-new.com\/fr\/lion-gems-hold-and-win\/","title":{"rendered":"Gemmes du Lion : Tenir et gagner"},"content":{"rendered":"<iframe src=\"https:\/\/ss.rocketplay.com\/games\/infin\/LionGemsHoldandWin\/138664\" allowfullscreen=\"true\" frameborder=\"0\" webkitallowfullscreen=\"true\" class=\"game-frame__iframe allowFullScreen\"><\/iframe>\n<h2>Gemmes du Lion : Tenir et gagner &#8211; Revue des machines \u00e0 sous<\/h2>\n<p>Avez-vous d\u00e9j\u00e0 particip\u00e9 \u00e0 un safari ? Si non, alors ne vous pr\u00e9cipitez pas ! Apr\u00e8s tout, vous pouvez toujours vous rendre sur le site du casino et trouver Lion Gems : Hold and Win, la machine \u00e0 sous en ligne de Rocket Play. Elle combine des fonctionnalit\u00e9s sympas pour les joueurs et un joli design pour les amoureux de la faune.<\/p>\n<p>Ce produit est assez r\u00e9cent puisqu&rsquo;il est sorti en mars 2023. Son d\u00e9veloppeur est Playson. Cette machine \u00e0 sous est disponible pour les joueurs canadiens en version payante et gratuite. Essayez de la faire tourner en d\u00e9mo avant de d\u00e9cider si elle vous convient ou non !<\/p>\n<p>Discutons des caract\u00e9ristiques de cette machine \u00e0 sous, de ce pour quoi elle doit \u00eatre lou\u00e9e et de ce qui doit \u00eatre am\u00e9lior\u00e9<span style=\"font-family: var(--global-body-font-family);\">.<\/span><\/p>\n<p><span style=\"font-weight: 400;\"><div class=\"tosh-btn\"><a href=\"\/go-casino\/\" target=\"_blank\" rel=\"noopener\">OBTENEZ UN BONUS<\/a><\/div><\/span><\/p>\n<p><a href=\"http:\/\/&lt;iframe src=&quot;https:\/\/ss.rocketplay.com\/games\/igtech\/WolfTreasure\/45516&quot; allowfullscreen=&quot;true&quot; frameborder=&quot;0&quot; webkitallowfullscreen=&quot;true&quot; class=&quot;game-frame__iframe allowFullScreen&quot;&gt;&lt;\/iframe&gt;\" target=\"_blank\"><img loading=\"lazy\" decoding=\"async\" class=\" wp-image-481 aligncenter\" src=\"https:\/\/rocketplay-new.com\/wp-content\/uploads\/2022\/09\/lion-gems-hold-and-win-slot-playson-300x196.jpg\" alt=\"Lion Gems: Hold and Win slot\" width=\"594\" height=\"388\" srcset=\"https:\/\/rocketplay-new.com\/wp-content\/uploads\/2022\/09\/lion-gems-hold-and-win-slot-playson-300x196.jpg 300w, https:\/\/rocketplay-new.com\/wp-content\/uploads\/2022\/09\/lion-gems-hold-and-win-slot-playson.jpg 720w\" sizes=\"auto, (max-width: 594px) 100vw, 594px\" \/><\/a><\/p>\n<h2>Lion Gems : Caract\u00e9ristiques de la machine \u00e0 sous Hold and Win<\/h2>\n<p>Ainsi, vous entrez dans le jeu Rocket Play Lion Gems : Hold and Win slot game. Devant vous s&rsquo;ouvre la magnifique Savannah avec de beaux paysages et des habitants. Le terrain de jeu est compos\u00e9 des principaux symboles de cet endroit et d&rsquo;animaux. Sa taille est de 5 par 4, et il y a jusqu&rsquo;\u00e0 30 lignes de paiement.<\/p>\n<p>La machine \u00e0 sous a une fonction de base &#8211; les gains obtenus en r\u00e9alisant des combinaisons sur la ligne. Si vous obtenez les m\u00eames symboles sur une ligne gagnante, vous recevrez un paiement en esp\u00e8ces. Les symboles les moins chers sont des coupures de cartes. Les animaux plus chers :<\/p>\n<ul>\n<li>flamants roses;<\/li>\n<li>sangliers;<\/li>\n<li>z\u00e8bres;<\/li>\n<li>l\u00e9opards;<\/li>\n<li>les rhinoc\u00e9ros;<\/li>\n<li>un lion.<\/li>\n<\/ul>\n<p>Le symbole Wild est aussi sauvage que l&rsquo;animal qu&rsquo;il symbolise. Il s&rsquo;agit d&rsquo;un lion. Non seulement il prend la place des autres si cela permet de cr\u00e9er un gain, mais il participe \u00e9galement au tour bonus avec un multiplicateur x2.<\/p>\n<p>Le symbole scatter se cache derri\u00e8re l&rsquo;image d&rsquo;un arbre. Il d\u00e9clenche la fonction dans le jeu Rocket Play Lion Gems : Hold and Win tours gratuits. Mais pour cela, vous devrez collecter 3 de ces images n&rsquo;importe o\u00f9 sur le terrain. Points forts concernant ce tour :<\/p>\n<ul>\n<li>8 clics gratuits sont offerts;<\/li>\n<li>un multiplicateur de 2x avec un symbole de lion est utilis\u00e9;<\/li>\n<li>des re-spins sont possibles si vous parvenez \u00e0 collecter des scatters \u00e0 nouveau.<\/li>\n<\/ul>\n<p>Un autre symbole associ\u00e9 au tour de bonus est le Diamant. Il est n\u00e9cessaire pour la fonction dont le nom est indiqu\u00e9 dans le nom m\u00eame de la machine \u00e0 sous. Il s&rsquo;agit de Hold and Win. Voici ses conditions :<\/p>\n<ul>\n<li>commence apr\u00e8s que 6 diamants soient tomb\u00e9s sur le champ;<\/li>\n<li>ouvre un nouveau champ avec uniquement des diamants bonus;<\/li>\n<li>donne 3 respins, qui peuvent \u00eatre mis \u00e0 jour si de nouveaux Diamants sont fix\u00e9s;<\/li>\n<li>apporte un multiplicateur de x1 \u00e0 x16.<\/li>\n<\/ul>\n<p>C&rsquo;est le bonus le plus int\u00e9ressant de la machine \u00e0 sous Rocket Play Lion Gems : Hold and Win slot bonus. Il y a \u00e9galement 4 jackpots dans le jeu. Vous ne pouvez les attraper que lors du tour de bonus. Il en existe quatre types : du Mini au Grand. Vous recevrez ce dernier si, pendant le tour de bonus, toutes les cellules vides sont remplies.<\/p>\n<p>De plus, au cours du jeu, vous pouvez rencontrer le Diamant Myst\u00e8re, qui peut se transformer en l&rsquo;un des Jackpots.<\/p>\n<p><img loading=\"lazy\" decoding=\"async\" class=\" wp-image-482 aligncenter\" src=\"https:\/\/rocketplay-new.com\/wp-content\/uploads\/2022\/09\/lion-gems-hold-and-win-slot-300x169.png\" alt=\"Lion Gems: Hold and Win review\" width=\"637\" height=\"359\" srcset=\"https:\/\/rocketplay-new.com\/wp-content\/uploads\/2022\/09\/lion-gems-hold-and-win-slot-300x169.png 300w, https:\/\/rocketplay-new.com\/wp-content\/uploads\/2022\/09\/lion-gems-hold-and-win-slot-1024x576.png 1024w, https:\/\/rocketplay-new.com\/wp-content\/uploads\/2022\/09\/lion-gems-hold-and-win-slot-768x432.png 768w, https:\/\/rocketplay-new.com\/wp-content\/uploads\/2022\/09\/lion-gems-hold-and-win-slot.png 1028w\" sizes=\"auto, (max-width: 637px) 100vw, 637px\" \/><\/p>\n<h2>Avantages et inconv\u00e9nients de Lion Gems : Tenir et gagner<\/h2>\n<p><span style=\"font-weight: 400;\">Puisqu&rsquo;il s&rsquo;agit d&rsquo;une nouvelle machine \u00e0 sous cr\u00e9\u00e9e \u00e0 l&rsquo;aide de technologies modernes, il est logique de l&rsquo;examiner de plus pr\u00e8s. L&rsquo;un des avantages est que Rocket Play Lion Gems : Hold and Win slot Canada est disponible sans aucun blocage. Mais il y a aussi d&rsquo;autres avantages:<\/span><\/p>\n<ul>\n<li>les animations, les sons et les transitions sont r\u00e9alis\u00e9s \u00e0 un niveau \u00e9lev\u00e9;<\/li>\n<li>de nombreux bonus;<\/li>\n<li>pas le sujet le plus banal;<\/li>\n<li>il existe des options pour un jeu pratique (ex\u00e9cution automatique, par exemple).<\/li>\n<\/ul>\n<p>Mais il y a aussi des inconv\u00e9nients \u00e0 prendre en compte :<\/p>\n<ul>\n<li>malgr\u00e9 le fait que la machine \u00e0 sous soit bonne, elle n&rsquo;apporte rien de nouveau;<\/li>\n<li>le pourcentage de retour n&rsquo;atteint pas celui souhait\u00e9 et est de 95,55%.<\/li>\n<\/ul>\n<p>Mais ne vous laissez guider que par vos sentiments. Vous pouvez les comprendre en utilisant la version d\u00e9mo.<\/p>\n<p><span style=\"font-weight: 400;\"><div class=\"tosh-btn\"><a href=\"\/go-casino\/\" target=\"_blank\" rel=\"noopener\">OBTENEZ UN BONUS<\/a><\/div><\/span><\/p>\n<h2>FAQ<\/h2>\n<h3>QUELLE R\u00c9COMPENSE APPORTERA LE PLUS GROS JACKPOT?<\/h3>\n<p>La r\u00e9compense pour avoir rassembl\u00e9 le maximum de symboles bonus sera un multiplicateur x3000.<\/p>\n<h3>QUELLE EST L&rsquo;\u00c9TENDUE DES MISES POUR CE JEU?<\/h3>\n<p>Le minimum est de 0,20 et le maximum est de 100. Ce montant est retir\u00e9 pour 1 fois que vous tournez le rouleau.<\/p>\n<h3>\u00c0 QUELLE FR\u00c9QUENCE CE JEU EST-IL GAGNANT?<\/h3>\n<p>La fr\u00e9quence est ici moyenne. Le pourcentage moyen de combinaisons gagnantes est de 16 %.<\/p>\n<p>Lire aussi: <a href=\"https:\/\/rocketplay-new.com\/fr\/wolf-treasure\/\">Machine \u00e0 sous Wolf Treasure<\/a><\/p>\n","protected":false},"excerpt":{"rendered":"<p>Gemmes du Lion : Tenir et gagner &#8211; Revue des machines \u00e0 sous Avez-vous d\u00e9j\u00e0 particip\u00e9 \u00e0 un safari ? Si non, alors ne vous pr\u00e9cipitez pas ! Apr\u00e8s tout, vous pouvez toujours vous rendre sur le site du casino et trouver Lion Gems : Hold and Win, la machine \u00e0 sous en ligne de&#8230;<\/p>\n","protected":false},"author":1,"featured_media":0,"parent":0,"menu_order":0,"comment_status":"closed","ping_status":"closed","template":"","meta":{"_acf_changed":false,"_kad_post_transparent":"default","_kad_post_title":"default","_kad_post_layout":"default","_kad_post_sidebar_id":"","_kad_post_content_style":"default","_kad_post_vertical_padding":"default","_kad_post_feature":"","_kad_post_feature_position":"","_kad_post_header":false,"_kad_post_footer":false,"footnotes":""},"class_list":["post-2247","page","type-page","status-publish","hentry"],"acf":[],"rttpg_featured_image_url":null,"rttpg_author":{"display_name":"John","author_link":"https:\/\/rocketplay-new.com\/fr\/author\/pemvas95n89x\/"},"rttpg_comment":0,"rttpg_category":null,"rttpg_excerpt":"Gemmes du Lion : Tenir et gagner &#8211; Revue des machines \u00e0 sous Avez-vous d\u00e9j\u00e0 particip\u00e9 \u00e0 un safari ? Si non, alors ne vous pr\u00e9cipitez pas ! Apr\u00e8s tout, vous pouvez toujours vous rendre sur le site du casino et trouver Lion Gems : Hold and Win, la machine \u00e0 sous en ligne de...","_links":{"self":[{"href":"https:\/\/rocketplay-new.com\/fr\/wp-json\/wp\/v2\/pages\/2247","targetHints":{"allow":["GET"]}}],"collection":[{"href":"https:\/\/rocketplay-new.com\/fr\/wp-json\/wp\/v2\/pages"}],"about":[{"href":"https:\/\/rocketplay-new.com\/fr\/wp-json\/wp\/v2\/types\/page"}],"author":[{"embeddable":true,"href":"https:\/\/rocketplay-new.com\/fr\/wp-json\/wp\/v2\/users\/1"}],"replies":[{"embeddable":true,"href":"https:\/\/rocketplay-new.com\/fr\/wp-json\/wp\/v2\/comments?post=2247"}],"version-history":[{"count":4,"href":"https:\/\/rocketplay-new.com\/fr\/wp-json\/wp\/v2\/pages\/2247\/revisions"}],"predecessor-version":[{"id":5738,"href":"https:\/\/rocketplay-new.com\/fr\/wp-json\/wp\/v2\/pages\/2247\/revisions\/5738"}],"wp:attachment":[{"href":"https:\/\/rocketplay-new.com\/fr\/wp-json\/wp\/v2\/media?parent=2247"}],"curies":[{"name":"wp","href":"https:\/\/api.w.org\/{rel}","templated":true}]}}