{"id":2213,"date":"2022-09-20T13:28:34","date_gmt":"2022-09-20T10:28:34","guid":{"rendered":"https:\/\/rocketplay-new.com\/vip\/"},"modified":"2026-02-24T17:08:36","modified_gmt":"2026-02-24T14:08:36","slug":"vip","status":"publish","type":"page","link":"https:\/\/rocketplay-new.com\/fr\/vip\/","title":{"rendered":"Comment puis-je devenir membre du programme vip?"},"content":{"rendered":"<p><img loading=\"lazy\" decoding=\"async\" class=\" wp-image-456 aligncenter\" src=\"https:\/\/rocketplay-new.com\/wp-content\/uploads\/2022\/09\/rocketplay-vip-1-300x74.png\" alt=\"Rocket play VIP\" width=\"722\" height=\"178\" srcset=\"https:\/\/rocketplay-new.com\/wp-content\/uploads\/2022\/09\/rocketplay-vip-1-300x74.png 300w, https:\/\/rocketplay-new.com\/wp-content\/uploads\/2022\/09\/rocketplay-vip-1-768x190.png 768w, https:\/\/rocketplay-new.com\/wp-content\/uploads\/2022\/09\/rocketplay-vip-1.png 930w\" sizes=\"auto, (max-width: 722px) 100vw, 722px\" \/><\/p>\n<p>Seulement trois lettres VIP a toujours sembl\u00e9 \u00eatre quelque chose de prestigieux. Et \u00eatre un client VIP semble \u00eatre une t\u00e2che inaccessible. Pour une raison quelconque, la soci\u00e9t\u00e9 pense que devenir un client sp\u00e9cial et privil\u00e9gi\u00e9 est difficile et prend beaucoup de temps. Mais en r\u00e9alit\u00e9, ce n&rsquo;est pas le cas ! Et la preuve en est le programme vip du Rocket Play Casino.<\/p>\n<p>Ce syst\u00e8me est r\u00e9fl\u00e9chi et prend en compte les int\u00e9r\u00eats de tous les clients. Ceux qui veulent obtenir des prix sp\u00e9ciaux et gravir les \u00e9chelons. Et ceux qui sont simplement int\u00e9ress\u00e9s par les jeux.<\/p>\n<p>Le client du programme de cette institution devient imm\u00e9diatement apr\u00e8s l&rsquo;enregistrement. Il suffit de cr\u00e9er un compte et vous \u00eates d\u00e9j\u00e0 sur la premi\u00e8re \u00e9tape ! Vous irez plus loin gr\u00e2ce aux taux dans les diff\u00e9rents jeux d&rsquo;argent.<\/p>\n<p><span style=\"font-weight: 400;\"><div class=\"tosh-btn\"><a href=\"\/go-casino\/\" target=\"_blank\" rel=\"noopener\">OBTENEZ UN BONUS<\/a><\/div><\/span><\/p>\n<h2>Comment obtenir un remboursement?<\/h2>\n<p>Lorsque vous perdez de l&rsquo;argent dans un jeu (et cela arrive de temps en temps), cela vous d\u00e9motive. Mais le casino essaie de tout faire pour que vous vous sentiez \u00e0 l&rsquo;aise. C&rsquo;est pourquoi il effectue un cashback des fonds perdus une fois par semaine. Dans cet \u00e9tablissement, il est \u00e9mis le lundi afin que vous commenciez votre semaine par un agr\u00e9able moment !<\/p>\n<p>Tous les joueurs qui participent au programme vip du casino en ligne Rocket Play peuvent l&rsquo;obtenir. Voici les conditions minimales pour cela :<\/p>\n<ul>\n<li>atteindre le niveau Argent du programme;<\/li>\n<li>jouer aux machines \u00e0 sous;<\/li>\n<li>perdre au moins 5 CAD;<\/li>\n<li>avoir un compte actif.<\/li>\n<\/ul>\n<p>Le niveau Argent est le troisi\u00e8me niveau. Il vous permet de recevoir le montant minimum de cashback \u00e9mis chaque semaine, soit 3 %. Si vous \u00eates un utilisateur actif qui joue souvent, vous n&rsquo;aurez pas \u00e0 attendre longtemps. Au total, le programme comporte 9 \u00e9tapes, sans compter la premi\u00e8re, qui est \u00e9mise imm\u00e9diatement. Sur cette derni\u00e8re, vous recevrez d\u00e9j\u00e0 15% de cashback.<\/p>\n<p>En plus du cashback, vous pouvez \u00e9galement recevoir d&rsquo;autres prix. Le tableau montre plus en d\u00e9tail lesquels et en quelle quantit\u00e9.<\/p>\n<table>\n<tbody>\n<tr>\n<td>Type de prix<\/td>\n<td>Taille<\/td>\n<td>A quel niveau<\/td>\n<\/tr>\n<tr>\n<td>Spins gratuits<\/td>\n<td>De 10 \u00e0 300<\/td>\n<td>L\u00e9gende bronze &#8211; argent<\/td>\n<\/tr>\n<tr>\n<td>Bonus sans d\u00e9p\u00f4t<\/td>\n<td>De 2300 CAD \u00e0 22500 CAD<\/td>\n<td>Golden Legend &#8211; L\u00e9gende de diamant<\/td>\n<\/tr>\n<\/tbody>\n<\/table>\n<p>Ces prix, qui sont inclus dans le programme Rocket Play casino best vip, sont vraiment g\u00e9n\u00e9reux. Ils ne sont \u00e9mis qu&rsquo;une seule fois, au moment o\u00f9 le joueur obtient un nouveau niveau. Mais le cashback est \u00e9mis chaque semaine.<\/p>\n<p>En tant que membre du programme, vous pouvez profiter de toutes les autres promotions du site. Par exemple, des offres r\u00e9guli\u00e8res chaque semaine. Ainsi, les conditions les plus confortables pour le divertissement sont cr\u00e9\u00e9es pour vous dans ce casino.<\/p>\n<p><img loading=\"lazy\" decoding=\"async\" class=\" wp-image-457 aligncenter\" src=\"https:\/\/rocketplay-new.com\/wp-content\/uploads\/2022\/09\/xrocketplay-vip-program.jpg.pagespeed.ic_.fug6cjifwk-300x171.jpg\" alt=\"Rocket Play VIP program\" width=\"705\" height=\"402\" srcset=\"https:\/\/rocketplay-new.com\/wp-content\/uploads\/2022\/09\/xrocketplay-vip-program.jpg.pagespeed.ic_.fug6cjifwk-300x171.jpg 300w, https:\/\/rocketplay-new.com\/wp-content\/uploads\/2022\/09\/xrocketplay-vip-program.jpg.pagespeed.ic_.fug6cjifwk-1024x583.jpg 1024w, https:\/\/rocketplay-new.com\/wp-content\/uploads\/2022\/09\/xrocketplay-vip-program.jpg.pagespeed.ic_.fug6cjifwk-768x437.jpg 768w, https:\/\/rocketplay-new.com\/wp-content\/uploads\/2022\/09\/xrocketplay-vip-program.jpg.pagespeed.ic_.fug6cjifwk.jpg 1435w\" sizes=\"auto, (max-width: 705px) 100vw, 705px\" \/><\/p>\n<h2>Foire aux questions<\/h2>\n<h3>PUIS-JE \u00caTRE R\u00c9TROGRAD\u00c9 DU PROGRAMME VIP SI JE JOUE MOINS ?<\/h3>\n<p>Bien s\u00fbr que non ! Si vous avez honn\u00eatement gagn\u00e9 votre place dans le programme vip du casino Rocket Play Canada, alors vous recevrez tous les privil\u00e8ges pr\u00e9vus et vous y resterez jusqu&rsquo;\u00e0 ce que vous accumuliez encore plus de points. Peu importe la difficult\u00e9 avec laquelle vous les accumulez.<\/p>\n<p><span style=\"font-weight: 400;\"><div class=\"tosh-btn\"><a href=\"\/go-casino\/\" target=\"_blank\" rel=\"noopener\">OBTENEZ UN BONUS<\/a><\/div><\/span><\/p>\n<h3>DOIS-JE METTRE EN JEU LES FONDS RESTITU\u00c9S GR\u00c2CE AU CASHBACK ?<\/h3>\n<p>Oui. Vous ne pourrez pas les afficher imm\u00e9diatement sur la carte. Les conditions de mise sont faibles. Le montant retourn\u00e9 doit \u00eatre multipli\u00e9 par 5, ce qui indique le montant que vous devez miser pour activer le retrait.<\/p>\n<h3>O\u00d9 PUIS-JE SUIVRE MES PROGR\u00c8S DANS LE PROGRAMME ?<\/h3>\n<p>Toutes les informations pertinentes \u00e0 ce sujet se trouvent dans votre compte personnel. Regardez l\u00e0.<\/p>\n<h3><span style=\"font-family: var(--global-body-font-family); font-size: 16px; font-weight: normal;\">Lire aussi: <\/span><a style=\"font-family: var(--global-body-font-family); font-size: 16px; font-weight: normal;\" href=\"https:\/\/rocketplay-new.com\/fr\/welcome-offer\/\">sOffres de bienvenue<\/a><\/h3>\n","protected":false},"excerpt":{"rendered":"<p>Seulement trois lettres VIP a toujours sembl\u00e9 \u00eatre quelque chose de prestigieux. Et \u00eatre un client VIP semble \u00eatre une t\u00e2che inaccessible. Pour une raison quelconque, la soci\u00e9t\u00e9 pense que devenir un client sp\u00e9cial et privil\u00e9gi\u00e9 est difficile et prend beaucoup de temps. Mais en r\u00e9alit\u00e9, ce n&rsquo;est pas le cas ! Et la preuve&#8230;<\/p>\n","protected":false},"author":1,"featured_media":0,"parent":0,"menu_order":0,"comment_status":"closed","ping_status":"closed","template":"","meta":{"_acf_changed":false,"_kad_post_transparent":"default","_kad_post_title":"default","_kad_post_layout":"default","_kad_post_sidebar_id":"","_kad_post_content_style":"default","_kad_post_vertical_padding":"default","_kad_post_feature":"","_kad_post_feature_position":"","_kad_post_header":false,"_kad_post_footer":false,"footnotes":""},"class_list":["post-2213","page","type-page","status-publish","hentry"],"acf":[],"rttpg_featured_image_url":null,"rttpg_author":{"display_name":"John","author_link":"https:\/\/rocketplay-new.com\/fr\/author\/pemvas95n89x\/"},"rttpg_comment":0,"rttpg_category":null,"rttpg_excerpt":"Seulement trois lettres VIP a toujours sembl\u00e9 \u00eatre quelque chose de prestigieux. Et \u00eatre un client VIP semble \u00eatre une t\u00e2che inaccessible. Pour une raison quelconque, la soci\u00e9t\u00e9 pense que devenir un client sp\u00e9cial et privil\u00e9gi\u00e9 est difficile et prend beaucoup de temps. Mais en r\u00e9alit\u00e9, ce n&rsquo;est pas le cas ! Et la preuve...","_links":{"self":[{"href":"https:\/\/rocketplay-new.com\/fr\/wp-json\/wp\/v2\/pages\/2213","targetHints":{"allow":["GET"]}}],"collection":[{"href":"https:\/\/rocketplay-new.com\/fr\/wp-json\/wp\/v2\/pages"}],"about":[{"href":"https:\/\/rocketplay-new.com\/fr\/wp-json\/wp\/v2\/types\/page"}],"author":[{"embeddable":true,"href":"https:\/\/rocketplay-new.com\/fr\/wp-json\/wp\/v2\/users\/1"}],"replies":[{"embeddable":true,"href":"https:\/\/rocketplay-new.com\/fr\/wp-json\/wp\/v2\/comments?post=2213"}],"version-history":[{"count":3,"href":"https:\/\/rocketplay-new.com\/fr\/wp-json\/wp\/v2\/pages\/2213\/revisions"}],"predecessor-version":[{"id":11682,"href":"https:\/\/rocketplay-new.com\/fr\/wp-json\/wp\/v2\/pages\/2213\/revisions\/11682"}],"wp:attachment":[{"href":"https:\/\/rocketplay-new.com\/fr\/wp-json\/wp\/v2\/media?parent=2213"}],"curies":[{"name":"wp","href":"https:\/\/api.w.org\/{rel}","templated":true}]}}