{"id":2205,"date":"2022-09-20T14:15:51","date_gmt":"2022-09-20T11:15:51","guid":{"rendered":"https:\/\/rocketplay-new.com\/gold-express\/"},"modified":"2025-04-02T14:52:04","modified_gmt":"2025-04-02T11:52:04","slug":"gold-express","status":"publish","type":"page","link":"https:\/\/rocketplay-new.com\/fr\/gold-express\/","title":{"rendered":"Machine \u00e0 sous Gold Express"},"content":{"rendered":"<p><img loading=\"lazy\" decoding=\"async\" class=\" wp-image-470 aligncenter\" src=\"https:\/\/rocketplay-new.com\/wp-content\/uploads\/2022\/09\/gold-express-slot-booongo-300x196.jpg\" alt=\"Gold Express slot review\" width=\"686\" height=\"448\" srcset=\"https:\/\/rocketplay-new.com\/wp-content\/uploads\/2022\/09\/gold-express-slot-booongo-300x196.jpg 300w, https:\/\/rocketplay-new.com\/wp-content\/uploads\/2022\/09\/gold-express-slot-booongo.jpg 612w\" sizes=\"auto, (max-width: 686px) 100vw, 686px\" \/><\/p>\n<h2>Comment jouer<\/h2>\n<p>Si vous trouvez et ex\u00e9cutez la machine \u00e0 sous en ligne <a href=\"https:\/\/rocketplay-new.com\/fr\/\">Rocket Play<\/a> Gold Express, alors il n&rsquo;y aura aucun probl\u00e8me avec son lancement. Il est tr\u00e8s facile et simple d&rsquo;y jouer. La m\u00e9canique ici r\u00e9p\u00e8te compl\u00e8tement toutes les machines \u00e0 sous en ligne classiques.<\/p>\n<p>Un champ de jeu de 5 rouleaux s&rsquo;ouvre devant vous. Il y a jusqu&rsquo;\u00e0 20 lignes de paiement. Pour lancer les rouleaux, vous devez appuyer sur un bouton sp\u00e9cial. Avant cela, sur le panneau d&rsquo;information, vous pouvez vous familiariser avec les tailles de pari ou r\u00e9gler les tours automatiques.<\/p>\n<p>Tout ce que vous avez \u00e0 faire est d&rsquo;activer le mouvement des rouleaux et d&rsquo;essayer de collecter des symboles gagnants. Si vous r\u00e9ussissez, vous recevrez un paiement pour une combinaison sur une ligne, ou un tour de bonus sera ouvert. Pour ce qui est du reste du bonus du Rocket Play Gold Express, nous n&rsquo;en dirons pas plus.<\/p>\n<p style=\"text-align: center;\"><div class=\"tosh-btn\"><a href=\"\/go-casino\/\" target=\"_blank\" rel=\"noopener\">OBTENEZ UN BONUS<\/a><\/div><\/p>\n<h2>Symboles et gains<\/h2>\n<p>Voyons quels symboles se cachent sur les rouleaux. Tout d&rsquo;abord, parlons du plus simple d&rsquo;entre eux : les d\u00e9nominations des cartes. Elles apportent un petit b\u00e9n\u00e9fice : de 0,30 \u00e0 6,00. Pour obtenir le gain minimum, vous devez r\u00e9unir au moins 3 symboles sur une ligne de paiement.<\/p>\n<p>Maintenant, quelques mots sur les symboles plus chers. Le th\u00e8me de cette machine \u00e0 sous rappelle l&rsquo;histoire d&rsquo;Agatha Christie sur l&rsquo;Orient Express. Nous avons ici le symbole du train et de ses passagers, ainsi que du conducteur.<\/p>\n<p>Si vous souhaitez gagner de l&rsquo;argent r\u00e9el \u00e0 la machine \u00e0 sous Rocket Play Gold Express, consultez la table des paiements.<\/p>\n<table>\n<tbody>\n<tr>\n<td>Symbole<\/td>\n<td>Paiements<\/td>\n<\/tr>\n<tr>\n<td>Conducteur (vert)<\/td>\n<td><span style=\"font-weight: 400;\">0.75\u201312.00<\/span><\/td>\n<\/tr>\n<tr>\n<td>Passager blond<\/td>\n<td><span style=\"font-weight: 400;\">0.75\u201312.00<\/span><\/td>\n<\/tr>\n<tr>\n<td>Gentleman avec monocle<\/td>\n<td><span style=\"font-weight: 400;\">1.5\u201315.00<\/span><\/td>\n<\/tr>\n<tr>\n<td>Passag\u00e8re brune<\/td>\n<td><span style=\"font-weight: 400;\">1.5\u201315.00<\/span><\/td>\n<\/tr>\n<tr>\n<td>Gentleman moustachu<\/td>\n<td><span style=\"font-weight: 400;\">3.00\u201330.00<\/span><\/td>\n<\/tr>\n<tr>\n<td>Voiture de train<\/td>\n<td><span style=\"font-weight: 400;\">3.00\u2013150.00<\/span><\/td>\n<\/tr>\n<\/tbody>\n<\/table>\n<p>D&rsquo;ailleurs, le train est \u00e9galement un symbole Scatter. La machine \u00e0 sous poss\u00e8de \u00e9galement un Wild sous la forme d&rsquo;un sac de voyage. Il remplace les autres symboles si l&rsquo;un d&rsquo;entre eux est manquant dans une combinaison. Il y a \u00e9galement un symbole Bonus dans le jeu. Il d\u00e9clenche l&rsquo;un des tours de bonus, dont nous parlerons plus tard.<\/p>\n<h2>Meilleure fonction bonus Gold Express<\/h2>\n<p>Cette machine \u00e0 sous est connue uniquement pour la vari\u00e9t\u00e9 de ses fonctions bonus. Elle vous permet de gagner des sommes importantes, m\u00eame si vous aviez initialement une petite bankroll.<\/p>\n<p>La fonction de boost est activ\u00e9e lorsque le symbole de la tirelire appara\u00eet \u00e0 l&rsquo;\u00e9cran. Elle peut se produire dans n&rsquo;importe quel mode de jeu. Gr\u00e2ce \u00e0 lui, les gains de tous les symboles bonus sont additionn\u00e9s, ce qui s&rsquo;accompagne d&rsquo;une animation lumineuse.<\/p>\n<p>Tours gratuits de Rocket Play Gold Express. Pour ce tour, vous devrez collecter des scatters. Vous devez en obtenir au moins 3 sur l&rsquo;\u00e9cran. Vous obtiendrez alors 8 tours de rouleaux qui ne vous seront pas factur\u00e9s. Ce tour peut \u00eatre augment\u00e9 si les scatters apparaissent \u00e0 nouveau. Dans ce mode \u00e9galement, des multiplicateurs al\u00e9atoires apparaissent.<\/p>\n<p>Si vous avez la chance de collecter 6 pi\u00e8ces, le jeu bonus commence. \u00c0 ce moment, des pi\u00e8ces ordinaires appara\u00eetront \u00e0 l&rsquo;\u00e9cran, augmentant les gains, ainsi que des pi\u00e8ces avec des jackpots. Il n&rsquo;y aura pas d&rsquo;autres images ici. Vous aurez droit \u00e0 3 tours. Pendant ceux-ci, toutes les pi\u00e8ces seront fix\u00e9es \u00e0 des endroits al\u00e9atoires (ou non). Si cela se produit, des tours suppl\u00e9mentaires vous seront offerts. Vous pouvez collecter les 20 pi\u00e8ces bonus ici. Les gains seront cumulatifs.<\/p>\n<p style=\"text-align: center;\"><div class=\"tosh-btn\"><a href=\"\/go-casino\/\" target=\"_blank\" rel=\"noopener\">OBTENEZ UN BONUS<\/a><\/div><\/p>\n<p>La machine \u00e0 sous Rocket Play Gold Express Canada contient \u00e9galement des jackpots :<\/p>\n<ul>\n<li style=\"font-weight: 400;\" aria-level=\"1\"><span style=\"font-weight: 400;\">Mini \u2014 60.00;<\/span><\/li>\n<li style=\"font-weight: 400;\" aria-level=\"1\"><span style=\"font-weight: 400;\">Mineur \u2014 150.00;<\/span><\/li>\n<li style=\"font-weight: 400;\" aria-level=\"1\"><span style=\"font-weight: 400;\">Major \u2014 450.00.<\/span><\/li>\n<\/ul>\n<p>Si le champ entier est couvert de symboles pendant le tour de bonus, vous recevrez le Grand Jackpot.<\/p>\n<p><img loading=\"lazy\" decoding=\"async\" class=\" wp-image-469 aligncenter\" src=\"https:\/\/rocketplay-new.com\/wp-content\/uploads\/2022\/09\/gold-express-slot-base-game-300x170.webp\" alt=\"Gold Express slot\" width=\"688\" height=\"390\" srcset=\"https:\/\/rocketplay-new.com\/wp-content\/uploads\/2022\/09\/gold-express-slot-base-game-300x170.webp 300w, https:\/\/rocketplay-new.com\/wp-content\/uploads\/2022\/09\/gold-express-slot-base-game.webp 600w\" sizes=\"auto, (max-width: 688px) 100vw, 688px\" \/><\/p>\n<p>Alors ne perdez pas votre temps ! N&rsquo;oubliez pas d&rsquo;essayer cette machine \u00e0 sous, car elle est id\u00e9ale pour gagner de l&rsquo;argent et s&rsquo;amuser.<\/p>\n<h2>FAQ<\/h2>\n<h3>QUEL EST LE MULTIPLICATEUR LE PLUS \u00c9LEV\u00c9 DANS CE JEU?<\/h3>\n<p>Il n&rsquo;est pas si facile de l&rsquo;obtenir. Il appara\u00eet si vous remplissez toutes les cellules pendant le tour de bonus. Autrement dit, pour obtenir le multiplicateur, vous devez activer le Grand Jackpot. Sa taille peut atteindre x2000 ! Donc, plus vous misez, plus vous gagnez d&rsquo;argent.<\/p>\n<h3>QUEL EST LE POURCENTAGE DE RTP DANS CE JEU EN LIGNE?<\/h3>\n<p>Le fabricant de ce jeu plein de tours de bonus indique un tel pourcentage &#8211; 96%.<\/p>\n<p>Lire aussi: <a href=\"https:\/\/rocketplay-new.com\/fr\/monkey-king\/\">Machine \u00e0 sous Monkey King<\/a><\/p>\n","protected":false},"excerpt":{"rendered":"<p>Comment jouer Si vous trouvez et ex\u00e9cutez la machine \u00e0 sous en ligne Rocket Play Gold Express, alors il n&rsquo;y aura aucun probl\u00e8me avec son lancement. Il est tr\u00e8s facile et simple d&rsquo;y jouer. La m\u00e9canique ici r\u00e9p\u00e8te compl\u00e8tement toutes les machines \u00e0 sous en ligne classiques. Un champ de jeu de 5 rouleaux s&rsquo;ouvre&#8230;<\/p>\n","protected":false},"author":1,"featured_media":0,"parent":0,"menu_order":0,"comment_status":"closed","ping_status":"closed","template":"","meta":{"_acf_changed":false,"_kad_post_transparent":"default","_kad_post_title":"default","_kad_post_layout":"default","_kad_post_sidebar_id":"","_kad_post_content_style":"default","_kad_post_vertical_padding":"default","_kad_post_feature":"","_kad_post_feature_position":"","_kad_post_header":false,"_kad_post_footer":false,"footnotes":""},"class_list":["post-2205","page","type-page","status-publish","hentry"],"acf":[],"rttpg_featured_image_url":null,"rttpg_author":{"display_name":"John","author_link":"https:\/\/rocketplay-new.com\/fr\/author\/pemvas95n89x\/"},"rttpg_comment":0,"rttpg_category":null,"rttpg_excerpt":"Comment jouer Si vous trouvez et ex\u00e9cutez la machine \u00e0 sous en ligne Rocket Play Gold Express, alors il n&rsquo;y aura aucun probl\u00e8me avec son lancement. Il est tr\u00e8s facile et simple d&rsquo;y jouer. La m\u00e9canique ici r\u00e9p\u00e8te compl\u00e8tement toutes les machines \u00e0 sous en ligne classiques. Un champ de jeu de 5 rouleaux s&rsquo;ouvre...","_links":{"self":[{"href":"https:\/\/rocketplay-new.com\/fr\/wp-json\/wp\/v2\/pages\/2205","targetHints":{"allow":["GET"]}}],"collection":[{"href":"https:\/\/rocketplay-new.com\/fr\/wp-json\/wp\/v2\/pages"}],"about":[{"href":"https:\/\/rocketplay-new.com\/fr\/wp-json\/wp\/v2\/types\/page"}],"author":[{"embeddable":true,"href":"https:\/\/rocketplay-new.com\/fr\/wp-json\/wp\/v2\/users\/1"}],"replies":[{"embeddable":true,"href":"https:\/\/rocketplay-new.com\/fr\/wp-json\/wp\/v2\/comments?post=2205"}],"version-history":[{"count":3,"href":"https:\/\/rocketplay-new.com\/fr\/wp-json\/wp\/v2\/pages\/2205\/revisions"}],"predecessor-version":[{"id":5637,"href":"https:\/\/rocketplay-new.com\/fr\/wp-json\/wp\/v2\/pages\/2205\/revisions\/5637"}],"wp:attachment":[{"href":"https:\/\/rocketplay-new.com\/fr\/wp-json\/wp\/v2\/media?parent=2205"}],"curies":[{"name":"wp","href":"https:\/\/api.w.org\/{rel}","templated":true}]}}