{"id":2199,"date":"2022-08-11T19:18:05","date_gmt":"2022-08-11T16:18:05","guid":{"rendered":"https:\/\/rocketplay-new.com\/free-spins\/"},"modified":"2026-02-25T15:07:51","modified_gmt":"2026-02-25T12:07:51","slug":"free-spins","status":"publish","type":"page","link":"https:\/\/rocketplay-new.com\/fr\/free-spins\/","title":{"rendered":"Spins gratuits sur Rocket Play"},"content":{"rendered":"<p><img loading=\"lazy\" decoding=\"async\" class=\" wp-image-273 aligncenter\" src=\"https:\/\/rocketplay-new.com\/wp-content\/uploads\/2022\/08\/1-300x113.jpeg\" alt=\"rocket play\" width=\"621\" height=\"234\" srcset=\"https:\/\/rocketplay-new.com\/wp-content\/uploads\/2022\/08\/1-300x113.jpeg 300w, https:\/\/rocketplay-new.com\/wp-content\/uploads\/2022\/08\/1-1024x384.jpeg 1024w, https:\/\/rocketplay-new.com\/wp-content\/uploads\/2022\/08\/1-768x288.jpeg 768w, https:\/\/rocketplay-new.com\/wp-content\/uploads\/2022\/08\/1.jpeg 1140w\" sizes=\"auto, (max-width: 621px) 100vw, 621px\" \/><\/p>\n<p>Les tours gratuits <a href=\"https:\/\/rocketplay-new.com\/fr\/\">RocketPlay<\/a> sont l&rsquo;un des types de tours gratuits les plus courants dans les machines \u00e0 sous en ligne. Les <a href=\"https:\/\/rocketplay-new.com\/fr\/slot-machines\/\">machines \u00e0 sous<\/a> impliquent g\u00e9n\u00e9ralement la pr\u00e9sence d&rsquo;un compte ou d&rsquo;un d\u00e9p\u00f4t de bonus, qui re\u00e7oit les gains des tours gratuits et autres fonds de bonus. Pour les retirer, vous devez remplir les conditions de la mise.<\/p>\n<p>Par exemple, un certain site offre 20 tours gratuits sur une machine \u00e0 sous lors de l&rsquo;inscription. Si le prix \u00ab\u00a0conditionnel\u00a0\u00bb du tour est de 5 cents, alors le joueur pourra faire 20 tours gratuits \u00e0 un taux de 5 cents. Dans ce cas, il est important de savoir quel est le prix du tour offert par les tours gratuits du casino RocketPlay.<\/p>\n<p>Car tous les gains impliquent la multiplication de la mise. Par cons\u00e9quent, il est influent de jouer pour 1 cent ou 40 CAD. La m\u00eame combinaison qui rapporte 200x la mise donnera un gain de 2 CAD ou 8000 CAD &#8211; une diff\u00e9rence significative ? En g\u00e9n\u00e9ral, le prix d&rsquo;un spin se situe entre 10 et 50 cents.<\/p>\n<p>Pari : qu&rsquo;est-ce qu&rsquo;un joueur gagne sur les tours gratuits ? Tout d&rsquo;abord, il est n\u00e9cessaire d&rsquo;expliquer le terme \u00ab\u00a0pari\u00a0\u00bb. Les conditions de mise supposent que tous les fonds gagn\u00e9s pendant les tours gratuits ne sont pas vers\u00e9s sur le compte principal, mais sur le compte bonus. Ce qui pr\u00e9voit des conditions particuli\u00e8res pour le retrait de ces fonds.<\/p>\n<p>La mise implique le montant minimum du bankroll d\u00e9pens\u00e9 sur le jeu. Peu importe que le joueur gagne ou non, il est important que le montant soit d\u00e9pens\u00e9. D\u00e8s que cette condition est remplie, tous les gains obtenus lors des tours gratuits passent dans la cat\u00e9gorie de l&rsquo;argent r\u00e9el.<\/p>\n<p>Donc, en fait, la mise est un m\u00e9canisme de protection des int\u00e9r\u00eats du casino lui-m\u00eame. En m\u00eame temps, les s\u00e9ries de free spins, en r\u00e8gle g\u00e9n\u00e9rale, impliquent \u00e9galement une probabilit\u00e9 accrue de tomber sur des multiplicateurs importants, de sorte que les free spins sont presque garantis d&rsquo;apporter une augmentation significative du d\u00e9p\u00f4t.<\/p>\n<p><span style=\"font-weight: 400;\"><div class=\"tosh-btn\"><a href=\"\/go-casino\/\" target=\"_blank\" rel=\"noopener\">OBTENEZ UN BONUS<\/a><\/div><\/span><\/p>\n<h2>Comment r\u00e9clamer des tours gratuits<\/h2>\n<p>Comment sont donn\u00e9s les tours gratuits sans d\u00e9p\u00f4t du casino RocketPlay, comment les obtenir ? Il existe plusieurs fa\u00e7ons d&rsquo;obtenir ce bonus :<\/p>\n<ul>\n<li style=\"font-weight: 400;\" aria-level=\"1\">Prix de l&rsquo;inscription.<\/li>\n<li style=\"font-weight: 400;\" aria-level=\"1\">Les bonus de f\u00e9licitations sont une pratique courante. Ces fonds sont g\u00e9n\u00e9ralement cr\u00e9dit\u00e9s sur le compte, ce qui implique des conditions de mise pour retirer les bonus ou gagner de l&rsquo;argent r\u00e9el.<\/li>\n<li style=\"font-weight: 400;\" aria-level=\"1\">Combinaisons gagnantes. Chaque machine \u00e0 sous fournit ses propres ensembles de combinaisons qui apportent au joueur toutes sortes de bonus, y compris des tours gratuits. Les diff\u00e9rents casinos en ligne offrent diff\u00e9rentes conditions pour le retrait des fonds gagn\u00e9s gr\u00e2ce aux tours gratuits : les fonds peuvent \u00eatre imm\u00e9diatement vers\u00e9s sur le compte principal du joueur ou sur son compte bonus avec une mise.<\/li>\n<\/ul>\n<p>Stock. De temps en temps, diverses promotions sont organis\u00e9es dans tous les grands \u00e9tablissements, qui peuvent \u00eatre li\u00e9es \u00e0 des f\u00eates ou \u00e0 d&rsquo;autres occasions. En fait, les promotions impliquent la distribution de quelques goodies, entre autres, des tours gratuits sont souvent distribu\u00e9s.<\/p>\n<p>Des blagues. Les sweepstakes, roulettes, loteries et autres tirages de bonus sont une pratique courante, soutenue r\u00e9guli\u00e8rement par la grande majorit\u00e9 des grands sites. Les gains de ces activit\u00e9s peuvent s&rsquo;\u00e9lever \u00e0 des milliers de tours gratuits, mais les conditions de mise pour gagner peuvent diff\u00e9rer des conditions standard.<\/p>\n<p>Les conditions de retrait des fonds d&rsquo;un compte bonus peuvent toujours \u00eatre trouv\u00e9es dans les r\u00e8gles du site, si nous parlons d&rsquo;un casino en ligne sous licence.<\/p>\n<p>R\u00e9approvisionnement du d\u00e9p\u00f4t, achat de statuts VIP. Le r\u00e9approvisionnement du solde et l&rsquo;achat d&rsquo;un statut VIP ne passeront certainement pas inaper\u00e7us aupr\u00e8s de l&rsquo;administration du casino en ligne. L&rsquo;accumulation de bonus dans une telle situation est une pratique courante.<\/p>\n<p>Les experts distinguent deux principaux types de tours gratuits, en fonction de la n\u00e9cessit\u00e9 d&rsquo;effectuer un d\u00e9p\u00f4t.<\/p>\n<p>Les tours gratuits sans d\u00e9p\u00f4t. Les tours gratuits sont en fait l&rsquo;\u00e9quivalent pour le jeu du bonus en esp\u00e8ces gratuit. Le joueur a droit \u00e0 des tours gratuits sur une ou plusieurs machines \u00e0 sous virtuelles. L&rsquo;argent gagn\u00e9 de cette fa\u00e7on va toujours sur le compte avec la mise.<\/p>\n<p>Tours gratuits avec un d\u00e9p\u00f4t. De nombreuses machines \u00e0 sous offrent des bonus lorsqu&rsquo;on r\u00e9approvisionne un compte pour un certain montant, et ces bonus peuvent avoir un syst\u00e8me \u00e0 plusieurs niveaux. Selon le montant du r\u00e9approvisionnement, le joueur peut recevoir un montant diff\u00e9rent de bonus, y compris des tours gratuits.<\/p>\n<p>Avantages du bonus de spins gratuits du casino RocketPlay:<\/p>\n<ul>\n<li style=\"font-weight: 400;\" aria-level=\"1\">Le bonus ne n\u00e9cessite pas d&rsquo;investissements r\u00e9els;<\/li>\n<li style=\"font-weight: 400;\" aria-level=\"1\"><span style=\"font-family: var(--global-body-font-family);\">En utilisant les bonus, vous pouvez gagner de l&rsquo;argent r\u00e9el;<br \/>\n<\/span><\/li>\n<li style=\"font-weight: 400;\" aria-level=\"1\"><span style=\"font-family: var(--global-body-font-family);\">Les tours gratuits sont offerts fr\u00e9quemment et facilement si certaines conditions sont remplies.<\/span><\/li>\n<\/ul>\n<p>Inconv\u00e9nients de RocketPlay free spins casino Canada:<\/p>\n<ul>\n<li style=\"font-weight: 400;\" aria-level=\"1\">Pour retirer les gains, vous devez miser;<\/li>\n<li style=\"font-weight: 400;\" aria-level=\"1\">(possible) une liste limit\u00e9e de machines \u00e0 sous pour le jeu;<\/li>\n<li style=\"font-weight: 400;\" aria-level=\"1\">(possible) une taille de pari limit\u00e9e;<\/li>\n<li style=\"font-weight: 400;\" aria-level=\"1\">Ils donnent souvent et volontiers, mais pas assez.<\/li>\n<\/ul>\n<p>Les bonus spins sont un ph\u00e9nom\u00e8ne agr\u00e9able qui diversifie le gameplay et promet des avantages suppl\u00e9mentaires. Leur utilisation pr\u00e9sente \u00e0 la fois des avantages et des inconv\u00e9nients.<\/p>\n<p><img loading=\"lazy\" decoding=\"async\" class=\" wp-image-274 aligncenter\" src=\"https:\/\/rocketplay-new.com\/wp-content\/uploads\/2022\/08\/casino-free-spins-slot-sign-machine-vector-illustration-194647586-300x192.jpg\" alt=\"free spins rocketplay\" width=\"580\" height=\"371\" srcset=\"https:\/\/rocketplay-new.com\/wp-content\/uploads\/2022\/08\/casino-free-spins-slot-sign-machine-vector-illustration-194647586-300x192.jpg 300w, https:\/\/rocketplay-new.com\/wp-content\/uploads\/2022\/08\/casino-free-spins-slot-sign-machine-vector-illustration-194647586-768x492.jpg 768w, https:\/\/rocketplay-new.com\/wp-content\/uploads\/2022\/08\/casino-free-spins-slot-sign-machine-vector-illustration-194647586.jpg 800w\" sizes=\"auto, (max-width: 580px) 100vw, 580px\" \/><\/p>\n<h2>Autres bonus de RocketPlay<\/h2>\n<p>La principale t\u00e2che d&rsquo;un casino en ligne est d&rsquo;attirer de nouveaux joueurs. Pour ce faire, les portails de jeux utilisent de nombreuses m\u00e9thodes diff\u00e9rentes. La plus courante est la promotion de toutes sortes de bonus :<\/p>\n<ul>\n<li style=\"font-weight: 400;\" aria-level=\"1\"><span style=\"font-family: var(--global-body-font-family);\">Bonus sans d\u00e9p\u00f4t;<br \/>\n<\/span><\/li>\n<li style=\"font-weight: 400;\" aria-level=\"1\"><span style=\"font-family: var(--global-body-font-family);\">Paquet de bienvenue;<br \/>\n<\/span><\/li>\n<li style=\"font-weight: 400;\" aria-level=\"1\"><span style=\"font-family: var(--global-body-font-family);\">Cashback;<br \/>\n<\/span><\/li>\n<li style=\"font-weight: 400;\" aria-level=\"1\"><span style=\"font-family: var(--global-body-font-family);\">Rechargement;<br \/>\n<\/span><\/li>\n<li style=\"font-weight: 400;\" aria-level=\"1\"><span style=\"font-family: var(--global-body-font-family);\">Bonus \u00e0 l&rsquo;occasion des vacances;<br \/>\n<\/span><\/li>\n<li style=\"font-weight: 400;\" aria-level=\"1\"><span style=\"font-family: var(--global-body-font-family);\">Bonus de r\u00e9approvisionnement.<\/span><\/li>\n<\/ul>\n<p>Tout bonus est bon pour le joueur. Cependant, vous devez garder \u00e0 l&rsquo;esprit que tous les bonus sont soigneusement r\u00e9fl\u00e9chis par les casinos en ligne.<\/p>\n<p><span style=\"font-weight: 400;\"><div class=\"tosh-btn\"><a href=\"\/go-casino\/\" target=\"_blank\" rel=\"noopener\">OBTENEZ UN BONUS<\/a><\/div><\/span><\/p>\n<h2>FAQ<\/h2>\n<h3>Comment obtenir un bonus ?<\/h3>\n<p>L&rsquo;inscription et la v\u00e9rification sont requises pour recevoir le bonus.<\/p>\n<h3>Est-il n\u00e9cessaire de miser le bonus ?<\/h3>\n<p>Oui, il s&rsquo;agit d&rsquo;une exigence obligatoire.<\/p>\n<h3>Comment retirer les fonds du compte bonus ?<\/h3>\n<p>Les bonus de casino gratuits attirent beaucoup d&rsquo;attention. En m\u00eame temps, il faut comprendre qu&rsquo;il est tout simplement impossible de les retirer imm\u00e9diatement. Le joueur peut utiliser le compte bonus pour continuer \u00e0 jouer. Pour en retirer des fonds, il faut regagner l&rsquo;argent re\u00e7u.<\/p>\n","protected":false},"excerpt":{"rendered":"<p>Les tours gratuits RocketPlay sont l&rsquo;un des types de tours gratuits les plus courants dans les machines \u00e0 sous en ligne. Les machines \u00e0 sous impliquent g\u00e9n\u00e9ralement la pr\u00e9sence d&rsquo;un compte ou d&rsquo;un d\u00e9p\u00f4t de bonus, qui re\u00e7oit les gains des tours gratuits et autres fonds de bonus. Pour les retirer, vous devez remplir les&#8230;<\/p>\n","protected":false},"author":1,"featured_media":0,"parent":0,"menu_order":0,"comment_status":"closed","ping_status":"closed","template":"single-no-sidebar.php","meta":{"_acf_changed":false,"_kad_post_transparent":"default","_kad_post_title":"default","_kad_post_layout":"default","_kad_post_sidebar_id":"","_kad_post_content_style":"default","_kad_post_vertical_padding":"default","_kad_post_feature":"","_kad_post_feature_position":"","_kad_post_header":false,"_kad_post_footer":false,"footnotes":""},"class_list":["post-2199","page","type-page","status-publish","hentry"],"acf":[],"rttpg_featured_image_url":null,"rttpg_author":{"display_name":"John","author_link":"https:\/\/rocketplay-new.com\/fr\/author\/pemvas95n89x\/"},"rttpg_comment":0,"rttpg_category":null,"rttpg_excerpt":"Les tours gratuits RocketPlay sont l&rsquo;un des types de tours gratuits les plus courants dans les machines \u00e0 sous en ligne. Les machines \u00e0 sous impliquent g\u00e9n\u00e9ralement la pr\u00e9sence d&rsquo;un compte ou d&rsquo;un d\u00e9p\u00f4t de bonus, qui re\u00e7oit les gains des tours gratuits et autres fonds de bonus. Pour les retirer, vous devez remplir les...","_links":{"self":[{"href":"https:\/\/rocketplay-new.com\/fr\/wp-json\/wp\/v2\/pages\/2199","targetHints":{"allow":["GET"]}}],"collection":[{"href":"https:\/\/rocketplay-new.com\/fr\/wp-json\/wp\/v2\/pages"}],"about":[{"href":"https:\/\/rocketplay-new.com\/fr\/wp-json\/wp\/v2\/types\/page"}],"author":[{"embeddable":true,"href":"https:\/\/rocketplay-new.com\/fr\/wp-json\/wp\/v2\/users\/1"}],"replies":[{"embeddable":true,"href":"https:\/\/rocketplay-new.com\/fr\/wp-json\/wp\/v2\/comments?post=2199"}],"version-history":[{"count":5,"href":"https:\/\/rocketplay-new.com\/fr\/wp-json\/wp\/v2\/pages\/2199\/revisions"}],"predecessor-version":[{"id":11690,"href":"https:\/\/rocketplay-new.com\/fr\/wp-json\/wp\/v2\/pages\/2199\/revisions\/11690"}],"wp:attachment":[{"href":"https:\/\/rocketplay-new.com\/fr\/wp-json\/wp\/v2\/media?parent=2199"}],"curies":[{"name":"wp","href":"https:\/\/api.w.org\/{rel}","templated":true}]}}