{"id":2177,"date":"2022-09-20T12:17:34","date_gmt":"2022-09-20T09:17:34","guid":{"rendered":"https:\/\/rocketplay-new.com\/regular-bonuses\/"},"modified":"2025-04-02T18:15:26","modified_gmt":"2025-04-02T15:15:26","slug":"regular-bonuses","status":"publish","type":"page","link":"https:\/\/rocketplay-new.com\/fr\/regular-bonuses\/","title":{"rendered":"Tout sur les bonus r\u00e9guliers au casino Rocket Play"},"content":{"rendered":"<p><img loading=\"lazy\" decoding=\"async\" class=\" wp-image-444 aligncenter\" src=\"https:\/\/rocketplay-new.com\/wp-content\/uploads\/2022\/09\/rocketplay-high-roller-bonus-1-300x93.webp\" alt=\"rocketplay high roller bonus\" width=\"655\" height=\"203\" srcset=\"https:\/\/rocketplay-new.com\/wp-content\/uploads\/2022\/09\/rocketplay-high-roller-bonus-1-300x93.webp 300w, https:\/\/rocketplay-new.com\/wp-content\/uploads\/2022\/09\/rocketplay-high-roller-bonus-1-768x238.webp 768w, https:\/\/rocketplay-new.com\/wp-content\/uploads\/2022\/09\/rocketplay-high-roller-bonus-1.webp 968w\" sizes=\"auto, (max-width: 655px) 100vw, 655px\" \/><\/p>\n<p>Il est obligatoire pour tous les utilisateurs d&rsquo;utiliser les promotions permanentes sur le site du casino. Elles vous permettent de rendre votre temps de loisirs dans l&rsquo;\u00e9tablissement plus amusant, plus rentable et plus t\u00e9m\u00e9raire. En outre, plus un casino dispose de bonus r\u00e9guliers, plus il est consid\u00e9r\u00e9 comme fiable. Ne manquez donc pas votre chance de gagner de l&rsquo;argent suppl\u00e9mentaire, assurez-vous d&rsquo;\u00e9tudier quel bonus de casino <a href=\"https:\/\/rocketplay-new.com\/fr\/\">Rocket Play<\/a> est d&rsquo;actualit\u00e9 pour vous en ce moment et utilisez-le!<\/p>\n<p>De telles offres sont dites r\u00e9guli\u00e8res car elles sont toujours disponibles. Vous pouvez les utiliser avec un intervalle d&rsquo;un certain nombre de jours. Dans ce cas, une semaine. Les clients r\u00e9guliers, c&rsquo;est-\u00e0-dire tous ceux qui ont d\u00e9j\u00e0 profit\u00e9 des offres de bienvenue et qui r\u00e9approvisionnent leur d\u00e9p\u00f4t plus de deux fois, peuvent demander un bonus.<\/p>\n<p><span style=\"font-weight: 400;\"><div class=\"tosh-btn\"><a href=\"\/go-casino\/\" target=\"_blank\" rel=\"noopener\">OBTENEZ UN BONUS<\/a><\/div><\/span><\/p>\n<p>Dans ce casino, vous pouvez obtenir diff\u00e9rents types de r\u00e9compenses. Par exemple, les clients sont tr\u00e8s friands des tours gratuits Rocket Play. Et ce n&rsquo;est pas en vain, car c&rsquo;est une excellente occasion de gagner sans d\u00e9penser le moindre de vos fonds personnels. Mais vous pouvez \u00e9galement obtenir de l&rsquo;argent. Le tableau ci-dessous pr\u00e9sente tous les types de promotions r\u00e9guli\u00e8res.<\/p>\n<table>\n<tbody>\n<tr>\n<td>Nom<\/td>\n<td><span style=\"font-weight: 400;\">Type<\/span><\/td>\n<td>Lorsqu&rsquo;il est \u00e9mis<\/td>\n<td>R\u00e9compense maximale<\/td>\n<\/tr>\n<tr>\n<td>Rechargez<\/td>\n<td>Tours gratuits<\/td>\n<td>Vendredi<\/td>\n<td>100 pi\u00e8ces<\/td>\n<\/tr>\n<tr>\n<td>Bonus de match<\/td>\n<td>Argent r\u00e9el (50% sur le d\u00e9p\u00f4t)<\/td>\n<td>Dimanche<\/td>\n<td>300 CAD<\/td>\n<\/tr>\n<tr>\n<td>Bonus High Roller<\/td>\n<td>Argent r\u00e9el (50% sur le d\u00e9p\u00f4t)<\/td>\n<td>N&rsquo;importe quel jour<\/td>\n<td><span style=\"font-weight: 400;\">2500 CAD<\/span><\/td>\n<\/tr>\n<\/tbody>\n<\/table>\n<p>Comme vous pouvez le voir, chaque semaine, vous pouvez obtenir des prix suppl\u00e9mentaires. Vous pouvez n&rsquo;en utiliser qu&rsquo;un seul, ou les trois \u00e0 la fois, \u00e0 diff\u00e9rents jours de la semaine. Tout d\u00e9pend de la bankroll dont vous disposez. Le casino n&rsquo;exige pas de gros investissements pour vous offrir un cadeau.<\/p>\n<h2>Comment demander et utiliser ce bonus ?<\/h2>\n<p>Parlons de chacun des bonus s\u00e9par\u00e9ment afin que vous puissiez tout faire correctement et obtenir des prix. Ainsi, le bonus du vendredi peut \u00eatre obtenu de cette mani\u00e8re :<\/p>\n<ol>\n<li>Connectez-vous \u00e0 votre profil personnel le vendredi.<\/li>\n<li>Effectuez un r\u00e9approvisionnement \u00e0 la caisse (\u00e0 partir de 30 CAD).<\/li>\n<li>Demandez vos tours gratuits.<\/li>\n<\/ol>\n<p>Pour 30 dollars canadiens, vous obtiendrez 20 tours, pour 75 &#8211; 50, et pour 150 &#8211; 100. Choisissez donc ce qui est le plus pratique et le plus rentable pour vous. Un grand avantage est que vous n&rsquo;avez pas besoin de chercher des codes promo Rocket Play s\u00e9par\u00e9s pour cela. L&rsquo;activation se fait automatiquement.<\/p>\n<p>Le dimanche, pour recevoir un cadeau, vous devez faire ce qui suit :<\/p>\n<ol>\n<li>Entrez dans votre bureau.<\/li>\n<li>Rechargez votre compte de la mani\u00e8re habituelle (\u00e0 partir de 30 CAD).<\/li>\n<li>Attendez que 50% du montant d\u00e9pos\u00e9 soit ajout\u00e9 au compte.<\/li>\n<\/ol>\n<p><span style=\"font-weight: 400;\"><div class=\"tosh-btn\"><a href=\"\/go-casino\/\" target=\"_blank\" rel=\"noopener\">OBTENEZ UN BONUS<\/a><\/div><\/span><\/p>\n<p>Mais le bonus pour ceux qui jouent gros est disponible tous les jours de la semaine. Pour l&rsquo;activer, vous n&rsquo;avez pas seulement besoin de r\u00e9approvisionner le compte, comme dans les cas pr\u00e9c\u00e9dents. Ici, vous aurez besoin des codes de bonus Rocket Play. Le voici : HIGHROLLER. Vous pouvez facilement trouver le champ sur le site o\u00f9 vous devez l&rsquo;entrer, gr\u00e2ce \u00e0 une navigation simple. Pour que tout fonctionne, le montant du r\u00e9approvisionnement doit \u00eatre de 300 CAD.<\/p>\n<p><img loading=\"lazy\" decoding=\"async\" class=\" wp-image-445 aligncenter\" src=\"https:\/\/rocketplay-new.com\/wp-content\/uploads\/2022\/09\/rocketplaycasino-300x113.webp\" alt=\"Rocket play regular bonus\" width=\"704\" height=\"265\" srcset=\"https:\/\/rocketplay-new.com\/wp-content\/uploads\/2022\/09\/rocketplaycasino-300x113.webp 300w, https:\/\/rocketplay-new.com\/wp-content\/uploads\/2022\/09\/rocketplaycasino-1024x384.webp 1024w, https:\/\/rocketplay-new.com\/wp-content\/uploads\/2022\/09\/rocketplaycasino-768x288.webp 768w, https:\/\/rocketplay-new.com\/wp-content\/uploads\/2022\/09\/rocketplaycasino.webp 1140w\" sizes=\"auto, (max-width: 704px) 100vw, 704px\" \/><\/p>\n<h2>CONCLUSION<\/h2>\n<p>De nombreux joueurs de casino ne peuvent tout simplement pas jouer sans bonus. Apr\u00e8s tout, ces cadeaux apparemment modestes de l&rsquo;\u00e9tablissement peuvent grandement faciliter le jeu. Ils augmentent la bankroll et am\u00e9liorent l&rsquo;exp\u00e9rience de divertissement. C&rsquo;est pourquoi il est si important que le site propose des offres en permanence.<\/p>\n<p>Sur ce site, les bonus r\u00e9guliers pr\u00e9sentent de nombreux avantages:<\/p>\n<ul>\n<li>disponibles pour les personnes ayant n&rsquo;importe quelle bankroll;<\/li>\n<li>faciles \u00e0 demander;<\/li>\n<li>ne comportent pas de conditions difficiles;<\/li>\n<li>peuvent \u00eatre utilis\u00e9s chaque semaine, ce qui est assez fr\u00e9quent.<\/li>\n<\/ul>\n<p>Par cons\u00e9quent, nous pouvons dire que tout bonus de casino Rocket Play Canada est un cadeau vraiment profitable. Ils deviennent disponibles imm\u00e9diatement apr\u00e8s avoir effectu\u00e9 un second d\u00e9p\u00f4t et re\u00e7u le cadeau auquel vous avez droit.<\/p>\n<p>De nombreux casinos ne sont pas tr\u00e8s g\u00e9n\u00e9reux en mati\u00e8re de cadeaux. Ils ne proposent pas de bonus r\u00e9guliers, et s&rsquo;ils le font, ils ont des conditions de mise strictes ou des mises trop \u00e9lev\u00e9es. Chez Rocket Play, tout est beaucoup plus simple et plus agr\u00e9able. Ils n&rsquo;exigent pas grand-chose de vous. Par cons\u00e9quent, ne manquez pas d&rsquo;utiliser leurs offres et rendez votre divertissement de jeu encore plus intense.<\/p>\n<h2><span style=\"font-family: var(--global-body-font-family); font-size: 16px; font-weight: normal;\">Lire aussi: <\/span><a style=\"font-family: var(--global-body-font-family); font-size: 16px; font-weight: normal;\" href=\"https:\/\/rocketplay-new.com\/fr\/loyalty-program\/\">Programme de fid\u00e9lisation<\/a><\/h2>\n","protected":false},"excerpt":{"rendered":"<p>Il est obligatoire pour tous les utilisateurs d&rsquo;utiliser les promotions permanentes sur le site du casino. Elles vous permettent de rendre votre temps de loisirs dans l&rsquo;\u00e9tablissement plus amusant, plus rentable et plus t\u00e9m\u00e9raire. En outre, plus un casino dispose de bonus r\u00e9guliers, plus il est consid\u00e9r\u00e9 comme fiable. Ne manquez donc pas votre chance&#8230;<\/p>\n","protected":false},"author":1,"featured_media":0,"parent":0,"menu_order":0,"comment_status":"closed","ping_status":"closed","template":"","meta":{"_acf_changed":false,"_kad_post_transparent":"default","_kad_post_title":"default","_kad_post_layout":"default","_kad_post_sidebar_id":"","_kad_post_content_style":"default","_kad_post_vertical_padding":"default","_kad_post_feature":"","_kad_post_feature_position":"","_kad_post_header":false,"_kad_post_footer":false,"footnotes":""},"class_list":["post-2177","page","type-page","status-publish","hentry"],"acf":[],"rttpg_featured_image_url":null,"rttpg_author":{"display_name":"John","author_link":"https:\/\/rocketplay-new.com\/fr\/author\/pemvas95n89x\/"},"rttpg_comment":0,"rttpg_category":null,"rttpg_excerpt":"Il est obligatoire pour tous les utilisateurs d&rsquo;utiliser les promotions permanentes sur le site du casino. Elles vous permettent de rendre votre temps de loisirs dans l&rsquo;\u00e9tablissement plus amusant, plus rentable et plus t\u00e9m\u00e9raire. En outre, plus un casino dispose de bonus r\u00e9guliers, plus il est consid\u00e9r\u00e9 comme fiable. Ne manquez donc pas votre chance...","_links":{"self":[{"href":"https:\/\/rocketplay-new.com\/fr\/wp-json\/wp\/v2\/pages\/2177","targetHints":{"allow":["GET"]}}],"collection":[{"href":"https:\/\/rocketplay-new.com\/fr\/wp-json\/wp\/v2\/pages"}],"about":[{"href":"https:\/\/rocketplay-new.com\/fr\/wp-json\/wp\/v2\/types\/page"}],"author":[{"embeddable":true,"href":"https:\/\/rocketplay-new.com\/fr\/wp-json\/wp\/v2\/users\/1"}],"replies":[{"embeddable":true,"href":"https:\/\/rocketplay-new.com\/fr\/wp-json\/wp\/v2\/comments?post=2177"}],"version-history":[{"count":3,"href":"https:\/\/rocketplay-new.com\/fr\/wp-json\/wp\/v2\/pages\/2177\/revisions"}],"predecessor-version":[{"id":5710,"href":"https:\/\/rocketplay-new.com\/fr\/wp-json\/wp\/v2\/pages\/2177\/revisions\/5710"}],"wp:attachment":[{"href":"https:\/\/rocketplay-new.com\/fr\/wp-json\/wp\/v2\/media?parent=2177"}],"curies":[{"name":"wp","href":"https:\/\/api.w.org\/{rel}","templated":true}]}}