{"id":2165,"date":"2022-09-20T12:29:07","date_gmt":"2022-09-20T09:29:07","guid":{"rendered":"https:\/\/rocketplay-new.com\/loyalty-program\/"},"modified":"2025-04-02T18:08:16","modified_gmt":"2025-04-02T15:08:16","slug":"loyalty-program","status":"publish","type":"page","link":"https:\/\/rocketplay-new.com\/fr\/loyalty-program\/","title":{"rendered":"\u00c0 propos du programme de fid\u00e9lit\u00e9"},"content":{"rendered":"<p><img loading=\"lazy\" decoding=\"async\" class=\" wp-image-451 aligncenter\" src=\"https:\/\/rocketplay-new.com\/wp-content\/uploads\/2022\/09\/rocket-play-casino-300x103.webp\" alt=\"Rocket play Loyalty program\" width=\"711\" height=\"244\" srcset=\"https:\/\/rocketplay-new.com\/wp-content\/uploads\/2022\/09\/rocket-play-casino-300x103.webp 300w, https:\/\/rocketplay-new.com\/wp-content\/uploads\/2022\/09\/rocket-play-casino.webp 728w\" sizes=\"auto, (max-width: 711px) 100vw, 711px\" \/><\/p>\n<p>La fid\u00e9lit\u00e9 des clients est un indicateur tr\u00e8s important pour un casino. Un joueur fid\u00e8le reviendra dans l&rsquo;\u00e9tablissement, n&rsquo;aura pas peur d&rsquo;utiliser les promotions et d&rsquo;utiliser de l&rsquo;argent r\u00e9el pour son divertissement. Il existe donc des syst\u00e8mes sp\u00e9ciaux con\u00e7us pour augmenter cet indicateur au sein de l&rsquo;\u00e9tablissement. C&rsquo;est ainsi qu&rsquo;est apparu le programme de fid\u00e9lit\u00e9 <a href=\"https:\/\/rocketplay-new.com\/fr\/\">Rocket Play<\/a>, qui peut \u00eatre consid\u00e9r\u00e9 comme assez simple, mais en m\u00eame temps tr\u00e8s profitable pour les clients.<\/p>\n<p>Apprenez-en plus sur son fonctionnement. Croyez-moi, pour recevoir les bonus pr\u00e9vus dans ce programme, vous n&rsquo;aurez rien \u00e0 faire de particulier. Bien qu&rsquo;\u00e0 premi\u00e8re vue, si vous ne connaissez pas les d\u00e9tails, cela peut sembler quelque peu d\u00e9routant.<\/p>\n<p style=\"text-align: center;\"><span style=\"font-weight: 400;\"><div class=\"tosh-btn\"><a href=\"\/go-casino\/\" target=\"_blank\" rel=\"noopener\">OBTENEZ UN BONUS<\/a><\/div><\/span><\/p>\n<h2>Qu&rsquo;est-ce qu&rsquo;un bonus de fid\u00e9lit\u00e9 de casino ?<\/h2>\n<p>Si une personne montre plus d&rsquo;une fois son engagement envers l&rsquo;un ou l&rsquo;autre des clubs de jeu, elle est r\u00e9compens\u00e9e. Le prix distribu\u00e9 en remerciement de votre pers\u00e9v\u00e9rance est le bonus de fid\u00e9lit\u00e9. Il peut s&rsquo;agir d&rsquo;argent, de tours gratuits de rouleaux de machines \u00e0 sous, de r\u00e9ductions et d&rsquo;autres offres.<\/p>\n<p>Le programme de fid\u00e9lit\u00e9 du casino en ligne Rocket Play utilise de l&rsquo;argent r\u00e9el comme r\u00e9compense. Seulement, elles ne sont pas d\u00e9livr\u00e9es comme \u00e7a, mais sous forme de cashback.<\/p>\n<p>Quels sont les avantages de ce format :<\/p>\n<ul>\n<li style=\"font-weight: 400;\" aria-level=\"1\">en fait, on perd moins d&rsquo;argent qu&rsquo;on n&rsquo;en perd;<\/li>\n<li style=\"font-weight: 400;\" aria-level=\"1\">psychologiquement, il devient plus facile de jouer, car une partie de la perte reviendra;<\/li>\n<li style=\"font-weight: 400;\" aria-level=\"1\">il y a un petit revenu constant sous forme de retour qui peut \u00eatre r\u00e9utilis\u00e9 pour le jeu.<\/li>\n<\/ul>\n<p>Le cashback est une fonction tr\u00e8s int\u00e9ressante. Les jeux d&rsquo;argent deviendront encore plus agr\u00e9ables. Un tel divertissement n&rsquo;est pas toujours rentable. Il y a des barres noires lorsque la chance n&rsquo;accompagne pas le joueur, et c&rsquo;est frustrant. Et lorsqu&rsquo;une partie de l&rsquo;argent est rembours\u00e9e, le joueur se calme et obtient un regain de motivation pour continuer \u00e0 s&rsquo;amuser.<\/p>\n<h2>Comment fonctionnent les primes de fid\u00e9lit\u00e9 ?<\/h2>\n<p>Imaginons que vous soyez client d&rsquo;un casino. Vous avez votre propre compte et vous l&rsquo;avez approvisionn\u00e9 afin de pouvoir jouer. Vous entrez dans le jeu, par exemple les machines \u00e0 sous, et y placez une mise. Le montant de cette mise est enregistr\u00e9, et lorsque vous placez la mise suivante, ils sont additionn\u00e9s. Cela continue jusqu&rsquo;\u00e0 ce que 30 CAD soient collect\u00e9s. C&rsquo;est ce montant qui est converti en un CompPoints (CP).<\/p>\n<p>Ces points sont des indicateurs de votre fid\u00e9lit\u00e9. Plus ils sont nombreux, plus votre niveau dans le syst\u00e8me est \u00e9lev\u00e9. C&rsquo;est ainsi que le casino comprend que vous jouez depuis longtemps, que vous d\u00e9pensez votre argent sur son site Web et que vous essayez diff\u00e9rents divertissements.<\/p>\n<p style=\"text-align: center;\"><span style=\"font-weight: 400;\"><div class=\"tosh-btn\"><a href=\"\/go-casino\/\" target=\"_blank\" rel=\"noopener\">OBTENEZ UN BONUS<\/a><\/div><\/span><\/p>\n<p>Plus vous avez de points, plus le pourcentage de cashback sera \u00e9lev\u00e9. Le maximum est de 15%.<\/p>\n<p>A propos, dans le programme de fid\u00e9lit\u00e9 du casino Rocket Play Australia, le cashback est divis\u00e9 en deux types :<\/p>\n<ul>\n<li>pour les pertes aux machines \u00e0 sous;<\/li>\n<li>pour les pertes aux jeux en direct.<\/li>\n<\/ul>\n<p>Le premier est vers\u00e9 le lundi, le second le jeudi. Il s&rsquo;av\u00e8re donc que pendant la semaine, les fonds vous sont rendus deux fois. Bien s\u00fbr, si vous jouez \u00e0 la fois aux machines \u00e0 sous et au casino en direct.<\/p>\n<p><img loading=\"lazy\" decoding=\"async\" class=\" wp-image-452 aligncenter\" src=\"https:\/\/rocketplay-new.com\/wp-content\/uploads\/2022\/09\/how-to-claim-a-loyalty-bonus-htc-300x162.webp\" alt=\"Loyalty bonus\" width=\"644\" height=\"348\" srcset=\"https:\/\/rocketplay-new.com\/wp-content\/uploads\/2022\/09\/how-to-claim-a-loyalty-bonus-htc-300x162.webp 300w, https:\/\/rocketplay-new.com\/wp-content\/uploads\/2022\/09\/how-to-claim-a-loyalty-bonus-htc-1024x554.webp 1024w, https:\/\/rocketplay-new.com\/wp-content\/uploads\/2022\/09\/how-to-claim-a-loyalty-bonus-htc-768x415.webp 768w, https:\/\/rocketplay-new.com\/wp-content\/uploads\/2022\/09\/how-to-claim-a-loyalty-bonus-htc.webp 1480w\" sizes=\"auto, (max-width: 644px) 100vw, 644px\" \/><\/p>\n<h2>Conclusion<\/h2>\n<p>Des cadeaux de fid\u00e9lit\u00e9 sont offerts \u00e0 tous les utilisateurs. Vous n&rsquo;avez pas besoin d&rsquo;attendre longtemps pour b\u00e9n\u00e9ficier de tous les avantages. Vous pouvez suivre le nombre de points et le montant du cashback dans votre compte personnel.<\/p>\n<p>Si vous \u00eates un client fid\u00e8le de la maison de jeu, vous pourrez ressentir tous les avantages du meilleur programme de fid\u00e9lit\u00e9 de casino Rocket Play. Cela n&rsquo;est pas seulement b\u00e9n\u00e9fique sur le plan financier, mais fait \u00e9galement de vous un membre tr\u00e8s sp\u00e9cial de la communaut\u00e9 du casino.<\/p>\n<p>Lire aussi: <a href=\"https:\/\/rocketplay-new.com\/fr\/vip\/\">Programme VIP<\/a><\/p>\n","protected":false},"excerpt":{"rendered":"<p>La fid\u00e9lit\u00e9 des clients est un indicateur tr\u00e8s important pour un casino. Un joueur fid\u00e8le reviendra dans l&rsquo;\u00e9tablissement, n&rsquo;aura pas peur d&rsquo;utiliser les promotions et d&rsquo;utiliser de l&rsquo;argent r\u00e9el pour son divertissement. Il existe donc des syst\u00e8mes sp\u00e9ciaux con\u00e7us pour augmenter cet indicateur au sein de l&rsquo;\u00e9tablissement. C&rsquo;est ainsi qu&rsquo;est apparu le programme de fid\u00e9lit\u00e9&#8230;<\/p>\n","protected":false},"author":1,"featured_media":0,"parent":0,"menu_order":0,"comment_status":"closed","ping_status":"closed","template":"","meta":{"_acf_changed":false,"_kad_post_transparent":"default","_kad_post_title":"default","_kad_post_layout":"default","_kad_post_sidebar_id":"","_kad_post_content_style":"default","_kad_post_vertical_padding":"default","_kad_post_feature":"","_kad_post_feature_position":"","_kad_post_header":false,"_kad_post_footer":false,"footnotes":""},"class_list":["post-2165","page","type-page","status-publish","hentry"],"acf":[],"rttpg_featured_image_url":null,"rttpg_author":{"display_name":"John","author_link":"https:\/\/rocketplay-new.com\/fr\/author\/pemvas95n89x\/"},"rttpg_comment":0,"rttpg_category":null,"rttpg_excerpt":"La fid\u00e9lit\u00e9 des clients est un indicateur tr\u00e8s important pour un casino. Un joueur fid\u00e8le reviendra dans l&rsquo;\u00e9tablissement, n&rsquo;aura pas peur d&rsquo;utiliser les promotions et d&rsquo;utiliser de l&rsquo;argent r\u00e9el pour son divertissement. Il existe donc des syst\u00e8mes sp\u00e9ciaux con\u00e7us pour augmenter cet indicateur au sein de l&rsquo;\u00e9tablissement. C&rsquo;est ainsi qu&rsquo;est apparu le programme de fid\u00e9lit\u00e9...","_links":{"self":[{"href":"https:\/\/rocketplay-new.com\/fr\/wp-json\/wp\/v2\/pages\/2165","targetHints":{"allow":["GET"]}}],"collection":[{"href":"https:\/\/rocketplay-new.com\/fr\/wp-json\/wp\/v2\/pages"}],"about":[{"href":"https:\/\/rocketplay-new.com\/fr\/wp-json\/wp\/v2\/types\/page"}],"author":[{"embeddable":true,"href":"https:\/\/rocketplay-new.com\/fr\/wp-json\/wp\/v2\/users\/1"}],"replies":[{"embeddable":true,"href":"https:\/\/rocketplay-new.com\/fr\/wp-json\/wp\/v2\/comments?post=2165"}],"version-history":[{"count":3,"href":"https:\/\/rocketplay-new.com\/fr\/wp-json\/wp\/v2\/pages\/2165\/revisions"}],"predecessor-version":[{"id":5701,"href":"https:\/\/rocketplay-new.com\/fr\/wp-json\/wp\/v2\/pages\/2165\/revisions\/5701"}],"wp:attachment":[{"href":"https:\/\/rocketplay-new.com\/fr\/wp-json\/wp\/v2\/media?parent=2165"}],"curies":[{"name":"wp","href":"https:\/\/api.w.org\/{rel}","templated":true}]}}