{"id":2161,"date":"2022-09-20T14:02:14","date_gmt":"2022-09-20T11:02:14","guid":{"rendered":"https:\/\/rocketplay-new.com\/9-coins\/"},"modified":"2025-11-25T23:21:31","modified_gmt":"2025-11-25T20:21:31","slug":"9-coins","status":"publish","type":"page","link":"https:\/\/rocketplay-new.com\/fr\/9-coins\/","title":{"rendered":"9 Pi\u00e8ces"},"content":{"rendered":"<p><img loading=\"lazy\" decoding=\"async\" class=\"aligncenter wp-image-5037\" src=\"https:\/\/rocketplay-new.com\/wp-content\/uploads\/2024\/02\/9999.png\" alt=\"9 Coins \" width=\"800\" height=\"363\" srcset=\"https:\/\/rocketplay-new.com\/wp-content\/uploads\/2024\/02\/9999.png 1281w, https:\/\/rocketplay-new.com\/wp-content\/uploads\/2024\/02\/9999-300x136.png 300w, https:\/\/rocketplay-new.com\/wp-content\/uploads\/2024\/02\/9999-1024x465.png 1024w, https:\/\/rocketplay-new.com\/wp-content\/uploads\/2024\/02\/9999-768x349.png 768w\" sizes=\"auto, (max-width: 800px) 100vw, 800px\" \/><\/p>\n<h2>INFORMATIONS DE BASE<\/h2>\n<p>La gamme moderne de machines \u00e0 sous est vraiment \u00e9norme. Et il est difficile de trouver quelque chose d&rsquo;inhabituel parmi elles. Elles sont toutes similaires en termes de m\u00e9canique, de nombre de rouleaux et de lignes, d&rsquo;animations, de jeux \u00e0 risque et d&rsquo;autres caract\u00e9ristiques. Mais si vous trouvez la machine \u00e0 sous Rocket Play 9 Coins en ligne dans le casino, vous comprendrez qu&rsquo;il existe des options avec des contr\u00f4les et des options originales.<\/p>\n<p>Au d\u00e9but, le sens de cette machine \u00e0 sous ne semble pas si int\u00e9ressant et excitant. Mais il a ses fans, et ce n&rsquo;est pas pour rien. Vous n&rsquo;\u00eates pas oblig\u00e9 de miser de l&rsquo;argent r\u00e9el tout de suite pour comprendre le jeu. Apr\u00e8s tout, vous pouvez toujours lancer une version d\u00e9mo qui vous permettra de faire connaissance gratuitement.<\/p>\n<p style=\"text-align: center;\"><div class=\"tosh-btn\"><a href=\"\/go-casino\/\" target=\"_blank\" rel=\"noopener\">OBTENEZ UN BONUS<\/a><\/div><\/p>\n<p>Le cr\u00e9ateur de cette machine \u00e0 sous est Wazdan. Elle est connue pour inventer des fonctionnalit\u00e9s nouvelles et int\u00e9ressantes. L&rsquo;\u00e9quipe de d\u00e9veloppement propose souvent des id\u00e9es nouvelles, qui sont ensuite mises en \u0153uvre dans les machines \u00e0 sous. C&rsquo;est exactement ce qui s&rsquo;est pass\u00e9 ici. Alors apprenons \u00e0 mieux le conna\u00eetre dans notre revue de la machine \u00e0 sous Rocket Play 9 Coins et d\u00e9cidons si vous l&rsquo;aimez.<\/p>\n<h2>Symboles et table des paiements de 9 Coins<\/h2>\n<p>A premi\u00e8re vue, ce jeu n&rsquo;a rien \u00e0 voir avec l&rsquo;espace. Mais d\u00e8s que vous lancez la machine \u00e0 sous, vous entendez une musique th\u00e9matique qui semble vous emmener dans les profondeurs inconnues de l&rsquo;Univers. De plus, toutes les animations du jeu sont r\u00e9alis\u00e9es dans ce style.<\/p>\n<p>Mais l&rsquo;essentiel, bien s\u00fbr, n&rsquo;est pas le design, mais les fonctions du jeu.<\/p>\n<p>Ainsi, vous ouvrez le jeu et vous voyez un champ de cellules 3 par 3 devant vous. Une option inhabituelle pour une machine \u00e0 sous, mais ce n&rsquo;est que le d\u00e9but. Lorsque vous d\u00e9marrez une machine \u00e0 sous, elle ne se remplit pas compl\u00e8tement de symboles. Ils ne s&rsquo;arr\u00eatent que dans certaines cellules. Alors, est-il possible de gagner de l&rsquo;argent r\u00e9el \u00e0 la machine \u00e0 sous Rocket Play 9 Coins ?<\/p>\n<p>Il n&rsquo;y a pas de lignes de paiement ici, donc aucune combinaison de symboles n&rsquo;apportera de b\u00e9n\u00e9fices. Sauf une.<\/p>\n<p>Votre objectif est que trois symboles s&rsquo;arr\u00eatent sur la bande centrale de la case. Cela d\u00e9clenchera le tour de bonus. C&rsquo;est l\u00e0 que tous les paiements vous attendent. Le tableau ci-dessous les montre tous.<\/p>\n<table>\n<tbody>\n<tr>\n<td>Symbole<\/td>\n<td>Sa fonction<\/td>\n<\/tr>\n<tr>\n<td>Argent liquide (pi\u00e8ces ordinaires)<\/td>\n<td>Peut multiplier la mise de x1 \u00e0 x5<\/td>\n<\/tr>\n<tr>\n<td>Bo\u00eete<\/td>\n<td>Collecte tous les gains sur le terrain et apporte un multiplicateur al\u00e9atoire jusqu&rsquo;\u00e0 x9.<\/td>\n<\/tr>\n<tr>\n<td>Symboles de myst\u00e8re<\/td>\n<td>Se transforme en n&rsquo;importe quel personnage<\/td>\n<\/tr>\n<tr>\n<td>Jackpot myst\u00e8re<\/td>\n<td>Convertit en n&rsquo;importe quel Jackpot<\/td>\n<\/tr>\n<tr>\n<td><span style=\"font-weight: 400;\">Major<\/span><\/td>\n<td>Peut multiplier la mise jusqu&rsquo;\u00e0 x50<\/td>\n<\/tr>\n<tr>\n<td>Mineur<\/td>\n<td>Peut multiplier la mise jusqu&rsquo;\u00e0 x20<\/td>\n<\/tr>\n<tr>\n<td><span style=\"font-weight: 400;\">Mini<\/span><\/td>\n<td>Peut multiplier la mise jusqu&rsquo;\u00e0 x10<\/td>\n<\/tr>\n<\/tbody>\n<\/table>\n<p>Au cours du tour de bonus, vous effectuez 3 tours gratuits de Rocket Play 9 Coins. Et si au moins un symbole persiste sur le terrain, le nombre de tours augmente \u00e0 nouveau. Cela peut continuer jusqu&rsquo;\u00e0 la fin. Ce que vous pouvez obtenir pendant le mode profitable couvrira les spins inutiles effectu\u00e9s auparavant.<\/p>\n<p>Un autre facteur important qui d\u00e9termine si une machine \u00e0 sous peut \u00eatre jou\u00e9e ou non est le RTP. Il indique combien de pour cent de l&rsquo;argent d\u00e9pens\u00e9 sur la machine \u00e0 sous vous reviendra avec un jeu long. Plus ce chiffre est \u00e9lev\u00e9, mieux c&rsquo;est. La moyenne dans le domaine des jeux d&rsquo;argent est de 95,5 %. Cette machine \u00e0 sous a un RTP de 96,06%, ce qui est l\u00e9g\u00e8rement sup\u00e9rieur \u00e0 la moyenne.<\/p>\n<p style=\"text-align: center;\"><div class=\"tosh-btn\"><a href=\"\/go-casino\/\" target=\"_blank\" rel=\"noopener\">OBTENEZ UN BONUS<\/a><\/div><\/p>\n<p>Malgr\u00e9 le fait qu&rsquo;il existe aujourd&rsquo;hui de nombreuses machines \u00e0 sous avec un pourcentage plus \u00e9lev\u00e9 sur le march\u00e9, ce jeu peut toujours \u00eatre consid\u00e9r\u00e9 comme assez rentable. Le meilleur bonus de la machine \u00e0 sous Rocket Play 9 Coins vous attend lorsque les neuf cases sont remplies de symboles pendant le tour de bonus.<\/p>\n<p><img loading=\"lazy\" decoding=\"async\" class=\"aligncenter wp-image-5047\" src=\"https:\/\/rocketplay-new.com\/wp-content\/uploads\/2024\/02\/999-1.png\" alt=\"9 Coins 2\" width=\"800\" height=\"444\" srcset=\"https:\/\/rocketplay-new.com\/wp-content\/uploads\/2024\/02\/999-1.png 955w, https:\/\/rocketplay-new.com\/wp-content\/uploads\/2024\/02\/999-1-300x166.png 300w, https:\/\/rocketplay-new.com\/wp-content\/uploads\/2024\/02\/999-1-768x426.png 768w\" sizes=\"auto, (max-width: 800px) 100vw, 800px\" \/><\/p>\n<h2>FAQ sur la machine \u00e0 sous 9 Coins<\/h2>\n<h3>Comment gagner le montant maximum dans cette machine \u00e0 sous ?<\/h3>\n<p>Pour ce faire, vous devez remplir toutes les cellules du champ avec des symboles. Dans ce cas, vous obtenez le Grand Jackpot.<\/p>\n<h3>Combien pouvez-vous gagner dans ce jeu ?<\/h3>\n<p>Le montant exact d\u00e9pend de votre mise. Le multiplicateur maximum que vous pouvez obtenir est de x500. Il n&rsquo;est disponible que lors du tour de bonus. Si vous l&rsquo;atteignez, les gains pr\u00e9c\u00e9dents seront remis \u00e0 z\u00e9ro. Car vous ne pouvez pas obtenir plus que cela.<\/p>\n<h3>Comment puis-je lancer la machine \u00e0 sous \u00e0 partir d&rsquo;un t\u00e9l\u00e9phone portable ?<\/h3>\n<p>Cela se fait tr\u00e8s facilement. Il suffit de se connecter \u00e0 son compte sur le site du casino via un navigateur, de trouver cette machine \u00e0 sous et de la lancer. Elle s&rsquo;adaptera \u00e0 votre \u00e9cran.<\/p>\n<p>Lire aussi: <a href=\"https:\/\/rocketplay-new.com\/gold-express\/\">Machine \u00e0 sous Gold Express<\/a><\/p>\n","protected":false},"excerpt":{"rendered":"<p>INFORMATIONS DE BASE La gamme moderne de machines \u00e0 sous est vraiment \u00e9norme. Et il est difficile de trouver quelque chose d&rsquo;inhabituel parmi elles. Elles sont toutes similaires en termes de m\u00e9canique, de nombre de rouleaux et de lignes, d&rsquo;animations, de jeux \u00e0 risque et d&rsquo;autres caract\u00e9ristiques. Mais si vous trouvez la machine \u00e0 sous&#8230;<\/p>\n","protected":false},"author":1,"featured_media":0,"parent":0,"menu_order":0,"comment_status":"closed","ping_status":"closed","template":"","meta":{"_acf_changed":false,"_kad_post_transparent":"default","_kad_post_title":"default","_kad_post_layout":"default","_kad_post_sidebar_id":"","_kad_post_content_style":"default","_kad_post_vertical_padding":"default","_kad_post_feature":"","_kad_post_feature_position":"","_kad_post_header":false,"_kad_post_footer":false,"footnotes":""},"class_list":["post-2161","page","type-page","status-publish","hentry"],"acf":[],"rttpg_featured_image_url":null,"rttpg_author":{"display_name":"John","author_link":"https:\/\/rocketplay-new.com\/fr\/author\/pemvas95n89x\/"},"rttpg_comment":0,"rttpg_category":null,"rttpg_excerpt":"INFORMATIONS DE BASE La gamme moderne de machines \u00e0 sous est vraiment \u00e9norme. Et il est difficile de trouver quelque chose d&rsquo;inhabituel parmi elles. Elles sont toutes similaires en termes de m\u00e9canique, de nombre de rouleaux et de lignes, d&rsquo;animations, de jeux \u00e0 risque et d&rsquo;autres caract\u00e9ristiques. Mais si vous trouvez la machine \u00e0 sous...","_links":{"self":[{"href":"https:\/\/rocketplay-new.com\/fr\/wp-json\/wp\/v2\/pages\/2161","targetHints":{"allow":["GET"]}}],"collection":[{"href":"https:\/\/rocketplay-new.com\/fr\/wp-json\/wp\/v2\/pages"}],"about":[{"href":"https:\/\/rocketplay-new.com\/fr\/wp-json\/wp\/v2\/types\/page"}],"author":[{"embeddable":true,"href":"https:\/\/rocketplay-new.com\/fr\/wp-json\/wp\/v2\/users\/1"}],"replies":[{"embeddable":true,"href":"https:\/\/rocketplay-new.com\/fr\/wp-json\/wp\/v2\/comments?post=2161"}],"version-history":[{"count":4,"href":"https:\/\/rocketplay-new.com\/fr\/wp-json\/wp\/v2\/pages\/2161\/revisions"}],"predecessor-version":[{"id":5622,"href":"https:\/\/rocketplay-new.com\/fr\/wp-json\/wp\/v2\/pages\/2161\/revisions\/5622"}],"wp:attachment":[{"href":"https:\/\/rocketplay-new.com\/fr\/wp-json\/wp\/v2\/media?parent=2161"}],"curies":[{"name":"wp","href":"https:\/\/api.w.org\/{rel}","templated":true}]}}