{"id":4510,"date":"2024-01-19T14:01:58","date_gmt":"2024-01-19T11:01:58","guid":{"rendered":"https:\/\/rocketplay-new.com\/underage-gaming-policy\/"},"modified":"2024-01-20T00:38:10","modified_gmt":"2024-01-19T21:38:10","slug":"underage-gaming-policy","status":"publish","type":"page","link":"https:\/\/rocketplay-new.com\/de\/underage-gaming-policy\/","title":{"rendered":"Spielrichtlinie f\u00fcr Minderj\u00e4hrige"},"content":{"rendered":"<p>In der dynamischen Landschaft der Online-Casinos zeichnet sich RocketPlay Casino durch sein aufregendes Spielerlebnis und sein unersch\u00fctterliches Engagement f\u00fcr verantwortungsvolles Spielen aus. Das Casino ist sich bewusst, wie wichtig es ist, das Wohlergehen seiner Spieler zu sch\u00fctzen, insbesondere der Minderj\u00e4hrigen. Dieser umfassende \u00dcberblick befasst sich mit der Richtlinie zum Spielen von Minderj\u00e4hrigen im RocketPlay Casino und untersucht die strengen Ma\u00dfnahmen, um eine sichere und angenehme Spielumgebung f\u00fcr alle zu gew\u00e4hrleisten.<\/p>\n<h2>Einf\u00fchrung in das Engagement von RocketPlay Casino<\/h2>\n<p>RocketPlay Casino ist stolz darauf, ein verantwortungsvolles und ethisches Spielumfeld zu f\u00f6rdern. Das Casino ist sich der potenziellen Risiken bewusst, die mit dem Spielen von Minderj\u00e4hrigen verbunden sind, und hat eine strenge Richtlinie zum Spielen von Minderj\u00e4hrigen eingef\u00fchrt. Diese Richtlinie dient dazu, alle Versuche von Personen unter dem gesetzlichen Mindestalter f\u00fcr Gl\u00fccksspiele zu verhindern und aufzudecken, auf der Plattform auf Spielaktivit\u00e4ten um echtes Geld zuzugreifen und daran teilzunehmen.<\/p>\n<h2>Protokolle zur Alters\u00fcberpr\u00fcfung: Die erste Verteidigungslinie<\/h2>\n<p>Einer der Eckpfeiler der Richtlinie zum Spielen von Minderj\u00e4hrigen im RocketPlay Casino ist der strenge Prozess zur Alters\u00fcberpr\u00fcfung. Bevor sich ein Spieler registrieren und ein Konto erstellen kann, muss er genaue pers\u00f6nliche Daten, einschlie\u00dflich seines Geburtsdatums, angeben. Diese Informationen werden mit externen Datenbanken abgeglichen, um das Alter und die Identit\u00e4t des Spielers zu best\u00e4tigen.<\/p>\n<p>Das Casino setzt modernste Technologie ein, um die Genauigkeit und Effizienz dieses Prozesses sicherzustellen. RocketPlay Casino \u00fcberpr\u00fcft die Echtheit der eingereichten Dokumente, wie z. B. von der Regierung ausgestellte Ausweise oder Reisep\u00e4sse, \u00fcber sichere und verschl\u00fcsselte Kan\u00e4le. Dieses strenge Verifizierungsprotokoll stellt die erste H\u00fcrde dar, die Personen unter dem gesetzlichen Mindestalter vom Zutritt zum Gl\u00fccksspielbereich abh\u00e4lt.<\/p>\n<h2>Bildungsinitiativen: St\u00e4rkung von Spielern und W\u00e4chtern<\/h2>\n<p>RocketPlay Casino ist sich der Bedeutung von Bildung f\u00fcr die F\u00f6rderung eines verantwortungsvollen Spielverhaltens bewusst. Das Casino investiert in umfassende Bildungsinitiativen f\u00fcr Spieler und ihre Erziehungsberechtigten. Auf der Plattform stehen Informationsressourcen zur Verf\u00fcgung, die Themen wie die Risiken des Gl\u00fccksspiels f\u00fcr Minderj\u00e4hrige, Warnzeichen und die Bedeutung der elterlichen Aufsicht abdecken.<\/p>\n<p>Zus\u00e4tzlich zu diesen Ressourcen interagiert RocketPlay Casino aktiv mit seiner Community \u00fcber Newsletter, Blogbeitr\u00e4ge und Social-Media-Kan\u00e4le. Ziel ist es, einen offenen Dialog \u00fcber verantwortungsvolle Gl\u00fccksspielpraktiken zu f\u00f6rdern und Spieler zu ermutigen, fundierte Entscheidungen \u00fcber ihre Spielaktivit\u00e4ten zu treffen.<\/p>\n<h2>Kindersicherung: Erm\u00e4chtigung von Erziehungsberechtigten zum Schutz<\/h2>\n<p>RocketPlay Casino geht noch einen Schritt weiter und bietet robuste Kindersicherungsfunktionen. Diese Funktionen erm\u00f6glichen es Erziehungsberechtigten, eine aktive Rolle bei der \u00dcberwachung und Kontrolle des Zugriffs ihrer minderj\u00e4hrigen Kinder auf die Plattform zu \u00fcbernehmen. \u00dcber die Kontoeinstellungen k\u00f6nnen Eltern Ausgaben- und Spieldauerlimits festlegen und sogar bestimmte Spiele einschr\u00e4nken, die f\u00fcr Minderj\u00e4hrige m\u00f6glicherweise als ungeeignet gelten.<\/p>\n<p>RocketPlay Casino erkennt die gemeinsame Verantwortung zwischen der Plattform und den Erziehungsberechtigten an, eine sichere und kontrollierte Spielumgebung f\u00fcr junge Menschen zu gew\u00e4hrleisten, indem es diese anpassbaren Kindersicherungen anbietet.<\/p>\n<h2>Echtzeit\u00fcberwachung: Wachsamkeit gegen den Zugriff Minderj\u00e4hriger<\/h2>\n<p>Technologie spielt eine entscheidende Rolle bei der Wahrung der Integrit\u00e4t der Richtlinie zum Spielen von Minderj\u00e4hrigen im RocketPlay Casino. Die Plattform nutzt fortschrittliche \u00dcberwachungstools, die in Echtzeit arbeiten, um Zugriffsversuche von Minderj\u00e4hrigen zu erkennen und zu verhindern. Verd\u00e4chtige Verhaltensmuster, wie h\u00e4ufige Registrierungsversuche mit falschen Angaben oder wiederholte Zugriffe \u00fcber ein einzelnes Ger\u00e4t, l\u00f6sen sofortige Untersuchungen aus.<\/p>\n<p>Das engagierte Team von Sicherheitsexperten des Casinos arbeitet rund um die Uhr, um diese Warnungen zu \u00fcberwachen. Wenn Unregelm\u00e4\u00dfigkeiten festgestellt werden, werden umgehend Ma\u00dfnahmen ergriffen, um Konten zu sperren, gr\u00fcndliche Untersuchungen durchzuf\u00fchren und den Vorfall gegebenenfalls den zust\u00e4ndigen Beh\u00f6rden zu melden.<\/p>\n<h2>Konsequenzen bei Verst\u00f6\u00dfen: Wahrung der Verantwortlichkeit<\/h2>\n<p>RocketPlay Casino l\u00e4sst keinen Spielraum f\u00fcr Nachsicht bei Verst\u00f6\u00dfen gegen seine Richtlinien zum Spielen von Minderj\u00e4hrigen. Es werden eindeutige Konsequenzen f\u00fcr Personen dargelegt, die beim Versuch erwischt werden, den Prozess der Alters\u00fcberpr\u00fcfung zu t\u00e4uschen oder sich als Minderj\u00e4hrige an Spielen um echtes Geld zu beteiligen. Die Sanktionen k\u00f6nnen je nach Schwere des Versto\u00dfes von vor\u00fcbergehender Kontosperrung bis hin zu dauerhaften Sperren reichen.<\/p>\n<p>Dar\u00fcber hinaus arbeitet das Casino eng mit den Strafverfolgungsbeh\u00f6rden zusammen, um sicherzustellen, dass rechtliche Schritte gegen diejenigen eingeleitet werden, die wissentlich versuchen, gegen die Gl\u00fccksspielbestimmungen f\u00fcr Minderj\u00e4hrige zu versto\u00dfen. Dieses Bekenntnis zur Rechenschaftspflicht ist ein starkes Signal daf\u00fcr, dass RocketPlay Casino sich der Aufrechterhaltung der h\u00f6chsten Standards an Integrit\u00e4t und Legalit\u00e4t in der Online-Gaming-Branche verschrieben hat.<\/p>\n<h2>Ein ganzheitlicher Ansatz f\u00fcr verantwortungsvolles Gl\u00fccksspiel<\/h2>\n<p>Zusammenfassend l\u00e4sst sich sagen, dass die Richtlinie zum Spielen von Minderj\u00e4hrigen von RocketPlay Casino ein Beweis f\u00fcr sein Engagement f\u00fcr die F\u00f6rderung einer sicheren und verantwortungsvollen Spielumgebung ist. Durch strenge Alters\u00fcberpr\u00fcfungsprozesse, Aufkl\u00e4rungsinitiativen, Kindersicherung, Echtzeit\u00fcberwachung und entscheidende Konsequenzen bei Verst\u00f6\u00dfen verfolgt das Casino einen ganzheitlichen Ansatz, um den Schutz minderj\u00e4hriger Personen vor den potenziellen Sch\u00e4den des Gl\u00fccksspiels sicherzustellen.<\/p>\n<p>Durch die kontinuierliche Weiterentwicklung seiner Strategien und die Vorreiterrolle bei verantwortungsvollen Spielpraktiken bietet RocketPlay Casino eine unterhaltsame Spielplattform. Es setzt einen Standard f\u00fcr ethisches Verhalten in der Online-Casino-Branche. Spieler und Erziehungsberechtigte k\u00f6nnen gleicherma\u00dfen darauf vertrauen, dass ihr Wohlergehen oberste Priorit\u00e4t hat, was RocketPlay Casino zu einem f\u00fchrenden Anbieter von verantwortungsvollen und unterhaltsamen Online-Spielerlebnissen macht.<\/p>\n","protected":false},"excerpt":{"rendered":"<p>In der dynamischen Landschaft der Online-Casinos zeichnet sich RocketPlay Casino durch sein aufregendes Spielerlebnis und sein unersch\u00fctterliches Engagement f\u00fcr verantwortungsvolles Spielen aus. Das Casino ist sich bewusst, wie wichtig es ist, das Wohlergehen seiner Spieler zu sch\u00fctzen, insbesondere der Minderj\u00e4hrigen. Dieser umfassende \u00dcberblick befasst sich mit der Richtlinie zum Spielen von Minderj\u00e4hrigen im RocketPlay Casino&#8230;<\/p>\n","protected":false},"author":1,"featured_media":0,"parent":0,"menu_order":0,"comment_status":"closed","ping_status":"closed","template":"","meta":{"_acf_changed":false,"_kad_post_transparent":"default","_kad_post_title":"default","_kad_post_layout":"default","_kad_post_sidebar_id":"","_kad_post_content_style":"default","_kad_post_vertical_padding":"default","_kad_post_feature":"","_kad_post_feature_position":"","_kad_post_header":false,"_kad_post_footer":false,"footnotes":""},"class_list":["post-4510","page","type-page","status-publish","hentry"],"acf":[],"rttpg_featured_image_url":null,"rttpg_author":{"display_name":"John","author_link":"https:\/\/rocketplay-new.com\/de\/author\/pemvas95n89x\/"},"rttpg_comment":0,"rttpg_category":null,"rttpg_excerpt":"In der dynamischen Landschaft der Online-Casinos zeichnet sich RocketPlay Casino durch sein aufregendes Spielerlebnis und sein unersch\u00fctterliches Engagement f\u00fcr verantwortungsvolles Spielen aus. Das Casino ist sich bewusst, wie wichtig es ist, das Wohlergehen seiner Spieler zu sch\u00fctzen, insbesondere der Minderj\u00e4hrigen. Dieser umfassende \u00dcberblick befasst sich mit der Richtlinie zum Spielen von Minderj\u00e4hrigen im RocketPlay Casino...","_links":{"self":[{"href":"https:\/\/rocketplay-new.com\/de\/wp-json\/wp\/v2\/pages\/4510","targetHints":{"allow":["GET"]}}],"collection":[{"href":"https:\/\/rocketplay-new.com\/de\/wp-json\/wp\/v2\/pages"}],"about":[{"href":"https:\/\/rocketplay-new.com\/de\/wp-json\/wp\/v2\/types\/page"}],"author":[{"embeddable":true,"href":"https:\/\/rocketplay-new.com\/de\/wp-json\/wp\/v2\/users\/1"}],"replies":[{"embeddable":true,"href":"https:\/\/rocketplay-new.com\/de\/wp-json\/wp\/v2\/comments?post=4510"}],"version-history":[{"count":1,"href":"https:\/\/rocketplay-new.com\/de\/wp-json\/wp\/v2\/pages\/4510\/revisions"}],"predecessor-version":[{"id":4511,"href":"https:\/\/rocketplay-new.com\/de\/wp-json\/wp\/v2\/pages\/4510\/revisions\/4511"}],"wp:attachment":[{"href":"https:\/\/rocketplay-new.com\/de\/wp-json\/wp\/v2\/media?parent=4510"}],"curies":[{"name":"wp","href":"https:\/\/api.w.org\/{rel}","templated":true}]}}