{"id":4405,"date":"2024-01-19T14:12:34","date_gmt":"2024-01-19T11:12:34","guid":{"rendered":"https:\/\/rocketplay-new.com\/kyc-policy\/"},"modified":"2024-01-19T23:01:21","modified_gmt":"2024-01-19T20:01:21","slug":"kyc-policy","status":"publish","type":"page","link":"https:\/\/rocketplay-new.com\/de\/kyc-policy\/","title":{"rendered":"KYC-Richtlinie"},"content":{"rendered":"<p>In der dynamischen Welt des Online-Gl\u00fccksspiels zeichnet sich RocketPlay Casino durch sein aufregendes Spieleangebot und sein unersch\u00fctterliches Engagement f\u00fcr die Gew\u00e4hrleistung einer sicheren und verantwortungsvollen Spielumgebung aus. Eine der wichtigsten S\u00e4ulen, die dieses Engagement unterst\u00fctzen, ist die strenge Know Your Customer (KYC)-Richtlinie von RocketPlay Casino. In dieser umfassenden Untersuchung befassen wir uns mit den Feinheiten der KYC-Richtlinie von RocketPlay und verstehen ihre Bedeutung f\u00fcr die Wahrung der Integrit\u00e4t der Plattform und den Schutz der Interessen der Spieler.<\/p>\n<h2>Einf\u00fchrung in KYC: Vertrauen durch Verifizierung aufbauen<\/h2>\n<p>Know Your Customer, allgemein bekannt als KYC, ist eine Reihe von Verfahren, die es Unternehmen erm\u00f6glichen, die Identit\u00e4t ihrer Kunden zu \u00fcberpr\u00fcfen. In Online-Casinos wie RocketPlay ist KYC nicht nur eine regulatorische Anforderung, sondern ein entscheidendes Element beim Aufbau von Vertrauen bei Spielern. RocketPlay ist sich bewusst, dass die Pflege eines Vertrauensverh\u00e4ltnisses in der Gaming-Branche von entscheidender Bedeutung ist und dass eine strenge KYC-Richtlinie die Grundlage dieses Vertrauens ist.<\/p>\n<h2>Der dreistufige Verifizierungsprozess<\/h2>\n<p>RocketPlay Casino verwendet einen dreistufigen Verifizierungsprozess, um eine gr\u00fcndliche Pr\u00fcfung der Spieleridentit\u00e4ten sicherzustellen. Dieser mehrschichtige Ansatz soll umfassend und effizient sein und den Komfort f\u00fcr den Spieler mit der Notwendigkeit einer strengen \u00dcberpr\u00fcfung durch das Casino in Einklang bringen.<\/p>\n<h3>Dokumenten\u00fcberpr\u00fcfung: Der erste Schritt<\/h3>\n<p>Die Reise durch den KYC-Prozess von RocketPlay beginnt mit der Dokumenten\u00fcberpr\u00fcfung. Spieler m\u00fcssen eindeutige und g\u00fcltige Ausweisdokumente vorlegen, wie z. B. von der Regierung ausgestellte Ausweise oder Reisep\u00e4sse. Dieser erste Schritt ist von entscheidender Bedeutung f\u00fcr die Feststellung der Identit\u00e4t und des Alters des Spielers sowie die Einhaltung gesetzlicher und beh\u00f6rdlicher Standards. Die fortschrittliche Dokumenten\u00fcberpr\u00fcfungstechnologie von RocketPlay sorgt f\u00fcr einen schnellen und nahtlosen Prozess und minimiert die Unannehmlichkeiten f\u00fcr den Spieler.<\/p>\n<h3>Adress\u00fcberpr\u00fcfung: Feststellung des Wohnsitzes<\/h3>\n<p>\u00dcber die Best\u00e4tigung der Identit\u00e4t hinaus erstreckt sich die KYC-Richtlinie von RocketPlay Casino auch auf die Adressverifizierung. Spieler werden gebeten, Dokumente vorzulegen, die ihre aktuelle Wohnadresse best\u00e4tigen. Dieser Schritt ist von entscheidender Bedeutung f\u00fcr die Einhaltung regulatorischer Anforderungen, die Verhinderung betr\u00fcgerischer Aktivit\u00e4ten und die Sicherstellung, dass Spieler aus autorisierten Gerichtsbarkeiten teilnehmen.<\/p>\n<h3>\u00dcberpr\u00fcfung der Zahlungsmethode: Erh\u00f6hung der Sicherheit<\/h3>\n<p>Die letzte Stufe des KYC-Prozesses von RocketPlay umfasst die \u00dcberpr\u00fcfung der vom Spieler gew\u00e4hlten Zahlungsmethode. Dieser Schritt f\u00fcgt eine zus\u00e4tzliche Sicherheitsebene hinzu und stellt sicher, dass die Finanztransaktionen auf der Plattform sicher durchgef\u00fchrt werden. Durch die Verkn\u00fcpfung der Zahlungsmethode mit der verifizierten Identit\u00e4t des Spielers verringert RocketPlay das Risiko nicht autorisierter Transaktionen und erh\u00f6ht die Gesamtsicherheit des Spielerlebnisses.<\/p>\n<h2>Schnelle Verarbeitung und Spielerkomfort<\/h2>\n<p>RocketPlay Casino ist sich bewusst, wie wichtig es ist, seinen Spielern ein nahtloses und unterhaltsames Spielerlebnis zu bieten. Trotz des umfassenden Charakters seines KYC-Prozesses legt das Casino gro\u00dfen Wert auf schnelle Bearbeitungszeiten. Durch den Einsatz modernster Technologie ist RocketPlay bestrebt, den Verifizierungsprozess zeitnah abzuschlie\u00dfen, sodass Spieler ohne unn\u00f6tige Verz\u00f6gerungen in ihre Lieblingsspiele eintauchen k\u00f6nnen.<\/p>\n<p>Das Casino versteht, dass KYC-Verfahren manchmal als umst\u00e4ndlich empfunden werden k\u00f6nnen, und als Reaktion darauf hat RocketPlay benutzerfreundliche Schnittstellen und Supportsysteme implementiert. Spieler haben Zugang zu einem engagierten Support-Team, das sie durch den Verifizierungsprozess unterst\u00fctzt und alle Fragen oder Bedenken beantwortet, die sie haben. Dieses Engagement f\u00fcr den Spielerkomfort ist ein Beweis f\u00fcr den kundenorientierten Ansatz von RocketPlay.<\/p>\n<h2>Sicherheitsma\u00dfnahmen: Wahrung der Spielerinteressen<\/h2>\n<p>Das Hauptziel der KYC-Richtlinie von RocketPlay besteht darin, die Plattformsicherheit zu verbessern. Durch die \u00dcberpr\u00fcfung der Identit\u00e4t, Adresse und Zahlungsmethode jedes Spielers schafft das Casino eine verst\u00e4rkte Barriere gegen betr\u00fcgerische Aktivit\u00e4ten wie Identit\u00e4tsdiebstahl und Geldw\u00e4sche. Dies sch\u00fctzt die Interessen einzelner Spieler und wahrt die Integrit\u00e4t des gesamten Gaming-\u00d6kosystems.<\/p>\n<p>RocketPlay verwendet modernste Verschl\u00fcsselungstechnologie, um die pers\u00f6nlichen und finanziellen Informationen zu sch\u00fctzen, die Spieler w\u00e4hrend des KYC-Prozesses bereitstellen. Das Casino h\u00e4lt sich an die h\u00f6chsten Branchenstandards f\u00fcr den Datenschutz und stellt sicher, dass sensible Informationen vertraulich bleiben und vor unbefugtem Zugriff gesch\u00fctzt sind.<\/p>\n<h2>Verantwortungsvolles Spielen f\u00f6rdern<\/h2>\n<p>Das Engagement von RocketPlay Casino f\u00fcr verantwortungsvolles Spielen geht Hand in Hand mit seiner KYC-Richtlinie. Indem das Casino sicherstellt, dass die Spieler vollj\u00e4hrig sind und sich innerhalb autorisierter Gerichtsbarkeiten befinden, ergreift es proaktive Ma\u00dfnahmen, um das Spielen von Minderj\u00e4hrigen zu verhindern und rechtliche Standards einzuhalten. Dar\u00fcber hinaus sch\u00fctzt die \u00dcberpr\u00fcfung der Zahlungsmethoden vor potenziellen finanziellen Sch\u00e4den und steht im Einklang mit dem Engagement von RocketPlay, eine sichere und verantwortungsvolle Spielumgebung zu f\u00f6rdern.<\/p>\n<h2>Kontinuierliche \u00dcberwachung und Anpassungsf\u00e4higkeit<\/h2>\n<p>Die Online-Gaming-Landschaft ist dynamisch und RocketPlay Casino ist sich der Notwendigkeit einer kontinuierlichen \u00dcberwachung und Anpassungsf\u00e4higkeit seiner KYC-Verfahren bewusst. Das Casino aktualisiert seine Verifizierungsprozesse regelm\u00e4\u00dfig, um neue Bedrohungen zu vermeiden und sich entwickelnde regulatorische Standards einzuhalten. Dieser proaktive Ansatz spiegelt das Engagement von RocketPlay wider, innerhalb seiner Spieleplattform ein H\u00f6chstma\u00df an Sicherheit und Integrit\u00e4t aufrechtzuerhalten.<\/p>\n<h2>Eine S\u00e4ule des Vertrauens und der Integrit\u00e4t<\/h2>\n<p>Im wettbewerbsintensiven Bereich der Online-Casinos steht RocketPlay f\u00fcr seine aufregenden Spiele und sein unersch\u00fctterliches Engagement f\u00fcr Vertrauen, Integrit\u00e4t und das Wohlergehen der Spieler. Die KYC-Richtlinie ist f\u00fcr RocketPlay nicht nur eine regulatorische Notwendigkeit; Es handelt sich um eine proaktive Ma\u00dfnahme zur Schaffung einer sicheren und verantwortungsvollen Spielumgebung. Durch einen sorgf\u00e4ltigen dreistufigen Verifizierungsprozess, kurze Bearbeitungszeiten und den Fokus auf Spielerfreundlichkeit stellt RocketPlay Casino sicher, dass Spieler ihre Lieblingsspiele mit der Gewissheit genie\u00dfen k\u00f6nnen, dass ihre Sicherheit und ihr Wohlbefinden an erster Stelle stehen. Im Wesentlichen geht es bei der KYC-Richtlinie bei RocketPlay nicht nur um die Verifizierung; Es geht darum, eine Vertrauensbasis aufzubauen, die das gesamte Spielerlebnis steigert.<\/p>\n","protected":false},"excerpt":{"rendered":"<p>In der dynamischen Welt des Online-Gl\u00fccksspiels zeichnet sich RocketPlay Casino durch sein aufregendes Spieleangebot und sein unersch\u00fctterliches Engagement f\u00fcr die Gew\u00e4hrleistung einer sicheren und verantwortungsvollen Spielumgebung aus. Eine der wichtigsten S\u00e4ulen, die dieses Engagement unterst\u00fctzen, ist die strenge Know Your Customer (KYC)-Richtlinie von RocketPlay Casino. In dieser umfassenden Untersuchung befassen wir uns mit den Feinheiten&#8230;<\/p>\n","protected":false},"author":1,"featured_media":0,"parent":0,"menu_order":0,"comment_status":"closed","ping_status":"closed","template":"","meta":{"_acf_changed":false,"_kad_post_transparent":"default","_kad_post_title":"default","_kad_post_layout":"default","_kad_post_sidebar_id":"","_kad_post_content_style":"default","_kad_post_vertical_padding":"default","_kad_post_feature":"","_kad_post_feature_position":"","_kad_post_header":false,"_kad_post_footer":false,"footnotes":""},"class_list":["post-4405","page","type-page","status-publish","hentry"],"acf":[],"rttpg_featured_image_url":null,"rttpg_author":{"display_name":"John","author_link":"https:\/\/rocketplay-new.com\/de\/author\/pemvas95n89x\/"},"rttpg_comment":0,"rttpg_category":null,"rttpg_excerpt":"In der dynamischen Welt des Online-Gl\u00fccksspiels zeichnet sich RocketPlay Casino durch sein aufregendes Spieleangebot und sein unersch\u00fctterliches Engagement f\u00fcr die Gew\u00e4hrleistung einer sicheren und verantwortungsvollen Spielumgebung aus. Eine der wichtigsten S\u00e4ulen, die dieses Engagement unterst\u00fctzen, ist die strenge Know Your Customer (KYC)-Richtlinie von RocketPlay Casino. In dieser umfassenden Untersuchung befassen wir uns mit den Feinheiten...","_links":{"self":[{"href":"https:\/\/rocketplay-new.com\/de\/wp-json\/wp\/v2\/pages\/4405","targetHints":{"allow":["GET"]}}],"collection":[{"href":"https:\/\/rocketplay-new.com\/de\/wp-json\/wp\/v2\/pages"}],"about":[{"href":"https:\/\/rocketplay-new.com\/de\/wp-json\/wp\/v2\/types\/page"}],"author":[{"embeddable":true,"href":"https:\/\/rocketplay-new.com\/de\/wp-json\/wp\/v2\/users\/1"}],"replies":[{"embeddable":true,"href":"https:\/\/rocketplay-new.com\/de\/wp-json\/wp\/v2\/comments?post=4405"}],"version-history":[{"count":2,"href":"https:\/\/rocketplay-new.com\/de\/wp-json\/wp\/v2\/pages\/4405\/revisions"}],"predecessor-version":[{"id":4407,"href":"https:\/\/rocketplay-new.com\/de\/wp-json\/wp\/v2\/pages\/4405\/revisions\/4407"}],"wp:attachment":[{"href":"https:\/\/rocketplay-new.com\/de\/wp-json\/wp\/v2\/media?parent=4405"}],"curies":[{"name":"wp","href":"https:\/\/api.w.org\/{rel}","templated":true}]}}