{"id":4373,"date":"2024-01-19T14:07:26","date_gmt":"2024-01-19T11:07:26","guid":{"rendered":"https:\/\/rocketplay-new.com\/gdpr-policy\/"},"modified":"2024-01-19T22:27:24","modified_gmt":"2024-01-19T19:27:24","slug":"gdpr-policy","status":"publish","type":"page","link":"https:\/\/rocketplay-new.com\/de\/gdpr-policy\/","title":{"rendered":"DSGVO-Richtlinie"},"content":{"rendered":"<p>Im Zeitalter der digitalen Unterhaltung ist sich RocketPlay Casino bewusst, wie wichtig der Schutz Ihrer Privatsph\u00e4re ist. Unsere DSGVO-Richtlinie (Datenschutz-Grundverordnung) fasst unser Engagement f\u00fcr Transparenz und Datensicherheit zusammen. Dieses umfassende Rahmenwerk stellt sicher, dass Ihre pers\u00f6nlichen Daten sorgf\u00e4ltig behandelt werden und die internationalen Datenschutzstandards strikt eingehalten werden.<\/p>\n<h2>Umsetzung des Datenschutzes im Gaming-Bereich<\/h2>\n<p>RocketPlay Casino ist nicht nur eine Plattform zum Spielen; Es ist eine Gemeinschaft, die auf Vertrauen basiert. Unsere DSGVO-Richtlinie ist ein Beweis f\u00fcr unser Engagement f\u00fcr den Schutz der Privatsph\u00e4re in einer zunehmend vernetzten Welt. Wir sind uns der Bedeutung Ihrer personenbezogenen Daten bewusst und setzen uns daf\u00fcr ein, dass Ihre Daten verantwortungsvoll verarbeitet werden.<\/p>\n<h2>Geltungsbereich der DSGVO-Richtlinie: Was umfasst sie?<\/h2>\n<p>Unsere DSGVO-Richtlinie erstreckt sich auf alle Aspekte des Betriebs von RocketPlay Casino und umfasst die Erhebung, Verarbeitung, Speicherung und Weitergabe personenbezogener Daten. Dazu geh\u00f6ren Informationen, die bei der Kontoregistrierung, beim Spielen, bei Finanztransaktionen und anderen Interaktionen mit unserer Plattform erhoben werden. Wir sind hinsichtlich der von uns erfassten Daten transparent und verwenden sie nur f\u00fcr die in dieser Richtlinie dargelegten legitimen Zwecke.<\/p>\n<h2>Rechtsgrundlage f\u00fcr die Datenverarbeitung: Ihre Einwilligung ist wichtig<\/h2>\n<p>RocketPlay Casino befolgt bei der Datenverarbeitung den Grundsatz der Rechtm\u00e4\u00dfigkeit. Wir stellen sicher, dass Ihre Daten nur auf Grundlage einer g\u00fcltigen Rechtsgrundlage verarbeitet werden. In den meisten F\u00e4llen ist diese Rechtsgrundlage Ihre ausdr\u00fcckliche Einwilligung, die Sie bei der Registrierung eines Kontos oder der Nutzung unserer Dienste erteilen. Sie haben das Recht, Ihre Einwilligung jederzeit zu widerrufen, und wir gestalten diesen Vorgang so einfach wie die urspr\u00fcngliche Einwilligung.<\/p>\n<h2>Informationen, die wir sammeln: Ein Gleichgewicht zwischen Relevanz und Notwendigkeit finden<\/h2>\n<p>Um Ihr Spielerlebnis zu verbessern und personalisierte Dienste bereitzustellen, erfassen wir bestimmte Informationen wie Ihren Namen, Ihre E-Mail-Adresse und Zahlungsdetails. Wir beschr\u00e4nken die Datenerhebung jedoch auf das f\u00fcr diese Zwecke unbedingt erforderliche Ma\u00df. Seien Sie versichert, RocketPlay Casino verarbeitet keine \u00fcberm\u00e4\u00dfigen oder irrelevanten Daten.<\/p>\n<h2>Datensicherheit: St\u00e4rken Sie Ihre digitale Festung<\/h2>\n<p>Sicherheit steht bei unserem Betrieb im Vordergrund. RocketPlay Casino setzt modernste Sicherheitsma\u00dfnahmen ein, um Ihre Daten vor unbefugtem Zugriff, Offenlegung, \u00c4nderung und Zerst\u00f6rung zu sch\u00fctzen. Unser Engagement f\u00fcr Ihre Privatsph\u00e4re umfasst regelm\u00e4\u00dfige Sicherheits\u00fcberpr\u00fcfungen, Verschl\u00fcsselungsprotokolle und strenge Zugriffskontrollen, um sicherzustellen, dass Ihre Informationen vertraulich und sicher bleiben.<\/p>\n<h2>Partnerschaften mit Drittanbietern: Gew\u00e4hrleistung des Datenschutzes \u00fcber unsere Grenzen hinaus<\/h2>\n<p>RocketPlay Casino arbeitet manchmal mit Drittanbietern zusammen, um unser Angebot zu verbessern. Wenn solche Partnerschaften die Verarbeitung personenbezogener Daten beinhalten, stellen wir sicher, dass diese Unternehmen dieselben strengen Datenschutzstandards einhalten. Wir schlie\u00dfen mit ihnen Vereinbarungen ab, um sicherzustellen, dass Ihre Privatsph\u00e4re auch \u00fcber die Grenzen unserer Plattform hinaus respektiert und gewahrt bleibt.<\/p>\n<h2>Datenspeicherung: Ein Gleichgewicht zwischen Notwendigkeit und Respekt f\u00fcr Ihre Entscheidungen finden<\/h2>\n<p>Wir bewahren Ihre Daten nur so lange auf, wie es zur Erf\u00fcllung der Zwecke, f\u00fcr die sie erhoben wurden, erforderlich ist. Sollten Sie sich daf\u00fcr entscheiden, Ihr Konto zu deaktivieren oder Ihre Einwilligung zu widerrufen, wird RocketPlay Casino Ihre Daten umgehend l\u00f6schen oder anonymisieren, es sei denn, die Aufbewahrung ist gesetzlich vorgeschrieben oder f\u00fcr legitime Gesch\u00e4ftszwecke erforderlich.<\/p>\n<h2>Ihre Rechte gem\u00e4\u00df DSGVO: Wir geben Ihnen die Kontrolle<\/h2>\n<p>RocketPlay Casino ist bestrebt, Ihnen die Kontrolle \u00fcber Ihre Daten zu geben. Gem\u00e4\u00df DSGVO k\u00f6nnen Sie auf Ihre Daten zugreifen, sie berichtigen oder l\u00f6schen. Dar\u00fcber hinaus k\u00f6nnen Sie bestimmten Verarbeitungsarten widersprechen und die \u00dcbertragbarkeit Ihrer Daten verlangen. Unsere benutzerfreundliche Oberfl\u00e4che und der reaktionsschnelle Kundensupport erleichtern Ihnen die Aus\u00fcbung dieser Rechte.<\/p>\n<h2>Reaktion auf Datenschutzverletzungen: Schnelle und transparente Ma\u00dfnahmen<\/h2>\n<p>Im ungl\u00fccklichen Fall eines Datenversto\u00dfes hat RocketPlay Casino Protokolle eingerichtet, um schnell und transparent zu reagieren. Wir benachrichtigen Sie und die zust\u00e4ndigen Beh\u00f6rden umgehend und erl\u00e4utern Ihnen die Art des Versto\u00dfes und die ergriffenen Ma\u00dfnahmen zur Abmilderung seiner Auswirkungen. Unsere Verpflichtung besteht nicht nur darin, Verst\u00f6\u00dfe zu verhindern, sondern auch verantwortungsvoll mit ihnen umzugehen, wenn sie auftreten.<\/p>\n<h2>Datenschutz von Kindern: Eine besondere \u00dcberlegung<\/h2>\n<p>RocketPlay Casino ist auf Unterhaltung f\u00fcr Erwachsene ausgelegt und wir erfassen oder verarbeiten wissentlich keine personenbezogenen Daten von Personen unter 18 Jahren. Wenn Sie ein Elternteil oder Erziehungsberechtigter sind und wissen, dass Ihr Kind uns seine Daten ohne Ihre Zustimmung zur Verf\u00fcgung gestellt hat, nehmen Sie bitte Kontakt mit uns auf uns, und wir werden geeignete Schritte unternehmen, um die Situation zu korrigieren.<\/p>\n<h2>Aktualisierungen der Richtlinien: Verantwortungsbewusstes Wachstum mit technologischen Fortschritten<\/h2>\n<p>Mit der Weiterentwicklung der Technologie entwickelt sich auch unser Engagement f\u00fcr den Datenschutz weiter. RocketPlay Casino verpflichtet sich, unsere DSGVO-Richtlinie regelm\u00e4\u00dfig zu \u00fcberpr\u00fcfen und zu aktualisieren, um technologischen \u00c4nderungen, gesetzlichen Anforderungen und Benutzerfeedback Rechnung zu tragen. Wir empfehlen Ihnen, diese Richtlinie regelm\u00e4\u00dfig erneut durchzulesen, um dar\u00fcber informiert zu bleiben, wie wir Ihre Privatsph\u00e4re sch\u00fctzen.<\/p>\n<h2>Eine gemeinsame Verantwortung f\u00fcr einen sicheren digitalen Spielplatz<\/h2>\n<p>Die DSGVO-Richtlinie von RocketPlay Casino besteht nicht nur aus einer Reihe von Regeln; es ist ein Bund. Es stellt unser Engagement dar, einen digitalen Spielplatz zu schaffen, auf dem Sie erkunden, sich engagieren und gewinnen k\u00f6nnen, w\u00e4hrend Sie gleichzeitig die Gewissheit haben, dass Ihre Privatsph\u00e4re an erster Stelle steht. W\u00e4hrend wir weiterhin innovativ sind und wachsen, wird sich unsere DSGVO-Richtlinie weiterentwickeln, um den Herausforderungen der digitalen Landschaft gerecht zu werden und sicherzustellen, dass RocketPlay Casino ein vertrauensw\u00fcrdiges und sicheres Ziel f\u00fcr Gaming-Enthusiasten auf der ganzen Welt bleibt.<\/p>\n","protected":false},"excerpt":{"rendered":"<p>Im Zeitalter der digitalen Unterhaltung ist sich RocketPlay Casino bewusst, wie wichtig der Schutz Ihrer Privatsph\u00e4re ist. Unsere DSGVO-Richtlinie (Datenschutz-Grundverordnung) fasst unser Engagement f\u00fcr Transparenz und Datensicherheit zusammen. Dieses umfassende Rahmenwerk stellt sicher, dass Ihre pers\u00f6nlichen Daten sorgf\u00e4ltig behandelt werden und die internationalen Datenschutzstandards strikt eingehalten werden. Umsetzung des Datenschutzes im Gaming-Bereich RocketPlay Casino ist&#8230;<\/p>\n","protected":false},"author":1,"featured_media":0,"parent":0,"menu_order":0,"comment_status":"closed","ping_status":"closed","template":"","meta":{"_acf_changed":false,"_kad_post_transparent":"default","_kad_post_title":"default","_kad_post_layout":"default","_kad_post_sidebar_id":"","_kad_post_content_style":"default","_kad_post_vertical_padding":"default","_kad_post_feature":"","_kad_post_feature_position":"","_kad_post_header":false,"_kad_post_footer":false,"footnotes":""},"class_list":["post-4373","page","type-page","status-publish","hentry"],"acf":[],"rttpg_featured_image_url":null,"rttpg_author":{"display_name":"John","author_link":"https:\/\/rocketplay-new.com\/de\/author\/pemvas95n89x\/"},"rttpg_comment":0,"rttpg_category":null,"rttpg_excerpt":"Im Zeitalter der digitalen Unterhaltung ist sich RocketPlay Casino bewusst, wie wichtig der Schutz Ihrer Privatsph\u00e4re ist. Unsere DSGVO-Richtlinie (Datenschutz-Grundverordnung) fasst unser Engagement f\u00fcr Transparenz und Datensicherheit zusammen. Dieses umfassende Rahmenwerk stellt sicher, dass Ihre pers\u00f6nlichen Daten sorgf\u00e4ltig behandelt werden und die internationalen Datenschutzstandards strikt eingehalten werden. Umsetzung des Datenschutzes im Gaming-Bereich RocketPlay Casino ist...","_links":{"self":[{"href":"https:\/\/rocketplay-new.com\/de\/wp-json\/wp\/v2\/pages\/4373","targetHints":{"allow":["GET"]}}],"collection":[{"href":"https:\/\/rocketplay-new.com\/de\/wp-json\/wp\/v2\/pages"}],"about":[{"href":"https:\/\/rocketplay-new.com\/de\/wp-json\/wp\/v2\/types\/page"}],"author":[{"embeddable":true,"href":"https:\/\/rocketplay-new.com\/de\/wp-json\/wp\/v2\/users\/1"}],"replies":[{"embeddable":true,"href":"https:\/\/rocketplay-new.com\/de\/wp-json\/wp\/v2\/comments?post=4373"}],"version-history":[{"count":2,"href":"https:\/\/rocketplay-new.com\/de\/wp-json\/wp\/v2\/pages\/4373\/revisions"}],"predecessor-version":[{"id":4375,"href":"https:\/\/rocketplay-new.com\/de\/wp-json\/wp\/v2\/pages\/4373\/revisions\/4375"}],"wp:attachment":[{"href":"https:\/\/rocketplay-new.com\/de\/wp-json\/wp\/v2\/media?parent=4373"}],"curies":[{"name":"wp","href":"https:\/\/api.w.org\/{rel}","templated":true}]}}