{"id":4356,"date":"2024-01-19T11:58:54","date_gmt":"2024-01-19T08:58:54","guid":{"rendered":"https:\/\/rocketplay-new.com\/contact-us\/"},"modified":"2024-01-19T22:10:54","modified_gmt":"2024-01-19T19:10:54","slug":"contact-us","status":"publish","type":"page","link":"https:\/\/rocketplay-new.com\/de\/contact-us\/","title":{"rendered":"Kontaktiere uns"},"content":{"rendered":"<p>Begeben Sie sich mit RocketPlay Casino auf eine Reise mit erstklassigem Kundenservice, bei der Ihre Zufriedenheit f\u00fcr uns an erster Stelle steht. Unsere Kontaktseite ist sorgf\u00e4ltig gestaltet, um Ihnen einfachen Zugang zu Unterst\u00fctzung zu erm\u00f6glichen und sicherzustellen, dass Ihr Spielerlebnis mit RocketPlay hervorragend bleibt.<\/p>\n<h2>Sofort verbinden: Live-Chat-Support<\/h2>\n<p>RocketPlay Casino wei\u00df, wie wichtig Echtzeitunterst\u00fctzung ist, weshalb unser Live-Chat-Support rund um die Uhr verf\u00fcgbar ist. Egal, ob Sie Fragen zu bestimmten Spielen haben, Hilfe zu Ihrem Konto ben\u00f6tigen oder Ihr Feedback teilen m\u00f6chten, unser kompetentes und freundliches Support-Team steht Ihnen umgehend zur Verf\u00fcgung. Steigern Sie Ihr Spielerlebnis, indem Sie Echtzeitabfragen l\u00f6sen und so ein unterbrechungsfreies Gameplay gew\u00e4hrleisten.<\/p>\n<h2>E-Mail-Support: Detaillierte L\u00f6sungen immer zur Hand<\/h2>\n<p>F\u00fcr umfassendere Anfragen oder wenn Sie eine schriftliche Kommunikation bevorzugen, bietet RocketPlay Casino E-Mail-Support an. Schreiben Sie uns eine Nachricht an support@rocketplaycasino.com und unser engagiertes Team wird Ihnen umgehend und ausf\u00fchrlich antworten. Wir legen Wert auf gr\u00fcndliche L\u00f6sungen und gehen jeden Aspekt Ihres Anliegens mit Pr\u00e4zision und Sorgfalt an. Ihre Zufriedenheit ist unsere Verpflichtung und unser E-Mail-Support stellt sicher, dass Ihre Fragen umfassend beantwortet werden.<\/p>\n<h2>Telefonsupport: Ein personalisierter Ansatz<\/h2>\n<p>Manchmal kann es den entscheidenden Unterschied machen, eine freundliche Stimme zu h\u00f6ren. RocketPlay Casino bietet telefonischen Support \u00fcber unsere spezielle Hotline unter 1-800-ROCKET-1. Nehmen Sie direkt Kontakt zu unseren Support-Mitarbeitern auf, die Ihnen bei Fragen oder Bedenken gerne weiterhelfen. Unser Ziel ist es, Ihrem Kundenservice eine pers\u00f6nliche Note zu verleihen und Ihnen das Gef\u00fchl zu geben, gesch\u00e4tzt und geh\u00f6rt zu werden. Wenn Sie sich f\u00fcr den Telefonsupport entscheiden, entscheiden Sie sich f\u00fcr einen direkten Draht zu Spitzenleistungen.<\/p>\n<h2>FAQs: Navigieren im Informationsuniversum<\/h2>\n<p>Erkunden Sie den umfassenden Abschnitt mit h\u00e4ufig gestellten Fragen (FAQs) von RocketPlay Casino, bevor Sie sich an unser Support-Team wenden. Diese unsch\u00e4tzbar wertvolle Ressource deckt verschiedene Themen ab, von der Kontoverwaltung bis hin zu Spielregeln. Navigieren Sie m\u00fchelos durch h\u00e4ufige Probleme, da unsere FAQs Schritt-f\u00fcr-Schritt-L\u00f6sungen bieten. Es ist Ihre Anlaufstelle rund um die Uhr f\u00fcr schnelle Antworten und stellt sicher, dass Sie Ihre Fragen unabh\u00e4ngig und effizient l\u00f6sen k\u00f6nnen.<\/p>\n<h2>Ihr Feedback ist wichtig: Probleme und Vorschl\u00e4ge melden<\/h2>\n<p>RocketPlay Casino legt Wert auf kontinuierliche Verbesserung und Ihr Feedback ist entscheidend f\u00fcr die Verbesserung unseres Spielerlebnisses. Wenn Sie auf Probleme sto\u00dfen oder Verbesserungsvorschl\u00e4ge haben, empfehlen wir Ihnen, diese \u00fcber unsere speziellen Kan\u00e4le zu melden.<\/p>\n<h2>Melden Sie einen Fehler: Helfen Sie uns, einen reibungslosen Start zu gew\u00e4hrleisten<\/h2>\n<p>Sollten Sie w\u00e4hrend Ihrer Spielreise auf technische St\u00f6rungen oder Bugs sto\u00dfen, melden Sie uns diese. Ihre Wachsamkeit hilft uns, einen reibungslosen Start zu gew\u00e4hrleisten und den hohen Qualit\u00e4tsstandard aufrechtzuerhalten, den RocketPlay Casino zu bieten hat.<\/p>\n<p>Kontaktieren Sie RocketPlay Casino noch heute \u2013 Ihr Tor zu beispiellosem Support und einem gehobenen Spielerlebnis.<\/p>\n","protected":false},"excerpt":{"rendered":"<p>Begeben Sie sich mit RocketPlay Casino auf eine Reise mit erstklassigem Kundenservice, bei der Ihre Zufriedenheit f\u00fcr uns an erster Stelle steht. Unsere Kontaktseite ist sorgf\u00e4ltig gestaltet, um Ihnen einfachen Zugang zu Unterst\u00fctzung zu erm\u00f6glichen und sicherzustellen, dass Ihr Spielerlebnis mit RocketPlay hervorragend bleibt. Sofort verbinden: Live-Chat-Support RocketPlay Casino wei\u00df, wie wichtig Echtzeitunterst\u00fctzung ist, weshalb&#8230;<\/p>\n","protected":false},"author":1,"featured_media":0,"parent":0,"menu_order":0,"comment_status":"closed","ping_status":"closed","template":"","meta":{"_acf_changed":false,"_kad_post_transparent":"default","_kad_post_title":"default","_kad_post_layout":"default","_kad_post_sidebar_id":"","_kad_post_content_style":"default","_kad_post_vertical_padding":"default","_kad_post_feature":"","_kad_post_feature_position":"","_kad_post_header":false,"_kad_post_footer":false,"footnotes":""},"class_list":["post-4356","page","type-page","status-publish","hentry"],"acf":[],"rttpg_featured_image_url":null,"rttpg_author":{"display_name":"John","author_link":"https:\/\/rocketplay-new.com\/de\/author\/pemvas95n89x\/"},"rttpg_comment":0,"rttpg_category":null,"rttpg_excerpt":"Begeben Sie sich mit RocketPlay Casino auf eine Reise mit erstklassigem Kundenservice, bei der Ihre Zufriedenheit f\u00fcr uns an erster Stelle steht. Unsere Kontaktseite ist sorgf\u00e4ltig gestaltet, um Ihnen einfachen Zugang zu Unterst\u00fctzung zu erm\u00f6glichen und sicherzustellen, dass Ihr Spielerlebnis mit RocketPlay hervorragend bleibt. Sofort verbinden: Live-Chat-Support RocketPlay Casino wei\u00df, wie wichtig Echtzeitunterst\u00fctzung ist, weshalb...","_links":{"self":[{"href":"https:\/\/rocketplay-new.com\/de\/wp-json\/wp\/v2\/pages\/4356","targetHints":{"allow":["GET"]}}],"collection":[{"href":"https:\/\/rocketplay-new.com\/de\/wp-json\/wp\/v2\/pages"}],"about":[{"href":"https:\/\/rocketplay-new.com\/de\/wp-json\/wp\/v2\/types\/page"}],"author":[{"embeddable":true,"href":"https:\/\/rocketplay-new.com\/de\/wp-json\/wp\/v2\/users\/1"}],"replies":[{"embeddable":true,"href":"https:\/\/rocketplay-new.com\/de\/wp-json\/wp\/v2\/comments?post=4356"}],"version-history":[{"count":1,"href":"https:\/\/rocketplay-new.com\/de\/wp-json\/wp\/v2\/pages\/4356\/revisions"}],"predecessor-version":[{"id":4357,"href":"https:\/\/rocketplay-new.com\/de\/wp-json\/wp\/v2\/pages\/4356\/revisions\/4357"}],"wp:attachment":[{"href":"https:\/\/rocketplay-new.com\/de\/wp-json\/wp\/v2\/media?parent=4356"}],"curies":[{"name":"wp","href":"https:\/\/api.w.org\/{rel}","templated":true}]}}