{"id":4292,"date":"2024-01-19T14:17:15","date_gmt":"2024-01-19T11:17:15","guid":{"rendered":"https:\/\/rocketplay-new.com\/aml-policy\/"},"modified":"2024-01-19T21:29:57","modified_gmt":"2024-01-19T18:29:57","slug":"aml-policy","status":"publish","type":"page","link":"https:\/\/rocketplay-new.com\/de\/aml-policy\/","title":{"rendered":"AML-Richtlinie"},"content":{"rendered":"<p>Im dynamischen Bereich der Online-Casinos gelten Sicherheit und Transparenz als Grundpfeiler eines vertrauensw\u00fcrdigen Spielerlebnisses. RocketPlay Casino ist sich der \u00fcberragenden Bedeutung des Schutzes seiner Spieler und der Wahrung der Integrit\u00e4t seiner Plattform bewusst. Die Umsetzung einer robusten Anti-Geldw\u00e4sche-Richtlinie (AML) ist f\u00fcr dieses Engagement von entscheidender Bedeutung. Diese Richtlinie steht im Einklang mit den gesetzlichen Anforderungen und geht dar\u00fcber hinaus, eine sichere und faire Spielumgebung f\u00fcr alle Teilnehmer zu schaffen.<\/p>\n<h2>Einf\u00fchrung in die AML-Richtlinie von RocketPlay Casino<\/h2>\n<p>RocketPlay Casino legt gro\u00dfen Wert auf Integrit\u00e4t und Fairplay und seine AML-Richtlinie ist ein Bollwerk gegen illegale Finanzaktivit\u00e4ten. Die AML-Richtlinie soll alle Versuche der Geldw\u00e4sche erkennen und verhindern und sicherstellen, dass die Plattform nicht durch finanzielles Fehlverhalten beeintr\u00e4chtigt wird.<\/p>\n<h2>Einhaltung beh\u00f6rdlicher Standards<\/h2>\n<p>Um sein Engagement f\u00fcr Integrit\u00e4t zu st\u00e4rken, h\u00e4lt sich RocketPlay Casino strikt an alle relevanten regulatorischen Standards und Anforderungen. Die AML-Richtlinie wird regelm\u00e4\u00dfig aktualisiert, um sie an die neuesten rechtlichen Rahmenbedingungen anzupassen. Dies spiegelt das Engagement des Casinos wider, in der sich st\u00e4ndig weiterentwickelnden Landschaft der Online-Gl\u00fccksspielvorschriften immer einen Schritt voraus zu sein.<\/p>\n<h2>Kennen Sie die Verfahren Ihres Kunden (KYC)<\/h2>\n<p>RocketPlay Casino verwendet strenge KYC-Verfahren als integralen Bestandteil seines AML-Rahmens. Bevor ein Spieler das Spielerlebnis vollst\u00e4ndig nutzen kann, muss er sich einem gr\u00fcndlichen Verifizierungsprozess unterziehen. Dieser Prozess umfasst die Einreichung von Ausweisdokumenten, Adressnachweisen und anderen relevanten Informationen, um sicherzustellen, dass die Identit\u00e4t jedes Spielers mit einem hohen Ma\u00df an Sicherheit \u00fcberpr\u00fcft wird.<\/p>\n<h2>Transaktions\u00fcberwachung und Berichterstattung<\/h2>\n<p>Die AML-Richtlinie des Casinos erstreckt sich auf die sorgf\u00e4ltige \u00dcberwachung aller Finanztransaktionen auf der Plattform. Mithilfe fortschrittlicher Algorithmen und Analysen werden Muster und Anomalien identifiziert, die auf potenzielle Geldw\u00e4scheaktivit\u00e4ten hinweisen k\u00f6nnen. Alle verd\u00e4chtigen Transaktionen werden umgehend den zust\u00e4ndigen Beh\u00f6rden gemeldet, was das Engagement von RocketPlay Casino f\u00fcr die Zusammenarbeit mit Aufsichtsbeh\u00f6rden zur Bek\u00e4mpfung von Finanzkriminalit\u00e4t unterstreicht.<\/p>\n<h2>Risikobasierter Ansatz<\/h2>\n<p>RocketPlay Casino verfolgt einen risikobasierten Ansatz zur Bek\u00e4mpfung von Geldw\u00e4sche und passt seine Pr\u00e4ventivma\u00dfnahmen an das mit jedem Spieler und jeder Transaktion verbundene Risikoniveau an. Diese differenzierte Strategie erm\u00f6glicht es dem Casino, Ressourcen effektiv zu verteilen, sich st\u00e4rker auf Aktivit\u00e4ten mit h\u00f6herem Risiko zu konzentrieren und gleichzeitig ein optimiertes Erlebnis f\u00fcr Spieler mit geringem Risiko zu gew\u00e4hrleisten.<\/p>\n<h2>Schulung und Sensibilisierung des Personals<\/h2>\n<p>Die Wirksamkeit einer AML-Richtlinie h\u00e4ngt von der kollektiven Wachsamkeit des gesamten Teams ab. RocketPlay Casino investiert in umfassende Schulungsprogramme, um sicherzustellen, dass seine Mitarbeiter gut darin geschult sind, potenzielle Geldw\u00e4scherisiken zu erkennen und darauf zu reagieren. Kontinuierliche Schulungs- und Sensibilisierungskampagnen f\u00f6rdern eine Kultur der Compliance und Sorgfalt im gesamten Unternehmen.<\/p>\n<h2>Verbesserte Due Diligence f\u00fcr Hochrisikokunden<\/h2>\n<p>RocketPlay Casino ist sich bewusst, dass bei bestimmten Kunden m\u00f6glicherweise ein h\u00f6heres Risiko f\u00fcr die Beteiligung an Geldw\u00e4scheaktivit\u00e4ten besteht, und f\u00fchrt f\u00fcr diese Personen erweiterte Sorgfaltsma\u00dfnahmen ein. Dazu geh\u00f6rt eine zus\u00e4tzliche Pr\u00fcfung ihrer Finanztransaktionen, der Herkunft ihrer Gelder und anderer relevanter Faktoren. Indem das Casino im Umgang mit Hochrisikokunden Vorsicht walten l\u00e4sst, sch\u00fctzt es sein AML-Rahmenwerk.<\/p>\n<h2>Zusammenarbeit mit der Strafverfolgung<\/h2>\n<p>RocketPlay Casino unterh\u00e4lt offene Kommunikationskan\u00e4le mit den Strafverfolgungsbeh\u00f6rden und tauscht bei Bedarf Informationen \u00fcber potenzielle Geldw\u00e4scheaktivit\u00e4ten aus. Dieser kollaborative Ansatz st\u00e4rkt nicht nur die AML-Bem\u00fchungen des Casinos, sondern tr\u00e4gt auch zu den umfassenderen Bem\u00fchungen der Gl\u00fccksspielbranche und der Aufsichtsbeh\u00f6rden bei der Bek\u00e4mpfung der Finanzkriminalit\u00e4t bei.<\/p>\n<h2>Transparenz und Kommunikation mit Spielern<\/h2>\n<p>Eine transparente Kommunikation ist von grundlegender Bedeutung f\u00fcr den Aufbau von Vertrauen zwischen dem Casino und seinen Spielern. RocketPlay Casino stellt sicher, dass die Spieler \u00fcber die geltenden AML-Ma\u00dfnahmen informiert sind, und f\u00f6rdert so das Vertrauen in die Fairness und Sicherheit der Spielumgebung. Zu einer klaren Kommunikation geh\u00f6ren auch Leitlinien zu verantwortungsvollem Spielen und den Folgen verbotener finanzieller Aktivit\u00e4ten.<\/p>\n<h2>Kontinuierliche Verbesserung und Anpassung<\/h2>\n<p>In der sich st\u00e4ndig weiterentwickelnden Landschaft der Online-Gaming- und Finanzvorschriften ist RocketPlay Casino weiterhin der kontinuierlichen Verbesserung verpflichtet. Die AML-Richtlinie wird regelm\u00e4\u00dfig \u00fcberpr\u00fcft und das Casino passt seine Strategien effektiv an, um aufkommende Bedrohungen und Herausforderungen zu bew\u00e4ltigen. Dieser proaktive Ansatz stellt sicher, dass RocketPlay Casino an der Spitze der AML-Compliance bleibt und den Spielern ein sicheres und angenehmes Spielerlebnis bietet.<\/p>\n<p>Die AML-Richtlinie von RocketPlay Casino ist ein Beweis f\u00fcr sein unersch\u00fctterliches Engagement f\u00fcr die Bereitstellung einer sicheren und fairen Spielumgebung. Das Casino erf\u00fcllt und \u00fcbertrifft die regulatorischen Standards, indem es modernste Technologie mit einem umfassenden und anpassungsf\u00e4higen Ansatz zur Bek\u00e4mpfung von Geldw\u00e4sche kombiniert. Wenn Spieler im RocketPlay Casino in den Nervenkitzel des Spielens eintauchen, k\u00f6nnen sie darauf vertrauen, dass eine solide und proaktive AML-Richtlinie ihre Finanztransaktionen sch\u00fctzt.<\/p>\n","protected":false},"excerpt":{"rendered":"<p>Im dynamischen Bereich der Online-Casinos gelten Sicherheit und Transparenz als Grundpfeiler eines vertrauensw\u00fcrdigen Spielerlebnisses. RocketPlay Casino ist sich der \u00fcberragenden Bedeutung des Schutzes seiner Spieler und der Wahrung der Integrit\u00e4t seiner Plattform bewusst. Die Umsetzung einer robusten Anti-Geldw\u00e4sche-Richtlinie (AML) ist f\u00fcr dieses Engagement von entscheidender Bedeutung. Diese Richtlinie steht im Einklang mit den gesetzlichen Anforderungen&#8230;<\/p>\n","protected":false},"author":1,"featured_media":0,"parent":0,"menu_order":0,"comment_status":"closed","ping_status":"closed","template":"","meta":{"_acf_changed":false,"_kad_post_transparent":"default","_kad_post_title":"default","_kad_post_layout":"default","_kad_post_sidebar_id":"","_kad_post_content_style":"default","_kad_post_vertical_padding":"default","_kad_post_feature":"","_kad_post_feature_position":"","_kad_post_header":false,"_kad_post_footer":false,"footnotes":""},"class_list":["post-4292","page","type-page","status-publish","hentry"],"acf":[],"rttpg_featured_image_url":null,"rttpg_author":{"display_name":"John","author_link":"https:\/\/rocketplay-new.com\/de\/author\/pemvas95n89x\/"},"rttpg_comment":0,"rttpg_category":null,"rttpg_excerpt":"Im dynamischen Bereich der Online-Casinos gelten Sicherheit und Transparenz als Grundpfeiler eines vertrauensw\u00fcrdigen Spielerlebnisses. RocketPlay Casino ist sich der \u00fcberragenden Bedeutung des Schutzes seiner Spieler und der Wahrung der Integrit\u00e4t seiner Plattform bewusst. Die Umsetzung einer robusten Anti-Geldw\u00e4sche-Richtlinie (AML) ist f\u00fcr dieses Engagement von entscheidender Bedeutung. Diese Richtlinie steht im Einklang mit den gesetzlichen Anforderungen...","_links":{"self":[{"href":"https:\/\/rocketplay-new.com\/de\/wp-json\/wp\/v2\/pages\/4292","targetHints":{"allow":["GET"]}}],"collection":[{"href":"https:\/\/rocketplay-new.com\/de\/wp-json\/wp\/v2\/pages"}],"about":[{"href":"https:\/\/rocketplay-new.com\/de\/wp-json\/wp\/v2\/types\/page"}],"author":[{"embeddable":true,"href":"https:\/\/rocketplay-new.com\/de\/wp-json\/wp\/v2\/users\/1"}],"replies":[{"embeddable":true,"href":"https:\/\/rocketplay-new.com\/de\/wp-json\/wp\/v2\/comments?post=4292"}],"version-history":[{"count":1,"href":"https:\/\/rocketplay-new.com\/de\/wp-json\/wp\/v2\/pages\/4292\/revisions"}],"predecessor-version":[{"id":4293,"href":"https:\/\/rocketplay-new.com\/de\/wp-json\/wp\/v2\/pages\/4292\/revisions\/4293"}],"wp:attachment":[{"href":"https:\/\/rocketplay-new.com\/de\/wp-json\/wp\/v2\/media?parent=4292"}],"curies":[{"name":"wp","href":"https:\/\/api.w.org\/{rel}","templated":true}]}}