{"id":3980,"date":"2023-01-13T23:29:50","date_gmt":"2023-01-13T20:29:50","guid":{"rendered":"https:\/\/rocketplay-new.com\/sport-betting\/volleyball\/"},"modified":"2025-11-26T20:14:52","modified_gmt":"2025-11-26T17:14:52","slug":"volleyball","status":"publish","type":"page","link":"https:\/\/rocketplay-new.com\/de\/sport\/volleyball\/","title":{"rendered":"Wettleitfaden f\u00fcr Anf\u00e4nger"},"content":{"rendered":"<p>Hier ist ein Tutorial zu Volleyball-Wettquoten und anderen Besonderheiten. Versuchen Sie, weitere hilfreiche Informationen zu erhalten, und erfahren Sie, wie Sie mit dem Strandsport Geld verdienen k\u00f6nnen. Dadurch k\u00f6nnen Sie h\u00e4ufiger an ber\u00fchmten Turnieren teilnehmen, erhalten zus\u00e4tzliche Boni und erh\u00f6hen allgemein den Spa\u00df.<\/p>\n<p style=\"text-align: center;\"><span style=\"font-weight: 400;\"><div class=\"go-btn-container\"><div class=\"tosh-btn\"><a href=\"\/go-casino\/\" target=\"_blank\" rel=\"noopener\">JETZT SPIELEN<\/a><\/div><\/div> <\/span><\/p>\n<h2>WIE MAN AUF VOLLEYBALL WETTET<\/h2>\n<p>Zun\u00e4chst sollten Sie den Abschnitt \u00fcber Volleyball-Wetttipps studieren und lernen, wie Sie Ihr Budget richtig verwalten. Dank der F\u00e4higkeit, Ihre Emotionen und Ressourcen zu kontrollieren, k\u00f6nnen Sie alle verf\u00fcgbaren Wetten effektiver nutzen. Allerdings k\u00f6nnen nur registrierte Benutzer um echtes Geld spielen.<\/p>\n<p>Um ein pers\u00f6nliches Konto zu erstellen, w\u00e4hlen Sie auf unserer Website ein geeignetes Gl\u00fccksspielunternehmen aus und beginnen Sie:<\/p>\n<ol>\n<li>Geben Sie alle pers\u00f6nlichen Informationen ein, die Sie in Zukunft ben\u00f6tigen, um Ihr Konto zu verifizieren. Die Daten werden gegengepr\u00fcft, Sie sollten also vorsichtig sein.<\/li>\n<li>W\u00e4hlen Sie als n\u00e4chstes ein passendes Spielereignis aus und analysieren Sie die Spieler und Teams. M\u00f6glicherweise finden Sie eine Schw\u00e4che in der Verteidigung des Gegners und erhalten hervorragende Quoten f\u00fcr Ihre F\u00e4higkeit, die Ergebnisse des Ereignisses vorherzusagen.<\/li>\n<li>Verwenden Sie danach das einzigartige System zum Erstellen einer Wette durch den Coupon. Vergessen Sie nicht, eine Kreditkarte oder Kryptow\u00e4hrung zu verwenden, um Ihr Konto aufzuladen.<\/li>\n<\/ol>\n<p>Bei Volleyballwetten k\u00f6nnen Sie auch versuchen, einen Bonus von der Gl\u00fccksspielgesellschaft zu erhalten. Dies wird Ihnen dabei helfen, die verschiedenen Techniken der Experten um ein Vielfaches effektiver einzusetzen.<\/p>\n<p><img loading=\"lazy\" decoding=\"async\" class=\"aligncenter wp-image-4651\" src=\"https:\/\/rocketplay-new.com\/wp-content\/uploads\/2024\/02\/female-professional-volleyball-players-action-3d-stadium.jpg\" alt=\"Volleyball Betting\" width=\"800\" height=\"450\" srcset=\"https:\/\/rocketplay-new.com\/wp-content\/uploads\/2024\/02\/female-professional-volleyball-players-action-3d-stadium.jpg 1000w, https:\/\/rocketplay-new.com\/wp-content\/uploads\/2024\/02\/female-professional-volleyball-players-action-3d-stadium-300x169.jpg 300w, https:\/\/rocketplay-new.com\/wp-content\/uploads\/2024\/02\/female-professional-volleyball-players-action-3d-stadium-768x432.jpg 768w\" sizes=\"auto, (max-width: 800px) 100vw, 800px\" \/><\/p>\n<h2>WIE VOLLEYBALL-WETTEN FUNKTIONIEREN<\/h2>\n<p>Der einfachste Weg, um zu verstehen, wie die besten Online-Volleyball-Wetten funktionieren, besteht darin, Ihre Erfahrung zu nutzen, also registrieren Sie ein pers\u00f6nliches Konto und t\u00e4tigen Sie Ihre erste Wette. Sie k\u00f6nnen den verf\u00fcgbaren Mindestbetrag ausw\u00e4hlen, um die verschiedenen M\u00f6glichkeiten des Systems zu testen. Im Allgemeinen ist die Logik recht einfach.<\/p>\n<p>Sie stellen Ihre Vermutung gegen die Vorhersage eines Gl\u00fccksspielunternehmens. Abh\u00e4ngig von den angezeigten Quoten hat jedes Ergebnis seine Quoten, mit denen Ihre Wette multipliziert wird. Wenn Sie gewinnen, erhalten Sie Ihren Einsatz zur\u00fcck und addieren Ihren Gewinn. Ein Verlust bedeutet, dass das Casino Ihr Geld nimmt. Das System ist ziemlich ehrlich und transparent.<\/p>\n<h2>VOLLEYBALL-QUOTEN ERKL\u00c4RT<\/h2>\n<p>Benutzer finden es oft schwierig zu entscheiden, wie genau sie mit Volleyball-Wettaktionen verdienen k\u00f6nnen. Schlie\u00dflich bleiben die Quoten bestehen, sodass Sie jede Wette manuell berechnen m\u00fcssen. Die Website berechnet automatisch Ihren Gewinn und Gesamtumsatz im Coupon. Wenn Sie zum Beispiel 500 $ zu einer Quote von 1,5 setzen, k\u00f6nnen Sie 750 $ erhalten. Zweihundertf\u00fcnfzig Dollar werden Ihr Gewinn sein, und 500 werden auf das Konto zur\u00fcckgezahlt.<\/p>\n<p style=\"text-align: center;\"><span style=\"font-weight: 400;\"><div class=\"go-btn-container\"><div class=\"tosh-btn\"><a href=\"\/go-casino\/\" target=\"_blank\" rel=\"noopener\">JETZT SPIELEN<\/a><\/div><\/div> <\/span><\/p>\n<h2>BELIEBTE VOLLEYBALL-WETTEN<\/h2>\n<p>Zu den beliebtesten Wetten d\u00fcrften der regul\u00e4re Sieg eines der Teams und die Gesamtpunktzahl geh\u00f6ren. Diese einfachen Ergebnisse erm\u00f6glichen es den Spielern, t\u00e4glich Hunderttausende von Dollar zu verdienen. Kompliziertere Ergebnisse haben oft h\u00f6here Chancen, aber das Risiko ist h\u00f6her. Testen Sie verschiedene Wettm\u00f6glichkeiten.<\/p>\n<h2>DIE BELIEBTESTEN VOLLEYBALL-TURNIERE ZUM WETTEN<\/h2>\n<p>Sie k\u00f6nnen die Volleyball-Wettstrategie bei jedem Turnier nutzen. Und deshalb ist es notwendig, die am meisten betitelten Wettbewerbe in der Sportdisziplin zu kennen:<\/p>\n<ul>\n<li>Olympische Spiele;<\/li>\n<li>Weltmeisterschaft;<\/li>\n<li>Goldener Ball.<\/li>\n<\/ul>\n<p>Versuchen Sie, sich die \u00dcbertragung besser anzusehen, um die Bedingungen und Regeln des Spiels zu verstehen. So k\u00f6nnen Sie Ihre Ressourcen effizienter verwalten und mehr Geld verdienen. Sie k\u00f6nnen auch auf viele Ergebnisse zugreifen, da Gl\u00fccksspielunternehmen daran interessiert sind, die maximale Anzahl von Spielern zu Weltklasse-Turnieren zu locken.<\/p>\n<p><img loading=\"lazy\" decoding=\"async\" class=\"aligncenter wp-image-4660\" src=\"https:\/\/rocketplay-new.com\/wp-content\/uploads\/2024\/02\/girl-posing-with-volley-ball.jpg\" alt=\"Volleyball Betting 2\" width=\"800\" height=\"534\" srcset=\"https:\/\/rocketplay-new.com\/wp-content\/uploads\/2024\/02\/girl-posing-with-volley-ball.jpg 1000w, https:\/\/rocketplay-new.com\/wp-content\/uploads\/2024\/02\/girl-posing-with-volley-ball-300x200.jpg 300w, https:\/\/rocketplay-new.com\/wp-content\/uploads\/2024\/02\/girl-posing-with-volley-ball-768x513.jpg 768w\" sizes=\"auto, (max-width: 800px) 100vw, 800px\" \/><\/p>\n<h2>FAQ<\/h2>\n<p>Die meisten Neulinge beginnen, den Experten Fragen zu stellen, nachdem sie sich registriert und ihre erste Wette platziert haben. Wir bieten Ihnen einen kleinen Hilfebereich mit Antworten auf die h\u00e4ufigsten Fragen rund um die Sportart.<\/p>\n<h3>VON WELCHEN GER\u00c4TEN KANN ICH WETTEN?<\/h3>\n<p>Mit Volleyball-Wetten k\u00f6nnen Sie von jedem Ger\u00e4t aus wetten. Erstens h\u00e4ngt alles von dem Casino oder der Wettseite ab, die Sie w\u00e4hlen. Einige Unternehmen bieten nur eine mobile Version an, w\u00e4hrend andere sofort die Verwendung einer separaten App der Entwickler genehmigen. Das Abschlie\u00dfen von Wetten im Browser auf dem PC ist am bequemsten, aber es besteht immer Zugriff auf einen Computer. Wir empfehlen, verschiedene Optionen auszuprobieren und die Vor- und Nachteile aller Methoden zu erfahren.<\/p>\n<h3>WAS IST DIE MAXIMALE GEWINNRATE?<\/h3>\n<p>Meistens werden die h\u00f6chsten Quoten auf eine potenziell verlierende Mannschaft vergeben, die schlechter vorbereitet ist oder in einer anderen Liga spielt. In diesem Fall wird empfohlen, auf die Wettlinie des Gewinners des gesamten Turniers zu achten. W\u00e4hlen Sie den j\u00fcngsten Au\u00dfenseiter und versuchen Sie, mit Quoten von 50 oder 150 zu gewinnen. Weniger riskante Wetten sind Gesamtpunktzahlen. In diesem Fall kann eine Abweichung von 10 Punkten die Erh\u00f6hung der Quote auf 3 beeinflussen.<\/p>\n<h3>WIE MAN VERSTEHT, AUF WEN MAN IM VOLLEYBALL WETTEN SOLLTE?<\/h3>\n<p>Das erste, was Sie tun m\u00fcssen, ist, die besten Online-Volleyball-Wettseiten zu finden, um einen besseren \u00dcberblick \u00fcber die Spiele zu erhalten. Es ist notwendig, die Teilnehmer, das Turnier selbst und die Statistiken zwischen den Gegnern sorgf\u00e4ltig zu lesen. Versuchen Sie, alle Aspekte des Spiels qualitativ zu analysieren, und Sie werden in der Lage sein, das perfekte Spiel f\u00fcr sich selbst zu finden. Es wird empfohlen, mit einer kleinen Menge zu beginnen.<\/p>\n","protected":false},"excerpt":{"rendered":"<p>Hier ist ein Tutorial zu Volleyball-Wettquoten und anderen Besonderheiten. Versuchen Sie, weitere hilfreiche Informationen zu erhalten, und erfahren Sie, wie Sie mit dem Strandsport Geld verdienen k\u00f6nnen. Dadurch k\u00f6nnen Sie h\u00e4ufiger an ber\u00fchmten Turnieren teilnehmen, erhalten zus\u00e4tzliche Boni und erh\u00f6hen allgemein den Spa\u00df. WIE MAN AUF VOLLEYBALL WETTET Zun\u00e4chst sollten Sie den Abschnitt \u00fcber Volleyball-Wetttipps&#8230;<\/p>\n","protected":false},"author":1,"featured_media":0,"parent":3701,"menu_order":0,"comment_status":"closed","ping_status":"closed","template":"","meta":{"_acf_changed":false,"_kad_post_transparent":"default","_kad_post_title":"default","_kad_post_layout":"default","_kad_post_sidebar_id":"","_kad_post_content_style":"default","_kad_post_vertical_padding":"default","_kad_post_feature":"","_kad_post_feature_position":"","_kad_post_header":false,"_kad_post_footer":false,"footnotes":""},"class_list":["post-3980","page","type-page","status-publish","hentry"],"acf":[],"rttpg_featured_image_url":null,"rttpg_author":{"display_name":"John","author_link":"https:\/\/rocketplay-new.com\/de\/author\/pemvas95n89x\/"},"rttpg_comment":0,"rttpg_category":null,"rttpg_excerpt":"Hier ist ein Tutorial zu Volleyball-Wettquoten und anderen Besonderheiten. Versuchen Sie, weitere hilfreiche Informationen zu erhalten, und erfahren Sie, wie Sie mit dem Strandsport Geld verdienen k\u00f6nnen. Dadurch k\u00f6nnen Sie h\u00e4ufiger an ber\u00fchmten Turnieren teilnehmen, erhalten zus\u00e4tzliche Boni und erh\u00f6hen allgemein den Spa\u00df. WIE MAN AUF VOLLEYBALL WETTET Zun\u00e4chst sollten Sie den Abschnitt \u00fcber Volleyball-Wetttipps...","_links":{"self":[{"href":"https:\/\/rocketplay-new.com\/de\/wp-json\/wp\/v2\/pages\/3980","targetHints":{"allow":["GET"]}}],"collection":[{"href":"https:\/\/rocketplay-new.com\/de\/wp-json\/wp\/v2\/pages"}],"about":[{"href":"https:\/\/rocketplay-new.com\/de\/wp-json\/wp\/v2\/types\/page"}],"author":[{"embeddable":true,"href":"https:\/\/rocketplay-new.com\/de\/wp-json\/wp\/v2\/users\/1"}],"replies":[{"embeddable":true,"href":"https:\/\/rocketplay-new.com\/de\/wp-json\/wp\/v2\/comments?post=3980"}],"version-history":[{"count":4,"href":"https:\/\/rocketplay-new.com\/de\/wp-json\/wp\/v2\/pages\/3980\/revisions"}],"predecessor-version":[{"id":5665,"href":"https:\/\/rocketplay-new.com\/de\/wp-json\/wp\/v2\/pages\/3980\/revisions\/5665"}],"up":[{"embeddable":true,"href":"https:\/\/rocketplay-new.com\/de\/wp-json\/wp\/v2\/pages\/3701"}],"wp:attachment":[{"href":"https:\/\/rocketplay-new.com\/de\/wp-json\/wp\/v2\/media?parent=3980"}],"curies":[{"name":"wp","href":"https:\/\/api.w.org\/{rel}","templated":true}]}}