{"id":3918,"date":"2023-01-13T21:01:16","date_gmt":"2023-01-13T18:01:16","guid":{"rendered":"https:\/\/rocketplay-new.com\/sport-betting\/horse-racing\/"},"modified":"2025-11-26T20:21:40","modified_gmt":"2025-11-26T17:21:40","slug":"horse-racing","status":"publish","type":"page","link":"https:\/\/rocketplay-new.com\/de\/sport\/horse-racing\/","title":{"rendered":"\u00dcberpr\u00fcfung der Pferderennen-Wetten"},"content":{"rendered":"<p>Sie k\u00f6nnen die meisten Vorteile bei Pferderennen-Wetten sehen, wenn Sie regelm\u00e4\u00dfig kleine Wetten platzieren. Die Rennen finden ziemlich oft statt, sodass Sie garantiert eine passende Option f\u00fcr sich finden und das Match genie\u00dfen k\u00f6nnen. Hauptsache alle Regeln lesen, vorher ein paar Online-\u00dcbertragungen anschauen und dann mit Grundkenntnissen loslegen.<\/p>\n<p style=\"text-align: center;\"><span style=\"font-weight: 400;\">\u00a0<div class=\"go-btn-container\"><div class=\"tosh-btn\"><a href=\"\/go-casino\/\" target=\"_blank\" rel=\"noopener\">JETZT SPIELEN<\/a><\/div><\/div> <\/span><\/p>\n<h2>ARTEN VON PFERDERRENNENWETTEN<\/h2>\n<p>Im Allgemeinen sind die beliebtesten Pferdewetten in Australien Wetten auf den Sieger des Rennens. In diesem Fall m\u00fcssen Sie alle verf\u00fcgbaren Informationen \u00fcber die Teilnehmer sorgf\u00e4ltig pr\u00fcfen und den Favoriten ausw\u00e4hlen, der garantiert gewinnt. Ber\u00fccksichtigen Sie unbedingt alle wesentlichen Parameter und vergessen Sie nicht, dass auch die klaren Favoriten manchmal nicht in Siegeslaune sind.<\/p>\n<p>Anf\u00e4nger sollten auf die Anzahl der Punkte wetten, die vergeben werden k\u00f6nnen. Es ist auch m\u00f6glich auf das langsamste Pferd zu wetten, allerdings sind solche Wettm\u00f6glichkeiten eher f\u00fcr Profis geeignet. Versuchen Sie nicht nur, den Gewinner zu erraten, sondern leisten Sie echte Analysearbeit.<\/p>\n<h2>WIE SIE IHR SIEGERPFERD AUSW\u00c4HLEN<\/h2>\n<p>In den meisten F\u00e4llen k\u00f6nnen professionelle Spieler die besten Pferderennen-Wetten als prim\u00e4re Einnahmequelle ausw\u00e4hlen. Solche Leute wissen, dass die meisten Reiter und Pferde dank verschiedener Dienstleistungen l\u00e4ngst vorab analysieren k\u00f6nnen. Anf\u00e4ngern sollte jedoch zus\u00e4tzlich erkl\u00e4rt werden, dass auch in diesem Fall jedes Rennen einzigartig ist und nach unterschiedlichen Szenarien ablaufen kann.<\/p>\n<p><img loading=\"lazy\" decoding=\"async\" class=\"aligncenter wp-image-4691\" src=\"https:\/\/rocketplay-new.com\/wp-content\/uploads\/2024\/02\/generative-ai-horse-racing.jpg\" alt=\"Horse Racing betting\" width=\"800\" height=\"449\" srcset=\"https:\/\/rocketplay-new.com\/wp-content\/uploads\/2024\/02\/generative-ai-horse-racing.jpg 1000w, https:\/\/rocketplay-new.com\/wp-content\/uploads\/2024\/02\/generative-ai-horse-racing-300x168.jpg 300w, https:\/\/rocketplay-new.com\/wp-content\/uploads\/2024\/02\/generative-ai-horse-racing-768x431.jpg 768w\" sizes=\"auto, (max-width: 800px) 100vw, 800px\" \/><\/p>\n<p>Um garantiert zu gewinnen, sollten Sie sich zuerst registrieren und eine Wette platzieren:<\/p>\n<ol>\n<li>Erstellen Sie ein pers\u00f6nliches Konto und geben Sie Ihre pers\u00f6nlichen Daten an, die Ihnen helfen, das \u00dcberpr\u00fcfungsverfahren ohne zus\u00e4tzliche Probleme zu bestehen.<\/li>\n<li>Stellen Sie sicher, dass Sie Ihr Konto auf bequeme Weise aufladen. Kryptow\u00e4hrung wird in letzter Zeit immer beliebter, da \u00dcberweisungen schnell gutgeschrieben werden und es fast keine Grenzen f\u00fcr den Einzahlungsbetrag gibt.<\/li>\n<li>Danach m\u00fcssen Sie mit der Analyse des Spiels beginnen, an dem Sie interessiert sind. Finden Sie sofort die Profile Ihrer Gegner und lesen Sie die statistischen Informationen. Dies kann Ihnen helfen, die offensichtlichen Wetten auf die Rennen zu sehen.<\/li>\n<\/ol>\n<p>Wir empfehlen Ihnen auch, sich dem Verifizierungsverfahren zu unterziehen, um Ihre Chancen auf hohe Wettlimits zu erh\u00f6hen. Dadurch k\u00f6nnen Sie mehr Geld auf einmal setzen und eine gro\u00dfe Geldsumme gewinnen. Au\u00dferdem werden sich neue Boni und finanzielle M\u00f6glichkeiten zum Abheben von Ihrem Konto er\u00f6ffnen.<\/p>\n<h2>PFERDERENNEN QUOTEN ERKL\u00c4RT<\/h2>\n<p>Es ist nicht schwierig, Live-Pferderennen-Wetten mit Quoten herauszufinden, da Sie nur die analytische Arbeit mit den Zahlen \u00fcberpr\u00fcfen m\u00fcssen. Wenn Sie 100 $ auf ein Ereignis mit einer Quote von 1,8 setzen, erhalten Sie am Ende 180 $ auf Ihrem Konto. Multiplizieren Sie einfach den Einsatzbetrag mit der Quotenzahl und Sie bestimmen sofort das Endergebnis, wenn Sie gewinnen.<\/p>\n<p style=\"text-align: center;\"><span style=\"font-weight: 400;\">\u00a0<div class=\"go-btn-container\"><div class=\"tosh-btn\"><a href=\"\/go-casino\/\" target=\"_blank\" rel=\"noopener\">JETZT SPIELEN<\/a><\/div><\/div> <\/span><\/p>\n<h2>TIPPS UND STRATEGIE<\/h2>\n<p>Unsere Experten k\u00f6nnen Wetten auf Pferderennen anbieten, um Anf\u00e4ngern zu helfen, ihr Kapital zu verstehen, nicht das ganze Geld auf einmal zu verlieren und den maximalen Betrag auf dem Konto zu verdienen. Unter ihnen sollten wir erw\u00e4hnen:<\/p>\n<ul>\n<li>Es ist notwendig, Ihr Budget im Auge zu behalten und sorgf\u00e4ltig Statistiken f\u00fcr alle gespielten Spiele zu schreiben. Dies wird Ihnen in Zukunft helfen, Ihre gew\u00e4hlte Strategie zu analysieren und in die richtige Richtung auszurichten;<\/li>\n<li>Es ist besser, Ihr ausgew\u00e4hltes Ergebnis und Ihren Einsatzbetrag mehrmals zu \u00fcberpr\u00fcfen. Manchmal k\u00f6nnen sogar Spezialisten einen trivialen Fehler machen, der f\u00fcr Benutzer oft fatale Folgen hat;<\/li>\n<li>In den meisten F\u00e4llen ist es besser, auf die Aktionsseite zu gehen und spezielle Boni zu erhalten. Dies erh\u00f6ht Ihre Erfolgschancen und erm\u00f6glicht es Ihnen, kostenlos mehr zu verdienen.<\/li>\n<\/ul>\n<p>Probieren Sie verschiedene Strategien und Taktiken aus, um sich f\u00fcr die beste zu entscheiden und beginnen Sie, regelm\u00e4\u00dfig zu verdienen.<\/p>\n<p><img loading=\"lazy\" decoding=\"async\" class=\"aligncenter wp-image-4700\" src=\"https:\/\/rocketplay-new.com\/wp-content\/uploads\/2024\/02\/equestrian-sport-young-girl-rides-horse-championship.jpg\" alt=\"Horse Racing betting 2\" width=\"800\" height=\"534\" srcset=\"https:\/\/rocketplay-new.com\/wp-content\/uploads\/2024\/02\/equestrian-sport-young-girl-rides-horse-championship.jpg 1000w, https:\/\/rocketplay-new.com\/wp-content\/uploads\/2024\/02\/equestrian-sport-young-girl-rides-horse-championship-300x200.jpg 300w, https:\/\/rocketplay-new.com\/wp-content\/uploads\/2024\/02\/equestrian-sport-young-girl-rides-horse-championship-768x512.jpg 768w\" sizes=\"auto, (max-width: 800px) 100vw, 800px\" \/><\/p>\n<h2>FAQ<\/h2>\n<p>Speziell f\u00fcr unsere Leser haben wir eine Datenbank mit Antworten von Experten auf die beliebtesten Fragen von Anf\u00e4ngern zusammengestellt. Dadurch m\u00fcssen Sie die Informationen nicht stundenlang studieren, sondern k\u00f6nnen sofort mit dem Wetten beginnen.<\/p>\n<h3>WAS IST DER MINDESTEINSATZBETRAG?<\/h3>\n<p>Kostenlose Wetten auf Pferderennen werden Ihnen nicht viel M\u00fche abverlangen, da das Gl\u00fccksspielunternehmen oft einen solchen Bonus an alle Spieler verschenkt. Versuchen Sie, ein Geschenk zu bekommen, und Sie k\u00f6nnen \u00fcberhaupt wetten, ohne echtes Geld zu verwenden. In diesem Fall werden die Gewinne Ihrem Konto gutgeschrieben, was bedeutet, dass eine solche Wette rentabel ist. Ohne Ber\u00fccksichtigung der Boni betr\u00e4gt der Mindesteinsatz jedoch meistens einen oder f\u00fcnf US-Dollar.<\/p>\n<h3>WELCHE WETTART IST DIE H\u00c4UFIGSTE?<\/h3>\n<p>Dies ist eine Wette auf den Gewinner des Rennens, mit der Sie Ihre Gewinne schnell und effizient erzielen k\u00f6nnen. Manchmal erlaubt Ihnen das Unternehmen, mehrere m\u00f6gliche Gewinner gleichzeitig auszuw\u00e4hlen, aber die Chancen sind etwas geringer.<\/p>\n<h3>KANN ICH VON MEINEM TELEFON WETTEN?<\/h3>\n<p>Ja, die Wett-App f\u00fcr Pferderennen kann von allen Spielern genutzt werden, die auf der offiziellen Website registriert sind. Versuchen Sie, die ganze Zeit online zu bleiben und genau zu wissen, was gerade im Spiel passiert. Gleichzeitig bleibt das System zum Abheben von Geld und Erhalten von Boni erhalten, da die Spieler sogar den technischen Support kontaktieren k\u00f6nnen. Versuchen Sie, eine Wette in einer langen Warteschlange zu platzieren oder w\u00e4hrend Sie zum Spa\u00df unterwegs sind.<\/p>\n","protected":false},"excerpt":{"rendered":"<p>Sie k\u00f6nnen die meisten Vorteile bei Pferderennen-Wetten sehen, wenn Sie regelm\u00e4\u00dfig kleine Wetten platzieren. Die Rennen finden ziemlich oft statt, sodass Sie garantiert eine passende Option f\u00fcr sich finden und das Match genie\u00dfen k\u00f6nnen. Hauptsache alle Regeln lesen, vorher ein paar Online-\u00dcbertragungen anschauen und dann mit Grundkenntnissen loslegen. \u00a0 ARTEN VON PFERDERRENNENWETTEN Im Allgemeinen sind&#8230;<\/p>\n","protected":false},"author":1,"featured_media":0,"parent":3701,"menu_order":0,"comment_status":"closed","ping_status":"closed","template":"","meta":{"_acf_changed":false,"_kad_post_transparent":"default","_kad_post_title":"default","_kad_post_layout":"default","_kad_post_sidebar_id":"","_kad_post_content_style":"default","_kad_post_vertical_padding":"default","_kad_post_feature":"","_kad_post_feature_position":"","_kad_post_header":false,"_kad_post_footer":false,"footnotes":""},"class_list":["post-3918","page","type-page","status-publish","hentry"],"acf":[],"rttpg_featured_image_url":null,"rttpg_author":{"display_name":"John","author_link":"https:\/\/rocketplay-new.com\/de\/author\/pemvas95n89x\/"},"rttpg_comment":0,"rttpg_category":null,"rttpg_excerpt":"Sie k\u00f6nnen die meisten Vorteile bei Pferderennen-Wetten sehen, wenn Sie regelm\u00e4\u00dfig kleine Wetten platzieren. Die Rennen finden ziemlich oft statt, sodass Sie garantiert eine passende Option f\u00fcr sich finden und das Match genie\u00dfen k\u00f6nnen. Hauptsache alle Regeln lesen, vorher ein paar Online-\u00dcbertragungen anschauen und dann mit Grundkenntnissen loslegen. \u00a0 ARTEN VON PFERDERRENNENWETTEN Im Allgemeinen sind...","_links":{"self":[{"href":"https:\/\/rocketplay-new.com\/de\/wp-json\/wp\/v2\/pages\/3918","targetHints":{"allow":["GET"]}}],"collection":[{"href":"https:\/\/rocketplay-new.com\/de\/wp-json\/wp\/v2\/pages"}],"about":[{"href":"https:\/\/rocketplay-new.com\/de\/wp-json\/wp\/v2\/types\/page"}],"author":[{"embeddable":true,"href":"https:\/\/rocketplay-new.com\/de\/wp-json\/wp\/v2\/users\/1"}],"replies":[{"embeddable":true,"href":"https:\/\/rocketplay-new.com\/de\/wp-json\/wp\/v2\/comments?post=3918"}],"version-history":[{"count":4,"href":"https:\/\/rocketplay-new.com\/de\/wp-json\/wp\/v2\/pages\/3918\/revisions"}],"predecessor-version":[{"id":5675,"href":"https:\/\/rocketplay-new.com\/de\/wp-json\/wp\/v2\/pages\/3918\/revisions\/5675"}],"up":[{"embeddable":true,"href":"https:\/\/rocketplay-new.com\/de\/wp-json\/wp\/v2\/pages\/3701"}],"wp:attachment":[{"href":"https:\/\/rocketplay-new.com\/de\/wp-json\/wp\/v2\/media?parent=3918"}],"curies":[{"name":"wp","href":"https:\/\/api.w.org\/{rel}","templated":true}]}}