{"id":3861,"date":"2023-01-13T19:04:27","date_gmt":"2023-01-13T16:04:27","guid":{"rendered":"https:\/\/rocketplay-new.com\/sport-betting\/tennis\/"},"modified":"2025-04-02T15:50:59","modified_gmt":"2025-04-02T12:50:59","slug":"tennis","status":"publish","type":"page","link":"https:\/\/rocketplay-new.com\/de\/sport\/tennis\/","title":{"rendered":"Ein Leitfaden f\u00fcr Wetten auf Tennis"},"content":{"rendered":"<p>Ein wesentlicher Vorteil von Tenniswetten ist, dass mittlerweile viele Profi- und Amateurmatches ausgetragen werden. Dank dessen kann jeder sein Geld in die Gewinne eines bestimmten Spielers investieren und damit Geld verdienen. Es reicht aus, eine geeignete Online-Site f\u00fcr Gl\u00fccksspiele und Wetten zu finden und dann einen Gutschein zu erstellen. In unserem Test erhalten Sie hilfreiche Informationen und lernen, wie man wetten kann.<\/p>\n<p style=\"text-align: center;\"><span style=\"font-weight: 400;\">\u00a0<div class=\"go-btn-container\"><div class=\"tosh-btn\"><a href=\"\/go-casino\/\" target=\"_blank\" rel=\"noopener\">JETZT SPIELEN<\/a><\/div><\/div><\/span><\/p>\n<h2>TENNIS-WETTSTRATEGIE<\/h2>\n<p>Eine interessante Strategie f\u00fcr Anf\u00e4nger ist die Nutzung der Tennis-Wett-App, die f\u00fcr alle Benutzer kostenlos ist. Dies ist eine gro\u00dfartige M\u00f6glichkeit, regelm\u00e4\u00dfig Zugang zu Wetten zu erhalten. Gleichzeitig k\u00f6nnen Sie auch beim Bummeln oder Anstehen Geld verdienen.<\/p>\n<p>Dar\u00fcber hinaus gibt es eine spezifische Tennis-Wettstrategie, die sich durch ihre Grundprinzipien des Spiels auszeichnet:<\/p>\n<ul>\n<li>Das anf\u00e4ngliche Budget sollte in mehrere Dutzend Teile aufgeteilt werden und nicht mehr als eine Wette gleichzeitig auf ein Spiel gesetzt werden. In diesem Fall begrenzen Sie nicht nur Ihre Gewinne, sondern auch Ihre Verluste. Es geht also nicht die gesamte Einzahlung verloren, was ein erheblicher Vorteil ist;<\/li>\n<li>Sie sollten lernen, Ihre Emotionen beim Wetten zu kontrollieren, damit Sie nicht versehentlich eine Wette abschlie\u00dfen, die zu Ihrem Untergang f\u00fchrt. Die meisten Anf\u00e4nger verlieren ihr Geld gerade deshalb, weil sie versuchen, das verlorene Geld schnell zur\u00fcckzugewinnen;<\/li>\n<li>Sie k\u00f6nnen Analysen von Personen im Internet nicht als die einzig richtige Wettoption verwenden. Auch die Herangehensweise im Wettumfeld wird als faul bezeichnet und f\u00fchrt unweigerlich zu einem Verlust. Sie sollten verantwortungsbewusst an Ihr Spiel herangehen und immer auf den Einsatzbetrag achten. F\u00fchren Sie Analysen durch und studieren Sie die \u00dcbereinstimmungen selbst, damit Sie keinen Fehler machen.<\/li>\n<\/ul>\n<p>Wir empfehlen allen Neulingen, nur die Dienste von vertrauensw\u00fcrdigen Seiten mit langj\u00e4hriger Erfahrung zu nutzen. Diese finden Sie auf unserem Gaming-Portal im Bereich Bewertungen, wo Experten die besten verf\u00fcgbaren Optionen zusammengestellt haben. Versuchen Sie, Ihr Spiel zu starten und einen gro\u00dfen Gewinn direkt von Ihrem Konto zu erzielen. F\u00fchren Sie auch das \u00dcberpr\u00fcfungsverfahren durch, damit es in Zukunft keine Probleme mit der Auszahlung von Geldern gibt.<\/p>\n<p><img loading=\"lazy\" decoding=\"async\" class=\"aligncenter wp-image-4672\" src=\"https:\/\/rocketplay-new.com\/wp-content\/uploads\/2024\/02\/tennis-girl-professional-tennis-court.jpg\" alt=\"Tennis Betting\" width=\"800\" height=\"500\" srcset=\"https:\/\/rocketplay-new.com\/wp-content\/uploads\/2024\/02\/tennis-girl-professional-tennis-court.jpg 1000w, https:\/\/rocketplay-new.com\/wp-content\/uploads\/2024\/02\/tennis-girl-professional-tennis-court-300x188.jpg 300w, https:\/\/rocketplay-new.com\/wp-content\/uploads\/2024\/02\/tennis-girl-professional-tennis-court-768x480.jpg 768w\" sizes=\"auto, (max-width: 800px) 100vw, 800px\" \/><\/p>\n<h2>DIE BELIEBTESTEN TENNISWETTEN<\/h2>\n<p>Der beste Ausgangspunkt f\u00fcr Anf\u00e4nger in Tennis-Online-Wetten ist eine einfachere Wette. Normalerweise ist es ein Sieg eines bestimmten Athleten oder eines Paares von Athleten in einem Match. Kompliziertere Wetten werden Profis \u00fcberlassen, die ihre finanziellen Ressourcen kontrollieren und Gewinne gut verteilen. Gesamtwetten gelten als komplizierter, da es um ein Vielfaches schwieriger ist, Punkte zu berechnen und vorherzusagen.<\/p>\n<p>In einem speziellen Demo-Modus k\u00f6nnen Sie verschiedene Wettoptionen ausprobieren. Auf diese Weise k\u00f6nnen Sie vermeiden, zus\u00e4tzliches Geld auszugeben und alle Optionen auszuprobieren. Manchmal ist dieser Modus m\u00f6glicherweise nicht verf\u00fcgbar, aber dies ist die beste Option, wenn Sie bald echtes Geld verdienen k\u00f6nnen.<\/p>\n<p style=\"text-align: center;\"><span style=\"font-weight: 400;\">\u00a0<div class=\"go-btn-container\"><div class=\"tosh-btn\"><a href=\"\/go-casino\/\" target=\"_blank\" rel=\"noopener\">JETZT SPIELEN<\/a><\/div><\/div><\/span><\/p>\n<h2>TENNISQUOTEN ERKL\u00c4RT<\/h2>\n<p>Der einfachste Weg, die Quoten zu erkl\u00e4ren, besteht darin, konkrete Beispiele aus echten Wetten zu geben. Versuchen Sie, $200 auf ein Ergebnis mit Quoten von 1,4 zu setzen. In diesem Fall machen Sie einen Gewinn von 80 $ und 280 $ befinden sich auf Ihrem Konto. F\u00fcr einen Einsatz von 100 $ bei einer Quote von 1,7 erhalten Sie einen Nettogewinn von 70 $. Hier ist es dasselbe wie beim Investieren, also k\u00f6nnen Sie herausfinden, ob Sie die besten Tennis-Wettseiten finden.<\/p>\n<h2>FAZIT<\/h2>\n<p>Abschlie\u00dfend m\u00f6chten wir noch einmal sagen, dass der beste Weg, Ihr Spiel zu beginnen, darin besteht, kostenlose Tenniswetten auf der offiziellen Gl\u00fccksspielseite aus unseren Bewertungen zu erhalten. Versuchen Sie, Ihre erste Wette zu machen und eine gro\u00dfe Geldsumme zu gewinnen. So k\u00f6nnen Sie sich schnell an die Benutzeroberfl\u00e4che gew\u00f6hnen und lernen, wie Sie Ihre Ressourcen richtig zuweisen. Nur mit Hilfe von Echtwetten k\u00f6nnen Sie lernen, gewinnbringende Wetten abzuschlie\u00dfen und regelm\u00e4\u00dfig zu gewinnen.<\/p>\n<p><img loading=\"lazy\" decoding=\"async\" class=\"aligncenter wp-image-4681\" src=\"https:\/\/rocketplay-new.com\/wp-content\/uploads\/2024\/02\/high-angle-tennis-racket-balls.jpg\" alt=\"Tennis Betting 2\" width=\"800\" height=\"534\" srcset=\"https:\/\/rocketplay-new.com\/wp-content\/uploads\/2024\/02\/high-angle-tennis-racket-balls.jpg 1000w, https:\/\/rocketplay-new.com\/wp-content\/uploads\/2024\/02\/high-angle-tennis-racket-balls-300x200.jpg 300w, https:\/\/rocketplay-new.com\/wp-content\/uploads\/2024\/02\/high-angle-tennis-racket-balls-768x512.jpg 768w\" sizes=\"auto, (max-width: 800px) 100vw, 800px\" \/><\/p>\n<h2>FAQ<\/h2>\n<p>Neben Tipps zum Tenniswetten gibt es hier eine kurze Anleitung f\u00fcr Einsteiger. Die Antworten auf h\u00e4ufig gestellte Fragen helfen Ihnen dabei, sich mit aktiven Wetten besser vertraut zu machen und mehr Geld zu verdienen.<\/p>\n<h3>WAS IST DIE BELIEBTESTE WETTE IM TENNIS?<\/h3>\n<p>Wir setzen oft auf einen Champion, der das Match gewinnen und selbstbewusst an seiner Strategie festhalten kann. An zweiter Stelle stehen Wetten auf Gesamtrunden und Punkte, die ebenfalls ausgewertet werden k\u00f6nnen. Die Hauptsache ist, zuverl\u00e4ssige Informationen zu sammeln und im Voraus zu lernen, welche Merkmale diese Disziplin hat. In diesem Fall haben Sie alle Gewinnchancen.<\/p>\n<h3>IST ES EINE HERAUSFORDERUNG, DAS WETTEN IM TENNIS ZU LERNEN?<\/h3>\n<p>Nein, Spieler lernen das Wetten normalerweise innerhalb von nur einer Woche. Dank der klaren Regeln und ehrlichen \u00dcbertragungen der Gl\u00fccksspielseite wird es einfach, den Dreh raus zu bekommen. Sehen Sie sich ein paar Spiele an, um Ihre Strategien und Taktiken anzupassen, und beginnen Sie dann, gro\u00dfe Summen zu verdienen. Sie k\u00f6nnen auch Mindesteins\u00e4tze von einem Dollar t\u00e4tigen, um das System besser zu verstehen und kein Kapital zu verlieren.<\/p>\n<h3>AB WELCHEM ALTER KANN ICH WETTEN?<\/h3>\n<p>Eine Einschr\u00e4nkung f\u00fcr Live-Tenniswetten ist das Alter der Vollj\u00e4hrigkeit im Wohnsitzland. Es wird daher empfohlen, dass Sie sich noch einmal mit der Gesetzgebung Ihres Staates oder Landes vertraut machen. Dies hilft Ihnen, Ihr Konto nicht zu verlieren, da die Verwaltung w\u00e4hrend des \u00dcberpr\u00fcfungsprozesses eine Diskrepanz findet. Spielen Sie h\u00fcbsch, und Sie werden garantiert irgendwann gewinnen.<\/p>\n","protected":false},"excerpt":{"rendered":"<p>Ein wesentlicher Vorteil von Tenniswetten ist, dass mittlerweile viele Profi- und Amateurmatches ausgetragen werden. Dank dessen kann jeder sein Geld in die Gewinne eines bestimmten Spielers investieren und damit Geld verdienen. Es reicht aus, eine geeignete Online-Site f\u00fcr Gl\u00fccksspiele und Wetten zu finden und dann einen Gutschein zu erstellen. In unserem Test erhalten Sie hilfreiche&#8230;<\/p>\n","protected":false},"author":1,"featured_media":0,"parent":3701,"menu_order":0,"comment_status":"closed","ping_status":"closed","template":"","meta":{"_acf_changed":false,"_kad_post_transparent":"default","_kad_post_title":"default","_kad_post_layout":"default","_kad_post_sidebar_id":"","_kad_post_content_style":"default","_kad_post_vertical_padding":"default","_kad_post_feature":"","_kad_post_feature_position":"","_kad_post_header":false,"_kad_post_footer":false,"footnotes":""},"class_list":["post-3861","page","type-page","status-publish","hentry"],"acf":[],"rttpg_featured_image_url":null,"rttpg_author":{"display_name":"John","author_link":"https:\/\/rocketplay-new.com\/de\/author\/pemvas95n89x\/"},"rttpg_comment":0,"rttpg_category":null,"rttpg_excerpt":"Ein wesentlicher Vorteil von Tenniswetten ist, dass mittlerweile viele Profi- und Amateurmatches ausgetragen werden. Dank dessen kann jeder sein Geld in die Gewinne eines bestimmten Spielers investieren und damit Geld verdienen. Es reicht aus, eine geeignete Online-Site f\u00fcr Gl\u00fccksspiele und Wetten zu finden und dann einen Gutschein zu erstellen. In unserem Test erhalten Sie hilfreiche...","_links":{"self":[{"href":"https:\/\/rocketplay-new.com\/de\/wp-json\/wp\/v2\/pages\/3861","targetHints":{"allow":["GET"]}}],"collection":[{"href":"https:\/\/rocketplay-new.com\/de\/wp-json\/wp\/v2\/pages"}],"about":[{"href":"https:\/\/rocketplay-new.com\/de\/wp-json\/wp\/v2\/types\/page"}],"author":[{"embeddable":true,"href":"https:\/\/rocketplay-new.com\/de\/wp-json\/wp\/v2\/users\/1"}],"replies":[{"embeddable":true,"href":"https:\/\/rocketplay-new.com\/de\/wp-json\/wp\/v2\/comments?post=3861"}],"version-history":[{"count":4,"href":"https:\/\/rocketplay-new.com\/de\/wp-json\/wp\/v2\/pages\/3861\/revisions"}],"predecessor-version":[{"id":5656,"href":"https:\/\/rocketplay-new.com\/de\/wp-json\/wp\/v2\/pages\/3861\/revisions\/5656"}],"up":[{"embeddable":true,"href":"https:\/\/rocketplay-new.com\/de\/wp-json\/wp\/v2\/pages\/3701"}],"wp:attachment":[{"href":"https:\/\/rocketplay-new.com\/de\/wp-json\/wp\/v2\/media?parent=3861"}],"curies":[{"name":"wp","href":"https:\/\/api.w.org\/{rel}","templated":true}]}}