{"id":3808,"date":"2023-01-13T18:30:54","date_gmt":"2023-01-13T15:30:54","guid":{"rendered":"https:\/\/rocketplay-new.com\/sport-betting\/american-football\/"},"modified":"2025-11-26T20:06:47","modified_gmt":"2025-11-26T17:06:47","slug":"american-football","status":"publish","type":"page","link":"https:\/\/rocketplay-new.com\/de\/sport\/american-football\/","title":{"rendered":"Wie man auf American Football wetten kann"},"content":{"rendered":"<p>Popul\u00e4re Unterhaltung in den Vereinigten Staaten zieht auch Fans von Gl\u00fccksspielsportarten an. Wetten auf American Football sind eine hervorragende Gelegenheit, verschiedene Ergebnisse schnell und effektiv zum Gewinnen zu nutzen. Eine gro\u00dfe Anzahl von Spielen und eine hohe Dynamik erm\u00f6glichen es sogar einem Anf\u00e4nger, die Regeln zu verstehen und schnell zu verdienen. In unserem Testbericht haben wir die hilfreichsten Informationen zu Wetten auf American Football gesammelt.<\/p>\n<p style=\"text-align: center;\"><span style=\"font-weight: 400;\">\u00a0<div class=\"go-btn-container\"><div class=\"tosh-btn\"><a href=\"\/go-casino\/\" target=\"_blank\" rel=\"noopener\">JETZT SPIELEN<\/a><\/div><\/div> <\/span><\/p>\n<h2>AMERIKANISCHER FUSSBALL-QUOTEN ERKL\u00c4RT<\/h2>\n<p>In den meisten F\u00e4llen ist die Auswahl von American-Football-Wettseiten schwierig, da es viele Konkurrenten und Betr\u00fcger auf dem Markt gibt. In unseren Bewertungen finden Sie garantiert zuverl\u00e4ssige Wettseiten, da wir alle Funktionen von Gl\u00fccksspielanbietern ausf\u00fchrlich testen. Sie sollten auch verantwortungsvoll an Ihre Wetten herangehen und das gesamte Wettangebot auf der Website studieren.<\/p>\n<p>Je mehr m\u00f6gliche Ergebnisse angeboten werden, desto umfassender wird die m\u00f6gliche Einsatzlinie betrachtet. Versuchen Sie, die perfekten Optionen zu finden und verdienen Sie ein paar Dutzend Dollar mehr. Dies ist Ihre Gelegenheit, eine gro\u00dfe Menge Geld zu verdienen. Sie k\u00f6nnen auch verschiedene Optionen ausprobieren.<\/p>\n<p>Am besten schaut man sich gleich Wetten auf den Sieger des Spiels an. Dies ist eine klassische Wettart, die die meisten Spieler ansprechen wird. Der einfachste Weg, das Ergebnis des Spiels zu erraten, ist hier.<\/p>\n<p>Bei American-Football-Mannschaftswetten k\u00f6nnen Sie auch auf verschiedene zus\u00e4tzliche Ergebnisse achten. Der Gesamtbetrag ist beispielsweise eine gro\u00dfartige Option, um Ihr Guthaben in einer einzigen Wette mehrmals zu erh\u00f6hen. Au\u00dferdem k\u00f6nnen die Varianten einer solchen Summe unterschiedlich sein, was bedeutet, dass Ihnen niemand die Chance nehmen wird, auf einmal viel zu verdienen<\/p>\n<p><img loading=\"lazy\" decoding=\"async\" class=\"aligncenter wp-image-4739\" src=\"https:\/\/rocketplay-new.com\/wp-content\/uploads\/2024\/02\/american-football-player-professional-stadium.jpg\" alt=\"American Football \" width=\"800\" height=\"400\" srcset=\"https:\/\/rocketplay-new.com\/wp-content\/uploads\/2024\/02\/american-football-player-professional-stadium.jpg 1000w, https:\/\/rocketplay-new.com\/wp-content\/uploads\/2024\/02\/american-football-player-professional-stadium-300x150.jpg 300w, https:\/\/rocketplay-new.com\/wp-content\/uploads\/2024\/02\/american-football-player-professional-stadium-768x384.jpg 768w\" sizes=\"auto, (max-width: 800px) 100vw, 800px\" \/><\/p>\n<h2>American Football Wettarten<\/h2>\n<p>genauen Bedingungen erfahren Sie direkt nach der Registrierung eines pers\u00f6nlichen Kontos. Lesen Sie die Regeln sorgf\u00e4ltig durch und erfahren Sie mehr \u00fcber das Gl\u00fccksspielunternehmen. Danach k\u00f6nnen Sie mit dem aktiven Verdienen beginnen.<\/p>\n<p>Wir k\u00f6nnen Ihnen auch die folgenden Geschenke im American Football empfehlen:<\/p>\n<ul>\n<li>erh\u00f6hter Cashback f\u00fcr jeden Verlust dank des Abonnements des VIP-Programms;<\/li>\n<li>die M\u00f6glichkeit, Ihre Einzahlung zu erh\u00f6hen, indem Sie einen zus\u00e4tzlichen Bonus von der Verwaltung erhalten;<\/li>\n<li>die Chance, eine Gratiswette zu erhalten und im Falle eines Verlustes kein Kapital zu verlieren.<\/li>\n<\/ul>\n<p>So k\u00f6nnen Sie Ihre Ersparnisse erh\u00f6hen und ein sicheres finanzielles Polster aufbauen.<\/p>\n<p style=\"text-align: center;\"><span style=\"font-weight: 400;\">\u00a0<div class=\"go-btn-container\"><div class=\"tosh-btn\"><a href=\"\/go-casino\/\" target=\"_blank\" rel=\"noopener\">JETZT SPIELEN<\/a><\/div><\/div> <\/span><\/p>\n<h2>AMERIKANISCHE FUSSBALL-WETTSTRATEGIEN<\/h2>\n<p>Unter den besten Strategien und den besten Online-Wetten auf American Football sind einige der bekanntesten. Es ist notwendig, die Empfehlungen von Experten sorgf\u00e4ltig zu befolgen, um sicherzugehen, dass Sie Geld verdienen und nicht Ihr gesamtes Kapital verlieren:<\/p>\n<ul>\n<li>Versuchen Sie, den Gesamtbetrag Ihrer Bank in 20-30 Teile zu teilen und setzen Sie nicht mehr als 3 % Ihres Kapitals auf einmal. Auf diese Weise verlieren Sie nicht auf einmal, was bedeutet, dass Sie die Kunst des Gl\u00fccksspiels allm\u00e4hlich beherrschen werden;<\/li>\n<li>Sie sollten das Wetten diszipliniert angehen, damit es bei den Ziehungen keine Probleme gibt. Sie sollten nicht alles auf Emotionen setzen oder wenn Sie zur\u00fcckgewinnen wollen, da dies zu weiteren Verlusten f\u00fchrt;<\/li>\n<li>Spieler m\u00fcssen die Regeln von Werbeaktionen und Boni sorgf\u00e4ltig studieren, um die typische Falle missverstandener Bedingungen zu vermeiden.<\/li>\n<\/ul>\n<p>Nutzen Sie alle Empfehlungen und Sie k\u00f6nnen gewinnen.<\/p>\n<p><img loading=\"lazy\" decoding=\"async\" class=\"aligncenter wp-image-4749\" src=\"https:\/\/rocketplay-new.com\/wp-content\/uploads\/2024\/02\/american-football-american-football-player-professional-sport-stadium.jpg\" alt=\"American Football 2\" width=\"800\" height=\"462\" srcset=\"https:\/\/rocketplay-new.com\/wp-content\/uploads\/2024\/02\/american-football-american-football-player-professional-sport-stadium.jpg 1000w, https:\/\/rocketplay-new.com\/wp-content\/uploads\/2024\/02\/american-football-american-football-player-professional-sport-stadium-300x173.jpg 300w, https:\/\/rocketplay-new.com\/wp-content\/uploads\/2024\/02\/american-football-american-football-player-professional-sport-stadium-768x443.jpg 768w\" sizes=\"auto, (max-width: 800px) 100vw, 800px\" \/><\/p>\n<h2>FAZIT<\/h2>\n<p>Zusammenfassend sollte jeder versuchen, auf American Football zu wetten. Dies ist eine dynamische Sportdisziplin, die viele Menschen wegen der aufregenden Boni und der breiten Wettlinie m\u00f6gen werden. Sie k\u00f6nnen jetzt alle Vorteile auf der offiziellen Gl\u00fccksspielseite ausprobieren.<\/p>\n<h2>FAQ<\/h2>\n<p>Neben American Football Wett Tipps haben wir die Antworten auf die beliebtesten Anf\u00e4ngerfragen f\u00fcr dich zusammengestellt. Lesen Sie die hilfreichen Informationen und beginnen Sie aktiv zu spielen, um zu gewinnen und viel zus\u00e4tzliches Geld zu verdienen. Sie k\u00f6nnen jetzt auf der offiziellen Casino-Website beginnen.<\/p>\n<h3>WAS IST DIE GEWINNSTRATEGIE?<\/h3>\n<p>In den meisten F\u00e4llen solltest du dich auf American Football Wettquoten verlassen, um deine Erfolgschancen richtig einzusch\u00e4tzen. Meistens sind die Teams bereit, ein gutes Ergebnis zu zeigen, daher sollten Sie das bevorstehende Spiel verantwortungsbewusst analysieren. Versuchen Sie, mehr Spielm\u00f6glichkeiten zu nutzen, um Geld zu verdienen und Ihre Strategie zu entwickeln. Der Demomodus kann Ihnen helfen, wenn er derzeit im Spiel verf\u00fcgbar ist.<\/p>\n<h3>WELCHES IST DAS BESTE TEAM, AUF DAS SICH WETTEN KANN?<\/h3>\n<p>Die meisten American-Football-Wetttipps basieren auf Analysen der beiden Mannschaften. Es ist notwendig, die vergangene Konfrontation zwischen den Organisationen und den Athleten zu studieren, die im n\u00e4chsten Spiel auftreten werden. Manchmal sind die Spieler bereit, Ihnen eine fantastische Show zu bieten, die schwer vorherzusagen ist. Ansonsten k\u00f6nnen Sie gleich den Favoriten bestimmen und sich dann die konstanten Gewinne ansehen.<\/p>\n","protected":false},"excerpt":{"rendered":"<p>Popul\u00e4re Unterhaltung in den Vereinigten Staaten zieht auch Fans von Gl\u00fccksspielsportarten an. Wetten auf American Football sind eine hervorragende Gelegenheit, verschiedene Ergebnisse schnell und effektiv zum Gewinnen zu nutzen. Eine gro\u00dfe Anzahl von Spielen und eine hohe Dynamik erm\u00f6glichen es sogar einem Anf\u00e4nger, die Regeln zu verstehen und schnell zu verdienen. In unserem Testbericht haben&#8230;<\/p>\n","protected":false},"author":1,"featured_media":0,"parent":3701,"menu_order":0,"comment_status":"closed","ping_status":"closed","template":"","meta":{"_acf_changed":false,"_kad_post_transparent":"default","_kad_post_title":"default","_kad_post_layout":"default","_kad_post_sidebar_id":"","_kad_post_content_style":"default","_kad_post_vertical_padding":"default","_kad_post_feature":"","_kad_post_feature_position":"","_kad_post_header":false,"_kad_post_footer":false,"footnotes":""},"class_list":["post-3808","page","type-page","status-publish","hentry"],"acf":[],"rttpg_featured_image_url":null,"rttpg_author":{"display_name":"John","author_link":"https:\/\/rocketplay-new.com\/de\/author\/pemvas95n89x\/"},"rttpg_comment":0,"rttpg_category":null,"rttpg_excerpt":"Popul\u00e4re Unterhaltung in den Vereinigten Staaten zieht auch Fans von Gl\u00fccksspielsportarten an. Wetten auf American Football sind eine hervorragende Gelegenheit, verschiedene Ergebnisse schnell und effektiv zum Gewinnen zu nutzen. Eine gro\u00dfe Anzahl von Spielen und eine hohe Dynamik erm\u00f6glichen es sogar einem Anf\u00e4nger, die Regeln zu verstehen und schnell zu verdienen. In unserem Testbericht haben...","_links":{"self":[{"href":"https:\/\/rocketplay-new.com\/de\/wp-json\/wp\/v2\/pages\/3808","targetHints":{"allow":["GET"]}}],"collection":[{"href":"https:\/\/rocketplay-new.com\/de\/wp-json\/wp\/v2\/pages"}],"about":[{"href":"https:\/\/rocketplay-new.com\/de\/wp-json\/wp\/v2\/types\/page"}],"author":[{"embeddable":true,"href":"https:\/\/rocketplay-new.com\/de\/wp-json\/wp\/v2\/users\/1"}],"replies":[{"embeddable":true,"href":"https:\/\/rocketplay-new.com\/de\/wp-json\/wp\/v2\/comments?post=3808"}],"version-history":[{"count":4,"href":"https:\/\/rocketplay-new.com\/de\/wp-json\/wp\/v2\/pages\/3808\/revisions"}],"predecessor-version":[{"id":5684,"href":"https:\/\/rocketplay-new.com\/de\/wp-json\/wp\/v2\/pages\/3808\/revisions\/5684"}],"up":[{"embeddable":true,"href":"https:\/\/rocketplay-new.com\/de\/wp-json\/wp\/v2\/pages\/3701"}],"wp:attachment":[{"href":"https:\/\/rocketplay-new.com\/de\/wp-json\/wp\/v2\/media?parent=3808"}],"curies":[{"name":"wp","href":"https:\/\/api.w.org\/{rel}","templated":true}]}}