{"id":3754,"date":"2023-01-13T17:47:51","date_gmt":"2023-01-13T14:47:51","guid":{"rendered":"https:\/\/rocketplay-new.com\/a-beginner-s-guide-to-sport-betting\/hockey\/"},"modified":"2025-04-02T18:02:03","modified_gmt":"2025-04-02T15:02:03","slug":"hockey","status":"publish","type":"page","link":"https:\/\/rocketplay-new.com\/de\/sport\/hockey\/","title":{"rendered":"Wie man auf Hockey wetten kann"},"content":{"rendered":"<p>Die Auswahl der richtigen Hockey-Wettlinien ist die gr\u00f6\u00dfte Herausforderung f\u00fcr Anf\u00e4nger. Versuchen Sie, die Besonderheiten der Sportdisziplin zu verstehen und die perfekte Erfolgsformel abzuleiten. Unser kurzer \u00dcberblick konzentriert sich auf Strategien, Taktiken und Vorteile von Eishockeywetten. Verdienen Sie jetzt mehr Geld mit Wetten.<\/p>\n<p style=\"text-align: center;\"><span style=\"font-weight: 400;\">\u00a0<div class=\"go-btn-container\"><div class=\"tosh-btn\"><a href=\"\/go-casino\/\" target=\"_blank\" rel=\"noopener\">JETZT SPIELEN<\/a><\/div><\/div> <\/span><\/p>\n<h2>HOCKEY-PUCK-LINIENWETTEN<\/h2>\n<p>In den meisten F\u00e4llen interessieren sich Anf\u00e4nger f\u00fcr kostenlose Eishockeywetten, da dies eine gro\u00dfartige M\u00f6glichkeit ist, die Grundlagen des Wettens zu verstehen und schnell Geld zu verdienen. Die Verwaltung verteilt solche Boni unabh\u00e4ngig voneinander auf einer separaten Aktionsseite an alle Ank\u00f6mmlinge, daher wird empfohlen, bereits jetzt zu versuchen, ein solches Angebot zu finden. Es ist auch eine Chance, Wetten auszuprobieren und verschiedene Strategien zu testen, ohne Ihr Budget daf\u00fcr auszugeben.<\/p>\n<p>Die beliebtesten Wettoptionen bleiben jedoch:<\/p>\n<ul>\n<li>Mannschaftssieg. Es ist notwendig, sich fr\u00fchere Treffen der Mannschaften und ihre Ergebnisse in den letzten Spielen genau anzusehen. Achten Sie auch besonders auf Auswechslungen, die h\u00e4ufig vorkommen und das Endergebnis des Spiels erheblich beeinflussen.<\/li>\n<li>insgesamt erzielte Pucks. Eine beliebte Wettoption f\u00fcr diejenigen, die schnell einen guten Betrag auf ihr Konto verdienen m\u00f6chten. Es ist am einfachsten, solche Pucks in drei Perioden zu unterteilen; Daher k\u00f6nnen Sie in einem Spiel bis zu dreimal gewinnen. Die Analyse ist ziemlich kompliziert, aber Sie k\u00f6nnen einen hervorragenden Gewinn erzielen.<\/li>\n<li>total gef\u00e4hrliche Sch\u00fcsse. Das Hauptmerkmal dieser Wettart ist, dass nur Profis versuchen, aus gef\u00e4hrlichen Kicks zu spielen. So etwas pro Spiel kann ziemlich viel passieren, und um dieses Thema zu studieren, reicht es aus, sich die Statistiken zu Mannschaftssiegen und Spielern anzusehen. Eingehende Analyse und das Geld ist in der Tasche.<\/li>\n<\/ul>\n<p>Sie k\u00f6nnen Ihr Ideal finden, wenn Sie eine der Casinoseiten nutzen, die wir haben<\/p>\n<p>beschrieben. Versuchen Sie, ihre Funktionen in unseren Bewertungen zu studieren, da wir jede Spielressource gr\u00fcndlich testen. Dank dessen k\u00f6nnen Sie Ihre Erfahrung, Ihr Geld und die F\u00e4higkeit erhalten, zuk\u00fcnftige Spiele zu analysieren.<\/p>\n<p><img loading=\"lazy\" decoding=\"async\" class=\"aligncenter wp-image-4710\" src=\"https:\/\/rocketplay-new.com\/wp-content\/uploads\/2024\/02\/hockey-players.jpg\" alt=\"Hockey betting \" width=\"800\" height=\"400\" srcset=\"https:\/\/rocketplay-new.com\/wp-content\/uploads\/2024\/02\/hockey-players.jpg 1000w, https:\/\/rocketplay-new.com\/wp-content\/uploads\/2024\/02\/hockey-players-300x150.jpg 300w, https:\/\/rocketplay-new.com\/wp-content\/uploads\/2024\/02\/hockey-players-768x384.jpg 768w\" sizes=\"auto, (max-width: 800px) 100vw, 800px\" \/><\/p>\n<h2>LIVE-HOCKEY-WETTEN<\/h2>\n<p>Live-Wetten Eishockey ist auch sehr beliebt, weil es eine ausgezeichnete Gelegenheit ist, einen gro\u00dfen Preisfonds zu erhalten, wenn man das Ergebnis des Spiels bereits kennt. Es reicht aus, mit dem Spielen zu beginnen und die \u00dcbertragung anzusehen und dann zu einem bestimmten Zeitpunkt Ihre Wette zu platzieren. Das Wichtigste ist, so viel Nerven wie m\u00f6glich zu haben, denn die Situation auf dem Platz kann sich alle paar Minuten \u00e4ndern. Es ist so schwer wie m\u00f6glich, aber Sie sollten lernen, Ihre Emotionen zu kontrollieren, und dann haben Sie alle Chancen zu gewinnen.<\/p>\n<p style=\"text-align: center;\"><span style=\"font-weight: 400;\">\u00a0<div class=\"go-btn-container\"><div class=\"tosh-btn\"><a href=\"\/go-casino\/\" target=\"_blank\" rel=\"noopener\">JETZT SPIELEN<\/a><\/div><\/div> <\/span><\/p>\n<h2>WETTARTEN<\/h2>\n<p>Das Wetten auf einen Sieg ist beliebt, weil Eishockey Live-Wett-Tipps dazu verf\u00fcgen. Die meisten Strategien verlassen sich auf den Gewinner, weil es einfacher ist, das Endergebnis vorherzusagen. Wir k\u00f6nnen Ihnen empfehlen, sich an eine einfache Richtlinie zu halten:<\/p>\n<ol>\n<li>Gehen Sie zur Hauptseite der Online-Gl\u00fccksspielseite und w\u00e4hlen Sie ein passendes Spiel aus.<\/li>\n<li>Machen Sie danach eine Wette um einen beliebigen Betrag und sehen Sie sich das Spiel an.<\/li>\n<li>W\u00e4hlen Sie mehrere Ergebnisse aus und analysieren Sie, welche mehr Geld bringen.<\/li>\n<\/ol>\n<p>Mit diesem Ansatz k\u00f6nnen Sie viele Richtungen testen und die beste ausw\u00e4hlen. Andernfalls wird es schwieriger, gute Ergebnisse zu erzielen.<\/p>\n<h2>HOCKEY-WETTBEDINGUNGEN<\/h2>\n<p>Zun\u00e4chst wird empfohlen, die kostenlosen Wettangebote f\u00fcr Eishockey und alle Funktionen moderner Wetten zu studieren. Die Regeln und Vorschriften des Casinos sind unerl\u00e4sslich, denn wenn Sie sich nicht daran halten, k\u00f6nnen Sie gesperrt werden. Sie sollten auch die Gefahrenpunkte lernen und wie die Strafpunkte gespielt werden.<\/p>\n<p>All dies wird Ihnen helfen, sich schneller an Hockey-Wetttipps zu gew\u00f6hnen und alle Vorteile des Gl\u00fccksspiels zu genie\u00dfen. Versuchen Sie, Ihre Gewinne zu steigern, und Sie werden mit dem Ergebnis zufrieden sein.<\/p>\n<p><img loading=\"lazy\" decoding=\"async\" class=\"aligncenter wp-image-4729\" src=\"https:\/\/rocketplay-new.com\/wp-content\/uploads\/2024\/02\/professional-hockey-player-skating-ice-isolated-white.jpg\" alt=\"Hockey betting 2\" width=\"800\" height=\"437\" srcset=\"https:\/\/rocketplay-new.com\/wp-content\/uploads\/2024\/02\/professional-hockey-player-skating-ice-isolated-white.jpg 1000w, https:\/\/rocketplay-new.com\/wp-content\/uploads\/2024\/02\/professional-hockey-player-skating-ice-isolated-white-300x164.jpg 300w, https:\/\/rocketplay-new.com\/wp-content\/uploads\/2024\/02\/professional-hockey-player-skating-ice-isolated-white-768x419.jpg 768w\" sizes=\"auto, (max-width: 800px) 100vw, 800px\" \/><\/p>\n<h2>FAQ<\/h2>\n<p>Anf\u00e4nger werden sich wahrscheinlich schnell mit den wesentlichen Aspekten des Spiels vertraut machen. Es wird daher empfohlen, die wertvollen Informationen unserer Experten zu lesen. Wir haben f\u00fcr Sie die Antworten auf die h\u00e4ufigsten Fragen gesammelt.<\/p>\n<h3>IST ES EINE HERAUSFORDERUNG ZU LERNEN, WETTEN AUF HOCKEY?<\/h3>\n<p>Dank der Offenheit von Hockeywetten k\u00f6nnen Sie in der ersten Spielwoche lernen, wie man gewinnt. Es reicht aus, etwas Neues auszuprobieren und Spa\u00df auf der offiziellen Seite zu haben. Schauen Sie sich den Abschnitt Boni und Werbeaktionen an, um zus\u00e4tzliche Belohnungen zu erhalten. Dadurch k\u00f6nnen Sie schneller und effizienter echtes Geld verdienen.<\/p>\n<h3>WAS IST DER MINDESTWETTEN AUF HOCKEY?<\/h3>\n<p>Das Limit wird normalerweise abh\u00e4ngig vom Turnier und Ihrem Guthaben festgelegt. Versuchen Sie, einen Dollar zu setzen, denn das ist die klassische Einsatzh\u00f6he f\u00fcr ein regul\u00e4res Turnier. Manchmal erlaubt Ihnen das Casino jedoch, den Betrag auf ein paar Cent festzulegen. Allerdings sind solche kleinen Wetten auch hilfreich, weil sie es Ihnen erm\u00f6glichen, Online-Eishockey-Wetten von innen zu verstehen, ohne viel Kapital zu verlieren.<\/p>\n<h3>WELCHE WETTART IST DIE PROFITABELSTE?<\/h3>\n<p>Es ist am besten, w\u00e4hrend des Spiels verschiedene Wettoptionen zu verwenden. Einige eignen sich besser f\u00fcr regul\u00e4re Spiele, w\u00e4hrend andere ideal f\u00fcr Live-\u00dcbertragungen sind. Versuchen Sie zu lernen, wie Sie sich an eine bestimmte Art von Spiel anpassen und die Wetten abschlie\u00dfen, die in relativ kurzer Zeit den maximalen Gewinn bringen k\u00f6nnen. Obwohl die beste Option laut unseren Experten darin besteht, auf die Anzahl der im Spiel erzielten Tore zu wetten.<\/p>\n","protected":false},"excerpt":{"rendered":"<p>Die Auswahl der richtigen Hockey-Wettlinien ist die gr\u00f6\u00dfte Herausforderung f\u00fcr Anf\u00e4nger. Versuchen Sie, die Besonderheiten der Sportdisziplin zu verstehen und die perfekte Erfolgsformel abzuleiten. Unser kurzer \u00dcberblick konzentriert sich auf Strategien, Taktiken und Vorteile von Eishockeywetten. Verdienen Sie jetzt mehr Geld mit Wetten. \u00a0 HOCKEY-PUCK-LINIENWETTEN In den meisten F\u00e4llen interessieren sich Anf\u00e4nger f\u00fcr kostenlose Eishockeywetten,&#8230;<\/p>\n","protected":false},"author":1,"featured_media":0,"parent":3701,"menu_order":0,"comment_status":"closed","ping_status":"closed","template":"","meta":{"_acf_changed":false,"_kad_post_transparent":"default","_kad_post_title":"default","_kad_post_layout":"default","_kad_post_sidebar_id":"","_kad_post_content_style":"default","_kad_post_vertical_padding":"default","_kad_post_feature":"","_kad_post_feature_position":"","_kad_post_header":false,"_kad_post_footer":false,"footnotes":""},"class_list":["post-3754","page","type-page","status-publish","hentry"],"acf":[],"rttpg_featured_image_url":null,"rttpg_author":{"display_name":"John","author_link":"https:\/\/rocketplay-new.com\/de\/author\/pemvas95n89x\/"},"rttpg_comment":0,"rttpg_category":null,"rttpg_excerpt":"Die Auswahl der richtigen Hockey-Wettlinien ist die gr\u00f6\u00dfte Herausforderung f\u00fcr Anf\u00e4nger. Versuchen Sie, die Besonderheiten der Sportdisziplin zu verstehen und die perfekte Erfolgsformel abzuleiten. Unser kurzer \u00dcberblick konzentriert sich auf Strategien, Taktiken und Vorteile von Eishockeywetten. Verdienen Sie jetzt mehr Geld mit Wetten. \u00a0 HOCKEY-PUCK-LINIENWETTEN In den meisten F\u00e4llen interessieren sich Anf\u00e4nger f\u00fcr kostenlose Eishockeywetten,...","_links":{"self":[{"href":"https:\/\/rocketplay-new.com\/de\/wp-json\/wp\/v2\/pages\/3754","targetHints":{"allow":["GET"]}}],"collection":[{"href":"https:\/\/rocketplay-new.com\/de\/wp-json\/wp\/v2\/pages"}],"about":[{"href":"https:\/\/rocketplay-new.com\/de\/wp-json\/wp\/v2\/types\/page"}],"author":[{"embeddable":true,"href":"https:\/\/rocketplay-new.com\/de\/wp-json\/wp\/v2\/users\/1"}],"replies":[{"embeddable":true,"href":"https:\/\/rocketplay-new.com\/de\/wp-json\/wp\/v2\/comments?post=3754"}],"version-history":[{"count":4,"href":"https:\/\/rocketplay-new.com\/de\/wp-json\/wp\/v2\/pages\/3754\/revisions"}],"predecessor-version":[{"id":5693,"href":"https:\/\/rocketplay-new.com\/de\/wp-json\/wp\/v2\/pages\/3754\/revisions\/5693"}],"up":[{"embeddable":true,"href":"https:\/\/rocketplay-new.com\/de\/wp-json\/wp\/v2\/pages\/3701"}],"wp:attachment":[{"href":"https:\/\/rocketplay-new.com\/de\/wp-json\/wp\/v2\/media?parent=3754"}],"curies":[{"name":"wp","href":"https:\/\/api.w.org\/{rel}","templated":true}]}}