{"id":3701,"date":"2023-01-13T15:58:26","date_gmt":"2023-01-13T12:58:26","guid":{"rendered":"https:\/\/rocketplay-new.com\/a-beginner-s-guide-to-sport-betting\/"},"modified":"2026-04-01T00:30:06","modified_gmt":"2026-03-31T21:30:06","slug":"sport","status":"publish","type":"page","link":"https:\/\/rocketplay-new.com\/de\/sport\/","title":{"rendered":"Ein Anf\u00e4ngerleitfaden f\u00fcr Sportwetten"},"content":{"rendered":"<p>Zum gr\u00f6\u00dften Teil ziehen Sportwetten Benutzer weltweit an, um schnell und unterhaltsam ein paar hundert Dollar zu verdienen. Speziell f\u00fcr solche Benutzer haben viele Casinos die M\u00f6glichkeit er\u00f6ffnet, auf Sport- und Cybersport-Events zu wetten. Gerade jetzt bieten wir eine einzigartige Gelegenheit, ein wenig zu trainieren und mit Wetten ein Vielfaches mehr zu verdienen.<\/p>\n<h2>EINE KURZE EINF\u00dcHRUNG IN DIE FUNKTION VON WETTEN<\/h2>\n<p>Wetten sind eine M\u00f6glichkeit, ein bestimmtes Ergebnis in einem Spiel vorherzusagen und daf\u00fcr einen bestimmten Geldbetrag zu erhalten. Je weniger vorhersehbar das Ergebnis ist, desto mehr k\u00f6nnen Sie auf einmal verdienen. Dabei wetten Sie mit der Gl\u00fccksspielseite, die ihre Meinung widerspr\u00fcchlich \u00e4u\u00dfert. Versuchen Sie, dieses Wissen zu nutzen, um mehr Geld zu verdienen.<\/p>\n<p>In den meisten F\u00e4llen wird Anf\u00e4ngern empfohlen, die Sportwetten-App auf ihrem Smartphone zu verwenden. Es ist eine bequeme mobile M\u00f6glichkeit, Geld zu verdienen, Sendungen anzusehen und sogar Gewinne auf Ihre Karte abzuheben. Laden Sie einfach eine separate App vom Entwicklungsteam herunter oder verwenden Sie die mobile Version, die jeder verwenden kann.<\/p>\n<p><img loading=\"lazy\" decoding=\"async\" class=\"aligncenter wp-image-4759\" src=\"https:\/\/rocketplay-new.com\/wp-content\/uploads\/2024\/02\/top-view-sports-gambling-money.jpg\" alt=\"sport betting\" width=\"800\" height=\"534\" srcset=\"https:\/\/rocketplay-new.com\/wp-content\/uploads\/2024\/02\/top-view-sports-gambling-money.jpg 1000w, https:\/\/rocketplay-new.com\/wp-content\/uploads\/2024\/02\/top-view-sports-gambling-money-300x200.jpg 300w, https:\/\/rocketplay-new.com\/wp-content\/uploads\/2024\/02\/top-view-sports-gambling-money-768x512.jpg 768w\" sizes=\"auto, (max-width: 800px) 100vw, 800px\" \/><\/p>\n<p>Um die Auswirkungen von Wetten zu sehen, k\u00f6nnen die Quoten v\u00f6llig unterschiedlich sein. Wenn Sie zum Beispiel 1.000 $ bei einer Quote von 1,6 setzen, k\u00f6nnten Sie zus\u00e4tzliche 600 $ in Ihren Pot einbringen. Klingt gut und ist nicht schwer, weil es die klare F\u00fchrung eines Teams bedeutet. Eine andere Sache ist, dass das Spiel m\u00f6glicherweise nicht nach Plan verl\u00e4uft. Dies ist genau das, was Sie vorhersagen m\u00fcssen, um die richtige Vorstellung vom Spiel zu bekommen.<\/p>\n<h2>SPORTWETTEN-LEITFADEN, GLOSSAR, BEDINGUNGEN<\/h2>\n<p>In den meisten F\u00e4llen k\u00f6nnen die besten Sportwetten diejenigen Benutzer nutzen, die das Registrierungsverfahren auf der Gl\u00fccksspielseite durchlaufen haben. Versuchen Sie, ein pers\u00f6nliches Konto zu erstellen:<\/p>\n<ol>\n<li>Registrieren Sie sich auf der Website, die in unseren Bewertungen aufgef\u00fchrt ist. So fallen Sie nicht auf Betr\u00fcger herein und k\u00f6nnen problemlos eine gro\u00dfe Summe gewinnen. Geben Sie nur echte pers\u00f6nliche Daten an, damit es in Zukunft keine Probleme gibt, Geld auf Ihr Konto abzuheben.<\/li>\n<li>Verwenden Sie danach eines der vorgeschlagenen Zahlungssysteme, um einzuzahlen und das Geld auf Ihr Konto zu \u00fcberweisen. Stellen Sie sicher, dass Sie das System verwenden, das Sie f\u00fcr die Auszahlung verwenden m\u00f6chten. In diesem Fall werden Sie keine Probleme haben, das Geld auf Ihr Konto zu bekommen.<\/li>\n<li>W\u00e4hlen Sie ein Spiel basierend auf Ihrem Budget, Ihren bevorzugten Turnieren, der Menge an Informationen f\u00fcr die Analyse und mehreren anderen Faktoren. Es ist besser, ein wenig zu setzen und zu gewinnen, als alles zu setzen und den Pot zu verlieren.<\/li>\n<\/ol>\n<p>Achten Sie darauf, Ihr Konto zu verifizieren. Dies hilft der Verwaltung, Ihr Recht auf den Besitz eines Kontos, Ihr Alter der Vollj\u00e4hrigkeit und Ihre F\u00e4higkeit, das Spiel zu spielen, zu best\u00e4tigen. Sie werden auch in der Lage sein, die maximalen Einsatzlimits zu erh\u00f6hen und keine Auszahlungsprobleme zu haben. Das Verfahren beinhaltet die \u00dcbertragung von pers\u00f6nlichen Dokumenten, aber alle Daten sind verschl\u00fcsselt und werden nicht an Dritte weitergegeben.<\/p>\n<p>Bei Top-Sportwetten sollten Sie sich auch Konzepte wie Quoten, Coupons und Gesamtsummen bewusst sein. Die Summe ist beispielsweise die Anzahl der im Spiel erzielten Punkte. Ein Gesamtwert von \u00fcber 26,5 bedeutet, dass Sie gewinnen, wenn ein Team 27 Punkte erzielt. Gleichzeitig bedeuten 26 Punkte oder weniger, dass Sie verlieren. All dies ist nicht zu kompliziert, sodass Sie die Spielmechanik herausfinden k\u00f6nnen.<\/p>\n<p style=\"text-align: center;\"><span style=\"font-weight: 400;\"><div class=\"go-btn-container\"><div class=\"tosh-btn\"><a href=\"\/go-casino\/\" target=\"_blank\" rel=\"noopener\">JETZT SPIELEN<\/a><\/div><\/div> <\/span><\/p>\n<h2>GRUNDLEGENDE WETTF\u00c4HIGKEITEN<\/h2>\n<p>Wenn Sie Vorhersagen f\u00fcr Sportwetten erstellen, m\u00fcssen Sie sich dar\u00fcber im Klaren sein, dass bestimmte Eigenschaften von Ihnen Ihnen beim Gewinnen helfen k\u00f6nnen. Dazu geh\u00f6rt eine analytische Denkweise, bei der Sie verschiedene Faktoren analysieren und gro\u00dfe Mengen an Informationen verarbeiten. Es ist notwendig, aufmerksam zu sein und die Ver\u00e4nderungen auf dem Spielfeld zu verfolgen. Das Einbeziehen verschiedener Informationen im Internet kann ein Grund sein, die Wette vor dem Spiel zu \u00e4ndern.<\/p>\n<p>Dar\u00fcber hinaus sollten Sie jedoch ein gewisses Ma\u00df an Flei\u00df und Geduld mitbringen. Disziplin ist die Grundlage daf\u00fcr, dass Sie st\u00e4ndig gewinnen und einen Gewinn auf Ihrem Konto erzielen. Wenn Sie sich f\u00fcr eine bestimmte Strategie entschieden haben, sollten Sie diese bis zum Ende verfolgen. Sie m\u00fcssen verantwortungsvoll mit Ihrem Spiel umgehen und das Beste aus Ihren Finanzen machen. Probieren Sie es aus und Sie werden sicher Erfolg haben.<\/p>\n<p><img loading=\"lazy\" decoding=\"async\" class=\"aligncenter wp-image-4768\" src=\"https:\/\/rocketplay-new.com\/wp-content\/uploads\/2024\/02\/young-hispanic-man-supporting-soccer-match-using-smartphone-sitting-by-christmas-decor-home.jpg\" alt=\"sport betting 2\" width=\"800\" height=\"534\" srcset=\"https:\/\/rocketplay-new.com\/wp-content\/uploads\/2024\/02\/young-hispanic-man-supporting-soccer-match-using-smartphone-sitting-by-christmas-decor-home.jpg 1000w, https:\/\/rocketplay-new.com\/wp-content\/uploads\/2024\/02\/young-hispanic-man-supporting-soccer-match-using-smartphone-sitting-by-christmas-decor-home-300x200.jpg 300w, https:\/\/rocketplay-new.com\/wp-content\/uploads\/2024\/02\/young-hispanic-man-supporting-soccer-match-using-smartphone-sitting-by-christmas-decor-home-768x512.jpg 768w\" sizes=\"auto, (max-width: 800px) 100vw, 800px\" \/><\/p>\n<h2>SPORTWETTEN-STRATEGIEN<\/h2>\n<p>Es gibt einige Sportwetten-Tipps von den Experten, die Ihnen garantiert helfen, zu gewinnen und zu Geld zu kommen:<\/p>\n<ul>\n<li>Teilen Sie Ihr Budget in viele Teile auf, damit Sie nicht Ihr ganzes Geld auf einmal verlieren;<\/li>\n<li>Achten Sie auf die Boni des Gl\u00fccksspielunternehmens, die Ihnen ein erhebliches Einkommen bringen und Sie aufheitern k\u00f6nnen.<\/li>\n<li>Es lohnt sich, den technischen Support zu kontaktieren, wenn Sie etwas nicht verstehen. Es ist besser, auf die Antwort eines Spezialisten zu warten, als sp\u00e4ter ein Sperrkonto zu haben.<\/li>\n<\/ul>\n<p>Versuchen Sie, Ihre Strategie und Taktik basierend auf Erfahrung und Analyse zu entwickeln. Dies wird Ihnen helfen, die Sportdisziplin in hohem Ma\u00dfe zu verstehen und ein Vielfaches mehr zu verdienen. Probieren Sie es einfach aus und Sie werden mit Ihren beeindruckenden Ergebnissen zufrieden sein.<\/p>\n<p style=\"text-align: center;\"><span style=\"font-weight: 400;\"><div class=\"go-btn-container\"><div class=\"tosh-btn\"><a href=\"\/go-casino\/\" target=\"_blank\" rel=\"noopener\">JETZT SPIELEN<\/a><\/div><\/div> <\/span><\/p>\n<h2>FAQ<\/h2>\n<p>F\u00fcr unsere Leser haben wir eine kleine Liste beliebter Fragen von Anf\u00e4ngern zusammengestellt, deren Antworten nicht leicht zu finden sind. Bitte lesen Sie die hilfreichen Informationen und nutzen Sie alle M\u00f6glichkeiten, um eine gro\u00dfe Summe zu gewinnen.<\/p>\n<h3>WIE W\u00c4HLT MAN DIE BESTE STRATEGIE F\u00dcR SPORTWETTEN?<\/h3>\n<p>Sie m\u00fcssen zun\u00e4chst eine geeignete Sportwettenseite finden, die alle modernen Qualit\u00e4tsstandards erf\u00fcllt. Unter unseren Bewertungen finden sich st\u00e4ndig solche Casinos, daher empfehlen wir, den Abschnitt mit Tipps von Experten sorgf\u00e4ltig zu lesen. Versuchen Sie, die perfekte Balance zwischen dem Betrag einer Wette und den Quoten zu finden. Dadurch k\u00f6nnen Sie weniger verlieren und mehr verdienen.<\/p>\n<h3>WIE ALTER KANN ICH WETTEN?<\/h3>\n<p>Gl\u00fccksspielseiten k\u00f6nnen nur von erwachsenen Benutzern \u00fcber 18 Jahren genutzt werden. Diese Mindesteintrittsschwelle kann je nach Land oder Staat variieren. Wir empfehlen Ihnen, Statistiken f\u00fcr Ihre Region im Detail zu studieren und die Details herauszufinden, um in Zukunft nicht mit einer pl\u00f6tzlichen Sperrung Ihres Kontos konfrontiert zu werden.<\/p>\n<h3>WAS IST DIE NOTWENDIGSTE F\u00c4HIGKEIT BEIM WETTEN?<\/h3>\n<p>Australische Sportwetten erfordern viel Zeit und die F\u00e4higkeit, riesige Datenmengen zu analysieren. Auf diese Weise k\u00f6nnen Sie das Ergebnis bestimmter Spiele vorhersagen und den Gewinner im Voraus bestimmen. Nutzen Sie die Chance, verschiedene Boni zu nutzen und lesen Sie alle hilfreichen Informationen. Dies wird Ihnen helfen, schneller eine gro\u00dfe Summe Geld zu verdienen.<\/p>\n","protected":false},"excerpt":{"rendered":"<p>Zum gr\u00f6\u00dften Teil ziehen Sportwetten Benutzer weltweit an, um schnell und unterhaltsam ein paar hundert Dollar zu verdienen. Speziell f\u00fcr solche Benutzer haben viele Casinos die M\u00f6glichkeit er\u00f6ffnet, auf Sport- und Cybersport-Events zu wetten. Gerade jetzt bieten wir eine einzigartige Gelegenheit, ein wenig zu trainieren und mit Wetten ein Vielfaches mehr zu verdienen. EINE KURZE&#8230;<\/p>\n","protected":false},"author":1,"featured_media":0,"parent":0,"menu_order":0,"comment_status":"closed","ping_status":"closed","template":"single-no-sidebar.php","meta":{"_acf_changed":false,"_kad_post_transparent":"default","_kad_post_title":"default","_kad_post_layout":"default","_kad_post_sidebar_id":"","_kad_post_content_style":"default","_kad_post_vertical_padding":"default","_kad_post_feature":"","_kad_post_feature_position":"","_kad_post_header":false,"_kad_post_footer":false,"footnotes":""},"class_list":["post-3701","page","type-page","status-publish","hentry"],"acf":[],"rttpg_featured_image_url":null,"rttpg_author":{"display_name":"John","author_link":"https:\/\/rocketplay-new.com\/de\/author\/pemvas95n89x\/"},"rttpg_comment":0,"rttpg_category":null,"rttpg_excerpt":"Zum gr\u00f6\u00dften Teil ziehen Sportwetten Benutzer weltweit an, um schnell und unterhaltsam ein paar hundert Dollar zu verdienen. Speziell f\u00fcr solche Benutzer haben viele Casinos die M\u00f6glichkeit er\u00f6ffnet, auf Sport- und Cybersport-Events zu wetten. Gerade jetzt bieten wir eine einzigartige Gelegenheit, ein wenig zu trainieren und mit Wetten ein Vielfaches mehr zu verdienen. EINE KURZE...","_links":{"self":[{"href":"https:\/\/rocketplay-new.com\/de\/wp-json\/wp\/v2\/pages\/3701","targetHints":{"allow":["GET"]}}],"collection":[{"href":"https:\/\/rocketplay-new.com\/de\/wp-json\/wp\/v2\/pages"}],"about":[{"href":"https:\/\/rocketplay-new.com\/de\/wp-json\/wp\/v2\/types\/page"}],"author":[{"embeddable":true,"href":"https:\/\/rocketplay-new.com\/de\/wp-json\/wp\/v2\/users\/1"}],"replies":[{"embeddable":true,"href":"https:\/\/rocketplay-new.com\/de\/wp-json\/wp\/v2\/comments?post=3701"}],"version-history":[{"count":4,"href":"https:\/\/rocketplay-new.com\/de\/wp-json\/wp\/v2\/pages\/3701\/revisions"}],"predecessor-version":[{"id":5647,"href":"https:\/\/rocketplay-new.com\/de\/wp-json\/wp\/v2\/pages\/3701\/revisions\/5647"}],"wp:attachment":[{"href":"https:\/\/rocketplay-new.com\/de\/wp-json\/wp\/v2\/media?parent=3701"}],"curies":[{"name":"wp","href":"https:\/\/api.w.org\/{rel}","templated":true}]}}