{"id":3647,"date":"2023-01-12T23:55:15","date_gmt":"2023-01-12T20:55:15","guid":{"rendered":"https:\/\/rocketplay-new.com\/live-dealer\/roulette\/"},"modified":"2025-11-25T23:28:04","modified_gmt":"2025-11-25T20:28:04","slug":"roulette","status":"publish","type":"page","link":"https:\/\/rocketplay-new.com\/de\/live-dealer\/roulette\/","title":{"rendered":"Roulette-Live-Dealer bei Rocket Play Review"},"content":{"rendered":"<p>Der entscheidende Vorteil von Live Dealer Roulette ist die M\u00f6glichkeit, cool zu spielen und schnell Geld zu verdienen. In den meisten F\u00e4llen macht das Spielen mit einem Live-Dealer Spa\u00df und ist interessant. Spieler lieben es, Spa\u00df zu haben und Fragen zu stellen, die das Personal gerne beantwortet. Versuchen Sie, loszulegen, und Sie werden es garantiert genie\u00dfen.<\/p>\n<p><span style=\"font-weight: 400;\"><div class=\"go-btn-container\"><div class=\"tosh-btn\"><a href=\"\/go-casino\/\" target=\"_blank\" rel=\"noopener\">JETZT SPIELEN<\/a><\/div><\/div><\/span><\/p>\n<h2>WIE MAN LIVE DEALER ROULETTE ONLINE SPIELT<\/h2>\n<p>Um ein Live-Dealer-Roulette zu starten, k\u00f6nnen Online-Casinos Spa\u00df haben, nachdem Sie ein pers\u00f6nliches Konto erstellt haben:<\/p>\n<ol>\n<li>Geben Sie pers\u00f6nliche Informationen ein, wenn Sie ein Profil auf der Hauptseite erstellen. Denken Sie daran, dass die eingegebenen Daten sp\u00e4ter f\u00fcr das Kontobest\u00e4tigungsverfahren verwendet werden k\u00f6nnen.<\/li>\n<li>Danach zahlen Sie auf eine f\u00fcr Sie bequeme Weise ein. Sie k\u00f6nnen klassische Zahlungssysteme oder Bank- und Kryptow\u00e4hrungen verwenden, um Ihr Guthaben schnell zu erh\u00f6hen.<\/li>\n<li>Gehen Sie zum Spielekatalog und w\u00e4hlen Sie Live-Optionen. Setzen Sie sich an den Tisch und machen Sie sich bereit f\u00fcr die Magie des Gewinnens.<\/li>\n<\/ol>\n<p>Sie sollten das zus\u00e4tzliche Verfahren zur \u00dcberpr\u00fcfung Ihres Kontos durchlaufen. Dies wird Ihnen helfen, Ihre maximalen Wettlimits zu erh\u00f6hen und Ein- und Auszahlungen von Ihrem Konto problemlos zu nutzen. Versuchen Sie, alle Vorteile des Online-Gl\u00fccksspiels zu nutzen.<\/p>\n<p><img loading=\"lazy\" decoding=\"async\" class=\"aligncenter wp-image-4836\" src=\"https:\/\/rocketplay-new.com\/wp-content\/uploads\/2024\/02\/6666.png\" alt=\"Roulette live dealer Rocket Play\" width=\"800\" height=\"455\" srcset=\"https:\/\/rocketplay-new.com\/wp-content\/uploads\/2024\/02\/6666.png 1442w, https:\/\/rocketplay-new.com\/wp-content\/uploads\/2024\/02\/6666-300x171.png 300w, https:\/\/rocketplay-new.com\/wp-content\/uploads\/2024\/02\/6666-1024x583.png 1024w, https:\/\/rocketplay-new.com\/wp-content\/uploads\/2024\/02\/6666-768x437.png 768w\" sizes=\"auto, (max-width: 800px) 100vw, 800px\" \/><\/p>\n<h2>VARIANTEN VON LIVE DEALER ROULETTE<\/h2>\n<p>Das erste, was man Roulette Online Live Dealer spielen kann, ist, die klassische Version ohne zus\u00e4tzliche Regeln zu spielen. Dies wird Ihnen helfen, das Spiel zu verstehen und die ersten Eins\u00e4tze zu t\u00e4tigen. Danach k\u00f6nnen Sie zu komplexeren Variationen und spannenden Kombinationen \u00fcbergehen. Probieren Sie die verschiedenen Varianten auf der Hauptsuchseite aus.<\/p>\n<p><span style=\"font-weight: 400;\"><div class=\"go-btn-container\"><div class=\"tosh-btn\"><a href=\"\/go-casino\/\" target=\"_blank\" rel=\"noopener\">JETZT SPIELEN<\/a><\/div><\/div><\/span><\/p>\n<h2>WIE LIVE DEALER ROULETTE MIT ANDEREN SPIELE VERGLEICHT<\/h2>\n<p>Zum gr\u00f6\u00dften Teil ist Live Dealer Roulette Australia eine einzigartige Gelegenheit, Spa\u00df f\u00fcr jeden Gewinn zu haben. Sie gewinnen nicht nur und erh\u00f6hen Ihr Guthaben, sondern k\u00f6nnen auch vor anderen Benutzern mit Ihren Gewinnen prahlen. Jeder in der aktiven Sitzung des Spiels sieht Ihre Erfolge, was bedeutet, dass es viel mehr Spa\u00df macht und interessanter zu spielen ist.<\/p>\n<h2>ARTEN VON ONLINE-LIVE-DEALER-ROULETTE-WETTEN<\/h2>\n<p>Meistens h\u00f6ren Benutzer bei regul\u00e4ren Wetten auf. Aber Experten k\u00f6nnen Live Dealer Roulette Tipps geben:<\/p>\n<ul>\n<li>versuchen Sie, das Guthaben aufzuteilen und nicht mehr als ein Hundertstel des Kapitals auf einmal zu verwenden;<\/li>\n<li>Arbeiten Sie mit Ihren Emotionen und versuchen Sie, nur die Wetten abzuschlie\u00dfen, die Sie gerade brauchen.<\/li>\n<li>Verwenden Sie den Demo-Modus und probieren Sie verschiedene Strategien aus.<\/li>\n<\/ul>\n<p>All dies wird Ihnen helfen, Ihre Ergebnisse w\u00e4hrend des Spiels zu verbessern und eine tolle Zeit zu genie\u00dfen. Probieren Sie es jetzt aus und Sie werden am Ende garantiert gewinnen.<\/p>\n<p><img loading=\"lazy\" decoding=\"async\" class=\"aligncenter wp-image-4846\" src=\"https:\/\/rocketplay-new.com\/wp-content\/uploads\/2024\/02\/2223232-1.png\" alt=\"Roulette live dealer Rocket Play 2\" width=\"800\" height=\"448\" srcset=\"https:\/\/rocketplay-new.com\/wp-content\/uploads\/2024\/02\/2223232-1.png 1183w, https:\/\/rocketplay-new.com\/wp-content\/uploads\/2024\/02\/2223232-1-300x168.png 300w, https:\/\/rocketplay-new.com\/wp-content\/uploads\/2024\/02\/2223232-1-1024x573.png 1024w, https:\/\/rocketplay-new.com\/wp-content\/uploads\/2024\/02\/2223232-1-768x430.png 768w\" sizes=\"auto, (max-width: 800px) 100vw, 800px\" \/><\/p>\n<h2>FAQ<\/h2>\n<p>Speziell f\u00fcr unsere Benutzer haben wir eine kleine Basis hilfreicher Informationen zusammengestellt. Schauen Sie sich die Antworten auf beliebte Fragen von Anf\u00e4ngern an, damit Sie keine klassischen Fehler machen und schnell den maximalen Betrag verdienen.<\/p>\n<h3>WAS SIND DIE VORTEILE DES SPIELS MIT EINEM LIVE DEALER?<\/h3>\n<p>Der Hauptvorteil von Live Dealer Roulette ist die M\u00f6glichkeit, schnell den Dreh raus zu bekommen und echtes Geld zu verdienen. Selbst ein Anf\u00e4nger kann mit Hilfe einfacher Regeln und Training mit dem Dealer beginnen, die richtigen Kombinationen seiner Aktionen zu erarbeiten. Die erste Wette ist oft einfach zu machen, aber die, mit der Sie eine Million verdienen k\u00f6nnen, ist schwierig.<\/p>\n<h3>LOHNT ES SICH, MIT EINEM MINDESTBUDGET ZU SPIELEN?<\/h3>\n<p>Ja, auch mit wenig Geld kann man schnell gewinnen. All dies ist der F\u00e4higkeit zu verdanken, jeden Einsatz zu verdoppeln, was zu einem schnellen Kapitalwachstum f\u00fchrt. Sie k\u00f6nnen auch eine Strategie w\u00e4hlen, die zu Ihnen passt, und schnell mehr Geld verdienen.<\/p>\n<h3>KANN ICH UNGEW\u00d6HNLICHE TAKTIKEN ANWENDEN?<\/h3>\n<p>Jeder Spieler kann beim Live Dealer Roulette online einzigartige Strategien anwenden, um mehr Geld zu bekommen. Gleichzeitig sollten sie nicht auf Betrug basieren, spielen Sie also vorsichtig und korrekt. In einem speziellen Demo-Modus k\u00f6nnen Sie ohne Dealer pers\u00f6nliche Taktiken entwickeln, mit denen Sie lernen und in Zukunft verdienen k\u00f6nnen.<\/p>\n","protected":false},"excerpt":{"rendered":"<p>Der entscheidende Vorteil von Live Dealer Roulette ist die M\u00f6glichkeit, cool zu spielen und schnell Geld zu verdienen. In den meisten F\u00e4llen macht das Spielen mit einem Live-Dealer Spa\u00df und ist interessant. Spieler lieben es, Spa\u00df zu haben und Fragen zu stellen, die das Personal gerne beantwortet. Versuchen Sie, loszulegen, und Sie werden es garantiert&#8230;<\/p>\n","protected":false},"author":1,"featured_media":0,"parent":3432,"menu_order":0,"comment_status":"closed","ping_status":"closed","template":"","meta":{"_acf_changed":false,"_kad_post_transparent":"default","_kad_post_title":"default","_kad_post_layout":"default","_kad_post_sidebar_id":"","_kad_post_content_style":"default","_kad_post_vertical_padding":"default","_kad_post_feature":"","_kad_post_feature_position":"","_kad_post_header":false,"_kad_post_footer":false,"footnotes":""},"class_list":["post-3647","page","type-page","status-publish","hentry"],"acf":[],"rttpg_featured_image_url":null,"rttpg_author":{"display_name":"John","author_link":"https:\/\/rocketplay-new.com\/de\/author\/pemvas95n89x\/"},"rttpg_comment":0,"rttpg_category":null,"rttpg_excerpt":"Der entscheidende Vorteil von Live Dealer Roulette ist die M\u00f6glichkeit, cool zu spielen und schnell Geld zu verdienen. In den meisten F\u00e4llen macht das Spielen mit einem Live-Dealer Spa\u00df und ist interessant. Spieler lieben es, Spa\u00df zu haben und Fragen zu stellen, die das Personal gerne beantwortet. Versuchen Sie, loszulegen, und Sie werden es garantiert...","_links":{"self":[{"href":"https:\/\/rocketplay-new.com\/de\/wp-json\/wp\/v2\/pages\/3647","targetHints":{"allow":["GET"]}}],"collection":[{"href":"https:\/\/rocketplay-new.com\/de\/wp-json\/wp\/v2\/pages"}],"about":[{"href":"https:\/\/rocketplay-new.com\/de\/wp-json\/wp\/v2\/types\/page"}],"author":[{"embeddable":true,"href":"https:\/\/rocketplay-new.com\/de\/wp-json\/wp\/v2\/users\/1"}],"replies":[{"embeddable":true,"href":"https:\/\/rocketplay-new.com\/de\/wp-json\/wp\/v2\/comments?post=3647"}],"version-history":[{"count":4,"href":"https:\/\/rocketplay-new.com\/de\/wp-json\/wp\/v2\/pages\/3647\/revisions"}],"predecessor-version":[{"id":5817,"href":"https:\/\/rocketplay-new.com\/de\/wp-json\/wp\/v2\/pages\/3647\/revisions\/5817"}],"up":[{"embeddable":true,"href":"https:\/\/rocketplay-new.com\/de\/wp-json\/wp\/v2\/pages\/3432"}],"wp:attachment":[{"href":"https:\/\/rocketplay-new.com\/de\/wp-json\/wp\/v2\/media?parent=3647"}],"curies":[{"name":"wp","href":"https:\/\/api.w.org\/{rel}","templated":true}]}}