{"id":3594,"date":"2023-01-12T22:24:23","date_gmt":"2023-01-12T19:24:23","guid":{"rendered":"https:\/\/rocketplay-new.com\/live-dealer\/baccarat\/"},"modified":"2025-04-02T22:09:33","modified_gmt":"2025-04-02T19:09:33","slug":"baccarat","status":"publish","type":"page","link":"https:\/\/rocketplay-new.com\/de\/live-dealer\/baccarat\/","title":{"rendered":"Live-Dealer-Baccarat bei Rocket Play Review"},"content":{"rendered":"<p>Jeder Spieler kann sich am Live Dealer Baccarat versuchen, weil es Spa\u00df macht und profitabel ist. Dank der perfekt konstruierten Waage k\u00f6nnen Sie alle Taktiken ausprobieren, ohne viel Geld auszugeben. Probieren Sie das Spiel aus und Sie werden mit den F\u00e4higkeiten und dem Geld, das Sie gewonnen haben, zufrieden sein.<\/p>\n<p><span style=\"font-weight: 400;\"><div class=\"go-btn-container\"><div class=\"tosh-btn\"><a href=\"\/go-casino\/\" target=\"_blank\" rel=\"noopener\">JETZT SPIELEN<\/a><\/div><\/div><\/span><\/p>\n<h2>LIVE DEALER BACCARAT SPIELLEITFADEN<\/h2>\n<p>Einer der wesentlichen Vorteile von Online Baccarat Live Dealer ist, dass sogar ein Anf\u00e4nger versuchen kann zu spielen und zu gewinnen. Selbst mit einem kleinen Budget k\u00f6nnen Sie Ihre F\u00e4higkeiten verbessern und verschiedene Strategien ausprobieren, die in anderen Spielen m\u00f6glicherweise nicht verf\u00fcgbar sind. Sie k\u00f6nnen auch die modernen Taktiken anderer Benutzer verwenden, um Ihre Ergebnisse zu verbessern.<\/p>\n<p><img loading=\"lazy\" decoding=\"async\" class=\"aligncenter wp-image-4894\" src=\"https:\/\/rocketplay-new.com\/wp-content\/uploads\/2024\/02\/7777.png\" alt=\"Live Dealer Baccarat Rocket Play\" width=\"800\" height=\"451\" srcset=\"https:\/\/rocketplay-new.com\/wp-content\/uploads\/2024\/02\/7777.png 1443w, https:\/\/rocketplay-new.com\/wp-content\/uploads\/2024\/02\/7777-300x169.png 300w, https:\/\/rocketplay-new.com\/wp-content\/uploads\/2024\/02\/7777-1024x577.png 1024w, https:\/\/rocketplay-new.com\/wp-content\/uploads\/2024\/02\/7777-768x433.png 768w\" sizes=\"auto, (max-width: 800px) 100vw, 800px\" \/><\/p>\n<p>Der Beginn des Spiels sieht meistens so aus:<\/p>\n<ol>\n<li>Sie gehen auf die offizielle Website des Casinos und schlie\u00dfen die Registrierung ab, wobei Sie pers\u00f6nliche Daten zur weiteren \u00dcberpr\u00fcfung angeben.<\/li>\n<li>Anschlie\u00dfend f\u00fcllen Sie bequem Ihr Konto auf und gehen zum Unterhaltungskatalog. W\u00e4hlen Sie die Tische sorgf\u00e4ltig aus, da sie sich nicht nur im Dealer, sondern auch in den Einsatzlimits und der maximalen Anzahl von Benutzern unterscheiden.<\/li>\n<li>Setzen Sie auf ein bestimmtes Ergebnis und kommen Sie auf Ihre Kosten. Achten Sie auf die Karten, aus denen Sie herausfallen, denn der endg\u00fcltige Preis h\u00e4ngt davon ab.<\/li>\n<\/ol>\n<p>Vergessen Sie nicht, Ihre Identit\u00e4t zu verifizieren, damit es in Zukunft keine Probleme mit der Auszahlung oder Einzahlung gibt.<\/p>\n<p><span style=\"font-weight: 400;\"><div class=\"go-btn-container\"><div class=\"tosh-btn\"><a href=\"\/go-casino\/\" target=\"_blank\" rel=\"noopener\">JETZT SPIELEN<\/a><\/div><\/div><\/span><\/p>\n<h2>DIE VERSCHIEDENEN LIVE DEALER BACCARAT VARIANTEN<\/h2>\n<p>Auf der offiziellen Website wird das Live Dealer Baccarat Online Casino Australien in mehreren Varianten pr\u00e4sentiert, damit Sie die am besten geeignete ausw\u00e4hlen k\u00f6nnen. Versuchen Sie, faszinierendes Gameplay und Balance in Bezug auf fallende Karten zu kombinieren. Dadurch k\u00f6nnen Sie Ihr Spiel effizienter starten und mehr Geld verdienen.<\/p>\n<p>Sie k\u00f6nnen auch ungew\u00f6hnliche Baccarat-Varianten ausprobieren, um Ihre Ergebnisse zu verbessern. Dazu geh\u00f6ren solche mit einem minimalen Kartensatz oder multiplizierenden Gewinnen. Sie k\u00f6nnen auch Boni verwenden, um Ihre Punktzahl w\u00e4hrend des Gewinnens zu verbessern.<\/p>\n<h2>TIPPS F\u00dcR LIVE DEALER BACCARAT SPIELEN<\/h2>\n<p>Es gibt ein paar wichtige Empfehlungen f\u00fcr das beste Online-Live-Dealer-Baccarat, das Ihnen gefallen wird:<\/p>\n<ul>\n<li>achten Sie auf Ihre Emotionen und gehen Sie keine riskanten Wetten ein;<\/li>\n<li>achten Sie mehr auf Ihr Kapital, um nicht das ganze Geld zu verlieren;<\/li>\n<li>die gew\u00e4hlte Strategie verfolgen, um kein Verlierer zu sein.<\/li>\n<\/ul>\n<p>Sie m\u00fcssen mit Ihrem Geld so verantwortungsvoll wie m\u00f6glich umgehen und es effektiv verwalten. Nur in diesem Fall k\u00f6nnen Sie in k\u00fcrzester Zeit beeindruckende Ergebnisse erzielen und Ihre Gewinne mitnehmen. Vergessen Sie nicht den Demo-Modus, der Ihnen garantiert gefallen wird.<\/p>\n<p><img loading=\"lazy\" decoding=\"async\" class=\"aligncenter wp-image-4903\" src=\"https:\/\/rocketplay-new.com\/wp-content\/uploads\/2024\/02\/77777777777777.png\" alt=\"Live Dealer Baccarat Rocket Play 2\" width=\"800\" height=\"456\" srcset=\"https:\/\/rocketplay-new.com\/wp-content\/uploads\/2024\/02\/77777777777777.png 1193w, https:\/\/rocketplay-new.com\/wp-content\/uploads\/2024\/02\/77777777777777-300x171.png 300w, https:\/\/rocketplay-new.com\/wp-content\/uploads\/2024\/02\/77777777777777-1024x584.png 1024w, https:\/\/rocketplay-new.com\/wp-content\/uploads\/2024\/02\/77777777777777-768x438.png 768w\" sizes=\"auto, (max-width: 800px) 100vw, 800px\" \/><\/p>\n<h2>FAQ<\/h2>\n<p>Hier haben unsere besten Experten eine kleine Datenbank zusammengestellt, um Neulingen zu helfen, sich mit all den aufregenden Aspekten des Gl\u00fccksspiels vertraut zu machen. Versuchen Sie, die Antworten auf h\u00e4ufig gestellte Fragen zu lesen, um effektiv zu spielen.<\/p>\n<h3>WAS SIND DIE VORTEILE, MIT EINEM LIVE DEALER IN BACCARAT ZU SPIELEN?<\/h3>\n<p>Der entscheidende Vorteil von Live Dealer Baccarat ist die st\u00e4ndige Neuheit und die M\u00f6glichkeit, mit dem Dealer zu kommunizieren. Es gibt auch einen Live-Chat-Raum, in dem Benutzer Fragen stellen oder Eindr\u00fccke austauschen k\u00f6nnen. Es ist eine gro\u00dfartige M\u00f6glichkeit, eine gute Zeit zu haben und das Gl\u00fccksspiel zu genie\u00dfen.<\/p>\n<h3>LOHNT ES SICH, MIT EINEM MINDESTBUDGET ZU SPIELEN?<\/h3>\n<p>Auch mit etwas Geld k\u00f6nnen Anf\u00e4nger ihr Kapital vermehren und lernen schnell, wie man Kartenkombinationen richtig setzt. Es reicht aus, die grundlegende Mechanik zu verstehen und neue Taktiken mit eigenen H\u00e4nden auszuprobieren. Dank dessen wird es kein Halten mehr geben, die Ziele zu erreichen.<\/p>\n<h3>WELCHE TAKTIK K\u00d6NNEN VERWENDET WERDEN?<\/h3>\n<p>Alle m\u00f6glichen Strategien sind im Spiel verf\u00fcgbar, das nicht gegen die Regeln verst\u00f6\u00dft. Aus diesem Grund wird empfohlen, den gesamten Abschnitt der einzigartigen Verst\u00f6\u00dfe und Vorschriften, die das Casino vorgibt, sorgf\u00e4ltig zu lesen. In diesem Fall werden Sie keine Probleme haben, alle Regeln zu befolgen, und Sie werden in der Lage sein, Ihre Taktik bis zum \u00c4u\u00dfersten zu entwickeln.<\/p>\n","protected":false},"excerpt":{"rendered":"<p>Jeder Spieler kann sich am Live Dealer Baccarat versuchen, weil es Spa\u00df macht und profitabel ist. Dank der perfekt konstruierten Waage k\u00f6nnen Sie alle Taktiken ausprobieren, ohne viel Geld auszugeben. Probieren Sie das Spiel aus und Sie werden mit den F\u00e4higkeiten und dem Geld, das Sie gewonnen haben, zufrieden sein. LIVE DEALER BACCARAT SPIELLEITFADEN Einer&#8230;<\/p>\n","protected":false},"author":1,"featured_media":0,"parent":3432,"menu_order":0,"comment_status":"closed","ping_status":"closed","template":"","meta":{"_acf_changed":false,"_kad_post_transparent":"default","_kad_post_title":"default","_kad_post_layout":"default","_kad_post_sidebar_id":"","_kad_post_content_style":"default","_kad_post_vertical_padding":"default","_kad_post_feature":"","_kad_post_feature_position":"","_kad_post_header":false,"_kad_post_footer":false,"footnotes":""},"class_list":["post-3594","page","type-page","status-publish","hentry"],"acf":[],"rttpg_featured_image_url":null,"rttpg_author":{"display_name":"John","author_link":"https:\/\/rocketplay-new.com\/de\/author\/pemvas95n89x\/"},"rttpg_comment":0,"rttpg_category":null,"rttpg_excerpt":"Jeder Spieler kann sich am Live Dealer Baccarat versuchen, weil es Spa\u00df macht und profitabel ist. Dank der perfekt konstruierten Waage k\u00f6nnen Sie alle Taktiken ausprobieren, ohne viel Geld auszugeben. Probieren Sie das Spiel aus und Sie werden mit den F\u00e4higkeiten und dem Geld, das Sie gewonnen haben, zufrieden sein. LIVE DEALER BACCARAT SPIELLEITFADEN Einer...","_links":{"self":[{"href":"https:\/\/rocketplay-new.com\/de\/wp-json\/wp\/v2\/pages\/3594","targetHints":{"allow":["GET"]}}],"collection":[{"href":"https:\/\/rocketplay-new.com\/de\/wp-json\/wp\/v2\/pages"}],"about":[{"href":"https:\/\/rocketplay-new.com\/de\/wp-json\/wp\/v2\/types\/page"}],"author":[{"embeddable":true,"href":"https:\/\/rocketplay-new.com\/de\/wp-json\/wp\/v2\/users\/1"}],"replies":[{"embeddable":true,"href":"https:\/\/rocketplay-new.com\/de\/wp-json\/wp\/v2\/comments?post=3594"}],"version-history":[{"count":4,"href":"https:\/\/rocketplay-new.com\/de\/wp-json\/wp\/v2\/pages\/3594\/revisions"}],"predecessor-version":[{"id":5791,"href":"https:\/\/rocketplay-new.com\/de\/wp-json\/wp\/v2\/pages\/3594\/revisions\/5791"}],"up":[{"embeddable":true,"href":"https:\/\/rocketplay-new.com\/de\/wp-json\/wp\/v2\/pages\/3432"}],"wp:attachment":[{"href":"https:\/\/rocketplay-new.com\/de\/wp-json\/wp\/v2\/media?parent=3594"}],"curies":[{"name":"wp","href":"https:\/\/api.w.org\/{rel}","templated":true}]}}