{"id":3539,"date":"2023-01-12T14:36:58","date_gmt":"2023-01-12T11:36:58","guid":{"rendered":"https:\/\/rocketplay-new.com\/live-dealer\/poker\/"},"modified":"2025-04-03T20:07:35","modified_gmt":"2025-04-03T17:07:35","slug":"poker","status":"publish","type":"page","link":"https:\/\/rocketplay-new.com\/de\/live-dealer\/poker\/","title":{"rendered":"Live-Dealer-Poker bei Rocket Play im Test"},"content":{"rendered":"<p>Jeder im Casino registrierte Benutzer kann beim Live-Dealer-Poker Spa\u00df haben. Dies ist ein lustiger Zeitvertreib, den sich jeder leisten kann. Dank des im Demo-Modus erhaltenen Trainings haben Sie auch die Chance, eine gro\u00dfe Summe zu gewinnen. Versuchen Sie Ihr Gl\u00fcck gleich jetzt und wir erz\u00e4hlen Ihnen von den Vorteilen des Spielens im Casino.<\/p>\n<p><span style=\"font-weight: 400;\"><div class=\"go-btn-container\"><div class=\"tosh-btn\"><a href=\"\/go-casino\/\" target=\"_blank\" rel=\"noopener\">JETZT SPIELEN<\/a><\/div><\/div> <\/span><\/p>\n<h2>TOP LIVE DEALER POKER SPIELE<\/h2>\n<p>Der beste Weg, Live-Dealer-Pokerseiten zu spielen, ist im offiziellen Casino. Auf diese Weise k\u00f6nnen Sie Ihre Gewinne garantieren und werden nicht von Betr\u00fcgern erwischt. Probieren Sie verschiedene Spielvarianten aus, darunter Roulette, Blackjack und Baccarat.<\/p>\n<h2>WAS IST POKER?<\/h2>\n<p>Poker ist ein Kartenspiel mit der M\u00f6glichkeit, Geld einzusetzen und zu gewinnen. Bei Poker Online Live Dealer m\u00fcssen Sie Ihre Karten und die Karten des Dealers kombinieren. Versuchen Sie, viele Benutzer zu schlagen und nehmen Sie alle Preise pers\u00f6nlich entgegen.<\/p>\n<p><img loading=\"lazy\" decoding=\"async\" class=\"aligncenter wp-image-4856\" src=\"https:\/\/rocketplay-new.com\/wp-content\/uploads\/2024\/02\/beautiful-girl-dealer-table-game-poker-dealer-deals-cards-he-is-looking-camera.jpg\" alt=\"Live Dealer Poker Rocket Play\" width=\"800\" height=\"534\" srcset=\"https:\/\/rocketplay-new.com\/wp-content\/uploads\/2024\/02\/beautiful-girl-dealer-table-game-poker-dealer-deals-cards-he-is-looking-camera.jpg 1000w, https:\/\/rocketplay-new.com\/wp-content\/uploads\/2024\/02\/beautiful-girl-dealer-table-game-poker-dealer-deals-cards-he-is-looking-camera-300x200.jpg 300w, https:\/\/rocketplay-new.com\/wp-content\/uploads\/2024\/02\/beautiful-girl-dealer-table-game-poker-dealer-deals-cards-he-is-looking-camera-768x512.jpg 768w\" sizes=\"auto, (max-width: 800px) 100vw, 800px\" \/><\/p>\n<h2>WIE MAN ONLINE LIVE DEALER POKER GEWINNT<\/h2>\n<p>Die einfachste Strategie ist die Risikominderung. Versuchen Sie, regelm\u00e4\u00dfig den Mindesteinsatz zu setzen und geben Sie h\u00e4ufig Karten auf. In diesem Fall m\u00fcssen Sie kein Geld verlieren und k\u00f6nnen den richtigen Moment f\u00fcr einen unglaublichen Gewinn w\u00e4hlen. Achten Sie darauf, jeden m\u00f6glichen Vorteil zu nutzen, um zu gewinnen, was Sie genie\u00dfen werden.<\/p>\n<p><span style=\"font-weight: 400;\"><div class=\"go-btn-container\"><div class=\"tosh-btn\"><a href=\"\/go-casino\/\" target=\"_blank\" rel=\"noopener\">JETZT SPIELEN<\/a><\/div><\/div> <\/span><\/p>\n<h2>LIVE-DEALER-POKER-BONI<\/h2>\n<p>In den meisten F\u00e4llen k\u00f6nnen Benutzer beim besten Live-Dealer-Poker schnell und effizient viele hervorragende Boni erhalten. Alles dank der Verwaltung des Online-Casinos, die versucht, das Spielerlebnis jedes Benutzers zu verbessern. Versuchen Sie, Ihr Geschenk abzuholen, und Sie werden auf der Seite mit offiziellen Werbeaktionen und Sonderangeboten angezeigt.<\/p>\n<p>Zu den beliebtesten Optionen geh\u00f6ren:<\/p>\n<ul>\n<li>Geld zur\u00fcck. Dies ist eine Gelegenheit, dank einer Sonderaktion einen Teil des ausgegebenen Geldes zur\u00fcckzuerhalten. Sie m\u00fcssen sie zur\u00fcckgewinnen, um sie zu sammeln oder auf der Casino-Website weiter zu wetten;<\/li>\n<li>eine Erh\u00f6hung der Kaution. Eine ausgezeichnete Option f\u00fcr Anf\u00e4nger, die Ihre Investition um ein Vielfaches erh\u00f6ht. Der erhaltene Bonusbetrag muss im Spiel umgesetzt werden, also machen Sie sich bereit, Spa\u00df zu haben;<\/li>\n<li>kostenlose Wette. Dies ist eine gro\u00dfartige Gelegenheit, Ihre Ergebnisse zu verbessern und Ihr Gl\u00fcck zu versuchen. Spielen Sie eine Wette kostenlos und nehmen Sie im Gewinnfall das gesamte Geld.<\/li>\n<\/ul>\n<p>Versuchen Sie, ein Vielfaches mehr zu verdienen und Ihr Geld richtig zu verwalten. Dies wird dazu beitragen, die Situation im Spiel zu verbessern und ein Vielfaches f\u00fcr sich selbst zu verdienen.<\/p>\n<p><img loading=\"lazy\" decoding=\"async\" class=\"aligncenter wp-image-4865\" src=\"https:\/\/rocketplay-new.com\/wp-content\/uploads\/2024\/02\/friends-having-fun-while-playing-poker.jpg\" alt=\"Live Dealer Poker Rocket Play 2\" width=\"800\" height=\"534\" srcset=\"https:\/\/rocketplay-new.com\/wp-content\/uploads\/2024\/02\/friends-having-fun-while-playing-poker.jpg 1000w, https:\/\/rocketplay-new.com\/wp-content\/uploads\/2024\/02\/friends-having-fun-while-playing-poker-300x200.jpg 300w, https:\/\/rocketplay-new.com\/wp-content\/uploads\/2024\/02\/friends-having-fun-while-playing-poker-768x513.jpg 768w\" sizes=\"auto, (max-width: 800px) 100vw, 800px\" \/><\/p>\n<h2>LIVE-DEALER-POKER-FAQS<\/h2>\n<p>Wir empfehlen Ihnen, die beliebten Antworten auf Fragen von Anf\u00e4ngern zu lesen. Auf diese Weise k\u00f6nnen Sie keine Zeit mit dem Training verschwenden und sofort mit dem aktiven Verdienen beginnen. Versuchen Sie, neue hilfreiche Informationen zu lernen.<\/p>\n<h3>WO FINDE ICH EINEN GUTEN H\u00c4NDLER?<\/h3>\n<p>Wir empfehlen Ihnen, beim Live-Dealer-Poker verschiedene Tische auszuprobieren, jeder mit seinem Dealer. Dank dessen k\u00f6nnen Sie viel effektiver Geld verdienen, weil Sie anfangen werden, das Spiel selbst mehr zu m\u00f6gen. Sie werden auch in der Lage sein, verschiedene Partystile zu lernen, was Ihnen auf lange Sicht einige Vorteile verschafft.<\/p>\n<h3>WIE VIEL GELD M\u00dcSSEN SIE FINDEN, UM DAS SPIEL ZU SPIELEN?<\/h3>\n<p>Experten empfehlen, mindestens 15-20 Dollar zu haben, um ein paar Mindesteins\u00e4tze zu t\u00e4tigen und die Essenz der Unterhaltung zu verstehen. Dadurch wird es f\u00fcr Sie viel einfacher zu lernen, wie man Spa\u00df hat und Spa\u00df hat. Auch Ihr Einkommen k\u00f6nnen Sie steigern, wenn Sie Ihr Kapital richtig verwalten und die richtigen Wetten abschlie\u00dfen.<\/p>\n<h3>KANN ICH UNGEW\u00d6HNLICHE TAKTIKEN ANWENDEN?<\/h3>\n<p>Jeder registrierte Benutzer hat das Recht, seine Strategie zu entwickeln, die es am Ende erm\u00f6glicht, ein Vielfaches mehr als gew\u00f6hnlich zu verdienen. Die Hauptsache ist, zu lernen, wie man den Demo-Modus benutzt, der das Recht gibt, Fehler zu machen und die Einzahlung im Falle eines Verlustes nicht wegnimmt. Probieren Sie verschiedene Varianten des Spiels aus und Sie werden garantiert die perfekte f\u00fcr sich finden.<\/p>\n","protected":false},"excerpt":{"rendered":"<p>Jeder im Casino registrierte Benutzer kann beim Live-Dealer-Poker Spa\u00df haben. Dies ist ein lustiger Zeitvertreib, den sich jeder leisten kann. Dank des im Demo-Modus erhaltenen Trainings haben Sie auch die Chance, eine gro\u00dfe Summe zu gewinnen. Versuchen Sie Ihr Gl\u00fcck gleich jetzt und wir erz\u00e4hlen Ihnen von den Vorteilen des Spielens im Casino. TOP LIVE&#8230;<\/p>\n","protected":false},"author":1,"featured_media":0,"parent":3432,"menu_order":0,"comment_status":"closed","ping_status":"closed","template":"","meta":{"_acf_changed":false,"_kad_post_transparent":"default","_kad_post_title":"default","_kad_post_layout":"default","_kad_post_sidebar_id":"","_kad_post_content_style":"default","_kad_post_vertical_padding":"default","_kad_post_feature":"","_kad_post_feature_position":"","_kad_post_header":false,"_kad_post_footer":false,"footnotes":""},"class_list":["post-3539","page","type-page","status-publish","hentry"],"acf":[],"rttpg_featured_image_url":null,"rttpg_author":{"display_name":"John","author_link":"https:\/\/rocketplay-new.com\/de\/author\/pemvas95n89x\/"},"rttpg_comment":0,"rttpg_category":null,"rttpg_excerpt":"Jeder im Casino registrierte Benutzer kann beim Live-Dealer-Poker Spa\u00df haben. Dies ist ein lustiger Zeitvertreib, den sich jeder leisten kann. Dank des im Demo-Modus erhaltenen Trainings haben Sie auch die Chance, eine gro\u00dfe Summe zu gewinnen. Versuchen Sie Ihr Gl\u00fcck gleich jetzt und wir erz\u00e4hlen Ihnen von den Vorteilen des Spielens im Casino. TOP LIVE...","_links":{"self":[{"href":"https:\/\/rocketplay-new.com\/de\/wp-json\/wp\/v2\/pages\/3539","targetHints":{"allow":["GET"]}}],"collection":[{"href":"https:\/\/rocketplay-new.com\/de\/wp-json\/wp\/v2\/pages"}],"about":[{"href":"https:\/\/rocketplay-new.com\/de\/wp-json\/wp\/v2\/types\/page"}],"author":[{"embeddable":true,"href":"https:\/\/rocketplay-new.com\/de\/wp-json\/wp\/v2\/users\/1"}],"replies":[{"embeddable":true,"href":"https:\/\/rocketplay-new.com\/de\/wp-json\/wp\/v2\/comments?post=3539"}],"version-history":[{"count":4,"href":"https:\/\/rocketplay-new.com\/de\/wp-json\/wp\/v2\/pages\/3539\/revisions"}],"predecessor-version":[{"id":5809,"href":"https:\/\/rocketplay-new.com\/de\/wp-json\/wp\/v2\/pages\/3539\/revisions\/5809"}],"up":[{"embeddable":true,"href":"https:\/\/rocketplay-new.com\/de\/wp-json\/wp\/v2\/pages\/3432"}],"wp:attachment":[{"href":"https:\/\/rocketplay-new.com\/de\/wp-json\/wp\/v2\/media?parent=3539"}],"curies":[{"name":"wp","href":"https:\/\/api.w.org\/{rel}","templated":true}]}}