{"id":3485,"date":"2023-01-11T01:02:46","date_gmt":"2023-01-10T22:02:46","guid":{"rendered":"https:\/\/rocketplay-new.com\/live-dealer\/blackjack\/"},"modified":"2025-04-03T19:58:27","modified_gmt":"2025-04-03T16:58:27","slug":"blackjack","status":"publish","type":"page","link":"https:\/\/rocketplay-new.com\/de\/live-dealer\/blackjack\/","title":{"rendered":"Live Dealer Blackjack bei Rocket Play Review"},"content":{"rendered":"<p>Der wesentliche Vorteil eines Live Blackjack Dealers ist die niedrige Eintrittsschwelle und hervorragende Boni f\u00fcr Spieler. Jeder kann zum Katalogbereich gehen und die richtige Blackjack-Option ausw\u00e4hlen. Sie k\u00f6nnen auch in nur wenigen Minuten den maximalen Geldbetrag gewinnen, da die Karten fair ausgeteilt werden. Mit einem Dealer wird das Spiel noch angenehmer.<\/p>\n<p><span style=\"font-weight: 400;\"><div class=\"go-btn-container\"><div class=\"tosh-btn\"><a href=\"\/go-casino\/\" target=\"_blank\" rel=\"noopener\">JETZT SPIELEN<\/a><\/div><\/div><\/span><\/p>\n<h2>WARUM SIE LIVE DEALER BLACKJACK SPIELEN SOLLTEN<\/h2>\n<p>Die beste Antwort auf diese Frage ist ein Blackjack Online Live Dealer. Es macht Spa\u00df und ist spannend, weil das normale Spiel schnell langweilig wird. Sie k\u00f6nnen gut mit dem Dealer und anderen Spielern auf dem Server kommunizieren. Das macht das Casino spannender und unterh\u00e4lt Sie besser.<\/p>\n<p>Au\u00dferdem kann der H\u00e4ndler Ihnen etwas sagen oder eine Frage beantworten. Dadurch wirkt das Spiel dynamischer und Sie k\u00f6nnen h\u00f6here Eins\u00e4tze t\u00e4tigen. Sie haben auch die M\u00f6glichkeit, den richtigen Tisch auszuw\u00e4hlen, was Ihnen hilft, effektiver mit der Unterhaltung zu beginnen. Es ist immer noch besser, mit Leuten zu spielen, die das gleiche Budget wie Sie haben.<\/p>\n<p><img loading=\"lazy\" decoding=\"async\" class=\"aligncenter wp-image-4875\" src=\"https:\/\/rocketplay-new.com\/wp-content\/uploads\/2024\/02\/666666.png\" alt=\"Live Dealer Blackjack Rocket Play\" width=\"800\" height=\"440\" srcset=\"https:\/\/rocketplay-new.com\/wp-content\/uploads\/2024\/02\/666666.png 1455w, https:\/\/rocketplay-new.com\/wp-content\/uploads\/2024\/02\/666666-300x165.png 300w, https:\/\/rocketplay-new.com\/wp-content\/uploads\/2024\/02\/666666-1024x564.png 1024w, https:\/\/rocketplay-new.com\/wp-content\/uploads\/2024\/02\/666666-768x423.png 768w\" sizes=\"auto, (max-width: 800px) 100vw, 800px\" \/><\/p>\n<h2>LIVE DEALER BLACKJACK-REGELTYPEN<\/h2>\n<p>Die Grundlage von Live Dealer Blackjack Australia ist die Notwendigkeit, alle Benutzer am Tisch und den Dealer mit Respekt zu behandeln. Manchmal k\u00f6nnen Benutzer Pech haben, aber das ist kein Grund, Leute zu beleidigen. Aus diesem Grund wird eine gro\u00dfe Anzahl von Neulingen vom Online-Spiel ausgeschlossen.<\/p>\n<p>Sie sollten auch wissen, was verboten ist:<\/p>\n<ul>\n<li>Betrug im Spiel;<\/li>\n<li>Betteln um Geld von anderen Benutzern oder dem H\u00e4ndler;<\/li>\n<li>Beschwerden \u00fcber unfaires Spiel.<\/li>\n<\/ul>\n<p>Alle Tische sind von der Administration und einem speziell \u00fcberwachten Fairness-Gremium bestens reglementiert.<\/p>\n<p><span style=\"font-weight: 400;\"><div class=\"go-btn-container\"><div class=\"tosh-btn\"><a href=\"\/go-casino\/\" target=\"_blank\" rel=\"noopener\">JETZT SPIELEN<\/a><\/div><\/div><\/span><\/p>\n<h2>WIE MAN LIVE DEALER BLACKJACK SPIELT<\/h2>\n<p>Zuerst m\u00fcssen Sie die besten Live-Dealer-Blackjack-Websites f\u00fcr ihre Unterhaltung ausw\u00e4hlen. W\u00e4hlen Sie am besten die offizielle Website des Casinos und:<\/p>\n<ol>\n<li>Erstellen Sie auf der Hauptseite ein pers\u00f6nliches Konto.<\/li>\n<li>F\u00fcllen Sie Ihr Konto auf und gehen Sie zu einem geeigneten Tisch.<\/li>\n<li>Machen Sie eine Wette und freuen Sie sich \u00fcber regelm\u00e4\u00dfige Gewinne.<\/li>\n<\/ol>\n<p>Dadurch k\u00f6nnen Sie dem Spiel mehr Aufmerksamkeit schenken und viel Geld auf dem Konto verdienen. Sie k\u00f6nnen jetzt beginnen, um beeindruckende Ergebnisse zu garantieren.<\/p>\n<h2>LIVE DEALER BLACKJACK SPIELTYPEN<\/h2>\n<p>Die Live-Dealer-Blackjack-Strategie ist die beliebteste, aber Sie k\u00f6nnen auch andere Arten der Unterhaltung w\u00e4hlen. Zu den beliebten Gl\u00fccksspielen geh\u00f6ren Roulette, Blackjack, Baccarat und andere. Versuchen Sie, die perfekte Unterhaltung f\u00fcr sich selbst zu finden und genie\u00dfen Sie das Spiel im Live-Modus.<\/p>\n<p><img loading=\"lazy\" decoding=\"async\" class=\"aligncenter wp-image-4884\" src=\"https:\/\/rocketplay-new.com\/wp-content\/uploads\/2024\/02\/close-up-player-s-hand-holding-two-aces-playing-cards.jpg\" alt=\"Live Dealer Blackjack Rocket Play 2\" width=\"800\" height=\"534\" srcset=\"https:\/\/rocketplay-new.com\/wp-content\/uploads\/2024\/02\/close-up-player-s-hand-holding-two-aces-playing-cards.jpg 1000w, https:\/\/rocketplay-new.com\/wp-content\/uploads\/2024\/02\/close-up-player-s-hand-holding-two-aces-playing-cards-300x200.jpg 300w, https:\/\/rocketplay-new.com\/wp-content\/uploads\/2024\/02\/close-up-player-s-hand-holding-two-aces-playing-cards-768x512.jpg 768w\" sizes=\"auto, (max-width: 800px) 100vw, 800px\" \/><\/p>\n<h2>FAQ<\/h2>\n<p>Speziell f\u00fcr alle, die gerne gleich mit durchschlagendem Erfolg durchstarten, haben wir eine hilfreiche Datenbank mit Antworten auf beliebte Anf\u00e4ngerfragen zusammengestellt. Dies wird Ihnen helfen, Live Blackjack Dealer zu verstehen und um ein Vielfaches effizienter zu spielen.<\/p>\n<h3>WARUM BRAUCHEN SIE EINEN LIVE-H\u00c4NDLER?<\/h3>\n<p>Der Hauptgrund ist die M\u00f6glichkeit, den Fortschritt Ihrer Spiele zu verfolgen und gro\u00dfe Geldsummen zu verdienen, nicht auf eigene Faust. Sie werden Spa\u00df daran haben, mit anderen Spielern zu chatten und sich \u00fcber jeden Gewinn freuen. In diesem Fall haben Sie die M\u00f6glichkeit, einen Gewinn zu erzielen und sich damit vor allen Benutzern im Netzwerk zu r\u00fchmen.<\/p>\n<h3>WIE VIEL GELD KANN ICH BEI BLACKJACK VERDIENEN?<\/h3>\n<p>Die meisten Benutzer sind bestrebt, den maximalen Gewinn von Zehntausenden von Dollar auf einmal zu erzielen. Aber am Anfang ist es besser, sich auf Mindesteins\u00e4tze zu beschr\u00e4nken und verschiedene Strategien auszuprobieren, um das richtige Spieltempo zu bestimmen. Sie k\u00f6nnen Hunderte und Tausende von Dollar bekommen, wenn Sie die Geduld und den Wunsch haben, sich weiterzuentwickeln.<\/p>\n<h3>WELCHE STRATEGIEN K\u00d6NNEN IM SPIEL VERWENDET WERDEN?<\/h3>\n<p>Oft empfehlen Experten, dass Benutzer mit einfachen Strategien beginnen und Disziplin lernen. Dies ist die Grundlage f\u00fcr Ihre zuk\u00fcnftigen Gewinne, sodass Sie mehr verdienen und Ihre Siege genie\u00dfen k\u00f6nnen. Jeder Sieg kann Ihr Leben ver\u00e4ndern und Ihnen viele positive Emotionen geben. Deshalb empfiehlt es sich, mit einem Demospiel zu beginnen und erst danach weiterzumachen.<\/p>\n","protected":false},"excerpt":{"rendered":"<p>Der wesentliche Vorteil eines Live Blackjack Dealers ist die niedrige Eintrittsschwelle und hervorragende Boni f\u00fcr Spieler. Jeder kann zum Katalogbereich gehen und die richtige Blackjack-Option ausw\u00e4hlen. Sie k\u00f6nnen auch in nur wenigen Minuten den maximalen Geldbetrag gewinnen, da die Karten fair ausgeteilt werden. Mit einem Dealer wird das Spiel noch angenehmer. WARUM SIE LIVE DEALER&#8230;<\/p>\n","protected":false},"author":1,"featured_media":0,"parent":3432,"menu_order":0,"comment_status":"closed","ping_status":"closed","template":"","meta":{"_acf_changed":false,"_kad_post_transparent":"default","_kad_post_title":"default","_kad_post_layout":"default","_kad_post_sidebar_id":"","_kad_post_content_style":"default","_kad_post_vertical_padding":"default","_kad_post_feature":"","_kad_post_feature_position":"","_kad_post_header":false,"_kad_post_footer":false,"footnotes":""},"class_list":["post-3485","page","type-page","status-publish","hentry"],"acf":[],"rttpg_featured_image_url":null,"rttpg_author":{"display_name":"John","author_link":"https:\/\/rocketplay-new.com\/de\/author\/pemvas95n89x\/"},"rttpg_comment":0,"rttpg_category":null,"rttpg_excerpt":"Der wesentliche Vorteil eines Live Blackjack Dealers ist die niedrige Eintrittsschwelle und hervorragende Boni f\u00fcr Spieler. Jeder kann zum Katalogbereich gehen und die richtige Blackjack-Option ausw\u00e4hlen. Sie k\u00f6nnen auch in nur wenigen Minuten den maximalen Geldbetrag gewinnen, da die Karten fair ausgeteilt werden. Mit einem Dealer wird das Spiel noch angenehmer. WARUM SIE LIVE DEALER...","_links":{"self":[{"href":"https:\/\/rocketplay-new.com\/de\/wp-json\/wp\/v2\/pages\/3485","targetHints":{"allow":["GET"]}}],"collection":[{"href":"https:\/\/rocketplay-new.com\/de\/wp-json\/wp\/v2\/pages"}],"about":[{"href":"https:\/\/rocketplay-new.com\/de\/wp-json\/wp\/v2\/types\/page"}],"author":[{"embeddable":true,"href":"https:\/\/rocketplay-new.com\/de\/wp-json\/wp\/v2\/users\/1"}],"replies":[{"embeddable":true,"href":"https:\/\/rocketplay-new.com\/de\/wp-json\/wp\/v2\/comments?post=3485"}],"version-history":[{"count":4,"href":"https:\/\/rocketplay-new.com\/de\/wp-json\/wp\/v2\/pages\/3485\/revisions"}],"predecessor-version":[{"id":5800,"href":"https:\/\/rocketplay-new.com\/de\/wp-json\/wp\/v2\/pages\/3485\/revisions\/5800"}],"up":[{"embeddable":true,"href":"https:\/\/rocketplay-new.com\/de\/wp-json\/wp\/v2\/pages\/3432"}],"wp:attachment":[{"href":"https:\/\/rocketplay-new.com\/de\/wp-json\/wp\/v2\/media?parent=3485"}],"curies":[{"name":"wp","href":"https:\/\/api.w.org\/{rel}","templated":true}]}}