{"id":3432,"date":"2023-01-10T16:50:22","date_gmt":"2023-01-10T13:50:22","guid":{"rendered":"https:\/\/rocketplay-new.com\/live-dealer\/"},"modified":"2025-04-08T11:13:41","modified_gmt":"2025-04-08T08:13:41","slug":"live-dealer","status":"publish","type":"page","link":"https:\/\/rocketplay-new.com\/de\/live-dealer\/","title":{"rendered":"Live-Dealer-Casino bei Rocket Play Review"},"content":{"rendered":"<p>Im Casino gilt Live Dealer immer noch als etwas Exotisches und h\u00f6chst Interessantes. Dank des Einflusses eines Mitarbeiters sehen Sie, wie die Karten herausfallen und k\u00f6nnen das Spiel auf Ehrlichkeit \u00fcberpr\u00fcfen. Dar\u00fcber hinaus kann jeder verschiedene Strategien und Taktiken ausprobieren, um eine gro\u00dfe Geldsumme zu gewinnen. Eine gro\u00dfe Anzahl verf\u00fcgbarer Spielvarianten wird den Benutzern ebenfalls gefallen.<\/p>\n<p><img loading=\"lazy\" decoding=\"async\" class=\"aligncenter wp-image-4913\" src=\"https:\/\/rocketplay-new.com\/wp-content\/uploads\/2024\/02\/croupier-woman-player-table-casino-picture-classic-casino-roulette-wheel-gambling-casino-roulette-poker-scaled.jpg\" alt=\"Live Dealer Casino\" width=\"800\" height=\"533\" srcset=\"https:\/\/rocketplay-new.com\/wp-content\/uploads\/2024\/02\/croupier-woman-player-table-casino-picture-classic-casino-roulette-wheel-gambling-casino-roulette-poker-scaled.jpg 2560w, https:\/\/rocketplay-new.com\/wp-content\/uploads\/2024\/02\/croupier-woman-player-table-casino-picture-classic-casino-roulette-wheel-gambling-casino-roulette-poker-300x200.jpg 300w, https:\/\/rocketplay-new.com\/wp-content\/uploads\/2024\/02\/croupier-woman-player-table-casino-picture-classic-casino-roulette-wheel-gambling-casino-roulette-poker-1024x683.jpg 1024w, https:\/\/rocketplay-new.com\/wp-content\/uploads\/2024\/02\/croupier-woman-player-table-casino-picture-classic-casino-roulette-wheel-gambling-casino-roulette-poker-768x512.jpg 768w, https:\/\/rocketplay-new.com\/wp-content\/uploads\/2024\/02\/croupier-woman-player-table-casino-picture-classic-casino-roulette-wheel-gambling-casino-roulette-poker-1536x1024.jpg 1536w, https:\/\/rocketplay-new.com\/wp-content\/uploads\/2024\/02\/croupier-woman-player-table-casino-picture-classic-casino-roulette-wheel-gambling-casino-roulette-poker-2048x1365.jpg 2048w\" sizes=\"auto, (max-width: 800px) 100vw, 800px\" \/><\/p>\n<h2>WAS SIND LIVE-DEALER-CASINOS?<\/h2>\n<p>Live Dealer ist dasselbe wie Gl\u00fccksspielunterhaltung, nur mit einer nat\u00fcrlichen Person. Die Aufgabe des Dealers besteht darin, die Karten zu handhaben, den Ball zu f\u00fchren und das Spiel zu kontrollieren. In allen kontroversen Momenten k\u00f6nnen Sie den Dealer fragen und die Antwort herausfinden und ein wenig lustige Unterhaltung f\u00fchren.<\/p>\n<p>Es sind auch mehrere Spieler mit dir im Spiel. Dadurch k\u00f6nnen Sie Ihre anderen Gewinne sehen und am Spiel teilnehmen. Diese Art der Unterhaltung wird als Live-Unterhaltung bezeichnet und macht mit ihrer Atmosph\u00e4re und N\u00e4he zu einem klassischen Casino in einem physischen Etablissement Spa\u00df.<\/p>\n<p><span style=\"font-weight: 400;\">\u00a0<div class=\"go-btn-container\"><div class=\"tosh-btn\"><a href=\"\/go-casino\/\" target=\"_blank\" rel=\"noopener\">JETZT SPIELEN<\/a><\/div><\/div>\u00a0<\/span><\/p>\n<h2>VORTEILE VON LIVE DEALER<\/h2>\n<p>Zu den Hauptvorteilen von Live-Dealer-Spielen z\u00e4hlen:<\/p>\n<ul>\n<li>die F\u00e4higkeit, die Fairness des Spiels zu \u00fcberwachen und sich keine Sorgen zu machen, unfaire Karten ausgeteilt zu bekommen;<\/li>\n<li>Sie k\u00f6nnen mit dem Dealer und anderen Spielern im Chatroom kommunizieren, die ebenfalls Spa\u00df haben und gro\u00dfe Gewinne erzielen m\u00f6chten;<\/li>\n<li>Meistens sind die Wettlimits reduziert, sodass Sie garantiert den richtigen Tisch finden.<\/li>\n<\/ul>\n<p>Sie k\u00f6nnen auch aus mehreren Tischoptionen w\u00e4hlen. Manche eignen sich besser f\u00fcr aktives Spielen, w\u00e4hrend andere eher auf klassische Unterhaltung und Mindesteins\u00e4tze setzen.<\/p>\n<h2>ROCKET SPIELE BEI LIVE DEALER<\/h2>\n<p>Versuchen Sie, den Live-Dealer-Casinobonus eines spezialisierten Casinos voll auszunutzen. Dies ist Ihre Gelegenheit, Spa\u00df zu haben und mit anderen Benutzern zu spielen. Sie haben auch die M\u00f6glichkeit, ein tolles Geschenk von den Entwicklern zu erhalten und verschiedene Boni und Werbeaktionen zu nutzen. Tauchen Sie kopf\u00fcber in die aufregende Welt des Gl\u00fccksspiels ein.<\/p>\n<p><span style=\"font-weight: 400;\">\u00a0<div class=\"go-btn-container\"><div class=\"tosh-btn\"><a href=\"\/go-casino\/\" target=\"_blank\" rel=\"noopener\">JETZT SPIELEN<\/a><\/div><\/div>\u00a0<\/span><\/p>\n<h2>TIPPS ZUM SPIELEN BEI LIVE DEALER<\/h2>\n<p>Es gibt ein paar Empfehlungen \u00fcber das beste Live-Dealer-Casino, die Ihnen helfen werden, Ihren Spielstil zu finden und den Spa\u00df zu genie\u00dfen. Versuchen Sie, noch mehr Geld auf Ihrem Konto zu verdienen und genie\u00dfen Sie Ihre Erfolge. Dies ist eine Gelegenheit f\u00fcr alle, ihre finanzielle Situation zu verbessern.<\/p>\n<p>Wir empfehlen, einige Empfehlungen von Experten zu befolgen:<\/p>\n<ul>\n<li>verlieren Sie nicht Ihren Kopf und Ihr gesamtes Budget im ersten Spiel;<\/li>\n<li>Probieren Sie zuerst den Demo-Modus aus und gehen Sie dann zu echten Wetten \u00fcber;<\/li>\n<li>Verwenden Sie verschiedene Taktiken und Strategien.<\/li>\n<\/ul>\n<p>Sie k\u00f6nnen gewinnen, indem Sie die perfekte Strategie finden und sich daran halten.<\/p>\n<p><img loading=\"lazy\" decoding=\"async\" class=\"aligncenter wp-image-4923\" src=\"https:\/\/rocketplay-new.com\/wp-content\/uploads\/2024\/02\/88.png\" alt=\"Live Dealer Casino 2\" width=\"800\" height=\"450\" srcset=\"https:\/\/rocketplay-new.com\/wp-content\/uploads\/2024\/02\/88.png 1427w, https:\/\/rocketplay-new.com\/wp-content\/uploads\/2024\/02\/88-300x169.png 300w, https:\/\/rocketplay-new.com\/wp-content\/uploads\/2024\/02\/88-1024x576.png 1024w, https:\/\/rocketplay-new.com\/wp-content\/uploads\/2024\/02\/88-768x432.png 768w\" sizes=\"auto, (max-width: 800px) 100vw, 800px\" \/><\/p>\n<h2>FAQ<\/h2>\n<p>Wer gerne durchstartet, kann sich zus\u00e4tzlich unseren Block mit Antworten auf beliebte Fragen anschauen. Auf diese Weise k\u00f6nnen Sie Casino Live Dealer verstehen und mehr Freude an jeder Wette haben.<\/p>\n<h3>MIT WELCHEN H\u00c4NDLERN SOLLTE ICH SPIELEN?<\/h3>\n<p>Probieren Sie am besten ein paar Tischoptionen aus, um zu lernen, wie Sie einen Anf\u00e4nger und einen Spezialisten an Dealern richtig erkennen. Dies bestimmt oft das Spieltempo und m\u00f6gliche Gewinne, weil Sie die richtige Stimmung einfangen. Probieren Sie verschiedene Optionen aus und w\u00e4hlen Sie dann die beste f\u00fcr Sie aus.<\/p>\n<h3>WIE VIEL GELD KANN ICH IM SPIEL VERDIENEN?<\/h3>\n<p>Theoretisch kann jeder Benutzer Zehntausende von Dollar f\u00fcr jedes Match verdienen. Alles dank der gro\u00dfartigen M\u00f6glichkeiten und hohen Limits w\u00e4hrend eines solchen Spiels. Versuchen Sie, weitere wichtige Tricks und Strategien anzuwenden, um eine gro\u00dfe Summe auf Ihr Konto zu bekommen.<\/p>\n<h3>WIE ZIEHE ICH MEINE EINNAHMEN AB?<\/h3>\n<p>Nachdem Sie im Live Dealer Online Casino gewonnen haben, k\u00f6nnen Sie Ihr gesamtes Geld auf Ihre Karte oder Ihr Kryptow\u00e4hrungskonto abheben. Gehen Sie zum Men\u00fc der Finanzverwaltung und w\u00e4hlen Sie das entsprechende Zahlungssystem aus. Geben Sie Details und den Betrag ein und warten Sie auf die Bearbeitung des Antrags.<\/p>\n","protected":false},"excerpt":{"rendered":"<p>Im Casino gilt Live Dealer immer noch als etwas Exotisches und h\u00f6chst Interessantes. Dank des Einflusses eines Mitarbeiters sehen Sie, wie die Karten herausfallen und k\u00f6nnen das Spiel auf Ehrlichkeit \u00fcberpr\u00fcfen. Dar\u00fcber hinaus kann jeder verschiedene Strategien und Taktiken ausprobieren, um eine gro\u00dfe Geldsumme zu gewinnen. Eine gro\u00dfe Anzahl verf\u00fcgbarer Spielvarianten wird den Benutzern ebenfalls&#8230;<\/p>\n","protected":false},"author":1,"featured_media":0,"parent":0,"menu_order":0,"comment_status":"closed","ping_status":"closed","template":"single-no-sidebar.php","meta":{"_acf_changed":false,"_kad_post_transparent":"default","_kad_post_title":"default","_kad_post_layout":"default","_kad_post_sidebar_id":"","_kad_post_content_style":"default","_kad_post_vertical_padding":"default","_kad_post_feature":"","_kad_post_feature_position":"","_kad_post_header":false,"_kad_post_footer":false,"footnotes":""},"class_list":["post-3432","page","type-page","status-publish","hentry"],"acf":[],"rttpg_featured_image_url":null,"rttpg_author":{"display_name":"John","author_link":"https:\/\/rocketplay-new.com\/de\/author\/pemvas95n89x\/"},"rttpg_comment":0,"rttpg_category":null,"rttpg_excerpt":"Im Casino gilt Live Dealer immer noch als etwas Exotisches und h\u00f6chst Interessantes. Dank des Einflusses eines Mitarbeiters sehen Sie, wie die Karten herausfallen und k\u00f6nnen das Spiel auf Ehrlichkeit \u00fcberpr\u00fcfen. Dar\u00fcber hinaus kann jeder verschiedene Strategien und Taktiken ausprobieren, um eine gro\u00dfe Geldsumme zu gewinnen. Eine gro\u00dfe Anzahl verf\u00fcgbarer Spielvarianten wird den Benutzern ebenfalls...","_links":{"self":[{"href":"https:\/\/rocketplay-new.com\/de\/wp-json\/wp\/v2\/pages\/3432","targetHints":{"allow":["GET"]}}],"collection":[{"href":"https:\/\/rocketplay-new.com\/de\/wp-json\/wp\/v2\/pages"}],"about":[{"href":"https:\/\/rocketplay-new.com\/de\/wp-json\/wp\/v2\/types\/page"}],"author":[{"embeddable":true,"href":"https:\/\/rocketplay-new.com\/de\/wp-json\/wp\/v2\/users\/1"}],"replies":[{"embeddable":true,"href":"https:\/\/rocketplay-new.com\/de\/wp-json\/wp\/v2\/comments?post=3432"}],"version-history":[{"count":6,"href":"https:\/\/rocketplay-new.com\/de\/wp-json\/wp\/v2\/pages\/3432\/revisions"}],"predecessor-version":[{"id":5996,"href":"https:\/\/rocketplay-new.com\/de\/wp-json\/wp\/v2\/pages\/3432\/revisions\/5996"}],"wp:attachment":[{"href":"https:\/\/rocketplay-new.com\/de\/wp-json\/wp\/v2\/media?parent=3432"}],"curies":[{"name":"wp","href":"https:\/\/api.w.org\/{rel}","templated":true}]}}