{"id":2932,"date":"2022-09-20T13:49:36","date_gmt":"2022-09-20T10:49:36","guid":{"rendered":"https:\/\/rocketplay-new.com\/wolf-treasure\/"},"modified":"2025-04-02T19:09:42","modified_gmt":"2025-04-02T16:09:42","slug":"wolf-treasure","status":"publish","type":"page","link":"https:\/\/rocketplay-new.com\/de\/wolf-treasure\/","title":{"rendered":"Wolfsschatz"},"content":{"rendered":"<p><img loading=\"lazy\" decoding=\"async\" class=\" wp-image-461 aligncenter\" src=\"https:\/\/rocketplay-new.com\/wp-content\/uploads\/2022\/09\/wolf-treasure-slot-intro-300x145.webp\" alt=\"Wolf Treasure slot\" width=\"660\" height=\"319\" srcset=\"https:\/\/rocketplay-new.com\/wp-content\/uploads\/2022\/09\/wolf-treasure-slot-intro-300x145.webp 300w, https:\/\/rocketplay-new.com\/wp-content\/uploads\/2022\/09\/wolf-treasure-slot-intro-768x372.webp 768w, https:\/\/rocketplay-new.com\/wp-content\/uploads\/2022\/09\/wolf-treasure-slot-intro.webp 825w\" sizes=\"auto, (max-width: 660px) 100vw, 660px\" \/><\/p>\n<h2>SLOT-INFORMATIONEN<\/h2>\n<p>Unterhaltung in einem Casino ist ohne Spielautomaten nicht vorstellbar. Dies ist ein wesentlicher Bestandteil des Lebens eines jeden Spielers. Und Spielautomaten mit tierischen Motiven nehmen unter ihnen immer einen besonderen Platz ein. In der Welt der wilden Natur k\u00f6nnen Sie nicht nur neue Sensationen genie\u00dfen, sondern auch viele seltene Sch\u00e4tze finden. Wie zum Beispiel im Online-Slot Rocket Play Wolf Treasure.<\/p>\n<p>Der Slot wurde 2017 ver\u00f6ffentlicht, ist aber immer noch beliebt. Au\u00dferdem verwenden viele Casinos es, um ihren Kunden Freispiele auf den Walzen zu geben.<\/p>\n<p>Dies ist Unterhaltung f\u00fcr diejenigen, die die Klassiker lieben. Es \u00e4hnelt Retro-Spielautomaten, die in landgest\u00fctzten Casinos stehen. Alles drin: Design, musikalische Untermalung und Bonusrunden, entf\u00fchren den Spieler in die Welt des Gl\u00fccksspiels. Probieren Sie es aus und Sie werden Ihr Gl\u00fcck darin testen. Aber vorher erfahren Sie die wichtigsten Informationen dar\u00fcber, wie es funktioniert.<\/p>\n<p><span style=\"font-weight: 400;\"><div class=\"tosh-btn\"><a href=\"\/go-casino\/\" target=\"_blank\" rel=\"noopener\">BONUS ERHALTEN<\/a><\/div><\/span><\/p>\n<h2>WOLF TREASURE SLOT RTP, DETAILS UND WETTBESCHR\u00c4NKUNGEN<\/h2>\n<p>Deutschland Spieler k\u00f6nnen leider nicht die ganze vielf\u00e4ltige Auswahl an Spielautomaten genie\u00dfen. Einige Anbieter funktionieren im Land nicht. Aber du brauchst dich nicht aufzuregen. Schlie\u00dflich \u00e4hneln viele Slots Kultspielen namhafter Entwickler und \u00fcbertreffen diese teilweise sogar.<\/p>\n<p>Dieser Spielautomat wurde basierend auf Wolf Gold erstellt. Sie k\u00f6nnen feststellen, dass sie sehr \u00e4hnliche Designs haben. Aber dieser Spielautomat ist exklusiv. Es wurde von einem Team von IGTech entwickelt. Und dank dessen k\u00f6nnen sich die Einwohner des Landes jetzt an interessanten Themen erfreuen.<\/p>\n<p>Wolf Treasure-Freispiele Deutschland sind auf der Rocket Play-Website verf\u00fcgbar. Aber abgesehen davon gibt es noch viele andere interessante Funktionen. Sie sind in der Tabelle n\u00e4her beschrieben.<\/p>\n<table>\n<tbody>\n<tr>\n<td>Zur\u00fcck zum Spieler<\/td>\n<td>96% \u2013 durchschnittlicher und guter Indikator im Bereich Slots<\/td>\n<\/tr>\n<tr>\n<td>Mindest- und H\u00f6chsts\u00e4tze<\/td>\n<td><span style=\"font-weight: 400;\">0,25 \u2014 125 EUR<\/span><\/td>\n<\/tr>\n<tr>\n<td>Bonussymbole<\/td>\n<td>Es gibt ein Scatter-, Wild- und Multiplikator-Symbol<\/td>\n<\/tr>\n<tr>\n<td>Bonusrunde mit erh\u00f6hten Auszahlungen<\/td>\n<td>Ja, erm\u00f6glicht es Ihnen, den Jackpot zu gewinnen oder die Gewinne zu vervielfachen<\/td>\n<\/tr>\n<tr>\n<td>Jackpot-Funktion<\/td>\n<td>Gegenw\u00e4rtig<\/td>\n<\/tr>\n<\/tbody>\n<\/table>\n<p>Solche Eigenschaften k\u00f6nnen als sehr gut bezeichnet werden. Vor allem wenn man bedenkt, dass dieser Slot \u00fcber 5 Jahre alt ist. Es ist immer noch relevant und in der Lage, Gewinn zu bringen. Au\u00dferdem sieht sein Design nicht veraltet aus. Es kann nur Nostalgie f\u00fcr diejenigen hervorrufen, die seit langem an der Welt der Aufregung teilnehmen.<\/p>\n<p>Die Symbole hier sind Kartenwerte, sie sind die billigsten. Bilder von Tieren werden bereits wertvoller, darunter nat\u00fcrlich auch ein Wolf. So sieht Rocket Play Wolf Treasure Online-Spielautomaten hell und farbenfroh aus.<\/p>\n<h2>BONUSMATERIAL<\/h2>\n<p>Das Spiel hat mehrere Bonusrunden. Das erste sind Freispiele. Sie werden durch Scatter aktiviert und haben keine komplizierten Regeln. Alles ist einfach und geschieht in dieser Reihenfolge:<\/p>\n<ul>\n<li>Sie erhalten Scatter-Symbole.<\/li>\n<li>Eine Runde mit 5 Drehungen beginnt.<\/li>\n<li>Wenn Scatter erneut landen, werden 3 weitere Drehungen hinzugef\u00fcgt.<\/li>\n<\/ul>\n<p>Damit alles funktioniert, ben\u00f6tigen Sie die Anzahl der Scatter \u2013 3. Dadurch k\u00f6nnen Sie im Slot gutes Geld verdienen. Vor allem, wenn Sie Rocket Play Wolf Treasure ohne Einzahlungsbonus verwenden.<\/p>\n<p>Eine weitere Bonusfunktion sind Respins. Sie werden gestartet, wenn Geldsymbole erscheinen, und werden unbegrenzt oft wiederholt. Es h\u00e4ngt alles davon ab, wie viel Gl\u00fcck Sie haben!<\/p>\n<p><span style=\"font-weight: 400;\"><div class=\"tosh-btn\"><a href=\"\/go-casino\/\" target=\"_blank\" rel=\"noopener\">BONUS ERHALTEN<\/a><\/div><\/span><\/p>\n<p>Sie k\u00f6nnen diese Maschine sicher als eine gro\u00dfartige M\u00f6glichkeit betrachten, Spa\u00df zu haben. Ja, es ist nicht der neueste Spielautomat da drau\u00dfen, aber dank seines nostalgischen Designs und der coolen Bonusfunktionen ist er immer noch stark im Kommen.<\/p>\n<p><img loading=\"lazy\" decoding=\"async\" class=\" wp-image-462 aligncenter\" src=\"https:\/\/rocketplay-new.com\/wp-content\/uploads\/2022\/09\/wolf-treasure-screenshot-intro-300x170.webp\" alt=\"Wolf Treasure slot game\" width=\"745\" height=\"422\" srcset=\"https:\/\/rocketplay-new.com\/wp-content\/uploads\/2022\/09\/wolf-treasure-screenshot-intro-300x170.webp 300w, https:\/\/rocketplay-new.com\/wp-content\/uploads\/2022\/09\/wolf-treasure-screenshot-intro.webp 750w\" sizes=\"auto, (max-width: 745px) 100vw, 745px\" \/><\/p>\n<h2>FAQ<\/h2>\n<h3>IST ES M\u00d6GLICH, DIESES SPIEL OHNE INVESTITIONEN ZU SPIELEN?<\/h3>\n<p>Wenn Sie Ihr Geld nicht ausgeben m\u00f6chten, k\u00f6nnen Sie nat\u00fcrlich kostenlos spielen. Dazu m\u00fcssen Sie den Slot lediglich im Demo-Modus ausf\u00fchren.<\/p>\n<h3>WAS IST DER MAXIMALE GEWINN, DEN ICH ERHALTEN KANN?<\/h3>\n<p>H\u00e4ngt von der H\u00f6he Ihres Einsatzes ab. Multiplizieren Sie es mit 2000 und finden Sie heraus, wie viel Sie gewinnen k\u00f6nnen, wenn Sie Gl\u00fcck haben.<\/p>\n<h3>IST ES M\u00d6GLICH, VON MOBILTELEFONEN ZU SPIELEN?<\/h3>\n<p>Ja, dieser Spielautomat ist f\u00fcr kleine Bildschirme geeignet.<\/p>\n<h2><span style=\"font-family: var(--global-body-font-family); font-size: 16px; font-weight: normal;\">Lesen Sie auch \u00fcber: <\/span><a style=\"font-family: var(--global-body-font-family); font-size: 16px; font-weight: normal;\" href=\"https:\/\/rocketplay-new.com\/9-coins\/\">9 M\u00fcnzschlitz<\/a><\/h2>\n","protected":false},"excerpt":{"rendered":"<p>SLOT-INFORMATIONEN Unterhaltung in einem Casino ist ohne Spielautomaten nicht vorstellbar. Dies ist ein wesentlicher Bestandteil des Lebens eines jeden Spielers. Und Spielautomaten mit tierischen Motiven nehmen unter ihnen immer einen besonderen Platz ein. In der Welt der wilden Natur k\u00f6nnen Sie nicht nur neue Sensationen genie\u00dfen, sondern auch viele seltene Sch\u00e4tze finden. Wie zum Beispiel&#8230;<\/p>\n","protected":false},"author":1,"featured_media":0,"parent":0,"menu_order":0,"comment_status":"closed","ping_status":"closed","template":"","meta":{"_acf_changed":false,"_kad_post_transparent":"default","_kad_post_title":"default","_kad_post_layout":"default","_kad_post_sidebar_id":"","_kad_post_content_style":"default","_kad_post_vertical_padding":"default","_kad_post_feature":"","_kad_post_feature_position":"","_kad_post_header":false,"_kad_post_footer":false,"footnotes":""},"class_list":["post-2932","page","type-page","status-publish","hentry"],"acf":[],"rttpg_featured_image_url":null,"rttpg_author":{"display_name":"John","author_link":"https:\/\/rocketplay-new.com\/de\/author\/pemvas95n89x\/"},"rttpg_comment":0,"rttpg_category":null,"rttpg_excerpt":"SLOT-INFORMATIONEN Unterhaltung in einem Casino ist ohne Spielautomaten nicht vorstellbar. Dies ist ein wesentlicher Bestandteil des Lebens eines jeden Spielers. Und Spielautomaten mit tierischen Motiven nehmen unter ihnen immer einen besonderen Platz ein. In der Welt der wilden Natur k\u00f6nnen Sie nicht nur neue Sensationen genie\u00dfen, sondern auch viele seltene Sch\u00e4tze finden. Wie zum Beispiel...","_links":{"self":[{"href":"https:\/\/rocketplay-new.com\/de\/wp-json\/wp\/v2\/pages\/2932","targetHints":{"allow":["GET"]}}],"collection":[{"href":"https:\/\/rocketplay-new.com\/de\/wp-json\/wp\/v2\/pages"}],"about":[{"href":"https:\/\/rocketplay-new.com\/de\/wp-json\/wp\/v2\/types\/page"}],"author":[{"embeddable":true,"href":"https:\/\/rocketplay-new.com\/de\/wp-json\/wp\/v2\/users\/1"}],"replies":[{"embeddable":true,"href":"https:\/\/rocketplay-new.com\/de\/wp-json\/wp\/v2\/comments?post=2932"}],"version-history":[{"count":4,"href":"https:\/\/rocketplay-new.com\/de\/wp-json\/wp\/v2\/pages\/2932\/revisions"}],"predecessor-version":[{"id":5771,"href":"https:\/\/rocketplay-new.com\/de\/wp-json\/wp\/v2\/pages\/2932\/revisions\/5771"}],"wp:attachment":[{"href":"https:\/\/rocketplay-new.com\/de\/wp-json\/wp\/v2\/media?parent=2932"}],"curies":[{"name":"wp","href":"https:\/\/api.w.org\/{rel}","templated":true}]}}