{"id":2927,"date":"2022-09-20T11:00:07","date_gmt":"2022-09-20T08:00:07","guid":{"rendered":"https:\/\/rocketplay-new.com\/welcome-offer\/"},"modified":"2025-04-02T21:55:00","modified_gmt":"2025-04-02T18:55:00","slug":"welcome-offer","status":"publish","type":"page","link":"https:\/\/rocketplay-new.com\/de\/welcome-offer\/","title":{"rendered":"Was ist ein Casino-Willkommensbonus?"},"content":{"rendered":"<p><img loading=\"lazy\" decoding=\"async\" class=\" wp-image-430 aligncenter\" src=\"https:\/\/rocketplay-new.com\/wp-content\/uploads\/2022\/09\/rocket-play-welcome-bonus-2-300x93.jpg\" alt=\"Welcome bonus Rocket play\" width=\"694\" height=\"215\" srcset=\"https:\/\/rocketplay-new.com\/wp-content\/uploads\/2022\/09\/rocket-play-welcome-bonus-2-300x93.jpg 300w, https:\/\/rocketplay-new.com\/wp-content\/uploads\/2022\/09\/rocket-play-welcome-bonus-2-768x238.jpg 768w, https:\/\/rocketplay-new.com\/wp-content\/uploads\/2022\/09\/rocket-play-welcome-bonus-2.jpg 905w\" sizes=\"auto, (max-width: 694px) 100vw, 694px\" \/><\/p>\n<p>Es gibt Preise, die nur Neulingen zur Verf\u00fcgung stehen. Solche Privilegien werden Willkommensangebote genannt. Sie werden aktiviert, nachdem eine Person ein Konto auf der Website erstellt hat. Manchmal m\u00fcssen Sie Ihr Geld noch verwenden (Konto aufladen) oder einen bestimmten Aktionscode verwenden, um eine Pr\u00e4mie zu erhalten.<\/p>\n<p>Nat\u00fcrlich gibt es auch das Casino <a href=\"https:\/\/rocketplay-new.com\/de\/\">Rocket Play<\/a> Willkommensangebot. Es gibt sogar zwei davon, sodass Sie sich definitiv als etwas Besonderes f\u00fchlen, wenn Sie Mitglied der Gemeinschaft dieses Gl\u00fccksspielhauses werden. Der Hauptzweck dieser Boni besteht darin, Sie ins Casino zu locken, Ihre Bankroll zu erh\u00f6hen und Ihnen einige Spielautomaten vorzustellen. Preise k\u00f6nnen nur von Anf\u00e4ngern erhalten werden. Niemand sonst erh\u00e4lt solche Belohnungen.<\/p>\n<p>Jedes Casino, wenn es viele Kunden gewinnen m\u00f6chte, muss sich etwas einfallen lassen, um seine G\u00e4ste anzuziehen. Die Willkommensboni des Online-Casinos Rocket Play beweisen also, dass diese Seite bereit ist, Ihnen Geschenke und tolle Angebote zu machen, damit Sie die Erfahrung genie\u00dfen, hier Zeit zu verbringen.<\/p>\n<p><span style=\"font-weight: 400;\"><div class=\"tosh-btn\"><a href=\"\/go-casino\/\" target=\"_blank\" rel=\"noopener\">BONUS ERHALTEN<\/a><\/div><\/span><\/p>\n<h2>ARTEN VON WILLKOMMENSANGEBOTEN ROCKET PLAY CASINO<\/h2>\n<p>In dieser Institution m\u00fcssen Sie Ihr Konto auff\u00fcllen, um einen Preis zu erhalten. Dies ist normale Praxis. Wenn jemand bereits Geld auf seinem Konto hat, wird er vom Casino als zahlungsf\u00e4hig wahrgenommen. In diesem Fall hat er Anspruch auf gro\u00dfz\u00fcgigere und interessantere Geschenke.<\/p>\n<p>Das ist in diesem Casino passiert. Die Belohnungen sind wirklich sehr gut. Sie werden zweimal ausgegeben:<\/p>\n<ul>\n<li>f\u00fcr die erste Auff\u00fcllung des Kontos;<\/li>\n<li>f\u00fcr eine erneute Einzahlung.<\/li>\n<\/ul>\n<p>Es gibt etwas, das die besten Casino-Willkommensboni von Rocket Play von den anderen unterscheidet. Dies ist ihre Gr\u00f6\u00dfe und ihr Inhalt. Schlie\u00dflich bekommt man neben Geld auch noch Freispiele in einigen Slots geschenkt.<\/p>\n<p>Das Geld wird in Form eines Matchbonus ausgezahlt. Dies ist eine Art Belohnung, deren H\u00f6he von Ihrem Nachschub abh\u00e4ngt. Der Bonus ist ein bestimmter Prozentsatz der Einzahlung. In diesem Casino erhalten Sie zum ersten Mal 100% extra, also den doppelten Betrag. Und beim zweiten Mal verdreifacht sich der Betrag, weil das Casino Ihnen 200% in Rechnung stellt.<\/p>\n<p>Freispiele sind Walzenstarts in Spielautomaten auf Kosten des Hauses. Auf dieser Seite erhalten Sie bis zu 100. Die Ausgabe wird in mehrere Teile unterteilt, damit Sie das kostenlose Spiel so lange wie m\u00f6glich genie\u00dfen k\u00f6nnen und nicht alles auf einmal verwenden.<\/p>\n<p>Es stellt sich heraus, dass das Rocket Play-Willkommensangebot Deutschland zwei Einzahlungsboni und zus\u00e4tzliche Spins als Geschenk f\u00fcr alle enth\u00e4lt, die keine Angst hatten, zum ersten oder zweiten Mal eine Einzahlung zu t\u00e4tigen. Solche Bedingungen sind selten, daher k\u00f6nnen wir davon ausgehen, dass die Institution ein sehr cooles Angebot f\u00fcr Neueinsteiger hat.<\/p>\n<p><img loading=\"lazy\" decoding=\"async\" class=\" wp-image-435 aligncenter\" src=\"https:\/\/rocketplay-new.com\/wp-content\/uploads\/2022\/09\/rocketplay-site-3-300x114.png\" alt=\"Rocket plat slots\" width=\"737\" height=\"280\" srcset=\"https:\/\/rocketplay-new.com\/wp-content\/uploads\/2022\/09\/rocketplay-site-3-300x114.png 300w, https:\/\/rocketplay-new.com\/wp-content\/uploads\/2022\/09\/rocketplay-site-3-768x291.png 768w, https:\/\/rocketplay-new.com\/wp-content\/uploads\/2022\/09\/rocketplay-site-3.png 930w\" sizes=\"auto, (max-width: 737px) 100vw, 737px\" \/><\/p>\n<p>Sehen Sie sich ihre wichtigsten Besonderheiten an.<\/p>\n<table>\n<tbody>\n<tr>\n<td><span style=\"font-weight: 400;\">Bonus<\/span><\/td>\n<td>Menge<\/td>\n<td>Mindesteinzahlung<\/td>\n<td>Maximaler Geldbetrag<\/td>\n<td>Wette<\/td>\n<\/tr>\n<tr>\n<td>1 Einzahlung<\/td>\n<td>F\u00fcgen Sie 100 % und 100 Drehungen hinzu<\/td>\n<td><span style=\"font-weight: 400;\">30 EUR<\/span><\/td>\n<td><span style=\"font-weight: 400;\">300 EUR<\/span><\/td>\n<td><span style=\"font-weight: 400;\">x40<\/span><\/td>\n<\/tr>\n<tr>\n<td>2 Anzahlung<\/td>\n<td><span style=\"font-weight: 400;\">200%<\/span><\/td>\n<td><span style=\"font-weight: 400;\">75 EUR<\/span><\/td>\n<td><span style=\"font-weight: 400;\">300 EUR<\/span><\/td>\n<td><span style=\"font-weight: 400;\">x40<\/span><\/td>\n<\/tr>\n<\/tbody>\n<\/table>\n<p style=\"text-align: center;\"><a class=\"button\" href=\"https:\/\/rocketplay-new.com\/go-casino\/\">\u00a0<\/a><\/p>\n<p>Au\u00dferdem m\u00fcssen Sie wissen, dass kostenlose Rollenstarts nur in einigen Slots und nicht in allen hintereinander verwendet werden k\u00f6nnen. Dieses Casino bietet Ihnen an, den Bonus f\u00fcr die folgenden Spiele von BGaming auszugeben:<\/p>\n<ul>\n<li>Aztec Magic ist ein cooler Spielautomat mit einer Rollenfallfunktion, die es Ihnen erm\u00f6glicht, profitable Kombinationen zu bilden, auch ohne die Rollen zu drehen;<\/li>\n<li>Fire Lightning ist ein altgriechischer Spielautomat mit Bonussymbolen und vielen anderen interessanten Dingen.<\/li>\n<\/ul>\n<p>Wenn Sie bereit sind, das beste Casino-Willkommensangebot Rocket Play zu erhalten, dann verpassen Sie nicht Ihre Chance und erstellen Sie jetzt ein Konto!<\/p>\n<p><span style=\"font-weight: 400;\"><div class=\"tosh-btn\"><a href=\"\/go-casino\/\" target=\"_blank\" rel=\"noopener\">BONUS ERHALTEN<\/a><\/div><\/span><\/p>\n<p>FAQ<br \/>\nWAS IST DIE G\u00dcLTIGKEITSDAUER DIESES BONUS?<\/p>\n<p>Sie ist 5 Tage g\u00fcltig. Wenn Sie in dieser Zeit Ihr Konto nicht aufgef\u00fcllt oder mit diesem Geld zu spielen begonnen haben, wird der Bonus deaktiviert. Nach der Registrierung brauchen Sie also nicht zu warten, Sie m\u00fcssen Ihr Konto sofort auff\u00fcllen und handeln!<\/p>\n<p>WIE KANN MAN NOCH MEHR GELD VON DER INSTITUTION BEKOMMEN?<\/p>\n<p>Neben der Begr\u00fc\u00dfung bietet das Casino eine Reihe weiterer Angebote. Zum Beispiel f\u00fcr High Roller. Damit k\u00f6nnen Sie noch mehr Geld bekommen.<\/p>\n<p>WIE AKTIVIERE ICH DEN BONUS?<\/p>\n<p>Sie m\u00fcssen nur ein Konto erstellen und dann mindestens 30 EUR\u00a0auf Ihr Konto einzahlen. Der Bonus wird nach diesen Aktionen automatisch aktiviert.<\/p>\n<h2><span style=\"font-family: var(--global-body-font-family); font-size: 16px; font-weight: normal;\">Lesen Sie auch \u00fcber: <\/span><a style=\"font-family: var(--global-body-font-family); font-size: 16px; font-weight: normal;\" href=\"https:\/\/rocketplay-new.com\/regular-bonuses\/\">Regelm\u00e4\u00dfige Boni Rocket PlayR<\/a><\/h2>\n","protected":false},"excerpt":{"rendered":"<p>Es gibt Preise, die nur Neulingen zur Verf\u00fcgung stehen. Solche Privilegien werden Willkommensangebote genannt. Sie werden aktiviert, nachdem eine Person ein Konto auf der Website erstellt hat. Manchmal m\u00fcssen Sie Ihr Geld noch verwenden (Konto aufladen) oder einen bestimmten Aktionscode verwenden, um eine Pr\u00e4mie zu erhalten. Nat\u00fcrlich gibt es auch das Casino Rocket Play Willkommensangebot&#8230;.<\/p>\n","protected":false},"author":1,"featured_media":0,"parent":0,"menu_order":0,"comment_status":"closed","ping_status":"closed","template":"","meta":{"_acf_changed":false,"_kad_post_transparent":"default","_kad_post_title":"default","_kad_post_layout":"default","_kad_post_sidebar_id":"","_kad_post_content_style":"default","_kad_post_vertical_padding":"default","_kad_post_feature":"","_kad_post_feature_position":"","_kad_post_header":false,"_kad_post_footer":false,"footnotes":""},"class_list":["post-2927","page","type-page","status-publish","hentry"],"acf":[],"rttpg_featured_image_url":null,"rttpg_author":{"display_name":"John","author_link":"https:\/\/rocketplay-new.com\/de\/author\/pemvas95n89x\/"},"rttpg_comment":0,"rttpg_category":null,"rttpg_excerpt":"Es gibt Preise, die nur Neulingen zur Verf\u00fcgung stehen. Solche Privilegien werden Willkommensangebote genannt. Sie werden aktiviert, nachdem eine Person ein Konto auf der Website erstellt hat. Manchmal m\u00fcssen Sie Ihr Geld noch verwenden (Konto aufladen) oder einen bestimmten Aktionscode verwenden, um eine Pr\u00e4mie zu erhalten. Nat\u00fcrlich gibt es auch das Casino Rocket Play Willkommensangebot....","_links":{"self":[{"href":"https:\/\/rocketplay-new.com\/de\/wp-json\/wp\/v2\/pages\/2927","targetHints":{"allow":["GET"]}}],"collection":[{"href":"https:\/\/rocketplay-new.com\/de\/wp-json\/wp\/v2\/pages"}],"about":[{"href":"https:\/\/rocketplay-new.com\/de\/wp-json\/wp\/v2\/types\/page"}],"author":[{"embeddable":true,"href":"https:\/\/rocketplay-new.com\/de\/wp-json\/wp\/v2\/users\/1"}],"replies":[{"embeddable":true,"href":"https:\/\/rocketplay-new.com\/de\/wp-json\/wp\/v2\/comments?post=2927"}],"version-history":[{"count":4,"href":"https:\/\/rocketplay-new.com\/de\/wp-json\/wp\/v2\/pages\/2927\/revisions"}],"predecessor-version":[{"id":5782,"href":"https:\/\/rocketplay-new.com\/de\/wp-json\/wp\/v2\/pages\/2927\/revisions\/5782"}],"wp:attachment":[{"href":"https:\/\/rocketplay-new.com\/de\/wp-json\/wp\/v2\/media?parent=2927"}],"curies":[{"name":"wp","href":"https:\/\/api.w.org\/{rel}","templated":true}]}}