{"id":2922,"date":"2022-06-13T20:16:21","date_gmt":"2022-06-13T17:16:21","guid":{"rendered":"https:\/\/rocketplay-new.com\/the-best-game-show\/"},"modified":"2025-04-03T22:04:49","modified_gmt":"2025-04-03T19:04:49","slug":"the-best-game-show","status":"publish","type":"page","link":"https:\/\/rocketplay-new.com\/de\/the-best-game-show\/","title":{"rendered":"Die beste Spielshow im RocketPlay Casino"},"content":{"rendered":"<p><a href=\"https:\/\/rocketplay-new.com\/de\/live-casino\/\">Live-Casino<\/a>-Spiele bieten die Aufregung einer physischen Casino-Umgebung und kombinieren dies mit der Bequemlichkeit des Online-Gl\u00fccksspiels. Eine Live-Casino-Spielshow funktioniert auf \u00e4hnliche Weise, aber f\u00fcr Spieler ist es ein v\u00f6llig anderes Angebot.<\/p>\n<p>Die Convenience und der einfache Zugriff auf RocketPlay-Spielshows bleiben hoch. Die Aufregung steigt jedoch noch mehr. Indem sie den Nervenkitzel von Live-Streaming-Spielen replizieren, machen diese Casino-Produkte die Spieler selbst zu den Stars der Show.<\/p>\n<p><img loading=\"lazy\" decoding=\"async\" class=\"aligncenter wp-image-4622\" src=\"https:\/\/rocketplay-new.com\/wp-content\/uploads\/2024\/02\/11.png\" alt=\"Best Game RocketPlay Casino \" width=\"800\" height=\"245\" srcset=\"https:\/\/rocketplay-new.com\/wp-content\/uploads\/2024\/02\/11.png 1671w, https:\/\/rocketplay-new.com\/wp-content\/uploads\/2024\/02\/11-300x92.png 300w, https:\/\/rocketplay-new.com\/wp-content\/uploads\/2024\/02\/11-1024x314.png 1024w, https:\/\/rocketplay-new.com\/wp-content\/uploads\/2024\/02\/11-768x235.png 768w, https:\/\/rocketplay-new.com\/wp-content\/uploads\/2024\/02\/11-1536x471.png 1536w\" sizes=\"auto, (max-width: 800px) 100vw, 800px\" \/><\/p>\n<h2>WIE LIVE CASINO SPIELSHOWS FUNKTIONIEREN<\/h2>\n<p>RocketPlay-Spiel zeigt Deutschland Drehungen, W\u00fcrfe und andere Aktionen, die von einem professionellen und hochqualifizierten Moderator ausgef\u00fchrt werden. Genau wie im Fernsehen h\u00e4lt ein Casino-Spielshow-Moderator das Spiel am Laufen und sorgt daf\u00fcr, dass die Spieler gl\u00fccklich, engagiert und aufgeregt sind.<\/p>\n<p>Aus Spielersicht ben\u00f6tigen sie lediglich eine Internetverbindung und ein Ger\u00e4t mit Internetzugang. Der Kunde loggt sich in sein Casino-Konto ein und w\u00e4hlt sein gew\u00e4hltes Spiel wie jedes andere Produkt aus. Von diesem Konto aus kann sich der Spieler mit den besten Spielshows von RocketPlay verbinden, die den Nervenkitzel von Live-Spielen nachahmen.<\/p>\n<p><span style=\"font-weight: 400;\">\u00a0<div class=\"go-btn-container\"><div class=\"tosh-btn\"><a href=\"\/go-casino\/\" target=\"_blank\" rel=\"noopener\">JETZT SPIELEN<\/a><\/div><\/div> <\/span><\/p>\n<h2>DIE BESTEN LIVE-GAMES<\/h2>\n<p>Die kostenlosen Online-Spielshows von RocketPlay bieten den Spielern mehrere Optionen, obwohl einige Spiele beliebter sind als andere. In den folgenden Abschnitten dieses Leitfadens werden einige dieser beliebteren Optionen genauer betrachtet. Dieser Abschnitt bietet jedoch nur einen kurzen \u00dcberblick \u00fcber einige dieser Top-Live-Spielshows. Einige der beliebten Spielshows von RocketPlay sind:<\/p>\n<ul>\n<li>Das Live-Monopol von Evolution Gaming.<\/li>\n<li>Crazy Coin Flip Live von Evolution Gaming<\/li>\n<li>Mega Ball von Evolution Gaming<\/li>\n<li>Traumf\u00e4nger von Evolution Gaming<\/li>\n<li>Evolution Gamings Deal oder kein Deal<\/li>\n<li>Das Live-Fu\u00dfballstudio von Evolution Gaming<\/li>\n<li>Evolution Gamings Geld oder Zusammenbruch<\/li>\n<li>Blitzw\u00fcrfel von Evolution Gaming<\/li>\n<li>Mega Wheel von Pragmatic Play<\/li>\n<li>Playtech-Abenteuer jenseits des Wunderlandes<\/li>\n<li>Money Drop von Playtech Live<\/li>\n<li>Wer will Million\u00e4r von Playtech werden?<\/li>\n<li>Buffalo Blitz von Playtech<\/li>\n<li>Ezugi Keno<\/li>\n<li>Ezugis Wetten auf die Zahlen.<\/li>\n<\/ul>\n<p>W\u00e4hrend die obige Liste von Spielen von Evolution Gaming dominiert wird, ist der Live-Casino-Markt vielf\u00e4ltig und abwechslungsreich. Es gibt viele M\u00f6glichkeiten f\u00fcr Spieler, die Spiele von verschiedenen Entwicklern und Softwareanbietern ausprobieren m\u00f6chten. Es kann f\u00fcr Spieler eine gute Idee sein, mit verschiedenen Softwareunternehmen zu experimentieren, um die beste zu finden.<\/p>\n<h2>DIE BELIEBTESTEN LIVE-DEALER-SPIELE<\/h2>\n<p>Spieler k\u00f6nnen RocketPlay-Spielshows online f\u00fcr Geld genie\u00dfen, und diese Vielfalt ist ein wichtiger Faktor f\u00fcr die Popularit\u00e4t dieser Art von Spielen. Aber was sind die beliebtesten Live-Dealer-Spiele?<\/p>\n<p>Die besten Live-Spiele bieten den Spielern ein aufregendes Erlebnis. W\u00e4hrend einzelne Spieler viele M\u00f6glichkeiten haben, festzustellen, welche Spiele am besten zu ihnen passen, bietet die \u00dcberpr\u00fcfung der beliebtesten Spiele eine hilfreiche Einf\u00fchrung in Live-Spielshows. Lesen Sie weiter, um mehr \u00fcber einige der beliebtesten Spiele aus der ganzen Welt zu erfahren.<\/p>\n<p><img loading=\"lazy\" decoding=\"async\" class=\"aligncenter wp-image-4632\" src=\"https:\/\/rocketplay-new.com\/wp-content\/uploads\/2024\/02\/22.png\" alt=\"Best Game RocketPlay Casino 2\" width=\"800\" height=\"477\" srcset=\"https:\/\/rocketplay-new.com\/wp-content\/uploads\/2024\/02\/22.png 1345w, https:\/\/rocketplay-new.com\/wp-content\/uploads\/2024\/02\/22-300x179.png 300w, https:\/\/rocketplay-new.com\/wp-content\/uploads\/2024\/02\/22-1024x611.png 1024w, https:\/\/rocketplay-new.com\/wp-content\/uploads\/2024\/02\/22-768x458.png 768w\" sizes=\"auto, (max-width: 800px) 100vw, 800px\" \/><\/p>\n<h2>MEGARAD<\/h2>\n<p>Mega Wheel wird von Pragmatic Play angeboten, einem Anbieter und Studio von Live-Spielsoftware. Der Moderator des Studios dreht ein Rad, das aus 54 nummerierten Segmenten besteht. Die Spieler m\u00fcssen einfache, aber aufregende Vorhersagen dar\u00fcber treffen, wie sich das Rad drehen wird und welche Zahl angezeigt wird, wenn die Drehung abgeschlossen ist.<\/p>\n<p>Bisher klingt Mega Wheel fast wie Live-Roulette. Obwohl dies wahr ist \u2013 die Grundelemente der beiden Spiele sind gleich \u2013 gibt es viele andere Funktionen, die die Spieler nutzen k\u00f6nnen, um ihre Eins\u00e4tze zu erh\u00f6hen und f\u00fcr zus\u00e4tzliche Spannung zu sorgen.<\/p>\n<p><span style=\"font-weight: 400;\">\u00a0<div class=\"go-btn-container\"><div class=\"tosh-btn\"><a href=\"\/go-casino\/\" target=\"_blank\" rel=\"noopener\">JETZT SPIELEN<\/a><\/div><\/div> <\/span><\/p>\n<h2>LIVE-DEAL ODER KEIN DEAL<\/h2>\n<p>Live Deal or No Deal folgt dem Gameplay einer beliebten TV-Show. Die Spieler w\u00e4hlen eine Box und schlie\u00dfen dann andere Boxen aus dem Spiel aus, w\u00e4hrend sie durch das Spiel gehen. An bestimmten Punkten wird ihnen ein Deal angeboten \u2013 im Wesentlichen eine Gelegenheit zur Auszahlung.<\/p>\n<p>Wenn Spieler die Kisten mit dem h\u00f6chsten Wert im Spiel loswerden k\u00f6nnen, w\u00e4chst das Risiko f\u00fcr das <a href=\"https:\/\/rocketplay-new.com\/de\/casino\/\">Casino <\/a>mit dem angebotenen Cash-out-Deal. Werden die minderwertigen Kisten hingegen fr\u00fchzeitig entfernt, ist der Cash-out-Deal geringer. In diesem Spiel ist eine sorgf\u00e4ltige Entscheidungsfindung erforderlich.<\/p>\n<h2>MONOPOL LEBEN<\/h2>\n<p>Monopoly ist ein bew\u00e4hrtes Brettspiel, das seit Generationen bei Familien beliebt ist. Die Show-Version von Monopoly in einem Live-Casino bringt noch mehr Spannung und Vergn\u00fcgen. Spieler k\u00f6nnen das Spiel, an das sie sich im Laufe der Jahre gew\u00f6hnt haben, in einer neuen Umgebung genie\u00dfen.<\/p>\n<p>Das Gameplay von Live-Monopoly unterscheidet sich ein wenig von den Tischspielen. Anstatt durch das Brett zu waten, Eigentum zu kaufen und das Eigentum anderer zu meiden, wird das Schicksal des Spielers durch das Drehen des Rades bestimmt. Dadurch \u00e4hnelt Live Monopoly anderen Radspielen, verwendet aber viele der Konzepte, die erfahrenen Monopoly-Spielern vertraut sind.<\/p>\n<h2>VERR\u00dcCKTE ZEIT<\/h2>\n<p>Mad Time ist die n\u00e4chste Generation eines weiteren beliebten Produkts von Evolution Gaming, Dream Catcher. Die Spieler platzieren Wetten auf verschiedene Segmente des Rades unter der Aufsicht eines professionellen Gastgebers. Der Gastgeber dreht das Rad und Wetten werden bei dieser Drehung gewonnen und verloren.<\/p>\n<p>Eine Reihe verschiedener Bonusspiele erh\u00f6hen die Schwierigkeit und das Interesse der Spieler. Zu diesen zus\u00e4tzlichen Nebenspielen geh\u00f6ren Pachinko, Coin Flip, Cash Hunt und das Titelspiel Crazy Time. Trotz der durch die vier zus\u00e4tzlichen Spiele hinzugef\u00fcgten Variabilit\u00e4t und Dynamik ist Crazy Time f\u00fcr die Spieler immer noch leicht zu meistern, mit einer sanften und freundlichen Lernkurve.<\/p>\n<p><img loading=\"lazy\" decoding=\"async\" class=\"aligncenter wp-image-4641\" src=\"https:\/\/rocketplay-new.com\/wp-content\/uploads\/2024\/02\/33.png\" alt=\"Best Game RocketPlay Casino 3\" width=\"800\" height=\"483\" srcset=\"https:\/\/rocketplay-new.com\/wp-content\/uploads\/2024\/02\/33.png 1342w, https:\/\/rocketplay-new.com\/wp-content\/uploads\/2024\/02\/33-300x181.png 300w, https:\/\/rocketplay-new.com\/wp-content\/uploads\/2024\/02\/33-1024x619.png 1024w, https:\/\/rocketplay-new.com\/wp-content\/uploads\/2024\/02\/33-768x464.png 768w\" sizes=\"auto, (max-width: 800px) 100vw, 800px\" \/><\/p>\n<h2>LIVE-MEGA-BALL<\/h2>\n<p>Mega Ball &#8211; Spielshows online spielen RocketPlay von Evolution Gaming. Bei diesem Spiel arbeiten die Kunden mit 51 nummerierten B\u00e4llen, die in einem Lottospieler vertrauten Format geliefert werden. Das Gameplay schreitet schnell voran und f\u00fcgt Aufregung und Faszination hinzu, w\u00e4hrend es relativ benutzerfreundlich und f\u00fcr die Spieler leicht zu erlernen bleibt.<\/p>\n<p>Um auf diese nummerierten B\u00e4lle zuzugreifen, kaufen die Spieler verschiedene Karten im Wert von bis zu 200 pro Spielrunde. Die Zuordnung der Karten zu den gezogenen Kugeln schafft eine spannende Atmosph\u00e4re. Eine Reihe unterschiedlicher Wertmultiplikatoren steigern diese Spannung zus\u00e4tzlich.<\/p>\n<p>Live Game zeigt Spiele mit den h\u00f6chsten Einsatzlimits<br \/>\nSpieler sollten sich der Wettlimits bewusst sein, wenn sie sich f\u00fcr ein Live-Casinospiel entscheiden. Hier sind die Wettparameter, auf die Sie achten sollten:<\/p>\n<ul>\n<li>Maximaleinsatz \u2013 der maximal m\u00f6gliche Einsatz pro Spiel.<\/li>\n<li>Mindesteinsatz \u2013 der niedrigstm\u00f6gliche Einsatz, um auf das Spiel zuzugreifen.<\/li>\n<li>Maximaler Multiplikator \u2013 das Limit der Multiplikatoren, die w\u00e4hrend des Spiels verwendet werden k\u00f6nnen.<\/li>\n<li>Maximaler Gesamtgewinn \u2013 Ein Limit f\u00fcr die H\u00f6he der am Tisch erzielten Gewinne.<\/li>\n<li>Maximale Auszahlung \u2013 Der gr\u00f6\u00dfte Geldbetrag, der vom Konto des Spielers abgehoben werden kann.<\/li>\n<li>Mindestabhebung \u2013 Der Mindestbetrag, der vom Casinokonto abgehoben werden kann.<\/li>\n<\/ul>\n","protected":false},"excerpt":{"rendered":"<p>Live-Casino-Spiele bieten die Aufregung einer physischen Casino-Umgebung und kombinieren dies mit der Bequemlichkeit des Online-Gl\u00fccksspiels. Eine Live-Casino-Spielshow funktioniert auf \u00e4hnliche Weise, aber f\u00fcr Spieler ist es ein v\u00f6llig anderes Angebot. Die Convenience und der einfache Zugriff auf RocketPlay-Spielshows bleiben hoch. Die Aufregung steigt jedoch noch mehr. Indem sie den Nervenkitzel von Live-Streaming-Spielen replizieren, machen diese&#8230;<\/p>\n","protected":false},"author":1,"featured_media":0,"parent":0,"menu_order":0,"comment_status":"closed","ping_status":"closed","template":"","meta":{"_acf_changed":false,"_kad_post_transparent":"default","_kad_post_title":"default","_kad_post_layout":"default","_kad_post_sidebar_id":"","_kad_post_content_style":"default","_kad_post_vertical_padding":"default","_kad_post_feature":"","_kad_post_feature_position":"","_kad_post_header":false,"_kad_post_footer":false,"footnotes":""},"class_list":["post-2922","page","type-page","status-publish","hentry"],"acf":[],"rttpg_featured_image_url":null,"rttpg_author":{"display_name":"John","author_link":"https:\/\/rocketplay-new.com\/de\/author\/pemvas95n89x\/"},"rttpg_comment":0,"rttpg_category":null,"rttpg_excerpt":"Live-Casino-Spiele bieten die Aufregung einer physischen Casino-Umgebung und kombinieren dies mit der Bequemlichkeit des Online-Gl\u00fccksspiels. Eine Live-Casino-Spielshow funktioniert auf \u00e4hnliche Weise, aber f\u00fcr Spieler ist es ein v\u00f6llig anderes Angebot. Die Convenience und der einfache Zugriff auf RocketPlay-Spielshows bleiben hoch. Die Aufregung steigt jedoch noch mehr. Indem sie den Nervenkitzel von Live-Streaming-Spielen replizieren, machen diese...","_links":{"self":[{"href":"https:\/\/rocketplay-new.com\/de\/wp-json\/wp\/v2\/pages\/2922","targetHints":{"allow":["GET"]}}],"collection":[{"href":"https:\/\/rocketplay-new.com\/de\/wp-json\/wp\/v2\/pages"}],"about":[{"href":"https:\/\/rocketplay-new.com\/de\/wp-json\/wp\/v2\/types\/page"}],"author":[{"embeddable":true,"href":"https:\/\/rocketplay-new.com\/de\/wp-json\/wp\/v2\/users\/1"}],"replies":[{"embeddable":true,"href":"https:\/\/rocketplay-new.com\/de\/wp-json\/wp\/v2\/comments?post=2922"}],"version-history":[{"count":5,"href":"https:\/\/rocketplay-new.com\/de\/wp-json\/wp\/v2\/pages\/2922\/revisions"}],"predecessor-version":[{"id":5921,"href":"https:\/\/rocketplay-new.com\/de\/wp-json\/wp\/v2\/pages\/2922\/revisions\/5921"}],"wp:attachment":[{"href":"https:\/\/rocketplay-new.com\/de\/wp-json\/wp\/v2\/media?parent=2922"}],"curies":[{"name":"wp","href":"https:\/\/api.w.org\/{rel}","templated":true}]}}