{"id":2917,"date":"2022-08-18T13:21:33","date_gmt":"2022-08-18T10:21:33","guid":{"rendered":"https:\/\/rocketplay-new.com\/slot-machines\/wizard-of-oz\/"},"modified":"2025-11-26T20:21:23","modified_gmt":"2025-11-26T17:21:23","slug":"wizard-of-oz","status":"publish","type":"page","link":"https:\/\/rocketplay-new.com\/de\/slot-machines\/wizard-of-oz\/","title":{"rendered":"\u00dcberpr\u00fcfen Sie den Wizard of Oz-Slot"},"content":{"rendered":"<p>Dass Kinderm\u00e4rchen zur Inspiration f\u00fcr Gl\u00fccksspielentwickler werden, ist eine g\u00e4ngige Praxis. M\u00e4rchenbilder sind schlie\u00dflich jedem von klein auf bekannt und vertraut. Der Wizard of Oz-Slot kann den Spieler also in eine fiktive Welt versetzen, in der Sie nicht nur Spa\u00df haben und der Realit\u00e4t entfliehen k\u00f6nnen, sondern auch zus\u00e4tzliches Geld verdienen k\u00f6nnen.<\/p>\n<p><span style=\"font-weight: 400;\"><div class=\"tosh-btn\"><a href=\"\/go-casino\/\" target=\"_blank\" rel=\"noopener\">BONUS ERHALTEN<\/a><\/div> <\/span><\/p>\n<h2>WIZARD OF OZ: IST ES PROFITABEL, UM GELD ZU SPIELEN?<\/h2>\n<p>Ist es real, im Wizard of Oz-Spiel Geld zu verdienen? Nachdem Sie diesen Slot studiert haben, k\u00f6nnen Sie zuversichtlich antworten \u2013 ja! Daf\u00fcr gibt es viele Funktionen:<\/p>\n<ul>\n<li>mehrere Bonusrunden;<\/li>\n<li>Respins f\u00fcr den Verlust bestimmter Symbole;<\/li>\n<li>bieten 5 Freispiele in Folge;<\/li>\n<li>zuf\u00e4llige Wettmultiplikatoren;<\/li>\n<li>Jackpot.<\/li>\n<\/ul>\n<p>Verpassen Sie daher nicht die Gelegenheit, echtes Geld in diesen Slot zu investieren. Aber eine gro\u00dfe Anzahl verschiedener Funktionen kann den Spieler verwirren. Der beste Weg, Wizard of Oz auszuprobieren, ist also der Demo-Modus, der f\u00fcr Deutschland Spieler immer verf\u00fcgbar ist.<\/p>\n<p style=\"text-align: center;\"><img loading=\"lazy\" decoding=\"async\" class=\"aligncenter wp-image-308 size-full\" src=\"https:\/\/rocketplay-new.com\/wp-content\/uploads\/2022\/08\/wizard-of-oz-logo.jpeg\" alt=\"Wizard of Oz logo\" width=\"1024\" height=\"500\" srcset=\"https:\/\/rocketplay-new.com\/wp-content\/uploads\/2022\/08\/wizard-of-oz-logo.jpeg 1024w, https:\/\/rocketplay-new.com\/wp-content\/uploads\/2022\/08\/wizard-of-oz-logo-300x146.jpeg 300w, https:\/\/rocketplay-new.com\/wp-content\/uploads\/2022\/08\/wizard-of-oz-logo-768x375.jpeg 768w\" sizes=\"auto, (max-width: 1024px) 100vw, 1024px\" \/><\/p>\n<h2>SPIELDETAILS &amp; FEATURES<\/h2>\n<p>Beginnen wir mit den \u00e4u\u00dferen Merkmalen dieses einarmigen Online-Banditen. Hergestellt aus im thematischen Stil und entspricht voll und ganz der M\u00e4rchengeschichte. Der Hintergrund zeigt uns die smaragdgr\u00fcne Stadt und Figuren und Gegenst\u00e4nde aus einem M\u00e4rchen fungieren als Symbole. Zum Beispiel:<\/p>\n<ul>\n<li>M\u00e4dchen Dorothy;<\/li>\n<li>Ironman;<\/li>\n<li>Vogelscheuche;<\/li>\n<li>L\u00f6wen-Mann;<\/li>\n<li>Hexe;<\/li>\n<li>Magier;<\/li>\n<li>Fee Glinda;<\/li>\n<li>Hund Toto;<\/li>\n<li>Bild der Hauptfiguren von &#8222;Friends&#8220;;<\/li>\n<\/ul>\n<p>verschiedene Gegenst\u00e4nde: ein Korb, ein Lutscher, ein Apfel, eine Sanduhr.<\/p>\n<p>Auf typische Casino-Bilder hat der Entwickler hier verzichtet, weshalb sich Wizard of Oz online von den anderen abhebt.<\/p>\n<p>Die musikalische Untermalung ist unaufdringlich. Der Ton wird nur w\u00e4hrend der Drehung der Walzen und der Bildung von Kombinationen eingeschaltet.<\/p>\n<p>Schl\u00fcsselfunktionen, die f\u00fcr Spieler wichtig sind:<\/p>\n<ul>\n<li>Scatter-Symbol \u2013 ja, mehrere;<\/li>\n<li>Multiplikatoren \u2013 ja;<\/li>\n<li>Jackpot-Symbol \u2013 ja;<\/li>\n<li>automatisches Spiel \u2013 ja;<\/li>\n<li>Spiel mit Boni \u2013 ja;<\/li>\n<li>Wild-Symbol (ersetzt andere) \u2013 ja;<\/li>\n<li>Freispiele (Respins und in einer separaten Runde) \u2013 ja.<\/li>\n<\/ul>\n<p>Dank dessen ist das Gameplay abwechslungsreich und interessant. Gewinne kommen ziemlich oft vor. Sie sind klein, aber im Allgemeinen k\u00f6nnen Sie mit einer allm\u00e4hlichen Erh\u00f6hung Ihrer Bankroll rechnen. Je h\u00f6her Ihr Einsatz, desto gr\u00f6\u00dfer der Preis.<\/p>\n<p>Die technischen Indikatoren von Wizard of Oz Deutschland sind durchschnittlich. Der RTP betr\u00e4gt hier 95,99 %, was dem Marktdurchschnitt entspricht. Die Volatilit\u00e4t ist leicht unterdurchschnittlich. Das ist weder gut noch schlecht, und Sie m\u00fcssen nur wissen, dass die Maschine Ihnen nicht sofort einen gro\u00dfen Gewinn bescheren wird. Dieser Slot ist eher f\u00fcr Langzeitspiele geeignet.<\/p>\n<p style=\"text-align: center;\"><img loading=\"lazy\" decoding=\"async\" class=\"aligncenter wp-image-311 size-full\" src=\"https:\/\/rocketplay-new.com\/wp-content\/uploads\/2022\/08\/wizard-of-oz-slot-2.png\" alt=\"wizard of oz slot\" width=\"853\" height=\"480\" srcset=\"https:\/\/rocketplay-new.com\/wp-content\/uploads\/2022\/08\/wizard-of-oz-slot-2.png 853w, https:\/\/rocketplay-new.com\/wp-content\/uploads\/2022\/08\/wizard-of-oz-slot-2-300x169.png 300w, https:\/\/rocketplay-new.com\/wp-content\/uploads\/2022\/08\/wizard-of-oz-slot-2-768x432.png 768w\" sizes=\"auto, (max-width: 853px) 100vw, 853px\" \/><\/p>\n<h2>SCHLUSSFOLGERUNGEN \u00dcBER DEN SLOT WIZARD VON OZ ZIEHEN<\/h2>\n<p>Dieses Spiel wurde 2011 ver\u00f6ffentlicht und vermittelte perfekt die Atmosph\u00e4re des alten Films. Das Erscheinungsbild ist im Retro-Stil gehalten, der veraltet erscheinen mag. Doch nach der Idee der WMS-Entwickler soll dies den Spieler auf den Film hinweisen, der 1939 erschienen ist. Auch die Animationen und Soundeffekte \u00fcbertragen sich in diese Zeit, sodass trotz der geringen Qualit\u00e4t der Grafik, es ist v\u00f6llig gerechtfertigt.<\/p>\n<p>Laut technischen Indikatoren ist dieser Slot durchschnittlich. Es gibt viele coole Funktionen, mit denen Sie Geld verdienen k\u00f6nnen. Aber der RTP-Prozentsatz ist niedrig, und dies zeigt, dass das Spiel nicht oft gro\u00dfe Gewinne bringt. Das ist langfristig gut.<\/p>\n<p>Spielern, die damit nicht vertraut sind, wird empfohlen, die kostenlosen Spielautomaten von Wizard of Oz auszuprobieren. Generell k\u00f6nnen wir den Entwickler f\u00fcr eine interessante Idee loben. Es gibt wirklich wenige solcher Slots, daher heben sie sich immer positiv von den anderen ab.<\/p>\n<p><span style=\"font-weight: 400;\"><div class=\"tosh-btn\"><a href=\"\/go-casino\/\" target=\"_blank\" rel=\"noopener\">BONUS ERHALTEN<\/a><\/div> <\/span><\/p>\n<h2>BELIEBTE FRAGEN NEUER SPIELER<\/h2>\n<h3>IST ES M\u00d6GLICH, DIE ANZAHL DER GEWINNLINIEN IN DIESEM SLOT ZU \u00c4NDERN?<\/h3>\n<p>Der Zauberer von Oz hat 30 Gewinnlinien, die automatisch aktiviert werden, wenn Sie das Spiel starten. Dieser Betrag kann jedoch in den Einstellungen ge\u00e4ndert werden, die sich unter der Schaltfl\u00e4che zum Starten der Walzen \u00f6ffnen.<\/p>\n<h3>WAS SIND DIE MAX. UND MIN. EINSATZGR\u00d6SSEN IN DIESEM SLOT?<\/h3>\n<p>Auf einer Linie k\u00f6nnen Sie einen Einsatz in H\u00f6he von 0,01 bis 2 setzen. Es stellt sich also heraus, dass der maximale Einsatz in Geld 60 betr\u00e4gt (30 Linien, jeweils 2 M\u00fcnzen aus dem Guthaben).<\/p>\n<h3>WIE ER\u00d6FFNET WIZARD OF OZ DIE BONUSRUNDE?<\/h3>\n<p>Dazu m\u00fcssen Sie ein spezielles Symbol auf einer der Walzen landen. Dazu geh\u00f6ren die Hauptfiguren der Geschichte: Dorothy, die Vogelscheuche, Iron Man, der feige L\u00f6we, die Hexe, der Zauberer und der Zauberball. Wenn sie auf dem Feld landen, wird eine neue Animation ausgel\u00f6st und der Spieler kann das Bonusspiel genie\u00dfen, das von den Regeln bereitgestellt wird.<\/p>\n<p>Bewertungen \u00fcber Spielautomaten:<\/p>\n<ul>\n<li><a href=\"https:\/\/rocketplay-new.com\/slot-machines\/buffalo-gold\/\">B\u00fcffelgold<\/a><\/li>\n<li><a href=\"https:\/\/rocketplay-new.com\/slot-machines\/lucky-88\/\">Gl\u00fcck 88<\/a><\/li>\n<\/ul>\n","protected":false},"excerpt":{"rendered":"<p>Dass Kinderm\u00e4rchen zur Inspiration f\u00fcr Gl\u00fccksspielentwickler werden, ist eine g\u00e4ngige Praxis. M\u00e4rchenbilder sind schlie\u00dflich jedem von klein auf bekannt und vertraut. Der Wizard of Oz-Slot kann den Spieler also in eine fiktive Welt versetzen, in der Sie nicht nur Spa\u00df haben und der Realit\u00e4t entfliehen k\u00f6nnen, sondern auch zus\u00e4tzliches Geld verdienen k\u00f6nnen. WIZARD OF OZ:&#8230;<\/p>\n","protected":false},"author":1,"featured_media":0,"parent":2871,"menu_order":0,"comment_status":"closed","ping_status":"closed","template":"","meta":{"_acf_changed":false,"_kad_post_transparent":"default","_kad_post_title":"default","_kad_post_layout":"default","_kad_post_sidebar_id":"","_kad_post_content_style":"default","_kad_post_vertical_padding":"default","_kad_post_feature":"","_kad_post_feature_position":"","_kad_post_header":false,"_kad_post_footer":false,"footnotes":""},"class_list":["post-2917","page","type-page","status-publish","hentry"],"acf":[],"rttpg_featured_image_url":null,"rttpg_author":{"display_name":"John","author_link":"https:\/\/rocketplay-new.com\/de\/author\/pemvas95n89x\/"},"rttpg_comment":0,"rttpg_category":null,"rttpg_excerpt":"Dass Kinderm\u00e4rchen zur Inspiration f\u00fcr Gl\u00fccksspielentwickler werden, ist eine g\u00e4ngige Praxis. M\u00e4rchenbilder sind schlie\u00dflich jedem von klein auf bekannt und vertraut. Der Wizard of Oz-Slot kann den Spieler also in eine fiktive Welt versetzen, in der Sie nicht nur Spa\u00df haben und der Realit\u00e4t entfliehen k\u00f6nnen, sondern auch zus\u00e4tzliches Geld verdienen k\u00f6nnen. WIZARD OF OZ:...","_links":{"self":[{"href":"https:\/\/rocketplay-new.com\/de\/wp-json\/wp\/v2\/pages\/2917","targetHints":{"allow":["GET"]}}],"collection":[{"href":"https:\/\/rocketplay-new.com\/de\/wp-json\/wp\/v2\/pages"}],"about":[{"href":"https:\/\/rocketplay-new.com\/de\/wp-json\/wp\/v2\/types\/page"}],"author":[{"embeddable":true,"href":"https:\/\/rocketplay-new.com\/de\/wp-json\/wp\/v2\/users\/1"}],"replies":[{"embeddable":true,"href":"https:\/\/rocketplay-new.com\/de\/wp-json\/wp\/v2\/comments?post=2917"}],"version-history":[{"count":4,"href":"https:\/\/rocketplay-new.com\/de\/wp-json\/wp\/v2\/pages\/2917\/revisions"}],"predecessor-version":[{"id":5943,"href":"https:\/\/rocketplay-new.com\/de\/wp-json\/wp\/v2\/pages\/2917\/revisions\/5943"}],"up":[{"embeddable":true,"href":"https:\/\/rocketplay-new.com\/de\/wp-json\/wp\/v2\/pages\/2871"}],"wp:attachment":[{"href":"https:\/\/rocketplay-new.com\/de\/wp-json\/wp\/v2\/media?parent=2917"}],"curies":[{"name":"wp","href":"https:\/\/api.w.org\/{rel}","templated":true}]}}