{"id":2912,"date":"2022-08-18T12:23:24","date_gmt":"2022-08-18T09:23:24","guid":{"rendered":"https:\/\/rocketplay-new.com\/slot-machines\/starburst\/"},"modified":"2025-11-25T23:17:12","modified_gmt":"2025-11-25T20:17:12","slug":"starburst","status":"publish","type":"page","link":"https:\/\/rocketplay-new.com\/de\/slot-machines\/starburst\/","title":{"rendered":"\u00dcberpr\u00fcfen Sie den Starburst-Slot"},"content":{"rendered":"<p>Der mysteri\u00f6se Raum mit seinen unbegrenzten Weiten und leuchtenden Konstellationen ist bereit, Sie im Spielautomaten Starburst Deutschland willkommen zu hei\u00dfen. F\u00fchlen Sie sich wie ein echter Astronaut, surfen Sie im Weltraum und verdienen Sie Geld in diesem einzigartigen Videospiel. Starten Sie Starburst online und verstehen Sie, was Qualit\u00e4ts-Slots sind.<\/p>\n<p><span style=\"font-weight: 400;\"><div class=\"tosh-btn\"><a href=\"\/go-casino\/\" target=\"_blank\" rel=\"noopener\">BONUS ERHALTEN<\/a><\/div> <\/span><\/p>\n<h2>EIN WENIG DAR\u00dcBER, WIE STARBURST ERSCHEINT<\/h2>\n<p>Obwohl der Slot Starburst 2012 von NetEnt erstellt wurde, hat er bis heute nicht an Relevanz verloren. Und das alles dank zeitlosem Design und h\u00f6chst vorteilhaften Eigenschaften.<\/p>\n<p>Der Slot wurde vom Weltraumthema inspiriert, das in Spielbanken \u00fcblich ist und f\u00fcr Spieler interessant ist. Zum Zeitpunkt der Ver\u00f6ffentlichung sah es frisch und originell aus, und selbst jetzt hat sich wenig ge\u00e4ndert.<\/p>\n<p>Dieser Spielautomat gilt aufgrund der Gewinnlinien, die Gewinne in alle Richtungen auszahlen, als innovativ. Bei normalen einarmigen Banditen geschieht dies nur von links nach rechts.<\/p>\n<p style=\"text-align: center;\"><img loading=\"lazy\" decoding=\"async\" class=\"aligncenter wp-image-305 size-full\" src=\"https:\/\/rocketplay-new.com\/wp-content\/uploads\/2022\/08\/starburst-logo.jpeg\" alt=\"starburst logo\" width=\"752\" height=\"500\" srcset=\"https:\/\/rocketplay-new.com\/wp-content\/uploads\/2022\/08\/starburst-logo.jpeg 752w, https:\/\/rocketplay-new.com\/wp-content\/uploads\/2022\/08\/starburst-logo-300x199.jpeg 300w\" sizes=\"auto, (max-width: 752px) 100vw, 752px\" \/><\/p>\n<h2>STARBURST-SYMBOL: IHR WERT, BEDEUTUNG UND BESONDERE FUNKTIONEN<\/h2>\n<p>Obwohl das Thema des Slots Weltraum ist, sind die Symbole hier traditionell f\u00fcr Casinos: Edelsteine, Siebener und die Aufschrift Bar. Es gibt noch eines \u2013 ein leuchtender mehrfarbiger Stern ist das einzige Sondersymbol im Slot, das den Bonus und das Wild ersetzt.<\/p>\n<p>Schauen wir uns die Auszahlungstabelle an, damit Sie verstehen, wie viel echtes Geld dieses Spiel bringen kann.<\/p>\n<table style=\"width: 602px;\" border=\"0\" width=\"602\" cellspacing=\"0\" cellpadding=\"0\">\n<tbody>\n<tr>\n<td>\n<p align=\"center\">Menge auf den Rollen<\/p>\n<\/td>\n<td>\n<p align=\"center\">3<\/p>\n<\/td>\n<td>\n<p align=\"center\">4<\/p>\n<\/td>\n<td>\n<p align=\"center\">5<\/p>\n<\/td>\n<\/tr>\n<tr>\n<td>\n<p align=\"center\">Lila Stein<\/p>\n<\/td>\n<td>\n<p align=\"center\">5<\/p>\n<\/td>\n<td>\n<p align=\"center\">10<\/p>\n<\/td>\n<td>\n<p align=\"center\">25<\/p>\n<\/td>\n<\/tr>\n<tr>\n<td style=\"height: 29px;\">\n<p align=\"center\">Blau<\/p>\n<\/td>\n<td style=\"height: 29px;\">\n<p align=\"center\">5<\/p>\n<\/td>\n<td style=\"height: 29px;\">\n<p align=\"center\">10<\/p>\n<\/td>\n<td style=\"height: 29px;\">\n<p align=\"center\">25<\/p>\n<\/td>\n<\/tr>\n<tr>\n<td>\n<p align=\"center\">Rot<\/p>\n<\/td>\n<td>\n<p align=\"center\">7<\/p>\n<\/td>\n<td>\n<p align=\"center\">15<\/p>\n<\/td>\n<td>\n<p align=\"center\">40<\/p>\n<\/td>\n<\/tr>\n<tr>\n<td>\n<p align=\"center\">Gr\u00fcn<\/p>\n<\/td>\n<td>\n<p align=\"center\">8<\/p>\n<\/td>\n<td>\n<p align=\"center\">20<\/p>\n<\/td>\n<td>\n<p align=\"center\">50<\/p>\n<\/td>\n<\/tr>\n<tr>\n<td>\n<p align=\"center\">Gelb<\/p>\n<\/td>\n<td>\n<p align=\"center\">10<\/p>\n<\/td>\n<td>\n<p align=\"center\">25<\/p>\n<\/td>\n<td>\n<p align=\"center\">60<\/p>\n<\/td>\n<\/tr>\n<tr>\n<td>\n<p align=\"center\">Sieben<\/p>\n<\/td>\n<td>\n<p align=\"center\">25<\/p>\n<\/td>\n<td>\n<p align=\"center\">60<\/p>\n<\/td>\n<td>\n<p align=\"center\">120<\/p>\n<\/td>\n<\/tr>\n<tr>\n<td>\n<p align=\"center\">BAR<\/p>\n<\/td>\n<td>\n<p align=\"center\">500<\/p>\n<\/td>\n<td>\n<p align=\"center\">200<\/p>\n<\/td>\n<td>\n<p align=\"center\">250<\/p>\n<\/td>\n<\/tr>\n<\/tbody>\n<\/table>\n<p>&nbsp;<\/p>\n<p>Das Sternsymbol ist ein Joker. Es hat zwei Funktionen, von denen die erste darin besteht, andere Symbole zu ersetzen, damit Sie einen Gewinn erzielen. Dar\u00fcber hinaus nimmt es die gesamte Walze ein und l\u00f6st eine Runde von Respins aus. Die Bonusrunde kann nur 3 Mal wiederholt werden. Das bedeutet, dass das Spiel es Ihnen nur erlaubt, die Walzen 3 Mal kostenlos in einer Runde zu drehen.<\/p>\n<p>In diesem Fall sind alle drei Walzen (2, 3 und 4) mit dem Sternsymbol gef\u00fcllt. Der Spieler erh\u00e4lt auf allen 10 Linien gleichzeitig einen Gewinn. Dies ist ein origineller und ungew\u00f6hnlicher Bonus, der Spieler anzieht.<\/p>\n<p>Daher ist dieser einarmige Bandit trotz des Fehlens des \u00fcblichen Risikospiels oder einer vollwertigen separaten Bonusrunde ein Liebling vieler. Der Prozess des Sammelns von Wild-Symbolen ist intensiv und spielerisch und wird von speziellen Animationen und Soundelementen begleitet.<\/p>\n<p><span style=\"font-weight: 400;\"><div class=\"tosh-btn\"><a href=\"\/go-casino\/\" target=\"_blank\" rel=\"noopener\">BONUS ERHALTEN<\/a><\/div> <\/span><\/p>\n<h2>TECHNISCHE INFORMATIONEN ZU STARBURST: VOLATILIT\u00c4T, RTP UND FREISPIELE<\/h2>\n<p>Die technischen Indikatoren dieser Maschine sind durchschnittlich. Aber gleichzeitig bleibt es einer der Favoriten unter den Spielern. Mal sehen, was seine Funktionen sind:<\/p>\n<ul>\n<li>Auszahlungsrate \u2013 96,1 %;<\/li>\n<li>die Volatilit\u00e4t ist gering;<\/li>\n<li>Anzahl der Gewinnlinien \u2013 10;<\/li>\n<li>Feldlayout \u2013 5 mal 3.<\/li>\n<\/ul>\n<p>Der RTP-Prozentsatz ist durchschnittlich f\u00fcr die Gl\u00fccksspielbranche. Das bedeutet, dass der Automat durchschnittlich 96 % des Geldes des Spielers zur\u00fcckgibt. Und niedrige Volatilit\u00e4t ist nicht schlecht. Es sieht vor, dass die Gewinne klein, aber h\u00e4ufig sind, und Sie k\u00f6nnen hier keinen gro\u00dfen pl\u00f6tzlichen Jackpot knacken.<\/p>\n<p>Im Allgemeinen h\u00e4ngen die Gewinne von dem zu zahlenden Einsatz ab. Ihre Gr\u00f6\u00dfe liegt hier zwischen 0,01 und 100, was es Spielern mit jeder Bankroll erm\u00f6glicht, Spa\u00df zu haben.<\/p>\n<p>Auch wenn es hier keine Freispiele gibt, k\u00f6nnen Sie ein Angebot vom Casino einholen und 50 Freispiele f\u00fcr Starburst ausgeben. Auf diese Weise k\u00f6nnen Sie gutes Geld verdienen und herausfinden, wie dieses Spiel funktioniert, ohne einen einzigen Cent aus Ihrer Tasche auszugeben. F\u00fcr Spieler aus Deutschland werden in diesem speziellen Slot oft \u00e4hnliche Bonusangebote erhalten.<\/p>\n<p style=\"text-align: center;\"><img loading=\"lazy\" decoding=\"async\" class=\"aligncenter wp-image-304 size-full\" src=\"https:\/\/rocketplay-new.com\/wp-content\/uploads\/2022\/08\/starburst.jpeg\" alt=\"Starburst slot\" width=\"735\" height=\"512\" srcset=\"https:\/\/rocketplay-new.com\/wp-content\/uploads\/2022\/08\/starburst.jpeg 735w, https:\/\/rocketplay-new.com\/wp-content\/uploads\/2022\/08\/starburst-300x209.jpeg 300w\" sizes=\"auto, (max-width: 735px) 100vw, 735px\" \/><\/p>\n<h2>TIPPS ZUM KOSTENLOSEN SPIELEN VON STARBURST ONLINE SLOT<\/h2>\n<p>Sie m\u00fcssen kein Geld ausgeben, um diesen wunderbaren Slot kennenzulernen. Schlie\u00dflich steht das kostenlose Spiel Starburst allen Kunden zur Verf\u00fcgung. Dadurch k\u00f6nnen Sie sich mit der Mechanik vertraut machen und verstehen, ob Ihnen das Spiel \u00fcberhaupt gef\u00e4llt. Die Demoversion zeigt Ihnen, wie oft die Gewinnkombinationen kommen, und Sie k\u00f6nnen bereits entscheiden, ob es sich lohnt, hier zu spielen.<\/p>\n<p>Es ist auch f\u00fcr diejenigen geeignet, die noch keine anf\u00e4ngliche Bankroll haben, um im Casino zu spielen. Starburst Slot ohne Einzahlung steht allen Deutschland Benutzern zur Verf\u00fcgung. Dazu ben\u00f6tigen Sie nur:<\/p>\n<ol>\n<li>Erstellen Sie Ihr Casino-Profil, um Casino-Kunde zu werden und vollen Zugriff auf die Funktionen zu erhalten.<\/li>\n<li>Finden Sie dieses Spiel in der Liste der Spielautomaten.<\/li>\n<li>F\u00fchren Sie es in der Demoversion aus.<\/li>\n<\/ol>\n<p>Sie m\u00fcssen nichts herunterladen oder auf einen langen Start warten. Mit Instant Play k\u00f6nnen Sie sehr schnell auf Unterhaltung zugreifen.<\/p>\n<p>Verpassen Sie nicht die Gelegenheit, Starburst zu spielen. Wenn Sie Weltraumthemen lieben, dann ist dieser Spielautomat genau das Richtige f\u00fcr Sie. Niemand wird dem einfachen und angenehmen Design, dem thematischen Soundtrack und dem fl\u00fcssigen Gameplay gleichg\u00fcltig bleiben.<\/p>\n<p>Bewertungen \u00fcber Spielautomaten:<\/p>\n<ul>\n<li><a href=\"https:\/\/rocketplay-new.com\/slot-machines\/wizard-of-oz\/\">Der Zauberer von OZ<\/a><\/li>\n<li><a href=\"https:\/\/rocketplay-new.com\/slot-machines\/book-of-dead\/\">Buch der Toten<\/a><\/li>\n<\/ul>\n","protected":false},"excerpt":{"rendered":"<p>Der mysteri\u00f6se Raum mit seinen unbegrenzten Weiten und leuchtenden Konstellationen ist bereit, Sie im Spielautomaten Starburst Deutschland willkommen zu hei\u00dfen. F\u00fchlen Sie sich wie ein echter Astronaut, surfen Sie im Weltraum und verdienen Sie Geld in diesem einzigartigen Videospiel. Starten Sie Starburst online und verstehen Sie, was Qualit\u00e4ts-Slots sind. EIN WENIG DAR\u00dcBER, WIE STARBURST ERSCHEINT&#8230;<\/p>\n","protected":false},"author":1,"featured_media":0,"parent":2871,"menu_order":0,"comment_status":"closed","ping_status":"closed","template":"","meta":{"_acf_changed":false,"_kad_post_transparent":"default","_kad_post_title":"default","_kad_post_layout":"default","_kad_post_sidebar_id":"","_kad_post_content_style":"default","_kad_post_vertical_padding":"default","_kad_post_feature":"","_kad_post_feature_position":"","_kad_post_header":false,"_kad_post_footer":false,"footnotes":""},"class_list":["post-2912","page","type-page","status-publish","hentry"],"acf":[],"rttpg_featured_image_url":null,"rttpg_author":{"display_name":"John","author_link":"https:\/\/rocketplay-new.com\/de\/author\/pemvas95n89x\/"},"rttpg_comment":0,"rttpg_category":null,"rttpg_excerpt":"Der mysteri\u00f6se Raum mit seinen unbegrenzten Weiten und leuchtenden Konstellationen ist bereit, Sie im Spielautomaten Starburst Deutschland willkommen zu hei\u00dfen. F\u00fchlen Sie sich wie ein echter Astronaut, surfen Sie im Weltraum und verdienen Sie Geld in diesem einzigartigen Videospiel. Starten Sie Starburst online und verstehen Sie, was Qualit\u00e4ts-Slots sind. EIN WENIG DAR\u00dcBER, WIE STARBURST ERSCHEINT...","_links":{"self":[{"href":"https:\/\/rocketplay-new.com\/de\/wp-json\/wp\/v2\/pages\/2912","targetHints":{"allow":["GET"]}}],"collection":[{"href":"https:\/\/rocketplay-new.com\/de\/wp-json\/wp\/v2\/pages"}],"about":[{"href":"https:\/\/rocketplay-new.com\/de\/wp-json\/wp\/v2\/types\/page"}],"author":[{"embeddable":true,"href":"https:\/\/rocketplay-new.com\/de\/wp-json\/wp\/v2\/users\/1"}],"replies":[{"embeddable":true,"href":"https:\/\/rocketplay-new.com\/de\/wp-json\/wp\/v2\/comments?post=2912"}],"version-history":[{"count":4,"href":"https:\/\/rocketplay-new.com\/de\/wp-json\/wp\/v2\/pages\/2912\/revisions"}],"predecessor-version":[{"id":5942,"href":"https:\/\/rocketplay-new.com\/de\/wp-json\/wp\/v2\/pages\/2912\/revisions\/5942"}],"up":[{"embeddable":true,"href":"https:\/\/rocketplay-new.com\/de\/wp-json\/wp\/v2\/pages\/2871"}],"wp:attachment":[{"href":"https:\/\/rocketplay-new.com\/de\/wp-json\/wp\/v2\/media?parent=2912"}],"curies":[{"name":"wp","href":"https:\/\/api.w.org\/{rel}","templated":true}]}}