{"id":2907,"date":"2022-08-18T13:55:49","date_gmt":"2022-08-18T10:55:49","guid":{"rendered":"https:\/\/rocketplay-new.com\/slot-machines\/mega-moolah\/"},"modified":"2025-11-26T20:14:09","modified_gmt":"2025-11-26T17:14:09","slug":"mega-moolah","status":"publish","type":"page","link":"https:\/\/rocketplay-new.com\/de\/slot-machines\/mega-moolah\/","title":{"rendered":"\u00dcberpr\u00fcfen Sie den Mega Moolah-Slot"},"content":{"rendered":"<p>Es gibt eine Kategorie von Spielautomaten, die mehr als andere bereit sind, riesige Gewinne mit den Spielern zu teilen. Und genau das ist Mega Moolah Deutschland. Dies ist ein Spielautomat mit gro\u00dfen Jackpots, den jeder Spieler, der keine Angst hat, sein eigenes Geld in Unterhaltung zu investieren, knacken kann.<\/p>\n<p style=\"text-align: center;\"><img loading=\"lazy\" decoding=\"async\" class=\"aligncenter wp-image-323 size-large\" src=\"https:\/\/rocketplay-new.com\/wp-content\/uploads\/2022\/08\/mega-moolah-logo-1024x569.png\" alt=\"Mega Moolah logo\" width=\"1024\" height=\"569\" srcset=\"https:\/\/rocketplay-new.com\/wp-content\/uploads\/2022\/08\/mega-moolah-logo-1024x569.png 1024w, https:\/\/rocketplay-new.com\/wp-content\/uploads\/2022\/08\/mega-moolah-logo-300x167.png 300w, https:\/\/rocketplay-new.com\/wp-content\/uploads\/2022\/08\/mega-moolah-logo-768x426.png 768w, https:\/\/rocketplay-new.com\/wp-content\/uploads\/2022\/08\/mega-moolah-logo.png 1140w\" sizes=\"auto, (max-width: 1024px) 100vw, 1024px\" \/><\/p>\n<h2>STARTEN SIE MEGA MOOLAH UND BEGINNEN SIE AM SLOT ZU SPIELEN<\/h2>\n<p>Das Gameplay ist sehr einfach. Jeder, der jemals versucht hat, einarmige Banditen zur Strecke zu bringen, kennt ihn. Es gibt eine kostenpflichtige und eine kostenlose Spieloption. Im ersten Fall m\u00fcssen Sie nach der Registrierung im Casino eine Einzahlung t\u00e4tigen und eine echte Wette platzieren. Im zweiten Fall reicht schon ein Besuch im Spielclub.<\/p>\n<p>Die afrikanische Savanne \u00f6ffnet sich vor dem Spieler, und er trifft auf die Ureinwohner dieser Regionen. Um Mega Moolah problemlos spielen zu k\u00f6nnen, m\u00fcssen Sie mehrere Schritte ausf\u00fchren:<\/p>\n<ol>\n<li>Legen Sie f\u00fcr sich selbst eine angenehme Einsatzgr\u00f6\u00dfe fest (oder lassen Sie alles wie es ist mit den anf\u00e4nglichen Spieleinstellungen).<\/li>\n<li>Dr\u00fccken Sie die Walzendrehtaste.<\/li>\n<li>Wenn Sie m\u00f6chten, dass sich die Symbole selbst \u00e4ndern, m\u00fcssen Sie die Autoplay-Taste dr\u00fccken.<\/li>\n<\/ol>\n<p>Die Maschine hat 25 Linien. Wenn mindestens einer von ihnen eine Gewinnkombination hat, macht der Spieler einen Gewinn. Wie gro\u00df es sein wird, h\u00e4ngt von der Bedeutung des Symbols ab. Es gibt Kartenwerte \u2013 sie sind weniger wertvoll, aber es gibt Bilder von Tieren, die h\u00f6her bezahlt werden.<\/p>\n<p>Sie k\u00f6nnen die Einsatzgr\u00f6\u00dfe vor jedem Spin von 0,25 auf 6,25 \u00e4ndern.<\/p>\n<p>\u00dcbrigens ist das Spiel perfekt f\u00fcr kleine Bildschirme geeignet. Daher k\u00f6nnen Sie Mega Moolah jederzeit mobil \u00f6ffnen, um unterwegs Spa\u00df zu haben.<\/p>\n<p><span style=\"font-weight: 400;\"><div class=\"tosh-btn\"><a href=\"\/go-casino\/\" target=\"_blank\" rel=\"noopener\">BONUS ERHALTEN<\/a><\/div> <\/span><\/p>\n<h2>ERHALTEN SIE BONI UND ANDERE PREISE IN MEGA MOOLAH<\/h2>\n<p>Dieser ber\u00fchmte Spielautomat wird oft von verschiedenen Gl\u00fccksspielh\u00e4usern ausgew\u00e4hlt, um Kunden Willkommensangebote zu machen. Wenn Sie sich beispielsweise in einer solchen Institution registrieren, k\u00f6nnen Sie Mega Moolah 80 Freispiele erhalten. Dies ist ein ziemlich gro\u00dfz\u00fcgiges Angebot, da die Maschine \u00fcber Bonusfunktionen verf\u00fcgt, die Ihre Gewinne erh\u00f6hen werden.<\/p>\n<p>Hier ist ihre Liste:<\/p>\n<ul>\n<li>Wild-Symbol;<\/li>\n<li>Multiplikatoren;<\/li>\n<li>Runde mit Freispielen;<\/li>\n<li>4 Arten des Jackpots (progressiv).<\/li>\n<\/ul>\n<p>Mit einer Wahrscheinlichkeit von 100% f\u00e4llt mindestens einer davon bei dir aus, wenn du dir die Zeit f\u00fcr den Slot nimmst.<\/p>\n<p>Beginnen wir mit der Beschreibung des Wild-Symbols. Seine Rolle spielt hier der Dschungelk\u00f6nig \u2013 das Bild eines L\u00f6wen. Es bringt nicht nur einen Gewinn an sich. Der K\u00f6nig der Bestien ist nicht zu stolz und kann andere Symbole ersetzen, um eine erfolgreiche Kombination auf der Linie zu bilden. \u00dcbrigens, Kombinationen mit einem L\u00f6wen erh\u00f6hen sich um das 2-fache. Daher ist das Bild des K\u00f6nigs der Tiere auch ein Multiplikator.<\/p>\n<p>Die Bonusrunde wird er\u00f6ffnet, wenn Sie irgendwo auf dem Spielfeld auf 3 Bilder eines Affen sto\u00dfen. Dies ist das Scatter-Symbol. Sie k\u00f6nnen beobachten, wie sich die Symbole 15 Mal gegenseitig ersetzen, Ihnen Gewinne bringen und Geld nicht von Ihrem Guthaben abgebucht wird. Alle Gewinne in dieser Runde werden mit 3 multipliziert.<\/p>\n<p>Und nat\u00fcrlich gibt es einen Jackpot. Es gibt 4 davon und sie sind nach Gr\u00f6\u00dfe unterteilt: von Mini bis Mega. Wenn Sie den gr\u00f6\u00dften von ihnen fangen, k\u00f6nnen Sie bis zu einer Million Euro bekommen.<\/p>\n<p><img loading=\"lazy\" decoding=\"async\" class=\"aligncenter wp-image-324 size-full\" src=\"https:\/\/rocketplay-new.com\/wp-content\/uploads\/2022\/08\/mega-moolah-slot.jpeg\" alt=\"Mega Moolah slot\" width=\"900\" height=\"500\" srcset=\"https:\/\/rocketplay-new.com\/wp-content\/uploads\/2022\/08\/mega-moolah-slot.jpeg 900w, https:\/\/rocketplay-new.com\/wp-content\/uploads\/2022\/08\/mega-moolah-slot-300x167.jpeg 300w, https:\/\/rocketplay-new.com\/wp-content\/uploads\/2022\/08\/mega-moolah-slot-768x427.jpeg 768w\" sizes=\"auto, (max-width: 900px) 100vw, 900px\" \/><\/p>\n<h2>HOL DIR UNSERE ABSCHLIESSENDE MEINUNG ZU MEGA MOOLAH<\/h2>\n<p>Um zu verstehen, wie gut dieser Slot zum Investieren eigener Gelder ist, m\u00fcssen Sie das Mega Moolah RTP und andere technische Merkmale verstehen.<\/p>\n<p>Dies ist ein Prozentsatz, der angibt, wie viel Spieler im Durchschnitt das in den Spielautomaten investierte Geld zur\u00fcckgeben k\u00f6nnen. Je h\u00f6her es ist, desto geringer ist das Risiko, dass Sie Ihre Bankroll verlieren. Die besten im Feld sind Slots mit einem Indikator \u00fcber 95%. In diesem Slot sind es nur 88,12 %.<\/p>\n<p>Aber es gibt noch einen weiteren Indikator, und das ist die Volatilit\u00e4t. Es bestimmt, wie oft die Gewinne im Slot erscheinen und wie hoch sie sein werden. Hier ist es durchschnittlich, was bedeutet, dass Sie mit regelm\u00e4\u00dfigen erfolgreichen Kombinationen rechnen k\u00f6nnen.<\/p>\n<p>Wenn Mega Moolah im Online-Casino zum Sortiment hinzugef\u00fcgt wird, ist es sinnvoll, diesen Slot auszuprobieren. Ein lustiges Thema und die M\u00f6glichkeit, den Jackpot zu gewinnen, locken, also sollten Sie die Chance nicht verpassen. Sch\u00f6ne Grafik und Musik, ein unaufdringliches Gameplay werden Ihnen dabei helfen, eine tolle Zeit zu haben und das Spielen zu genie\u00dfen.<\/p>\n<p><span style=\"font-weight: 400;\"><div class=\"tosh-btn\"><a href=\"\/go-casino\/\" target=\"_blank\" rel=\"noopener\">BONUS ERHALTEN<\/a><\/div> <\/span><\/p>\n<h2>FAQ<\/h2>\n<h3>IST ES M\u00d6GLICH, DEN MEGA MOOLAH ZU SCHLAGEN ODER NICHT?<\/h3>\n<p>Es wurde auf der Grundlage eines speziellen Systems erstellt, das Gewinne nach dem Zufallsprinzip ausgibt. Sie werden nie wissen, in welcher Reihenfolge erfolgreiche Kombinationen herausfallen. Das Einzige, was Sie tun k\u00f6nnen, ist, Ihre Bankroll mit Bedacht zu verwalten.<\/p>\n<h3>WER HAT DAS MEGA MOOLAH-SPIEL ERSTELLT?<\/h3>\n<p>Im Bereich Gl\u00fccksspiel genie\u00dft diese Marke einen hervorragenden Ruf \u2013 Microgaming. Die hohe Qualit\u00e4t ihrer Spiele ist auf der ganzen Welt bekannt. Die Marke verwendet immer relevante Themen und versucht, die profitabelsten Slots zu machen.<\/p>\n<h3>IST DIESER SLOT F\u00dcR SPIELER MIT EINER KLEINEN BANKROLL GEEIGNET?<\/h3>\n<p>Ja, der Mindesteinsatz ist niedrig (0,25) und die Gewinne sind ziemlich h\u00e4ufig, sodass Sie den Betrag, den Sie im Spiel ausgeben k\u00f6nnen, schrittweise erh\u00f6hen k\u00f6nnen.<\/p>\n<p>Bewertungen \u00fcber Spielautomaten:<\/p>\n<ul>\n<li><a href=\"https:\/\/rocketplay-new.com\/slot-machines\/lightning-link\/\">Blitzlink<\/a><\/li>\n<li><a href=\"https:\/\/rocketplay-new.com\/slot-machines\/lucky-88\/\">Gl\u00fcck 88<\/a><\/li>\n<\/ul>\n","protected":false},"excerpt":{"rendered":"<p>Es gibt eine Kategorie von Spielautomaten, die mehr als andere bereit sind, riesige Gewinne mit den Spielern zu teilen. Und genau das ist Mega Moolah Deutschland. Dies ist ein Spielautomat mit gro\u00dfen Jackpots, den jeder Spieler, der keine Angst hat, sein eigenes Geld in Unterhaltung zu investieren, knacken kann. STARTEN SIE MEGA MOOLAH UND BEGINNEN&#8230;<\/p>\n","protected":false},"author":1,"featured_media":0,"parent":2871,"menu_order":0,"comment_status":"closed","ping_status":"closed","template":"","meta":{"_acf_changed":false,"_kad_post_transparent":"default","_kad_post_title":"default","_kad_post_layout":"default","_kad_post_sidebar_id":"","_kad_post_content_style":"default","_kad_post_vertical_padding":"default","_kad_post_feature":"","_kad_post_feature_position":"","_kad_post_header":false,"_kad_post_footer":false,"footnotes":""},"class_list":["post-2907","page","type-page","status-publish","hentry"],"acf":[],"rttpg_featured_image_url":null,"rttpg_author":{"display_name":"John","author_link":"https:\/\/rocketplay-new.com\/de\/author\/pemvas95n89x\/"},"rttpg_comment":0,"rttpg_category":null,"rttpg_excerpt":"Es gibt eine Kategorie von Spielautomaten, die mehr als andere bereit sind, riesige Gewinne mit den Spielern zu teilen. Und genau das ist Mega Moolah Deutschland. Dies ist ein Spielautomat mit gro\u00dfen Jackpots, den jeder Spieler, der keine Angst hat, sein eigenes Geld in Unterhaltung zu investieren, knacken kann. STARTEN SIE MEGA MOOLAH UND BEGINNEN...","_links":{"self":[{"href":"https:\/\/rocketplay-new.com\/de\/wp-json\/wp\/v2\/pages\/2907","targetHints":{"allow":["GET"]}}],"collection":[{"href":"https:\/\/rocketplay-new.com\/de\/wp-json\/wp\/v2\/pages"}],"about":[{"href":"https:\/\/rocketplay-new.com\/de\/wp-json\/wp\/v2\/types\/page"}],"author":[{"embeddable":true,"href":"https:\/\/rocketplay-new.com\/de\/wp-json\/wp\/v2\/users\/1"}],"replies":[{"embeddable":true,"href":"https:\/\/rocketplay-new.com\/de\/wp-json\/wp\/v2\/comments?post=2907"}],"version-history":[{"count":4,"href":"https:\/\/rocketplay-new.com\/de\/wp-json\/wp\/v2\/pages\/2907\/revisions"}],"predecessor-version":[{"id":5941,"href":"https:\/\/rocketplay-new.com\/de\/wp-json\/wp\/v2\/pages\/2907\/revisions\/5941"}],"up":[{"embeddable":true,"href":"https:\/\/rocketplay-new.com\/de\/wp-json\/wp\/v2\/pages\/2871"}],"wp:attachment":[{"href":"https:\/\/rocketplay-new.com\/de\/wp-json\/wp\/v2\/media?parent=2907"}],"curies":[{"name":"wp","href":"https:\/\/api.w.org\/{rel}","templated":true}]}}